{"id":241211,"date":"2026-02-10T10:27:21","date_gmt":"2026-02-10T09:27:21","guid":{"rendered":"https:\/\/grand-egersund.no\/?page_id=241211"},"modified":"2026-02-19T13:59:46","modified_gmt":"2026-02-19T12:59:46","slug":"cycling-adventures-in-the-region","status":"publish","type":"page","link":"https:\/\/grand-egersund.no\/en\/pakker-tilbud\/sykkeleventyr-i-regionen\/","title":{"rendered":"Cycling adventures in the region"},"content":{"rendered":"<p>[et_pb_section fb_built=&raquo;1&#8243; _builder_version=&raquo;4.27.4&#8243; _module_preset=&raquo;default&raquo; background_image=&raquo;https:\/\/grand-egersund.no\/wp-content\/uploads\/2026\/02\/l_salino_hauteRouteNorway3_stage2_190803_0467.jpg&raquo; background_position=&raquo;bottom_center&raquo; background_vertical_offset=&raquo;28%&raquo; height=&raquo;30vh&raquo; global_colors_info=&raquo;{}&raquo;][\/et_pb_section][et_pb_section fb_built=&raquo;1&#8243; _builder_version=&raquo;4.18.0&#8243; _module_preset=&raquo;default&raquo; background_color=&raquo;#F6F2F0&#8243; custom_padding=&raquo;0px||0px|||&raquo; global_module=&raquo;235456&#8243; global_colors_info=&raquo;{}&raquo;][et_pb_row _builder_version=&raquo;4.18.0&#8243; _module_preset=&raquo;default&raquo; custom_padding=&raquo;0px||0px|||&raquo; global_colors_info=&raquo;{}&raquo;][et_pb_column type=&raquo;4_4&#8243; _builder_version=&raquo;4.18.0&#8243; _module_preset=&raquo;default&raquo; global_colors_info=&raquo;{}&raquo;][et_pb_code _builder_version=&raquo;4.18.0&#8243; _module_preset=&raquo;default&raquo; global_colors_info=&raquo;{}&raquo;]<div id=\"breadcrumbs\"><a href=\"https:\/\/grand-egersund.no\/en\">Forside<\/a><span class=\"delimiter\"> &raquo; <\/span><\/div>[\/et_pb_code][\/et_pb_column][\/et_pb_row][\/et_pb_section][et_pb_section fb_built=&raquo;1&#8243; _builder_version=&raquo;4.16&#8243; _module_preset=&raquo;default&raquo; background_color=&raquo;#F6F2F0&#8243; background_enable_image=&raquo;off&raquo; custom_padding=&raquo;||50px|||&raquo; global_colors_info=&raquo;{}&raquo;][et_pb_row _builder_version=&raquo;4.16&#8243; _module_preset=&raquo;default&raquo; custom_padding=&raquo;||0px|||&raquo; global_colors_info=&raquo;{}&raquo;][et_pb_column type=&raquo;4_4&#8243; _builder_version=&raquo;4.16&#8243; _module_preset=&raquo;default&raquo; global_colors_info=&raquo;{}&raquo;][et_pb_text _builder_version=&raquo;4.27.4&#8243; _module_preset=&raquo;254d1c82-e0bc-4825-ad34-bb6e43b40ab5&#8243; global_colors_info=&raquo;{}&raquo;]<\/p>\n<h1 style=\"text-align: center;\">Et sykkeleventyr i regionen<\/h1>\n<p>[\/et_pb_text][et_pb_text _builder_version=&raquo;4.27.4&#8243; _module_preset=&raquo;254d1c82-e0bc-4825-ad34-bb6e43b40ab5&#8243; max_width=&raquo;640px&raquo; module_alignment=&raquo;center&raquo; custom_margin=&raquo;||40px|||&raquo; custom_padding=&raquo;||0px|||&raquo; global_colors_info=&raquo;{}&raquo;]<\/p>\n<p style=\"font-weight: 400; text-align: center;\">\u00d8nsker du \u00e5 pr\u00f8ve et sykkeleventyr i den flotte regionen v\u00e5r, og samtidig v\u00e6re innom vakre Grand Hotell? Vi har da en rekke anbefalinger til deg!<\/p>\n<p>[\/et_pb_text][\/et_pb_column][\/et_pb_row][\/et_pb_section][et_pb_section fb_built=&raquo;1&#8243; _builder_version=&raquo;4.16&#8243; _module_preset=&raquo;default&raquo; background_color=&raquo;#F6F2F0&#8243; custom_padding=&raquo;0px||90px|||&raquo; global_colors_info=&raquo;{}&raquo;][et_pb_row column_structure=&raquo;1_2,1_2&#8243; make_equal=&raquo;on&raquo; _builder_version=&raquo;4.27.4&#8243; _module_preset=&raquo;default&raquo; custom_padding=&raquo;||0px|||&raquo; global_colors_info=&raquo;{}&raquo;][et_pb_column type=&raquo;1_2&#8243; _builder_version=&raquo;4.27.4&#8243; _module_preset=&raquo;default&raquo; background_image=&raquo;https:\/\/grand-egersund.no\/wp-content\/uploads\/2026\/02\/l_salino_hauteRouteNorway3_stage2_190803_0467.jpg&raquo; global_colors_info=&raquo;{}&raquo;][et_pb_image src=&raquo;https:\/\/grand-egersund.no\/wp-content\/uploads\/2026\/02\/l_salino_hauteRouteNorway3_stage2_190803_0467.jpg&raquo; title_text=&raquo;hauteroutenorway&raquo; disabled_on=&raquo;off|off|on&raquo; _builder_version=&raquo;4.27.4&#8243; _module_preset=&raquo;default&raquo; global_colors_info=&raquo;{}&raquo;][\/et_pb_image][\/et_pb_column][et_pb_column type=&raquo;1_2&#8243; _builder_version=&raquo;4.17.4&#8243; _module_preset=&raquo;4ff29b9d-5eb1-46da-b20f-1673c70dad5e&raquo; global_colors_info=&raquo;{}&raquo;][et_pb_text _builder_version=&raquo;4.27.4&#8243; _module_preset=&raquo;254d1c82-e0bc-4825-ad34-bb6e43b40ab5&#8243; global_colors_info=&raquo;{}&raquo;]<\/p>\n<h2>Finn ditt sykkeleventyr<\/h2>\n<p>[\/et_pb_text][et_pb_text _builder_version=&raquo;4.27.4&#8243; _module_preset=&raquo;254d1c82-e0bc-4825-ad34-bb6e43b40ab5&#8243; max_width=&raquo;640px&raquo; module_alignment=&raquo;center&raquo; global_colors_info=&raquo;{}&raquo;]<\/p>\n<p style=\"font-weight: 400;\">Se om du finner ditt neste sykkeleventyr blant tilbyderne under. Turene g\u00e5r blant annet innom steder som Lysefjorden, Sirdal, Byrkjedal, Magma Geopark, Kristiansand og Stavanger. (OBS! Alle turene m\u00e5 bestilles gjennom den enkelte siden.)<\/p>\n<p style=\"font-weight: 400;\"><strong>Norway Bike Experience<\/strong><\/p>\n<ul>\n<li><a href=\"https:\/\/norwaybikeexperience.no\/tour\/norways-hidden-southwestern-mountains-and-beaches\/\"><span>Norway\u2019s Hidden Southwestern mountains and beaches<\/span><\/a><\/li>\n<li><a href=\"https:\/\/norwaybikeexperience.no\/tour\/from-mystical-fjords-to-endless-beaches\/\"><span>From Mystical Fjords to Endless Beaches<\/span><\/a><\/li>\n<li><a href=\"https:\/\/norwaybikeexperience.no\/tour\/crown-of-the-fjords-and-beaches\/\"><span>Crown of the Fjords and Beaches<br \/><\/span><\/a><\/li>\n<\/ul>\n<p style=\"font-weight: 400;\"><strong>Norway By Bike<\/strong><\/p>\n<ul>\n<li><span><a href=\"https:\/\/norwaybybike.com\/cycling-holidays\/cycle-the-coast-of-sand-stone-sky-and-sea\/\">Cycle the Coast of Sand, Stone, Sky and Sea<\/a><\/span><\/li>\n<\/ul>\n<p style=\"font-weight: 400;\"><span><strong>Discover Norway<\/strong> <\/span><\/p>\n<ul>\n<li><a href=\"https:\/\/discover-norway.no\/sykkelturer-norge\/sykkeltur-fra-stavanger-til-kristiansand\/\"><span>Nordsj\u00f8ruta fra Stavanger til Kristiansand<\/span><\/a><\/li>\n<\/ul>\n<p><em><br \/>(Foto: Laurent Sailino)<\/em><\/p>\n<p>[\/et_pb_text][et_pb_button button_url=&raquo;http:\/\/www.jaerruta.no\/rute-og-etappar\/sykkeltur-pa-jaren.80413.aspx&raquo; button_text=&raquo;Se forslag til ruter&raquo; button_alignment=&raquo;left&raquo; disabled_on=&raquo;on|on|on&raquo; _builder_version=&raquo;4.17.4&#8243; _module_preset=&raquo;13d43eb9-f434-455a-afff-d8b9e70dee92&#8243; disabled=&raquo;on&raquo; global_colors_info=&raquo;{}&raquo;][\/et_pb_button][\/et_pb_column][\/et_pb_row][\/et_pb_section][et_pb_section fb_built=&raquo;1&#8243; disabled_on=&raquo;off|off|off&raquo; _builder_version=&raquo;4.24.2&#8243; _module_preset=&raquo;default&raquo; background_color=&raquo;#F9F9F9&#8243; custom_padding=&raquo;50px||50px|||&raquo; locked=&raquo;off&raquo; global_colors_info=&raquo;{}&raquo;][et_pb_row column_structure=&raquo;1_3,1_3,1_3&#8243; _builder_version=&raquo;4.24.2&#8243; _module_preset=&raquo;default&raquo; global_colors_info=&raquo;{}&raquo;][et_pb_column type=&raquo;1_3&#8243; _builder_version=&raquo;4.24.2&#8243; _module_preset=&raquo;default&raquo; hover_enabled=&raquo;0&#8243; global_colors_info=&raquo;{}&raquo; sticky_enabled=&raquo;0&#8243;][et_pb_image src=&raquo;https:\/\/grand-egersund.no\/wp-content\/uploads\/2024\/05\/Dobbeltrom-med-mye-dagslys-2.jpg&raquo; alt=&raquo;Hotellrom&raquo; title_text=&raquo;Hotellrom&raquo; _builder_version=&raquo;4.24.2&#8243; _module_preset=&raquo;default&raquo; custom_margin=&raquo;||40px|||&raquo; global_colors_info=&raquo;{}&raquo;][\/et_pb_image][et_pb_text _builder_version=&raquo;4.24.2&#8243; _module_preset=&raquo;default&raquo; global_colors_info=&raquo;{}&raquo;]<\/p>\n<h3 style=\"text-align: center;\">100 unike hotellrom<\/h3>\n<p style=\"text-align: center;\">10 ulike bygg danner ett hotell med 100 unike hotellrom.<\/p>\n<p style=\"text-align: center;\"><a href=\"https:\/\/grand-egersund.no\/hotellrom\/\">Les mer om hotellrommene<\/a><\/p>\n<p>[\/et_pb_text][\/et_pb_column][et_pb_column type=&raquo;1_3&#8243; _builder_version=&raquo;4.24.2&#8243; _module_preset=&raquo;default&raquo; global_colors_info=&raquo;{}&raquo;][et_pb_image src=&raquo;https:\/\/grand-egersund.no\/wp-content\/uploads\/2024\/05\/DSC08811-2-scaled.jpg&raquo; alt=&raquo;Eigra kj\u00f8kken &#038; bar&raquo; title_text=&raquo;DSC08811-2&#8243; _builder_version=&raquo;4.24.2&#8243; _module_preset=&raquo;default&raquo; custom_margin=&raquo;||40px|||&raquo; global_colors_info=&raquo;{}&raquo;][\/et_pb_image][et_pb_text _builder_version=&raquo;4.24.2&#8243; _module_preset=&raquo;default&raquo; global_colors_info=&raquo;{}&raquo;]<\/p>\n<h3 style=\"text-align: center;\">Eigra kj\u00f8kken &amp; bar<\/h3>\n<p style=\"text-align: center;\">\u00a0Her f\u00e5r du mat laget p\u00e5 lokale ingredienser av utmerket kvalitet.\u00a0<\/p>\n<p style=\"text-align: center;\"><a href=\"https:\/\/eigra.no\/\" target=\"_blank\" rel=\"noopener\">Utforsk Eigra kj\u00f8kken &amp; bar<\/a><\/p>\n<p>[\/et_pb_text][\/et_pb_column][et_pb_column type=&raquo;1_3&#8243; _builder_version=&raquo;4.24.2&#8243; _module_preset=&raquo;default&raquo; global_colors_info=&raquo;{}&raquo;][et_pb_image src=&raquo;https:\/\/grand-egersund.no\/wp-content\/uploads\/2024\/05\/Bartender-pa-Eigra-bar-scaled-1.jpg&raquo; alt=&raquo;Eigra vin &#038; cocktailbar&raquo; title_text=&raquo;Eigra vin &#038; cocktailbar&raquo; disabled_on=&raquo;off|off|off&raquo; _builder_version=&raquo;4.24.2&#8243; _module_preset=&raquo;default&raquo; custom_margin=&raquo;||40px|||&raquo; global_colors_info=&raquo;{}&raquo;][\/et_pb_image][et_pb_text _builder_version=&raquo;4.24.2&#8243; _module_preset=&raquo;default&raquo; global_colors_info=&raquo;{}&raquo;]<\/p>\n<h3 style=\"text-align: center;\">Eigra vin &amp; cocktailbar<\/h3>\n<p style=\"text-align: center;\">Her m\u00f8ter du en uformell og avslappet atmosf\u00e6re hvor god service, god drikke og gode samtaler st\u00e5r i fokus.<\/p>\n<p style=\"text-align: center;\"><a href=\"https:\/\/eigra.no\/vin-og-cocktailbar\/\">Les mer<\/a><\/p>\n<p>[\/et_pb_text][\/et_pb_column][\/et_pb_row][\/et_pb_section][et_pb_section fb_built=&raquo;1&#8243; _builder_version=&raquo;4.18.0&#8243; _module_preset=&raquo;default&raquo; background_color=&raquo;#F6F2F0&#8243; custom_padding=&raquo;29px||0px|||&raquo; global_colors_info=&raquo;{}&raquo;][et_pb_row _builder_version=&raquo;4.16&#8243; _module_preset=&raquo;default&raquo; custom_padding=&raquo;||0px|||&raquo; global_colors_info=&raquo;{}&raquo;][et_pb_column type=&raquo;4_4&#8243; _builder_version=&raquo;4.16&#8243; _module_preset=&raquo;default&raquo; global_colors_info=&raquo;{}&raquo;][et_pb_button button_text=&raquo;Til toppen&raquo; _builder_version=&raquo;4.16&#8243; _module_preset=&raquo;711416d9-2858-43aa-952b-a2853918e909&#8243; global_colors_info=&raquo;{}&raquo;][\/et_pb_button][\/et_pb_column][\/et_pb_row][\/et_pb_section]<\/p>\n","protected":false},"excerpt":{"rendered":"<p><div id=\"breadcrumbs\"><a href=\"https:\/\/grand-egersund.no\/en\">Forside<\/a><span class=\"delimiter\"> &raquo; <\/span><\/div>Et sykkeleventyr i regionen\u00d8nsker du \u00e5 pr\u00f8ve et sykkeleventyr i den flotte regionen v\u00e5r, og samtidig v\u00e6re innom vakre Grand Hotell? Vi har da en rekke anbefalinger til deg!Finn ditt [&hellip;]<\/p>\n","protected":false},"author":1,"featured_media":0,"parent":233243,"menu_order":0,"comment_status":"closed","ping_status":"closed","template":"","meta":{"_et_pb_use_builder":"on","_et_pb_old_content":"<!-- wp:divi\/placeholder \/-->","_et_gb_content_width":"","footnotes":""},"class_list":["post-241211","page","type-page","status-publish","hentry"],"yoast_head":"<!-- This site is optimized with the Yoast SEO plugin v27.1.1 - https:\/\/yoast.com\/product\/yoast-seo-wordpress\/ -->\n<title>Sykkeleventyr i regionen | Bestill sykkelpakke med overnatting | Grand Hotell<\/title>\n<meta name=\"description\" content=\"Sett av tid til et sykkeleventyr i den flotte regionen v\u00e5r med Grand Hotell Egersund som base.\" \/>\n<meta name=\"robots\" content=\"index, follow, max-snippet:-1, max-image-preview:large, max-video-preview:-1\" \/>\n<link rel=\"canonical\" href=\"https:\/\/grand-egersund.no\/en\/package-offers\/cycling-adventures-in-the-region\/\" \/>\n<meta property=\"og:locale\" content=\"en_GB\" \/>\n<meta property=\"og:type\" content=\"article\" \/>\n<meta property=\"og:title\" content=\"Sykkelpakke |\u00a0Grand Hotell Egersund\" \/>\n<meta property=\"og:description\" content=\"Opplev Egersundsomr\u00e5det og J\u00e6ren fra sykkelsetet. Kjenn vinden i h\u00e5ret n\u00e5r du flyr over J\u00e6ren eller p\u00e5 koselige sykkelturer i Egersundsregionen. El-syklene tar deg langt p\u00e5 kort tid.\" \/>\n<meta property=\"og:url\" content=\"https:\/\/grand-egersund.no\/en\/package-offers\/cycling-adventures-in-the-region\/\" \/>\n<meta property=\"og:site_name\" content=\"Grand Hotell\" \/>\n<meta property=\"article:publisher\" content=\"https:\/\/www.facebook.com\/GrandHotellEgersund\" \/>\n<meta property=\"article:modified_time\" content=\"2026-02-19T12:59:46+00:00\" \/>\n<meta property=\"og:image\" content=\"https:\/\/grand-egersund.no\/wp-content\/uploads\/2024\/05\/IMG_9133-1-scaled.jpg\" \/>\n\t<meta property=\"og:image:width\" content=\"2560\" \/>\n\t<meta property=\"og:image:height\" content=\"1920\" \/>\n\t<meta property=\"og:image:type\" content=\"image\/jpeg\" \/>\n<meta name=\"twitter:card\" content=\"summary_large_image\" \/>\n<meta name=\"twitter:label1\" content=\"Estimated reading time\" \/>\n\t<meta name=\"twitter:data1\" content=\"5 minutes\" \/>\n<script type=\"application\/ld+json\" class=\"yoast-schema-graph\">{\"@context\":\"https:\/\/schema.org\",\"@graph\":[{\"@type\":\"WebPage\",\"@id\":\"https:\/\/grand-egersund.no\/pakker-tilbud\/sykkeleventyr-i-regionen\/\",\"url\":\"https:\/\/grand-egersund.no\/pakker-tilbud\/sykkeleventyr-i-regionen\/\",\"name\":\"Sykkeleventyr i regionen | Bestill sykkelpakke med overnatting | Grand Hotell\",\"isPartOf\":{\"@id\":\"https:\/\/grand-egersund.no\/#website\"},\"datePublished\":\"2026-02-10T09:27:21+00:00\",\"dateModified\":\"2026-02-19T12:59:46+00:00\",\"description\":\"Sett av tid til et sykkeleventyr i den flotte regionen v\u00e5r med Grand Hotell Egersund som base.\",\"breadcrumb\":{\"@id\":\"https:\/\/grand-egersund.no\/pakker-tilbud\/sykkeleventyr-i-regionen\/#breadcrumb\"},\"inLanguage\":\"en-GB\",\"potentialAction\":[{\"@type\":\"ReadAction\",\"target\":[\"https:\/\/grand-egersund.no\/pakker-tilbud\/sykkeleventyr-i-regionen\/\"]}]},{\"@type\":\"BreadcrumbList\",\"@id\":\"https:\/\/grand-egersund.no\/pakker-tilbud\/sykkeleventyr-i-regionen\/#breadcrumb\",\"itemListElement\":[{\"@type\":\"ListItem\",\"position\":1,\"name\":\"Home\",\"item\":\"https:\/\/grand-egersund.no\/\"},{\"@type\":\"ListItem\",\"position\":2,\"name\":\"Pakker &#038; tilbud\",\"item\":\"https:\/\/grand-egersund.no\/pakker-tilbud\/\"},{\"@type\":\"ListItem\",\"position\":3,\"name\":\"Sykkeleventyr i regionen\"}]},{\"@type\":\"WebSite\",\"@id\":\"https:\/\/grand-egersund.no\/#website\",\"url\":\"https:\/\/grand-egersund.no\/\",\"name\":\"Grand Hotell\",\"description\":\"I hjertet av Egersund\",\"publisher\":{\"@id\":\"https:\/\/grand-egersund.no\/#organization\"},\"potentialAction\":[{\"@type\":\"SearchAction\",\"target\":{\"@type\":\"EntryPoint\",\"urlTemplate\":\"https:\/\/grand-egersund.no\/?s={search_term_string}\"},\"query-input\":{\"@type\":\"PropertyValueSpecification\",\"valueRequired\":true,\"valueName\":\"search_term_string\"}}],\"inLanguage\":\"en-GB\"},{\"@type\":\"Organization\",\"@id\":\"https:\/\/grand-egersund.no\/#organization\",\"name\":\"Grand Hotell gersund\",\"url\":\"https:\/\/grand-egersund.no\/\",\"logo\":{\"@type\":\"ImageObject\",\"inLanguage\":\"en-GB\",\"@id\":\"https:\/\/grand-egersund.no\/#\/schema\/logo\/image\/\",\"url\":\"http:\/\/grand-egersund.no\/wp-content\/uploads\/2021\/12\/Grand-Egersund_logo_liggende_farge.png\",\"contentUrl\":\"http:\/\/grand-egersund.no\/wp-content\/uploads\/2021\/12\/Grand-Egersund_logo_liggende_farge.png\",\"width\":891,\"height\":434,\"caption\":\"Grand Hotell gersund\"},\"image\":{\"@id\":\"https:\/\/grand-egersund.no\/#\/schema\/logo\/image\/\"},\"sameAs\":[\"https:\/\/www.facebook.com\/GrandHotellEgersund\"]}]}<\/script>\n<!-- \/ Yoast SEO plugin. -->","yoast_head_json":{"title":"Cycling adventures in the region | Book cycling package with accommodation | Grand Hotell","description":"Set aside time for a cycling adventure in our beautiful region with Grand Hotell Egersund as your base.","robots":{"index":"index","follow":"follow","max-snippet":"max-snippet:-1","max-image-preview":"max-image-preview:large","max-video-preview":"max-video-preview:-1"},"canonical":"https:\/\/grand-egersund.no\/en\/package-offers\/cycling-adventures-in-the-region\/","og_locale":"en_GB","og_type":"article","og_title":"Sykkelpakke |\u00a0Grand Hotell Egersund","og_description":"Opplev Egersundsomr\u00e5det og J\u00e6ren fra sykkelsetet. Kjenn vinden i h\u00e5ret n\u00e5r du flyr over J\u00e6ren eller p\u00e5 koselige sykkelturer i Egersundsregionen. El-syklene tar deg langt p\u00e5 kort tid.","og_url":"https:\/\/grand-egersund.no\/en\/package-offers\/cycling-adventures-in-the-region\/","og_site_name":"Grand Hotell","article_publisher":"https:\/\/www.facebook.com\/GrandHotellEgersund","article_modified_time":"2026-02-19T12:59:46+00:00","og_image":[{"width":2560,"height":1920,"url":"https:\/\/grand-egersund.no\/wp-content\/uploads\/2024\/05\/IMG_9133-1-scaled.jpg","type":"image\/jpeg"}],"twitter_card":"summary_large_image","twitter_misc":{"Estimated reading time":"5 minutes"},"schema":{"@context":"https:\/\/schema.org","@graph":[{"@type":"WebPage","@id":"https:\/\/grand-egersund.no\/pakker-tilbud\/sykkeleventyr-i-regionen\/","url":"https:\/\/grand-egersund.no\/pakker-tilbud\/sykkeleventyr-i-regionen\/","name":"Cycling adventures in the region | Book cycling package with accommodation | Grand Hotell","isPartOf":{"@id":"https:\/\/grand-egersund.no\/#website"},"datePublished":"2026-02-10T09:27:21+00:00","dateModified":"2026-02-19T12:59:46+00:00","description":"Set aside time for a cycling adventure in our beautiful region with Grand Hotell Egersund as your base.","breadcrumb":{"@id":"https:\/\/grand-egersund.no\/pakker-tilbud\/sykkeleventyr-i-regionen\/#breadcrumb"},"inLanguage":"en-GB","potentialAction":[{"@type":"ReadAction","target":["https:\/\/grand-egersund.no\/pakker-tilbud\/sykkeleventyr-i-regionen\/"]}]},{"@type":"BreadcrumbList","@id":"https:\/\/grand-egersund.no\/pakker-tilbud\/sykkeleventyr-i-regionen\/#breadcrumb","itemListElement":[{"@type":"ListItem","position":1,"name":"Home","item":"https:\/\/grand-egersund.no\/"},{"@type":"ListItem","position":2,"name":"Pakker &#038; tilbud","item":"https:\/\/grand-egersund.no\/pakker-tilbud\/"},{"@type":"ListItem","position":3,"name":"Sykkeleventyr i regionen"}]},{"@type":"WebSite","@id":"https:\/\/grand-egersund.no\/#website","url":"https:\/\/grand-egersund.no\/","name":"Grand Hotel","description":"In the heart of Egersund","publisher":{"@id":"https:\/\/grand-egersund.no\/#organization"},"potentialAction":[{"@type":"SearchAction","target":{"@type":"EntryPoint","urlTemplate":"https:\/\/grand-egersund.no\/?s={search_term_string}"},"query-input":{"@type":"PropertyValueSpecification","valueRequired":true,"valueName":"search_term_string"}}],"inLanguage":"en-GB"},{"@type":"Organization","@id":"https:\/\/grand-egersund.no\/#organization","name":"Grand Hotel gersund","url":"https:\/\/grand-egersund.no\/","logo":{"@type":"ImageObject","inLanguage":"en-GB","@id":"https:\/\/grand-egersund.no\/#\/schema\/logo\/image\/","url":"http:\/\/grand-egersund.no\/wp-content\/uploads\/2021\/12\/Grand-Egersund_logo_liggende_farge.png","contentUrl":"http:\/\/grand-egersund.no\/wp-content\/uploads\/2021\/12\/Grand-Egersund_logo_liggende_farge.png","width":891,"height":434,"caption":"Grand Hotell gersund"},"image":{"@id":"https:\/\/grand-egersund.no\/#\/schema\/logo\/image\/"},"sameAs":["https:\/\/www.facebook.com\/GrandHotellEgersund"]}]}},"_links":{"self":[{"href":"https:\/\/grand-egersund.no\/en\/wp-json\/wp\/v2\/pages\/241211","targetHints":{"allow":["GET"]}}],"collection":[{"href":"https:\/\/grand-egersund.no\/en\/wp-json\/wp\/v2\/pages"}],"about":[{"href":"https:\/\/grand-egersund.no\/en\/wp-json\/wp\/v2\/types\/page"}],"author":[{"embeddable":true,"href":"https:\/\/grand-egersund.no\/en\/wp-json\/wp\/v2\/users\/1"}],"replies":[{"embeddable":true,"href":"https:\/\/grand-egersund.no\/en\/wp-json\/wp\/v2\/comments?post=241211"}],"version-history":[{"count":6,"href":"https:\/\/grand-egersund.no\/en\/wp-json\/wp\/v2\/pages\/241211\/revisions"}],"predecessor-version":[{"id":241269,"href":"https:\/\/grand-egersund.no\/en\/wp-json\/wp\/v2\/pages\/241211\/revisions\/241269"}],"up":[{"embeddable":true,"href":"https:\/\/grand-egersund.no\/en\/wp-json\/wp\/v2\/pages\/233243"}],"wp:attachment":[{"href":"https:\/\/grand-egersund.no\/en\/wp-json\/wp\/v2\/media?parent=241211"}],"curies":[{"name":"wp","href":"https:\/\/api.w.org\/{rel}","templated":true}]}}