{"id":241010,"date":"2025-12-18T13:03:51","date_gmt":"2025-12-18T12:03:51","guid":{"rendered":"https:\/\/grand-egersund.no\/?page_id=241010"},"modified":"2025-12-22T09:52:59","modified_gmt":"2025-12-22T08:52:59","slug":"astrodeal-for-the-whole-family","status":"publish","type":"page","link":"https:\/\/grand-egersund.no\/en\/pakker-tilbud\/astrodeal-for-hele-familien\/","title":{"rendered":"AstroDeal for the whole family"},"content":{"rendered":"<p>[et_pb_section fb_built=&raquo;1&#8243; _builder_version=&raquo;4.27.4&#8243; _module_preset=&raquo;default&raquo; background_image=&raquo;https:\/\/grand-egersund.no\/wp-content\/uploads\/2025\/12\/DSC08107-AstroSenter.jpg&raquo; height=&raquo;30vh&raquo; custom_margin=&raquo;|0px||0px|false|false&raquo; custom_padding=&raquo;|0px||0px|false|false&raquo; background_last_edited=&raquo;on|desktop&raquo; global_colors_info=&raquo;{}&raquo;][\/et_pb_section][et_pb_section fb_built=&raquo;1&#8243; _builder_version=&raquo;4.18.0&#8243; _module_preset=&raquo;default&raquo; background_color=&raquo;#F6F2F0&#8243; custom_padding=&raquo;0px||0px|||&raquo; global_module=&raquo;235456&#8243; global_colors_info=&raquo;{}&raquo;][et_pb_row _builder_version=&raquo;4.18.0&#8243; _module_preset=&raquo;default&raquo; custom_padding=&raquo;0px||0px|||&raquo; global_colors_info=&raquo;{}&raquo;][et_pb_column type=&raquo;4_4&#8243; _builder_version=&raquo;4.18.0&#8243; _module_preset=&raquo;default&raquo; global_colors_info=&raquo;{}&raquo;][et_pb_code _builder_version=&raquo;4.18.0&#8243; _module_preset=&raquo;default&raquo; global_colors_info=&raquo;{}&raquo;]<div id=\"breadcrumbs\"><a href=\"https:\/\/grand-egersund.no\/en\">Forside<\/a><span class=\"delimiter\"> &raquo; <\/span><\/div>[\/et_pb_code][\/et_pb_column][\/et_pb_row][\/et_pb_section][et_pb_section fb_built=&raquo;1&#8243; _builder_version=&raquo;4.16&#8243; _module_preset=&raquo;default&raquo; background_color=&raquo;#F6F2F0&#8243; background_enable_image=&raquo;off&raquo; custom_padding=&raquo;||0px|||&raquo; global_colors_info=&raquo;{}&raquo;][et_pb_row _builder_version=&raquo;4.16&#8243; _module_preset=&raquo;default&raquo; custom_padding=&raquo;||0px|||&raquo; global_colors_info=&raquo;{}&raquo;][et_pb_column type=&raquo;4_4&#8243; _builder_version=&raquo;4.16&#8243; _module_preset=&raquo;default&raquo; global_colors_info=&raquo;{}&raquo;][et_pb_text _builder_version=&raquo;4.27.4&#8243; _module_preset=&raquo;254d1c82-e0bc-4825-ad34-bb6e43b40ab5&#8243; global_colors_info=&raquo;{}&raquo;]<\/p>\n<h1 style=\"text-align: center;\">AstroDeal for hele familien<\/h1>\n<p>[\/et_pb_text][et_pb_text _builder_version=&raquo;4.27.4&#8243; _module_preset=&raquo;254d1c82-e0bc-4825-ad34-bb6e43b40ab5&#8243; max_width=&raquo;640px&raquo; module_alignment=&raquo;center&raquo; custom_margin=&raquo;||40px|||&raquo; global_colors_info=&raquo;{}&raquo;]<\/p>\n<p style=\"text-align: center;\">Ta med hele familien p\u00e5 en interaktiv opplevelse p\u00e5 det ny\u00e5pnede AstroSenteret i Egersund. Her finner du blant annet lekeland for de minste, VR-arena, Pixel Floor, streetcurling, AR-painting og mye mer.\u00a0<\/p>\n<p>[\/et_pb_text][et_pb_divider _builder_version=&raquo;4.17.4&#8243; _module_preset=&raquo;4c34cd24-2486-42f1-89a3-b8b8d9fc7422&#8243; custom_margin=&raquo;||0px||false|false&raquo; custom_padding=&raquo;30px||0px||false|false&raquo; global_colors_info=&raquo;{}&raquo;][\/et_pb_divider][\/et_pb_column][\/et_pb_row][\/et_pb_section][et_pb_section fb_built=&raquo;1&#8243; _builder_version=&raquo;4.16&#8243; _module_preset=&raquo;default&raquo; background_color=&raquo;#F6F2F0&#8243; custom_padding=&raquo;||90px|||&raquo; global_colors_info=&raquo;{}&raquo;][et_pb_row column_structure=&raquo;1_2,1_2&#8243; make_equal=&raquo;on&raquo; _builder_version=&raquo;4.27.4&#8243; _module_preset=&raquo;default&raquo; background_enable_image=&raquo;off&raquo; custom_margin=&raquo;||60px||false|false&raquo; custom_padding=&raquo;||0px|||&raquo; global_colors_info=&raquo;{}&raquo;][et_pb_column type=&raquo;1_2&#8243; _builder_version=&raquo;4.27.4&#8243; _module_preset=&raquo;default&raquo; background_image=&raquo;https:\/\/grand-egersund.no\/wp-content\/uploads\/2025\/12\/DSC08107-AstroSenter.jpg&raquo; background_position=&raquo;top_center&raquo; global_colors_info=&raquo;{}&raquo;][et_pb_image src=&raquo;https:\/\/grand-egersund.no\/wp-content\/uploads\/2025\/12\/DSC08107-AstroSenter.jpg&raquo; title_text=&raquo;DSC08107-AstroSenter&raquo; disabled_on=&raquo;off|off|on&raquo; _builder_version=&raquo;4.27.4&#8243; _module_preset=&raquo;default&raquo; global_colors_info=&raquo;{}&raquo;][\/et_pb_image][\/et_pb_column][et_pb_column type=&raquo;1_2&#8243; _builder_version=&raquo;4.17.4&#8243; _module_preset=&raquo;4ff29b9d-5eb1-46da-b20f-1673c70dad5e&raquo; global_colors_info=&raquo;{}&raquo;][et_pb_text _builder_version=&raquo;4.27.4&#8243; _module_preset=&raquo;254d1c82-e0bc-4825-ad34-bb6e43b40ab5&#8243; custom_padding=&raquo;||||false|false&raquo; global_colors_info=&raquo;{}&raquo;]<\/p>\n<h2 style=\"text-align: left;\">Bestill v\u00e5r AstroDeal<\/h2>\n<p>[\/et_pb_text][et_pb_text _builder_version=&raquo;4.27.4&#8243; _module_preset=&raquo;254d1c82-e0bc-4825-ad34-bb6e43b40ab5&#8243; max_width=&raquo;640px&raquo; module_alignment=&raquo;center&raquo; global_colors_info=&raquo;{}&raquo;]<\/p>\n<p style=\"text-align: left;\"><strong style=\"font-size: 16px; text-align: left;\">Pakken inkluderer:<\/strong><\/p>\n<p style=\"text-align: left;\"><span style=\"font-size: 16px;\">Overnatting p\u00e5 familierom (4 personer) i<\/span><span style=\"font-size: 16px;\">nkludert frokost<br \/>Billetter til lekeland<\/span><\/p>\n<p style=\"text-align: left;\"><span style=\"font-size: 16px;\"><\/span><\/p>\n<p>[\/et_pb_text][et_pb_button button_url=&raquo;https:\/\/be.synxis.com\/?adult=2&#038;arrive=2026-02-21&#038;chain=9083&#038;child=0&#038;currency=NOK&#038;depart=2026-02-22&#038;hotel=75409&#038;level=hotel&#038;locale=nb-NO&#038;productcurrency=NOK&#038;rate=ASTRODEAL&#038;rooms=1&#8243; button_text=&raquo;Bestill v\u00e5r AstroDeal&raquo; button_alignment=&raquo;left&raquo; _builder_version=&raquo;4.27.4&#8243; _module_preset=&raquo;13d43eb9-f434-455a-afff-d8b9e70dee92&#8243; global_colors_info=&raquo;{}&raquo;][\/et_pb_button][et_pb_text _builder_version=&raquo;4.27.4&#8243; _module_preset=&raquo;254d1c82-e0bc-4825-ad34-bb6e43b40ab5&#8243; max_width=&raquo;640px&raquo; module_alignment=&raquo;center&raquo; global_colors_info=&raquo;{}&raquo;]<\/p>\n<p style=\"text-align: left;\"><a href=\"https:\/\/grand-egersund.no\/kontakt\/\">Kontakt oss<\/a> hvis du lurer p\u00e5 noe.<\/p>\n<p style=\"text-align: left;\">\n<p style=\"text-align: left;\">[\/et_pb_text][\/et_pb_column][\/et_pb_row][et_pb_row column_structure=&raquo;1_2,1_2&#8243; make_equal=&raquo;on&raquo; _builder_version=&raquo;4.27.4&#8243; _module_preset=&raquo;default&raquo; background_enable_image=&raquo;off&raquo; custom_margin=&raquo;||60px||false|false&raquo; custom_padding=&raquo;||0px|||&raquo; hover_enabled=&raquo;0&#8243; global_colors_info=&raquo;{}&raquo; sticky_enabled=&raquo;0&#8243;][et_pb_column type=&raquo;1_2&#8243; _builder_version=&raquo;4.27.4&#8243; _module_preset=&raquo;default&raquo; background_image=&raquo;https:\/\/grand-egersund.no\/wp-content\/uploads\/2025\/12\/Lunars-Lekeland-3095_web-2048&#215;1366-1.webp&raquo; background_position=&raquo;top_center&raquo; hover_enabled=&raquo;0&#8243; background_last_edited=&raquo;on|desktop&raquo; background_enable_image_phone=&raquo;off&raquo; global_colors_info=&raquo;{}&raquo; title_text=&raquo;Lunars-Lekeland-3095_web-2048&#215;1366&#8243; sticky_enabled=&raquo;0&#8243;][et_pb_image src=&raquo;https:\/\/grand-egersund.no\/wp-content\/uploads\/2025\/12\/Lunars-Lekeland-3095_web-2048&#215;1366-1.webp&raquo; alt=&raquo;Foto: AstroSenteret&raquo; title_text=&raquo;Lunars-Lekeland-3095_web-2048&#215;1366&#8243; disabled_on=&raquo;off|off|on&raquo; _builder_version=&raquo;4.27.4&#8243; _module_preset=&raquo;default&raquo; hover_enabled=&raquo;0&#8243; global_colors_info=&raquo;{}&raquo; sticky_enabled=&raquo;0&#8243;][\/et_pb_image][et_pb_text _builder_version=&raquo;4.27.4&#8243; _module_preset=&raquo;254d1c82-e0bc-4825-ad34-bb6e43b40ab5&#8243; text_text_color=&raquo;#FFFFFF&raquo; text_font_size=&raquo;13px&raquo; max_width=&raquo;640px&raquo; module_alignment=&raquo;center&raquo; custom_margin=&raquo;-6vh||||false|false&raquo; custom_padding=&raquo;|15px|15px|15px|false|false&raquo; global_colors_info=&raquo;{}&raquo;]<\/p>\n<p style=\"text-align: left;\">Foto: AstroSenteret<\/p>\n<p>[\/et_pb_text][\/et_pb_column][et_pb_column type=&raquo;1_2&#8243; _builder_version=&raquo;4.17.4&#8243; _module_preset=&raquo;4ff29b9d-5eb1-46da-b20f-1673c70dad5e&raquo; global_colors_info=&raquo;{}&raquo;][et_pb_text _builder_version=&raquo;4.27.4&#8243; _module_preset=&raquo;254d1c82-e0bc-4825-ad34-bb6e43b40ab5&#8243; custom_padding=&raquo;||||false|false&raquo; global_colors_info=&raquo;{}&raquo;]<\/p>\n<h2 style=\"text-align: left;\">Hva er AstroSenteret?<\/h2>\n<p>[\/et_pb_text][et_pb_text _builder_version=&raquo;4.27.4&#8243; _module_preset=&raquo;254d1c82-e0bc-4825-ad34-bb6e43b40ab5&#8243; max_width=&raquo;640px&raquo; module_alignment=&raquo;center&raquo; global_colors_info=&raquo;{}&raquo;]<\/p>\n<p style=\"text-align: left;\"><span>AstroSenteret \u00e5pnet i 2025 og er et interaktivt opplevelsessenter i Egersund som kombinerer lekeland, teknologi og aktivitet i ett og samme lokale. De holder til i 2. etasje p\u00e5 Eger Stormarked i Lind\u00f8yveien 8 hvor det er gratis parkering med over 100 parkeringsplasser i underetasjen. Kommer du med tog er det kun 3 minutter \u00e5 g\u00e5 fra togstasjonen.<\/span><\/p>\n<p><span>P\u00e5 AstroSenteret finner du aktiviteter for alle aldre fra 0 \u00e5r og oppover. Barn under 10 \u00e5r m\u00e5 ha f\u00f8lge av en voksen. Foreldre\/foresatte har ansvar for egne barn, v\u00e5re ansatte har tidvis tilsyn i alle hovedomr\u00e5der. Drop-in er mulig, men de anbefaler alltid online booking i forkant.<\/span><\/p>\n<p>[\/et_pb_text][et_pb_button button_url=&raquo;https:\/\/astrosenteret.no&raquo; button_text=&raquo;Les mer p\u00e5 astrosenteret.no&raquo; button_alignment=&raquo;left&raquo; _builder_version=&raquo;4.27.4&#8243; _module_preset=&raquo;13d43eb9-f434-455a-afff-d8b9e70dee92&#8243; global_colors_info=&raquo;{}&raquo;][\/et_pb_button][\/et_pb_column][\/et_pb_row][\/et_pb_section][et_pb_section fb_built=&raquo;1&#8243; _builder_version=&raquo;4.16&#8243; _module_preset=&raquo;default&raquo; background_color=&raquo;#FFFFFF&raquo; global_colors_info=&raquo;{}&raquo;][et_pb_row column_structure=&raquo;1_3,1_3,1_3&#8243; use_custom_gutter=&raquo;on&raquo; _builder_version=&raquo;4.16&#8243; _module_preset=&raquo;default&raquo; global_colors_info=&raquo;{}&raquo;][et_pb_column type=&raquo;1_3&#8243; _builder_version=&raquo;4.16&#8243; _module_preset=&raquo;default&raquo; global_colors_info=&raquo;{}&raquo;][\/et_pb_column][et_pb_column type=&raquo;1_3&#8243; _builder_version=&raquo;4.16&#8243; _module_preset=&raquo;default&raquo; global_colors_info=&raquo;{}&raquo;][et_pb_text _builder_version=&raquo;4.16&#8243; _module_preset=&raquo;default&raquo; global_colors_info=&raquo;{}&raquo;]<\/p>\n<h3 style=\"text-align: center;\">Se ogs\u00e5<\/h3>\n<p style=\"text-align: left;\">[\/et_pb_text][\/et_pb_column][et_pb_column type=&raquo;1_3&#8243; _builder_version=&raquo;4.16&#8243; _module_preset=&raquo;default&raquo; global_colors_info=&raquo;{}&raquo;][\/et_pb_column][\/et_pb_row][et_pb_row column_structure=&raquo;1_3,1_3,1_3&#8243; use_custom_gutter=&raquo;on&raquo; _builder_version=&raquo;4.16&#8243; _module_preset=&raquo;default&raquo; global_colors_info=&raquo;{}&raquo;][et_pb_column type=&raquo;1_3&#8243; _builder_version=&raquo;4.16&#8243; _module_preset=&raquo;default&raquo; global_colors_info=&raquo;{}&raquo;][et_pb_blurb title=&raquo;Golfpakke&raquo; url=&raquo;\/pakker-tilbud\/golfpakke\/&raquo; image=&raquo;https:\/\/grand-egersund.no\/wp-content\/uploads\/2024\/05\/BAA_2938-scaled.jpg&raquo; _builder_version=&raquo;4.27.4&#8243; _module_preset=&raquo;7fbf7575-68da-4c6a-b314-21cab06ac8a9&#8243; link_option_url=&raquo;\/pakker-tilbud\/golfpakke\/&raquo; global_module=&raquo;234118&#8243; global_colors_info=&raquo;{}&raquo;]<\/p>\n<p><a href=\"\/pakker-tilbud\/golfpakke\/\">Les mer<\/a><\/p>\n<p>[\/et_pb_blurb][\/et_pb_column][et_pb_column type=&raquo;1_3&#8243; _builder_version=&raquo;4.16&#8243; _module_preset=&raquo;default&raquo; global_colors_info=&raquo;{}&raquo;][et_pb_blurb title=&raquo;Vinsmaking for grupper&raquo; url=&raquo;https:\/\/grand-egersund.no\/opplevelser\/aktiviteter\/vinsmaking\/&raquo; image=&raquo;https:\/\/grand-egersund.no\/wp-content\/uploads\/2025\/03\/DSC00367-Enhanced-NR-scaled-1.jpg&raquo; _builder_version=&raquo;4.27.4&#8243; _module_preset=&raquo;7fbf7575-68da-4c6a-b314-21cab06ac8a9&#8243; link_option_url=&raquo;https:\/\/grand-egersund.no\/opplevelser\/aktiviteter\/vinsmaking\/&raquo; global_module=&raquo;234119&#8243; global_colors_info=&raquo;{}&raquo;]<\/p>\n<p><a href=\"\/opplevelser\/aktiviteter\/vinsmaking\/\">Les mer<\/a><\/p>\n<p>[\/et_pb_blurb][\/et_pb_column][et_pb_column type=&raquo;1_3&#8243; _builder_version=&raquo;4.16&#8243; _module_preset=&raquo;default&raquo; global_colors_info=&raquo;{}&raquo;][et_pb_blurb title=&raquo;Eigra vinkjeller&raquo; url=&raquo;https:\/\/grand-egersund.no\/kurs-og-konferanse\/vinkjeller\/&raquo; image=&raquo;https:\/\/grand-egersund.no\/wp-content\/uploads\/2025\/03\/DSC04068-Enhanced-NR-Edit-scaled.jpg&raquo; alt=&raquo;EIGRA vinkjeller&raquo; _builder_version=&raquo;4.27.4&#8243; _module_preset=&raquo;7fbf7575-68da-4c6a-b314-21cab06ac8a9&#8243; link_option_url=&raquo;https:\/\/grand-egersund.no\/kurs-og-konferanse\/vinkjeller\/&raquo; global_module=&raquo;235189&#8243; global_colors_info=&raquo;{}&raquo;]<\/p>\n<p><a href=\"https:\/\/grand-egersund.no\/kurs-og-konferanse\/vinkjeller\/\">Les mer<\/a><\/p>\n<p>[\/et_pb_blurb][\/et_pb_column][\/et_pb_row][\/et_pb_section][et_pb_section fb_built=&raquo;1&#8243; _builder_version=&raquo;4.16&#8243; _module_preset=&raquo;default&raquo; background_color=&raquo;RGBA(255,255,255,0)&raquo; custom_padding=&raquo;29px||0px|||&raquo; global_colors_info=&raquo;{}&raquo;][et_pb_row _builder_version=&raquo;4.16&#8243; _module_preset=&raquo;default&raquo; custom_padding=&raquo;||0px|||&raquo; global_colors_info=&raquo;{}&raquo;][et_pb_column type=&raquo;4_4&#8243; _builder_version=&raquo;4.16&#8243; _module_preset=&raquo;default&raquo; global_colors_info=&raquo;{}&raquo;][et_pb_button button_text=&raquo;Til toppen&raquo; _builder_version=&raquo;4.16&#8243; _module_preset=&raquo;711416d9-2858-43aa-952b-a2853918e909&#8243; global_colors_info=&raquo;{}&raquo;][\/et_pb_button][\/et_pb_column][\/et_pb_row][\/et_pb_section]<\/p>\n","protected":false},"excerpt":{"rendered":"<p><div id=\"breadcrumbs\"><a href=\"https:\/\/grand-egersund.no\/en\">Forside<\/a><span class=\"delimiter\"> &raquo; <\/span><\/div>AstroDeal for hele familienTa med hele familien p\u00e5 en interaktiv opplevelse p\u00e5 det ny\u00e5pnede AstroSenteret i Egersund. Her finner du blant annet lekeland for de minste, VR-arena, Pixel Floor, streetcurling, [&hellip;]<\/p>\n","protected":false},"author":1,"featured_media":241020,"parent":233243,"menu_order":0,"comment_status":"closed","ping_status":"closed","template":"","meta":{"_et_pb_use_builder":"on","_et_pb_old_content":"<!-- wp:divi\/placeholder \/-->","_et_gb_content_width":"","footnotes":""},"class_list":["post-241010","page","type-page","status-publish","has-post-thumbnail","hentry"],"yoast_head":"<!-- This site is optimized with the Yoast SEO plugin v27.1.1 - https:\/\/yoast.com\/product\/yoast-seo-wordpress\/ -->\n<title>AstroDeal for hele familien - Grand Hotell<\/title>\n<meta name=\"robots\" content=\"index, follow, max-snippet:-1, max-image-preview:large, max-video-preview:-1\" \/>\n<link rel=\"canonical\" href=\"https:\/\/grand-egersund.no\/en\/package-offers\/astrodeal-for-the-whole-family\/\" \/>\n<meta property=\"og:locale\" content=\"en_GB\" \/>\n<meta property=\"og:type\" content=\"article\" \/>\n<meta property=\"og:title\" content=\"AstroDeal for hele familien - Grand Hotell\" \/>\n<meta property=\"og:description\" content=\"AstroDeal for hele familienTa med hele familien p\u00e5 en interaktiv opplevelse p\u00e5 det ny\u00e5pnede AstroSenteret i Egersund. Her finner du blant annet lekeland for de minste, VR-arena, Pixel Floor, streetcurling, [&hellip;]\" \/>\n<meta property=\"og:url\" content=\"https:\/\/grand-egersund.no\/en\/package-offers\/astrodeal-for-the-whole-family\/\" \/>\n<meta property=\"og:site_name\" content=\"Grand Hotell\" \/>\n<meta property=\"article:publisher\" content=\"https:\/\/www.facebook.com\/GrandHotellEgersund\" \/>\n<meta property=\"article:modified_time\" content=\"2025-12-22T08:52:59+00:00\" \/>\n<meta property=\"og:image\" content=\"https:\/\/grand-egersund.no\/wp-content\/uploads\/2025\/12\/VR-Arena-3362_web.webp\" \/>\n\t<meta property=\"og:image:width\" content=\"2449\" \/>\n\t<meta property=\"og:image:height\" content=\"1633\" \/>\n\t<meta property=\"og:image:type\" content=\"image\/webp\" \/>\n<meta name=\"twitter:card\" content=\"summary_large_image\" \/>\n<meta name=\"twitter:label1\" content=\"Estimated reading time\" \/>\n\t<meta name=\"twitter:data1\" content=\"3 minutes\" \/>\n<script type=\"application\/ld+json\" class=\"yoast-schema-graph\">{\"@context\":\"https:\/\/schema.org\",\"@graph\":[{\"@type\":\"WebPage\",\"@id\":\"https:\/\/grand-egersund.no\/pakker-tilbud\/astrodeal-for-hele-familien\/\",\"url\":\"https:\/\/grand-egersund.no\/pakker-tilbud\/astrodeal-for-hele-familien\/\",\"name\":\"AstroDeal for hele familien - Grand Hotell\",\"isPartOf\":{\"@id\":\"https:\/\/grand-egersund.no\/#website\"},\"primaryImageOfPage\":{\"@id\":\"https:\/\/grand-egersund.no\/pakker-tilbud\/astrodeal-for-hele-familien\/#primaryimage\"},\"image\":{\"@id\":\"https:\/\/grand-egersund.no\/pakker-tilbud\/astrodeal-for-hele-familien\/#primaryimage\"},\"thumbnailUrl\":\"https:\/\/grand-egersund.no\/wp-content\/uploads\/2025\/12\/VR-Arena-3362_web.webp\",\"datePublished\":\"2025-12-18T12:03:51+00:00\",\"dateModified\":\"2025-12-22T08:52:59+00:00\",\"breadcrumb\":{\"@id\":\"https:\/\/grand-egersund.no\/pakker-tilbud\/astrodeal-for-hele-familien\/#breadcrumb\"},\"inLanguage\":\"en-GB\",\"potentialAction\":[{\"@type\":\"ReadAction\",\"target\":[\"https:\/\/grand-egersund.no\/pakker-tilbud\/astrodeal-for-hele-familien\/\"]}]},{\"@type\":\"ImageObject\",\"inLanguage\":\"en-GB\",\"@id\":\"https:\/\/grand-egersund.no\/pakker-tilbud\/astrodeal-for-hele-familien\/#primaryimage\",\"url\":\"https:\/\/grand-egersund.no\/wp-content\/uploads\/2025\/12\/VR-Arena-3362_web.webp\",\"contentUrl\":\"https:\/\/grand-egersund.no\/wp-content\/uploads\/2025\/12\/VR-Arena-3362_web.webp\",\"width\":2449,\"height\":1633,\"caption\":\"Foto: AstroSenteret\"},{\"@type\":\"BreadcrumbList\",\"@id\":\"https:\/\/grand-egersund.no\/pakker-tilbud\/astrodeal-for-hele-familien\/#breadcrumb\",\"itemListElement\":[{\"@type\":\"ListItem\",\"position\":1,\"name\":\"Home\",\"item\":\"https:\/\/grand-egersund.no\/\"},{\"@type\":\"ListItem\",\"position\":2,\"name\":\"Pakker &#038; tilbud\",\"item\":\"https:\/\/grand-egersund.no\/pakker-tilbud\/\"},{\"@type\":\"ListItem\",\"position\":3,\"name\":\"AstroDeal for hele familien\"}]},{\"@type\":\"WebSite\",\"@id\":\"https:\/\/grand-egersund.no\/#website\",\"url\":\"https:\/\/grand-egersund.no\/\",\"name\":\"Grand Hotell\",\"description\":\"I hjertet av Egersund\",\"publisher\":{\"@id\":\"https:\/\/grand-egersund.no\/#organization\"},\"potentialAction\":[{\"@type\":\"SearchAction\",\"target\":{\"@type\":\"EntryPoint\",\"urlTemplate\":\"https:\/\/grand-egersund.no\/?s={search_term_string}\"},\"query-input\":{\"@type\":\"PropertyValueSpecification\",\"valueRequired\":true,\"valueName\":\"search_term_string\"}}],\"inLanguage\":\"en-GB\"},{\"@type\":\"Organization\",\"@id\":\"https:\/\/grand-egersund.no\/#organization\",\"name\":\"Grand Hotell gersund\",\"url\":\"https:\/\/grand-egersund.no\/\",\"logo\":{\"@type\":\"ImageObject\",\"inLanguage\":\"en-GB\",\"@id\":\"https:\/\/grand-egersund.no\/#\/schema\/logo\/image\/\",\"url\":\"http:\/\/grand-egersund.no\/wp-content\/uploads\/2021\/12\/Grand-Egersund_logo_liggende_farge.png\",\"contentUrl\":\"http:\/\/grand-egersund.no\/wp-content\/uploads\/2021\/12\/Grand-Egersund_logo_liggende_farge.png\",\"width\":891,\"height\":434,\"caption\":\"Grand Hotell gersund\"},\"image\":{\"@id\":\"https:\/\/grand-egersund.no\/#\/schema\/logo\/image\/\"},\"sameAs\":[\"https:\/\/www.facebook.com\/GrandHotellEgersund\"]}]}<\/script>\n<!-- \/ Yoast SEO plugin. -->","yoast_head_json":{"title":"AstroDeal for the whole family - Grand Hotell","robots":{"index":"index","follow":"follow","max-snippet":"max-snippet:-1","max-image-preview":"max-image-preview:large","max-video-preview":"max-video-preview:-1"},"canonical":"https:\/\/grand-egersund.no\/en\/package-offers\/astrodeal-for-the-whole-family\/","og_locale":"en_GB","og_type":"article","og_title":"AstroDeal for hele familien - Grand Hotell","og_description":"AstroDeal for hele familienTa med hele familien p\u00e5 en interaktiv opplevelse p\u00e5 det ny\u00e5pnede AstroSenteret i Egersund. Her finner du blant annet lekeland for de minste, VR-arena, Pixel Floor, streetcurling, [&hellip;]","og_url":"https:\/\/grand-egersund.no\/en\/package-offers\/astrodeal-for-the-whole-family\/","og_site_name":"Grand Hotell","article_publisher":"https:\/\/www.facebook.com\/GrandHotellEgersund","article_modified_time":"2025-12-22T08:52:59+00:00","og_image":[{"width":2449,"height":1633,"url":"https:\/\/grand-egersund.no\/wp-content\/uploads\/2025\/12\/VR-Arena-3362_web.webp","type":"image\/webp"}],"twitter_card":"summary_large_image","twitter_misc":{"Estimated reading time":"3 minutes"},"schema":{"@context":"https:\/\/schema.org","@graph":[{"@type":"WebPage","@id":"https:\/\/grand-egersund.no\/pakker-tilbud\/astrodeal-for-hele-familien\/","url":"https:\/\/grand-egersund.no\/pakker-tilbud\/astrodeal-for-hele-familien\/","name":"AstroDeal for the whole family - Grand Hotell","isPartOf":{"@id":"https:\/\/grand-egersund.no\/#website"},"primaryImageOfPage":{"@id":"https:\/\/grand-egersund.no\/pakker-tilbud\/astrodeal-for-hele-familien\/#primaryimage"},"image":{"@id":"https:\/\/grand-egersund.no\/pakker-tilbud\/astrodeal-for-hele-familien\/#primaryimage"},"thumbnailUrl":"https:\/\/grand-egersund.no\/wp-content\/uploads\/2025\/12\/VR-Arena-3362_web.webp","datePublished":"2025-12-18T12:03:51+00:00","dateModified":"2025-12-22T08:52:59+00:00","breadcrumb":{"@id":"https:\/\/grand-egersund.no\/pakker-tilbud\/astrodeal-for-hele-familien\/#breadcrumb"},"inLanguage":"en-GB","potentialAction":[{"@type":"ReadAction","target":["https:\/\/grand-egersund.no\/pakker-tilbud\/astrodeal-for-hele-familien\/"]}]},{"@type":"ImageObject","inLanguage":"en-GB","@id":"https:\/\/grand-egersund.no\/pakker-tilbud\/astrodeal-for-hele-familien\/#primaryimage","url":"https:\/\/grand-egersund.no\/wp-content\/uploads\/2025\/12\/VR-Arena-3362_web.webp","contentUrl":"https:\/\/grand-egersund.no\/wp-content\/uploads\/2025\/12\/VR-Arena-3362_web.webp","width":2449,"height":1633,"caption":"Foto: AstroSenteret"},{"@type":"BreadcrumbList","@id":"https:\/\/grand-egersund.no\/pakker-tilbud\/astrodeal-for-hele-familien\/#breadcrumb","itemListElement":[{"@type":"ListItem","position":1,"name":"Home","item":"https:\/\/grand-egersund.no\/"},{"@type":"ListItem","position":2,"name":"Pakker &#038; tilbud","item":"https:\/\/grand-egersund.no\/pakker-tilbud\/"},{"@type":"ListItem","position":3,"name":"AstroDeal for hele familien"}]},{"@type":"WebSite","@id":"https:\/\/grand-egersund.no\/#website","url":"https:\/\/grand-egersund.no\/","name":"Grand Hotel","description":"In the heart of Egersund","publisher":{"@id":"https:\/\/grand-egersund.no\/#organization"},"potentialAction":[{"@type":"SearchAction","target":{"@type":"EntryPoint","urlTemplate":"https:\/\/grand-egersund.no\/?s={search_term_string}"},"query-input":{"@type":"PropertyValueSpecification","valueRequired":true,"valueName":"search_term_string"}}],"inLanguage":"en-GB"},{"@type":"Organization","@id":"https:\/\/grand-egersund.no\/#organization","name":"Grand Hotel gersund","url":"https:\/\/grand-egersund.no\/","logo":{"@type":"ImageObject","inLanguage":"en-GB","@id":"https:\/\/grand-egersund.no\/#\/schema\/logo\/image\/","url":"http:\/\/grand-egersund.no\/wp-content\/uploads\/2021\/12\/Grand-Egersund_logo_liggende_farge.png","contentUrl":"http:\/\/grand-egersund.no\/wp-content\/uploads\/2021\/12\/Grand-Egersund_logo_liggende_farge.png","width":891,"height":434,"caption":"Grand Hotell gersund"},"image":{"@id":"https:\/\/grand-egersund.no\/#\/schema\/logo\/image\/"},"sameAs":["https:\/\/www.facebook.com\/GrandHotellEgersund"]}]}},"_links":{"self":[{"href":"https:\/\/grand-egersund.no\/en\/wp-json\/wp\/v2\/pages\/241010","targetHints":{"allow":["GET"]}}],"collection":[{"href":"https:\/\/grand-egersund.no\/en\/wp-json\/wp\/v2\/pages"}],"about":[{"href":"https:\/\/grand-egersund.no\/en\/wp-json\/wp\/v2\/types\/page"}],"author":[{"embeddable":true,"href":"https:\/\/grand-egersund.no\/en\/wp-json\/wp\/v2\/users\/1"}],"replies":[{"embeddable":true,"href":"https:\/\/grand-egersund.no\/en\/wp-json\/wp\/v2\/comments?post=241010"}],"version-history":[{"count":13,"href":"https:\/\/grand-egersund.no\/en\/wp-json\/wp\/v2\/pages\/241010\/revisions"}],"predecessor-version":[{"id":241057,"href":"https:\/\/grand-egersund.no\/en\/wp-json\/wp\/v2\/pages\/241010\/revisions\/241057"}],"up":[{"embeddable":true,"href":"https:\/\/grand-egersund.no\/en\/wp-json\/wp\/v2\/pages\/233243"}],"wp:featuredmedia":[{"embeddable":true,"href":"https:\/\/grand-egersund.no\/en\/wp-json\/wp\/v2\/media\/241020"}],"wp:attachment":[{"href":"https:\/\/grand-egersund.no\/en\/wp-json\/wp\/v2\/media?parent=241010"}],"curies":[{"name":"wp","href":"https:\/\/api.w.org\/{rel}","templated":true}]}}