{"id":240599,"date":"2025-09-18T09:59:37","date_gmt":"2025-09-18T07:59:37","guid":{"rendered":"https:\/\/grand-egersund.no\/?page_id=240599"},"modified":"2026-01-26T07:52:19","modified_gmt":"2026-01-26T06:52:19","slug":"es-2025","status":"publish","type":"page","link":"https:\/\/grand-egersund.no\/en\/egersund-sjomatfestival\/es-2025\/","title":{"rendered":"Egersund Seafood Festival 2025"},"content":{"rendered":"<p>[et_pb_section fb_built=&raquo;1&#8243; _builder_version=&raquo;4.24.2&#8243; _module_preset=&raquo;default&raquo; background_color=&raquo;#0C71C3&#8243; use_background_color_gradient=&raquo;on&raquo; background_color_gradient_stops=&raquo;rgba(1,33,54,0.6) 0%|rgba(1,33,54,0.6) 100%&raquo; background_color_gradient_overlays_image=&raquo;on&raquo; background_image=&raquo;https:\/\/grand-egersund.no\/wp-content\/uploads\/2023\/11\/IMG_4297-copy-Eigeroy-fyr-i-storm-small.jpg&raquo; positioning=&raquo;none&raquo; position_origin_a=&raquo;top_center&raquo; height=&raquo;80vh&raquo; height_tablet=&raquo;100vh&raquo; height_phone=&raquo;100vh&raquo; height_last_edited=&raquo;on|phone&raquo; global_colors_info=&raquo;{}&raquo;][et_pb_row custom_padding_last_edited=&raquo;on|phone&raquo; _builder_version=&raquo;4.23.1&#8243; _module_preset=&raquo;default&raquo; custom_padding=&raquo;9vh||||false|false&raquo; custom_padding_tablet=&raquo;12vh||||false|false&raquo; custom_padding_phone=&raquo;10vh||||false|false&raquo; global_colors_info=&raquo;{}&raquo;][et_pb_column type=&raquo;4_4&#8243; _builder_version=&raquo;4.20.4&#8243; _module_preset=&raquo;default&raquo; global_colors_info=&raquo;{}&raquo;][et_pb_image src=&raquo;https:\/\/grand-egersund.no\/wp-content\/uploads\/2023\/11\/EgersundSjomatfestival_logo_hvit.png&raquo; title_text=&raquo;EgersundSjomatfestival_logo_hvit&raquo; align=&raquo;center&raquo; _builder_version=&raquo;4.20.4&#8243; _module_preset=&raquo;default&raquo; max_width=&raquo;360px&raquo; max_width_tablet=&raquo;360px&raquo; max_width_phone=&raquo;50%&raquo; max_width_last_edited=&raquo;on|phone&raquo; global_colors_info=&raquo;{}&raquo;][\/et_pb_image][et_pb_text _builder_version=&raquo;4.23.1&#8243; _module_preset=&raquo;default&raquo; text_text_color=&raquo;#FFFFFF&raquo; header_font=&raquo;Lora||||||||&raquo; header_text_color=&raquo;#FFFFFF&raquo; text_orientation=&raquo;center&raquo; custom_margin=&raquo;||30px||false|false&raquo; header_font_size_phone=&raquo;26px&raquo; global_colors_info=&raquo;{}&raquo;]<\/p>\n<h1><strong>Egersund Sj\u00f8matfestival 2025<\/strong><\/h1>\n<p>[\/et_pb_text][\/et_pb_column][\/et_pb_row][\/et_pb_section][et_pb_section fb_built=&raquo;1&#8243; _builder_version=&raquo;4.23.1&#8243; _module_preset=&raquo;default&raquo; custom_padding=&raquo;0px||0px|||&raquo; locked=&raquo;off&raquo; global_colors_info=&raquo;{}&raquo;][et_pb_row _builder_version=&raquo;4.23.1&#8243; _module_preset=&raquo;default&raquo; custom_padding=&raquo;17px||0px|||&raquo; global_colors_info=&raquo;{}&raquo;][et_pb_column type=&raquo;4_4&#8243; _builder_version=&raquo;4.23.1&#8243; _module_preset=&raquo;default&raquo; global_colors_info=&raquo;{}&raquo;][et_pb_text _builder_version=&raquo;4.23.1&#8243; _module_preset=&raquo;default&raquo; text_font=&raquo;Lora||||||||&raquo; text_text_color=&raquo;#012236&#8243; link_font=&raquo;|||||||#012236|&raquo; link_text_color=&raquo;#012236&#8243; global_colors_info=&raquo;{}&raquo;]<\/p>\n<p><a href=\"\/egersund-sjomatfestival\/\">\u00a0 \u2190 Til hovedsiden<\/a><\/p>\n<p>[\/et_pb_text][\/et_pb_column][\/et_pb_row][\/et_pb_section][et_pb_section fb_built=&raquo;1&#8243; disabled_on=&raquo;off|off|off&raquo; _builder_version=&raquo;4.24.2&#8243; _module_preset=&raquo;default&raquo; global_colors_info=&raquo;{}&raquo;][et_pb_row _builder_version=&raquo;4.24.2&#8243; _module_preset=&raquo;default&raquo; global_colors_info=&raquo;{}&raquo;][et_pb_column type=&raquo;4_4&#8243; _builder_version=&raquo;4.24.2&#8243; _module_preset=&raquo;default&raquo; global_colors_info=&raquo;{}&raquo;][et_pb_text _builder_version=&raquo;4.24.2&#8243; _module_preset=&raquo;default&raquo; header_2_font=&raquo;Lora|600|||||||&raquo; global_colors_info=&raquo;{}&raquo;]<\/p>\n<h2 style=\"text-align: center;\"><strong>Bildegalleri fra <\/strong><br \/><strong>Egersund Sj\u00f8matfestival 2025<\/strong><\/h2>\n<p>[\/et_pb_text][\/et_pb_column][\/et_pb_row][et_pb_row _builder_version=&raquo;4.24.2&#8243; _module_preset=&raquo;default&raquo; global_colors_info=&raquo;{}&raquo;][et_pb_column type=&raquo;4_4&#8243; _builder_version=&raquo;4.24.2&#8243; _module_preset=&raquo;default&raquo; global_colors_info=&raquo;{}&raquo;][et_pb_gallery gallery_ids=&raquo;240604,240606,240607,240608,240609,240610,240605,240611,240603,240612,240613,240614,240615,240616,240617,240618,240619,240620&#8243; posts_number=&raquo;33&#8243; show_title_and_caption=&raquo;off&raquo; show_pagination=&raquo;off&raquo; zoom_icon_color=&raquo;RGBA(255,255,255,0)&raquo; hover_overlay_color=&raquo;rgba(246,242,240,0.15)&raquo; module_class=&raquo;galleri&raquo; _builder_version=&raquo;4.27.4&#8243; _module_preset=&raquo;default&raquo; global_colors_info=&raquo;{}&raquo;][\/et_pb_gallery][\/et_pb_column][\/et_pb_row][\/et_pb_section][et_pb_section fb_built=&raquo;1&#8243; _builder_version=&raquo;4.20.4&#8243; _module_preset=&raquo;default&raquo; use_background_color_gradient=&raquo;on&raquo; background_color_gradient_stops=&raquo;rgba(1,33,54,0.6) 0%|rgba(1,33,54,0.6) 100%&raquo; background_color_gradient_overlays_image=&raquo;on&raquo; background_image=&raquo;https:\/\/grand-egersund.no\/wp-content\/uploads\/2023\/11\/shutterstock_1322965106-2.jpg&raquo; custom_padding=&raquo;190px||150px||false|false&raquo; global_colors_info=&raquo;{}&raquo;][et_pb_row _builder_version=&raquo;4.27.4&#8243; _module_preset=&raquo;default&raquo; global_colors_info=&raquo;{}&raquo;][et_pb_column type=&raquo;4_4&#8243; _builder_version=&raquo;4.27.4&#8243; _module_preset=&raquo;default&raquo; global_colors_info=&raquo;{}&raquo;][et_pb_text content_tablet=&raquo;<\/p>\n<p style=%22text-align: center;%22><strong>Velkommen til Egersund<\/strong><br \/>fredag og l\u00f8rdag <br \/>2. &#8211; 3. februar 2024<\/p>\n<p>&raquo; content_phone=&raquo;<\/p>\n<p style=%22text-align: center;%22><strong>Velkommen til Egersund<\/strong><br \/>fredag og l\u00f8rdag <br \/>2. &#8211; 3. februar 2024<\/p>\n<p>&raquo; content_last_edited=&raquo;on|phone&raquo; _builder_version=&raquo;4.27.4&#8243; _module_preset=&raquo;default&raquo; text_font=&raquo;Lora||||||||&raquo; text_text_color=&raquo;#FFFFFF&raquo; text_font_size=&raquo;48px&raquo; text_line_height=&raquo;1.3em&raquo; header_font=&raquo;Lora|700|||||||&raquo; header_font_size=&raquo;60px&raquo; header_5_font=&raquo;Lora||||||||&raquo; header_5_font_size=&raquo;50px&raquo; width=&raquo;100%&raquo; text_font_size_tablet=&raquo;48px&raquo; text_font_size_phone=&raquo;28px&raquo; text_font_size_last_edited=&raquo;on|phone&raquo; global_colors_info=&raquo;{}&raquo;]<\/p>\n<p style=\"text-align: center;\"><strong>Velkommen til Egersund<\/strong><br \/>og Egersund Sj\u00f8matfestival<\/p>\n<p>[\/et_pb_text][\/et_pb_column][\/et_pb_row][et_pb_row column_structure=&raquo;1_2,1_2&#8243; disabled_on=&raquo;on|on|on&raquo; _builder_version=&raquo;4.20.4&#8243; _module_preset=&raquo;default&raquo; custom_padding=&raquo;0vh||||false|false&raquo; disabled=&raquo;on&raquo; global_colors_info=&raquo;{}&raquo;][et_pb_column type=&raquo;1_2&#8243; _builder_version=&raquo;4.20.4&#8243; _module_preset=&raquo;default&raquo; global_colors_info=&raquo;{}&raquo;][et_pb_button button_url=&raquo;https:\/\/grand-egersund.no\/egersund-sjomatfestival\/egersund-sjomatfestival-pamelding\/&raquo; button_text=&raquo;Meld deg p\u00e5 nyhetsbrev&raquo; button_alignment=&raquo;right&raquo; button_alignment_tablet=&raquo;center&raquo; button_alignment_phone=&raquo;center&raquo; button_alignment_last_edited=&raquo;on|tablet&raquo; _builder_version=&raquo;4.23.1&#8243; _module_preset=&raquo;default&raquo; button_text_size=&raquo;20px&raquo; button_text_color=&raquo;#222222&#8243; button_bg_color=&raquo;#FFFFFF&raquo; button_border_color=&raquo;RGBA(255,255,255,0)&raquo; button_border_radius=&raquo;56px&raquo; button_font=&raquo;Bebas Neue||||||||&raquo; button_use_icon=&raquo;off&raquo; custom_padding=&raquo;|40px||40px|false|false&raquo; button_text_size_phone=&raquo;18px&raquo; global_colors_info=&raquo;{}&raquo;][\/et_pb_button][\/et_pb_column][et_pb_column type=&raquo;1_2&#8243; _builder_version=&raquo;4.20.4&#8243; _module_preset=&raquo;default&raquo; global_colors_info=&raquo;{}&raquo;][et_pb_button button_url=&raquo;https:\/\/www.ticketmaster.no\/search?keyword=egersund%20sj%C3%B8matfestival&raquo; url_new_window=&raquo;on&raquo; button_text=&raquo;Kj\u00f8p billetter&raquo; button_alignment=&raquo;left&raquo; button_alignment_tablet=&raquo;center&raquo; button_alignment_phone=&raquo;center&raquo; button_alignment_last_edited=&raquo;on|tablet&raquo; _builder_version=&raquo;4.23.1&#8243; _module_preset=&raquo;default&raquo; button_text_size=&raquo;20px&raquo; button_text_color=&raquo;#222222&#8243; button_bg_color=&raquo;#FFFFFF&raquo; button_border_color=&raquo;RGBA(255,255,255,0)&raquo; button_border_radius=&raquo;56px&raquo; button_font=&raquo;Bebas Neue||||||||&raquo; button_use_icon=&raquo;off&raquo; custom_padding=&raquo;|70px||70px|false|false&raquo; button_text_size_phone=&raquo;18px&raquo; global_colors_info=&raquo;{}&raquo;][\/et_pb_button][\/et_pb_column][\/et_pb_row][\/et_pb_section][et_pb_section fb_built=&raquo;1&#8243; fullwidth=&raquo;on&raquo; _builder_version=&raquo;4.20.4&#8243; _module_preset=&raquo;default&raquo; global_colors_info=&raquo;{}&raquo;][et_pb_fullwidth_image src=&raquo;https:\/\/grand-egersund.no\/wp-content\/uploads\/2026\/01\/Logoer-footer.jpg&raquo; title_text=&raquo;Logoer footer v2&#8243; _builder_version=&raquo;4.27.4&#8243; _module_preset=&raquo;default&raquo; hover_enabled=&raquo;0&#8243; global_colors_info=&raquo;{}&raquo; sticky_enabled=&raquo;0&#8243;][\/et_pb_fullwidth_image][\/et_pb_section]<\/p>\n","protected":false},"excerpt":{"rendered":"<p>Egersund Sj\u00f8matfestival 2025\u00a0 \u2190 Til hovedsidenBildegalleri fra Egersund Sj\u00f8matfestival 2025Velkommen til Egersundog Egersund Sj\u00f8matfestival<\/p>","protected":false},"author":1,"featured_media":0,"parent":237955,"menu_order":0,"comment_status":"closed","ping_status":"closed","template":"","meta":{"_et_pb_use_builder":"on","_et_pb_old_content":"","_et_gb_content_width":"","footnotes":""},"class_list":["post-240599","page","type-page","status-publish","hentry"],"yoast_head":"<!-- This site is optimized with the Yoast SEO plugin v27.1.1 - https:\/\/yoast.com\/product\/yoast-seo-wordpress\/ -->\n<title>Bildegalleri - Egersund Sj\u00f8matfestival 2025<\/title>\n<meta name=\"description\" content=\"Festivalen ble for f\u00f8rste gang arrangert i februar 2024, og er \u00e5pen for alle som er interessert i god mat og drikke. Egersund er en av Norges st\u00f8rste fiskerihavner, og festivalen avholdes om vinteren n\u00e5r sj\u00f8maten er p\u00e5 sitt beste.\" \/>\n<meta name=\"robots\" content=\"index, follow, max-snippet:-1, max-image-preview:large, max-video-preview:-1\" \/>\n<link rel=\"canonical\" href=\"https:\/\/grand-egersund.no\/en\/egersund-sjomatfestival\/es-2025\/\" \/>\n<meta property=\"og:locale\" content=\"en_GB\" \/>\n<meta property=\"og:type\" content=\"article\" \/>\n<meta property=\"og:title\" content=\"Velkommen til Egersund Sj\u00f8matfestival\" \/>\n<meta property=\"og:description\" content=\"6. \u2013 8. februar 2025, sj\u00f8mat, delikatesser vin og cider-messe, foredrag og smakinger.\" \/>\n<meta property=\"og:url\" content=\"https:\/\/grand-egersund.no\/en\/egersund-sjomatfestival\/es-2025\/\" \/>\n<meta property=\"og:site_name\" content=\"Grand Hotell\" \/>\n<meta property=\"article:publisher\" content=\"https:\/\/www.facebook.com\/GrandHotellEgersund\" \/>\n<meta property=\"article:modified_time\" content=\"2026-01-26T06:52:19+00:00\" \/>\n<meta property=\"og:image\" content=\"https:\/\/grand-egersund.no\/wp-content\/uploads\/2024\/09\/Skjermbilde-2024-09-13-kl.-13.09.05.png\" \/>\n\t<meta property=\"og:image:width\" content=\"1000\" \/>\n\t<meta property=\"og:image:height\" content=\"484\" \/>\n\t<meta property=\"og:image:type\" content=\"image\/png\" \/>\n<meta name=\"twitter:card\" content=\"summary_large_image\" \/>\n<meta name=\"twitter:label1\" content=\"Estimated reading time\" \/>\n\t<meta name=\"twitter:data1\" content=\"5 minutes\" \/>\n<script type=\"application\/ld+json\" class=\"yoast-schema-graph\">{\"@context\":\"https:\/\/schema.org\",\"@graph\":[{\"@type\":\"WebPage\",\"@id\":\"https:\/\/grand-egersund.no\/egersund-sjomatfestival\/es-2025\/\",\"url\":\"https:\/\/grand-egersund.no\/egersund-sjomatfestival\/es-2025\/\",\"name\":\"Bildegalleri - Egersund Sj\u00f8matfestival 2025\",\"isPartOf\":{\"@id\":\"https:\/\/grand-egersund.no\/#website\"},\"datePublished\":\"2025-09-18T07:59:37+00:00\",\"dateModified\":\"2026-01-26T06:52:19+00:00\",\"description\":\"Festivalen ble for f\u00f8rste gang arrangert i februar 2024, og er \u00e5pen for alle som er interessert i god mat og drikke. Egersund er en av Norges st\u00f8rste fiskerihavner, og festivalen avholdes om vinteren n\u00e5r sj\u00f8maten er p\u00e5 sitt beste.\",\"breadcrumb\":{\"@id\":\"https:\/\/grand-egersund.no\/egersund-sjomatfestival\/es-2025\/#breadcrumb\"},\"inLanguage\":\"en-GB\",\"potentialAction\":[{\"@type\":\"ReadAction\",\"target\":[\"https:\/\/grand-egersund.no\/egersund-sjomatfestival\/es-2025\/\"]}]},{\"@type\":\"BreadcrumbList\",\"@id\":\"https:\/\/grand-egersund.no\/egersund-sjomatfestival\/es-2025\/#breadcrumb\",\"itemListElement\":[{\"@type\":\"ListItem\",\"position\":1,\"name\":\"Home\",\"item\":\"https:\/\/grand-egersund.no\/\"},{\"@type\":\"ListItem\",\"position\":2,\"name\":\"Egersund Sj\u00f8matfestival\",\"item\":\"https:\/\/grand-egersund.no\/egersund-sjomatfestival\/\"},{\"@type\":\"ListItem\",\"position\":3,\"name\":\"Egersund Sj\u00f8matfestival 2025\"}]},{\"@type\":\"WebSite\",\"@id\":\"https:\/\/grand-egersund.no\/#website\",\"url\":\"https:\/\/grand-egersund.no\/\",\"name\":\"Grand Hotell\",\"description\":\"I hjertet av Egersund\",\"publisher\":{\"@id\":\"https:\/\/grand-egersund.no\/#organization\"},\"potentialAction\":[{\"@type\":\"SearchAction\",\"target\":{\"@type\":\"EntryPoint\",\"urlTemplate\":\"https:\/\/grand-egersund.no\/?s={search_term_string}\"},\"query-input\":{\"@type\":\"PropertyValueSpecification\",\"valueRequired\":true,\"valueName\":\"search_term_string\"}}],\"inLanguage\":\"en-GB\"},{\"@type\":\"Organization\",\"@id\":\"https:\/\/grand-egersund.no\/#organization\",\"name\":\"Grand Hotell gersund\",\"url\":\"https:\/\/grand-egersund.no\/\",\"logo\":{\"@type\":\"ImageObject\",\"inLanguage\":\"en-GB\",\"@id\":\"https:\/\/grand-egersund.no\/#\/schema\/logo\/image\/\",\"url\":\"http:\/\/grand-egersund.no\/wp-content\/uploads\/2021\/12\/Grand-Egersund_logo_liggende_farge.png\",\"contentUrl\":\"http:\/\/grand-egersund.no\/wp-content\/uploads\/2021\/12\/Grand-Egersund_logo_liggende_farge.png\",\"width\":891,\"height\":434,\"caption\":\"Grand Hotell gersund\"},\"image\":{\"@id\":\"https:\/\/grand-egersund.no\/#\/schema\/logo\/image\/\"},\"sameAs\":[\"https:\/\/www.facebook.com\/GrandHotellEgersund\"]}]}<\/script>\n<!-- \/ Yoast SEO plugin. -->","yoast_head_json":{"title":"Image gallery - Egersund Seafood Festival 2025","description":"Organised for the first time in February 2024, the festival is open to anyone interested in good food and drink. Egersund is one of Norway's largest fishing harbours, and the festival is held in winter when the seafood is at its best.","robots":{"index":"index","follow":"follow","max-snippet":"max-snippet:-1","max-image-preview":"max-image-preview:large","max-video-preview":"max-video-preview:-1"},"canonical":"https:\/\/grand-egersund.no\/en\/egersund-sjomatfestival\/es-2025\/","og_locale":"en_GB","og_type":"article","og_title":"Velkommen til Egersund Sj\u00f8matfestival","og_description":"6. \u2013 8. februar 2025, sj\u00f8mat, delikatesser vin og cider-messe, foredrag og smakinger.","og_url":"https:\/\/grand-egersund.no\/en\/egersund-sjomatfestival\/es-2025\/","og_site_name":"Grand Hotell","article_publisher":"https:\/\/www.facebook.com\/GrandHotellEgersund","article_modified_time":"2026-01-26T06:52:19+00:00","og_image":[{"width":1000,"height":484,"url":"https:\/\/grand-egersund.no\/wp-content\/uploads\/2024\/09\/Skjermbilde-2024-09-13-kl.-13.09.05.png","type":"image\/png"}],"twitter_card":"summary_large_image","twitter_misc":{"Estimated reading time":"5 minutes"},"schema":{"@context":"https:\/\/schema.org","@graph":[{"@type":"WebPage","@id":"https:\/\/grand-egersund.no\/egersund-sjomatfestival\/es-2025\/","url":"https:\/\/grand-egersund.no\/egersund-sjomatfestival\/es-2025\/","name":"Image gallery - Egersund Seafood Festival 2025","isPartOf":{"@id":"https:\/\/grand-egersund.no\/#website"},"datePublished":"2025-09-18T07:59:37+00:00","dateModified":"2026-01-26T06:52:19+00:00","description":"Organised for the first time in February 2024, the festival is open to anyone interested in good food and drink. Egersund is one of Norway's largest fishing harbours, and the festival is held in winter when the seafood is at its best.","breadcrumb":{"@id":"https:\/\/grand-egersund.no\/egersund-sjomatfestival\/es-2025\/#breadcrumb"},"inLanguage":"en-GB","potentialAction":[{"@type":"ReadAction","target":["https:\/\/grand-egersund.no\/egersund-sjomatfestival\/es-2025\/"]}]},{"@type":"BreadcrumbList","@id":"https:\/\/grand-egersund.no\/egersund-sjomatfestival\/es-2025\/#breadcrumb","itemListElement":[{"@type":"ListItem","position":1,"name":"Home","item":"https:\/\/grand-egersund.no\/"},{"@type":"ListItem","position":2,"name":"Egersund Sj\u00f8matfestival","item":"https:\/\/grand-egersund.no\/egersund-sjomatfestival\/"},{"@type":"ListItem","position":3,"name":"Egersund Sj\u00f8matfestival 2025"}]},{"@type":"WebSite","@id":"https:\/\/grand-egersund.no\/#website","url":"https:\/\/grand-egersund.no\/","name":"Grand Hotel","description":"In the heart of Egersund","publisher":{"@id":"https:\/\/grand-egersund.no\/#organization"},"potentialAction":[{"@type":"SearchAction","target":{"@type":"EntryPoint","urlTemplate":"https:\/\/grand-egersund.no\/?s={search_term_string}"},"query-input":{"@type":"PropertyValueSpecification","valueRequired":true,"valueName":"search_term_string"}}],"inLanguage":"en-GB"},{"@type":"Organization","@id":"https:\/\/grand-egersund.no\/#organization","name":"Grand Hotel gersund","url":"https:\/\/grand-egersund.no\/","logo":{"@type":"ImageObject","inLanguage":"en-GB","@id":"https:\/\/grand-egersund.no\/#\/schema\/logo\/image\/","url":"http:\/\/grand-egersund.no\/wp-content\/uploads\/2021\/12\/Grand-Egersund_logo_liggende_farge.png","contentUrl":"http:\/\/grand-egersund.no\/wp-content\/uploads\/2021\/12\/Grand-Egersund_logo_liggende_farge.png","width":891,"height":434,"caption":"Grand Hotell gersund"},"image":{"@id":"https:\/\/grand-egersund.no\/#\/schema\/logo\/image\/"},"sameAs":["https:\/\/www.facebook.com\/GrandHotellEgersund"]}]}},"_links":{"self":[{"href":"https:\/\/grand-egersund.no\/en\/wp-json\/wp\/v2\/pages\/240599","targetHints":{"allow":["GET"]}}],"collection":[{"href":"https:\/\/grand-egersund.no\/en\/wp-json\/wp\/v2\/pages"}],"about":[{"href":"https:\/\/grand-egersund.no\/en\/wp-json\/wp\/v2\/types\/page"}],"author":[{"embeddable":true,"href":"https:\/\/grand-egersund.no\/en\/wp-json\/wp\/v2\/users\/1"}],"replies":[{"embeddable":true,"href":"https:\/\/grand-egersund.no\/en\/wp-json\/wp\/v2\/comments?post=240599"}],"version-history":[{"count":6,"href":"https:\/\/grand-egersund.no\/en\/wp-json\/wp\/v2\/pages\/240599\/revisions"}],"predecessor-version":[{"id":241153,"href":"https:\/\/grand-egersund.no\/en\/wp-json\/wp\/v2\/pages\/240599\/revisions\/241153"}],"up":[{"embeddable":true,"href":"https:\/\/grand-egersund.no\/en\/wp-json\/wp\/v2\/pages\/237955"}],"wp:attachment":[{"href":"https:\/\/grand-egersund.no\/en\/wp-json\/wp\/v2\/media?parent=240599"}],"curies":[{"name":"wp","href":"https:\/\/api.w.org\/{rel}","templated":true}]}}