{"id":239905,"date":"2025-03-19T12:52:08","date_gmt":"2025-03-19T11:52:08","guid":{"rendered":"https:\/\/grand-egersund.no\/?page_id=239905"},"modified":"2026-03-12T14:59:22","modified_gmt":"2026-03-12T13:59:22","slug":"gourmet-evening-in-the-wine-cellar","status":"publish","type":"page","link":"https:\/\/grand-egersund.no\/en\/pakker-tilbud\/gourmetaften-i-vinkjelleren\/","title":{"rendered":"Gourmet evening in the wine cellar"},"content":{"rendered":"<p>[et_pb_section fb_built=&raquo;1&#8243; _builder_version=&raquo;4.27.4&#8243; _module_preset=&raquo;default&raquo; background_image=&raquo;https:\/\/grand-egersund.no\/wp-content\/uploads\/2025\/03\/DSC04450-Enhanced-NR-1-scaled.jpg&raquo; height=&raquo;30vh&raquo; custom_margin=&raquo;|0px||0px|false|false&raquo; custom_padding=&raquo;|0px||0px|false|false&raquo; background_last_edited=&raquo;on|desktop&raquo; global_colors_info=&raquo;{}&raquo;][\/et_pb_section][et_pb_section fb_built=&raquo;1&#8243; _builder_version=&raquo;4.18.0&#8243; _module_preset=&raquo;default&raquo; background_color=&raquo;#F6F2F0&#8243; custom_padding=&raquo;0px||0px|||&raquo; global_module=&raquo;235456&#8243; global_colors_info=&raquo;{}&raquo;][et_pb_row _builder_version=&raquo;4.18.0&#8243; _module_preset=&raquo;default&raquo; custom_padding=&raquo;0px||0px|||&raquo; global_colors_info=&raquo;{}&raquo;][et_pb_column type=&raquo;4_4&#8243; _builder_version=&raquo;4.18.0&#8243; _module_preset=&raquo;default&raquo; global_colors_info=&raquo;{}&raquo;][et_pb_code _builder_version=&raquo;4.18.0&#8243; _module_preset=&raquo;default&raquo; global_colors_info=&raquo;{}&raquo;]<div id=\"breadcrumbs\"><a href=\"https:\/\/grand-egersund.no\/en\">Forside<\/a><span class=\"delimiter\"> &raquo; <\/span><\/div>[\/et_pb_code][\/et_pb_column][\/et_pb_row][\/et_pb_section][et_pb_section fb_built=&raquo;1&#8243; _builder_version=&raquo;4.16&#8243; _module_preset=&raquo;default&raquo; background_color=&raquo;#F6F2F0&#8243; background_enable_image=&raquo;off&raquo; custom_padding=&raquo;||0px|||&raquo; global_colors_info=&raquo;{}&raquo;][et_pb_row _builder_version=&raquo;4.16&#8243; _module_preset=&raquo;default&raquo; custom_padding=&raquo;||0px|||&raquo; global_colors_info=&raquo;{}&raquo;][et_pb_column type=&raquo;4_4&#8243; _builder_version=&raquo;4.16&#8243; _module_preset=&raquo;default&raquo; global_colors_info=&raquo;{}&raquo;][et_pb_text _builder_version=&raquo;4.27.4&#8243; _module_preset=&raquo;254d1c82-e0bc-4825-ad34-bb6e43b40ab5&#8243; global_colors_info=&raquo;{}&raquo;]<\/p>\n<h1 style=\"text-align: center;\">Gourmetaften i vinkjelleren<\/h1>\n<p>[\/et_pb_text][et_pb_text _builder_version=&raquo;4.27.4&#8243; _module_preset=&raquo;254d1c82-e0bc-4825-ad34-bb6e43b40ab5&#8243; max_width=&raquo;640px&raquo; module_alignment=&raquo;center&raquo; custom_margin=&raquo;||40px|||&raquo; global_colors_info=&raquo;{}&raquo;]<\/p>\n<p style=\"text-align: center;\">Unn deg en eksklusiv opplevelse midt i hjertet av Egersund. En helaften i EIGRA vinkjeller \u2013 8 retter, n\u00f8ye utvalgt av kokken, med mulighet for vinpakke med tilh\u00f8rende vin til hver rett. I vinkjelleren har vi eget kj\u00f8kken med 20 sitteplasser og opp til 4000 vinflasker som ligger p\u00e5 rekke og rad klar for at du skal smake.<\/p>\n<p>[\/et_pb_text][et_pb_divider _builder_version=&raquo;4.17.4&#8243; _module_preset=&raquo;4c34cd24-2486-42f1-89a3-b8b8d9fc7422&#8243; custom_margin=&raquo;||0px||false|false&raquo; custom_padding=&raquo;30px||0px||false|false&raquo; global_colors_info=&raquo;{}&raquo;][\/et_pb_divider][\/et_pb_column][\/et_pb_row][\/et_pb_section][et_pb_section fb_built=&raquo;1&#8243; _builder_version=&raquo;4.16&#8243; _module_preset=&raquo;default&raquo; background_color=&raquo;#F6F2F0&#8243; custom_padding=&raquo;||90px|||&raquo; global_colors_info=&raquo;{}&raquo;][et_pb_row column_structure=&raquo;1_2,1_2&#8243; make_equal=&raquo;on&raquo; _builder_version=&raquo;4.27.4&#8243; _module_preset=&raquo;default&raquo; background_enable_image=&raquo;off&raquo; custom_margin=&raquo;||60px||false|false&raquo; custom_padding=&raquo;||0px|||&raquo; global_colors_info=&raquo;{}&raquo;][et_pb_column type=&raquo;1_2&#8243; _builder_version=&raquo;4.27.4&#8243; _module_preset=&raquo;default&raquo; background_image=&raquo;https:\/\/grand-egersund.no\/wp-content\/uploads\/2025\/03\/DSC04450-Enhanced-NR-1-scaled.jpg&raquo; background_position=&raquo;top_center&raquo; global_colors_info=&raquo;{}&raquo;][et_pb_image src=&raquo;https:\/\/grand-egersund.no\/wp-content\/uploads\/2025\/03\/DSC04450-Enhanced-NR-1-scaled.jpg&raquo; title_text=&raquo;Vinkjeller&raquo; disabled_on=&raquo;off|off|on&raquo; _builder_version=&raquo;4.27.4&#8243; _module_preset=&raquo;default&raquo; global_colors_info=&raquo;{}&raquo;][\/et_pb_image][\/et_pb_column][et_pb_column type=&raquo;1_2&#8243; _builder_version=&raquo;4.17.4&#8243; _module_preset=&raquo;4ff29b9d-5eb1-46da-b20f-1673c70dad5e&raquo; global_colors_info=&raquo;{}&raquo;][et_pb_text _builder_version=&raquo;4.27.4&#8243; _module_preset=&raquo;254d1c82-e0bc-4825-ad34-bb6e43b40ab5&#8243; custom_padding=&raquo;||||false|false&raquo; global_colors_info=&raquo;{}&raquo;]<\/p>\n<h2 style=\"text-align: left;\">Bestill gourmetaften<\/h2>\n<p>[\/et_pb_text][et_pb_text _builder_version=&raquo;4.27.4&#8243; _module_preset=&raquo;254d1c82-e0bc-4825-ad34-bb6e43b40ab5&#8243; max_width=&raquo;640px&raquo; module_alignment=&raquo;center&raquo; global_colors_info=&raquo;{}&raquo;]<\/p>\n<p style=\"text-align: left;\"><strong style=\"font-size: 16px; text-align: left;\">Pakken inkluderer:<\/strong><\/p>\n<p style=\"text-align: left;\">8-retters middag i v\u00e5r eksklusive vinkjeller<br \/><span style=\"font-size: 16px;\">Overnatting med frokost<br \/>Varighet ca.4 timer, start kl.18:30<\/span><\/p>\n<p style=\"text-align: left;\"><span style=\"font-size: 16px;\"><\/span><\/p>\n<p>[\/et_pb_text][et_pb_button button_url=&raquo;https:\/\/be.synxis.com\/?adult=2&#038;arrive=2025-05-31&#038;chain=9083&#038;child=0&#038;currency=NOK&#038;depart=2025-06-01&#038;hotel=75409&#038;level=hotel&#038;locale=nb-NO&#038;productcurrency=NOK&#038;rate=GOURMET&#038;rooms=1&#8243; button_text=&raquo;Bestill helaften og hotellopphold&raquo; button_alignment=&raquo;left&raquo; _builder_version=&raquo;4.27.4&#8243; _module_preset=&raquo;13d43eb9-f434-455a-afff-d8b9e70dee92&#8243; global_colors_info=&raquo;{}&raquo;][\/et_pb_button][et_pb_text _builder_version=&raquo;4.27.4&#8243; _module_preset=&raquo;254d1c82-e0bc-4825-ad34-bb6e43b40ab5&#8243; max_width=&raquo;640px&raquo; module_alignment=&raquo;center&raquo; global_colors_info=&raquo;{}&raquo;]<\/p>\n<p style=\"text-align: left;\"><a href=\"https:\/\/grand-egersund.no\/kontakt\/\">Kontakt oss<\/a> hvis du lurer p\u00e5 noe.<\/p>\n<p style=\"text-align: left;\"><strong>Tillegg:<\/strong><br \/>&#8211; Dersom det ikke er noen ledige datoer i kalenderen, send oss en melding med \u00f8nsket dato s\u00e5 kontakter vi deg<br \/>&#8211; Vi serverer vinpakker i Vinkjelleren, legg dette til f\u00f8r eller under ankomst<\/p>\n<p style=\"text-align: left;\">\n<p style=\"text-align: left;\">\n<p>[\/et_pb_text][\/et_pb_column][\/et_pb_row][et_pb_row column_structure=&raquo;1_2,1_2&#8243; _builder_version=&raquo;4.27.4&#8243; _module_preset=&raquo;5ad0b517-c8df-4be5-a546-140e0a59f7a9&#8243; custom_padding=&raquo;||30px|||&raquo; global_colors_info=&raquo;{}&raquo;][et_pb_column type=&raquo;1_2&#8243; _builder_version=&raquo;4.17.4&#8243; _module_preset=&raquo;4ff29b9d-5eb1-46da-b20f-1673c70dad5e&raquo; custom_padding=&raquo;30px|60px|30px|60px|false|false&raquo; global_colors_info=&raquo;{}&raquo;][et_pb_text _builder_version=&raquo;4.27.4&#8243; _module_preset=&raquo;254d1c82-e0bc-4825-ad34-bb6e43b40ab5&#8243; global_colors_info=&raquo;{}&raquo;]<\/p>\n<h2>Viner i alle\u00a0kvalitetsniv\u00e5er\u00a0og prisklasser<\/h2>\n<p style=\"text-align: left;\">[\/et_pb_text][et_pb_text _builder_version=&raquo;4.27.4&#8243; _module_preset=&raquo;254d1c82-e0bc-4825-ad34-bb6e43b40ab5&#8243; max_width=&raquo;640px&raquo; module_alignment=&raquo;center&raquo; global_colors_info=&raquo;{}&raquo;]<\/p>\n<p style=\"text-align: left;\">I Eigra vinkjelleren finner du viner fra verdenskjente topp produsenter. Fra klassiske omr\u00e5der som Bordeaux, Burgund, Piemonte, Toscana, Rioja, Ribera del Duero og Champagne, til spennende viner fra \u00f8vrige europeiske omr\u00e5der og den nye verden.<\/p>\n<p style=\"text-align: left;\">[\/et_pb_text][et_pb_button button_url=&raquo;https:\/\/eigra.no\/vinkjeller\/&raquo; button_text=&raquo;Les mer om Eigra vinkjeller&raquo; button_alignment=&raquo;left&raquo; _builder_version=&raquo;4.27.4&#8243; _module_preset=&raquo;13d43eb9-f434-455a-afff-d8b9e70dee92&#8243; global_colors_info=&raquo;{}&raquo;][\/et_pb_button][\/et_pb_column][et_pb_column type=&raquo;1_2&#8243; module_class=&raquo;mb_first_on_mobile&raquo; _builder_version=&raquo;4.27.4&#8243; _module_preset=&raquo;default&raquo; background_image=&raquo;https:\/\/grand-egersund.no\/wp-content\/uploads\/2025\/03\/DSC04068-Enhanced-NR-Edit-scaled.jpg&raquo; global_colors_info=&raquo;{}&raquo;][et_pb_image src=&raquo;https:\/\/grand-egersund.no\/wp-content\/uploads\/2025\/03\/DSC04068-Enhanced-NR-Edit-scaled.jpg&raquo; alt=&raquo;EIGRA vinkjeller&raquo; title_text=&raquo;EIGRA vinkjeller&raquo; disabled_on=&raquo;off|off|on&raquo; _builder_version=&raquo;4.27.4&#8243; _module_preset=&raquo;default&raquo; global_colors_info=&raquo;{}&raquo;][\/et_pb_image][\/et_pb_column][\/et_pb_row][et_pb_row column_structure=&raquo;1_2,1_2&#8243; make_equal=&raquo;on&raquo; _builder_version=&raquo;4.27.4&#8243; _module_preset=&raquo;default&raquo; background_enable_image=&raquo;off&raquo; custom_margin=&raquo;||60px||false|false&raquo; custom_padding=&raquo;||0px|||&raquo; global_colors_info=&raquo;{}&raquo;][et_pb_column type=&raquo;1_2&#8243; _builder_version=&raquo;4.27.4&#8243; _module_preset=&raquo;default&raquo; background_image=&raquo;https:\/\/grand-egersund.no\/wp-content\/uploads\/2025\/03\/DSC04203-Edit-Edit-scaled.jpg&raquo; background_position=&raquo;top_center&raquo; global_colors_info=&raquo;{}&raquo;][et_pb_image src=&raquo;https:\/\/grand-egersund.no\/wp-content\/uploads\/2025\/03\/DSC04203-Edit-Edit-scaled.jpg&raquo; title_text=&raquo;DSC04203-Edit-Edit&raquo; disabled_on=&raquo;off|off|on&raquo; _builder_version=&raquo;4.27.4&#8243; _module_preset=&raquo;default&raquo; global_colors_info=&raquo;{}&raquo;][\/et_pb_image][\/et_pb_column][et_pb_column type=&raquo;1_2&#8243; _builder_version=&raquo;4.17.4&#8243; _module_preset=&raquo;4ff29b9d-5eb1-46da-b20f-1673c70dad5e&raquo; global_colors_info=&raquo;{}&raquo;][et_pb_text _builder_version=&raquo;4.27.4&#8243; _module_preset=&raquo;254d1c82-e0bc-4825-ad34-bb6e43b40ab5&#8243; custom_padding=&raquo;||||false|false&raquo; global_colors_info=&raquo;{}&raquo;]<\/p>\n<h2 style=\"text-align: left;\">Fokus p\u00e5 lokale r\u00e5varer<\/h2>\n<p style=\"text-align: left;\">[\/et_pb_text][et_pb_text _builder_version=&raquo;4.27.4&#8243; _module_preset=&raquo;254d1c82-e0bc-4825-ad34-bb6e43b40ab5&#8243; max_width=&raquo;640px&raquo; module_alignment=&raquo;center&raquo; global_colors_info=&raquo;{}&raquo;]<\/p>\n<p style=\"text-align: left;\">V\u00e5r meny blir laget av det beste sesongen har \u00e5 by p\u00e5. Her f\u00e5r du smake fersk fisk- og skalldyr fra lokale fiskere og fiskemottak, sammen med ferske og crispy gr\u00f8nnsaker og beter fra J\u00e6ren, samt spekemat og annet kj\u00f8tt utviklet i samarbeid med lokale b\u00f8nder og matprodusenter.<\/p>\n<p style=\"text-align: left;\">\n<p>[\/et_pb_text][et_pb_button button_url=&raquo;https:\/\/be.synxis.com\/?adult=2&#038;arrive=2025-05-31&#038;chain=9083&#038;child=0&#038;currency=NOK&#038;depart=2025-06-01&#038;hotel=75409&#038;level=hotel&#038;locale=nb-NO&#038;productcurrency=NOK&#038;rate=GOURMET&#038;rooms=1&#8243; button_text=&raquo;Bestill helaften og hotellopphold&raquo; button_alignment=&raquo;left&raquo; _builder_version=&raquo;4.27.4&#8243; _module_preset=&raquo;13d43eb9-f434-455a-afff-d8b9e70dee92&#8243; global_colors_info=&raquo;{}&raquo;][\/et_pb_button][et_pb_text _builder_version=&raquo;4.27.4&#8243; _module_preset=&raquo;254d1c82-e0bc-4825-ad34-bb6e43b40ab5&#8243; max_width=&raquo;640px&raquo; module_alignment=&raquo;center&raquo; global_colors_info=&raquo;{}&raquo;]<\/p>\n<p style=\"text-align: left;\"><a href=\"grand-egersund.no\/kontakt\">Kontakt oss<\/a> hvis du lurer p\u00e5 noe.<\/p>\n<p style=\"text-align: left;\">[\/et_pb_text][et_pb_text _builder_version=&raquo;4.17.4&#8243; _module_preset=&raquo;254d1c82-e0bc-4825-ad34-bb6e43b40ab5&#8243; max_width=&raquo;640px&raquo; module_alignment=&raquo;center&raquo; global_colors_info=&raquo;{}&raquo;]<\/p>\n<p style=\"text-align: left;\">\n<p style=\"text-align: left;\">\n<p style=\"text-align: left;\">[\/et_pb_text][\/et_pb_column][\/et_pb_row][\/et_pb_section][et_pb_section fb_built=&raquo;1&#8243; _builder_version=&raquo;4.16&#8243; _module_preset=&raquo;default&raquo; background_color=&raquo;#FFFFFF&raquo; global_colors_info=&raquo;{}&raquo;][et_pb_row column_structure=&raquo;1_3,1_3,1_3&#8243; use_custom_gutter=&raquo;on&raquo; _builder_version=&raquo;4.16&#8243; _module_preset=&raquo;default&raquo; global_colors_info=&raquo;{}&raquo;][et_pb_column type=&raquo;1_3&#8243; _builder_version=&raquo;4.16&#8243; _module_preset=&raquo;default&raquo; global_colors_info=&raquo;{}&raquo;][\/et_pb_column][et_pb_column type=&raquo;1_3&#8243; _builder_version=&raquo;4.16&#8243; _module_preset=&raquo;default&raquo; global_colors_info=&raquo;{}&raquo;][et_pb_text _builder_version=&raquo;4.16&#8243; _module_preset=&raquo;default&raquo; global_colors_info=&raquo;{}&raquo;]<\/p>\n<h3 style=\"text-align: center;\">Se ogs\u00e5<\/h3>\n<p style=\"text-align: left;\">[\/et_pb_text][\/et_pb_column][et_pb_column type=&raquo;1_3&#8243; _builder_version=&raquo;4.16&#8243; _module_preset=&raquo;default&raquo; global_colors_info=&raquo;{}&raquo;][\/et_pb_column][\/et_pb_row][et_pb_row column_structure=&raquo;1_3,1_3,1_3&#8243; use_custom_gutter=&raquo;on&raquo; _builder_version=&raquo;4.16&#8243; _module_preset=&raquo;default&raquo; global_colors_info=&raquo;{}&raquo;][et_pb_column type=&raquo;1_3&#8243; _builder_version=&raquo;4.16&#8243; _module_preset=&raquo;default&raquo; global_colors_info=&raquo;{}&raquo;][et_pb_blurb title=&raquo;Golfpakke&raquo; url=&raquo;\/pakker-tilbud\/golfpakke\/&raquo; image=&raquo;https:\/\/grand-egersund.no\/wp-content\/uploads\/2024\/05\/BAA_2938-scaled.jpg&raquo; _builder_version=&raquo;4.27.4&#8243; _module_preset=&raquo;7fbf7575-68da-4c6a-b314-21cab06ac8a9&#8243; link_option_url=&raquo;\/pakker-tilbud\/golfpakke\/&raquo; global_module=&raquo;234118&#8243; global_colors_info=&raquo;{}&raquo;]<\/p>\n<p><a href=\"\/pakker-tilbud\/golfpakke\/\">Les mer<\/a><\/p>\n<p>[\/et_pb_blurb][\/et_pb_column][et_pb_column type=&raquo;1_3&#8243; _builder_version=&raquo;4.16&#8243; _module_preset=&raquo;default&raquo; global_colors_info=&raquo;{}&raquo;][et_pb_blurb title=&raquo;Vinsmaking for grupper&raquo; url=&raquo;https:\/\/grand-egersund.no\/opplevelser\/aktiviteter\/vinsmaking\/&raquo; image=&raquo;https:\/\/grand-egersund.no\/wp-content\/uploads\/2025\/03\/DSC00367-Enhanced-NR-scaled-1.jpg&raquo; _builder_version=&raquo;4.27.4&#8243; _module_preset=&raquo;7fbf7575-68da-4c6a-b314-21cab06ac8a9&#8243; link_option_url=&raquo;https:\/\/grand-egersund.no\/opplevelser\/aktiviteter\/vinsmaking\/&raquo; global_module=&raquo;234119&#8243; global_colors_info=&raquo;{}&raquo;]<\/p>\n<p><a href=\"\/opplevelser\/aktiviteter\/vinsmaking\/\">Les mer<\/a><\/p>\n<p>[\/et_pb_blurb][\/et_pb_column][et_pb_column type=&raquo;1_3&#8243; _builder_version=&raquo;4.16&#8243; _module_preset=&raquo;default&raquo; global_colors_info=&raquo;{}&raquo;][et_pb_blurb title=&raquo;Eigra vinkjeller&raquo; url=&raquo;https:\/\/grand-egersund.no\/kurs-og-konferanse\/vinkjeller\/&raquo; image=&raquo;https:\/\/grand-egersund.no\/wp-content\/uploads\/2025\/03\/DSC04068-Enhanced-NR-Edit-scaled.jpg&raquo; alt=&raquo;EIGRA vinkjeller&raquo; _builder_version=&raquo;4.27.4&#8243; _module_preset=&raquo;7fbf7575-68da-4c6a-b314-21cab06ac8a9&#8243; link_option_url=&raquo;https:\/\/grand-egersund.no\/kurs-og-konferanse\/vinkjeller\/&raquo; global_module=&raquo;235189&#8243; global_colors_info=&raquo;{}&raquo;]<\/p>\n<p><a href=\"https:\/\/grand-egersund.no\/kurs-og-konferanse\/vinkjeller\/\">Les mer<\/a><\/p>\n<p>[\/et_pb_blurb][\/et_pb_column][\/et_pb_row][\/et_pb_section][et_pb_section fb_built=&raquo;1&#8243; _builder_version=&raquo;4.16&#8243; _module_preset=&raquo;default&raquo; background_color=&raquo;RGBA(255,255,255,0)&raquo; custom_padding=&raquo;29px||0px|||&raquo; global_colors_info=&raquo;{}&raquo;][et_pb_row _builder_version=&raquo;4.16&#8243; _module_preset=&raquo;default&raquo; custom_padding=&raquo;||0px|||&raquo; global_colors_info=&raquo;{}&raquo;][et_pb_column type=&raquo;4_4&#8243; _builder_version=&raquo;4.16&#8243; _module_preset=&raquo;default&raquo; global_colors_info=&raquo;{}&raquo;][et_pb_button button_text=&raquo;Til toppen&raquo; _builder_version=&raquo;4.16&#8243; _module_preset=&raquo;711416d9-2858-43aa-952b-a2853918e909&#8243; global_colors_info=&raquo;{}&raquo;][\/et_pb_button][\/et_pb_column][\/et_pb_row][\/et_pb_section]<\/p>\n","protected":false},"excerpt":{"rendered":"<p><div id=\"breadcrumbs\"><a href=\"https:\/\/grand-egersund.no\/en\">Forside<\/a><span class=\"delimiter\"> &raquo; <\/span><\/div>Gourmetaften i vinkjellerenUnn deg en eksklusiv opplevelse midt i hjertet av Egersund. En helaften i EIGRA vinkjeller \u2013 8 retter, n\u00f8ye utvalgt av kokken, med mulighet for vinpakke med tilh\u00f8rende [&hellip;]<\/p>\n","protected":false},"author":1,"featured_media":0,"parent":233243,"menu_order":0,"comment_status":"closed","ping_status":"closed","template":"","meta":{"_et_pb_use_builder":"on","_et_pb_old_content":"<!-- wp:divi\/placeholder \/-->","_et_gb_content_width":"","footnotes":""},"class_list":["post-239905","page","type-page","status-publish","hentry"],"yoast_head":"<!-- This site is optimized with the Yoast SEO plugin v27.1.1 - https:\/\/yoast.com\/product\/yoast-seo-wordpress\/ -->\n<title>Gourmetaften i vinkjelleren - Grand Hotell<\/title>\n<meta name=\"robots\" content=\"index, follow, max-snippet:-1, max-image-preview:large, max-video-preview:-1\" \/>\n<link rel=\"canonical\" href=\"https:\/\/grand-egersund.no\/en\/package-offers\/gourmet-evening-in-the-wine-cellar\/\" \/>\n<meta property=\"og:locale\" content=\"en_GB\" \/>\n<meta property=\"og:type\" content=\"article\" \/>\n<meta property=\"og:title\" content=\"Gourmetaften i vinkjelleren - Grand Hotell\" \/>\n<meta property=\"og:description\" content=\"Gourmetaften i vinkjellerenUnn deg en eksklusiv opplevelse midt i hjertet av Egersund. En helaften i EIGRA vinkjeller \u2013 8 retter, n\u00f8ye utvalgt av kokken, med mulighet for vinpakke med tilh\u00f8rende [&hellip;]\" \/>\n<meta property=\"og:url\" content=\"https:\/\/grand-egersund.no\/en\/package-offers\/gourmet-evening-in-the-wine-cellar\/\" \/>\n<meta property=\"og:site_name\" content=\"Grand Hotell\" \/>\n<meta property=\"article:publisher\" content=\"https:\/\/www.facebook.com\/GrandHotellEgersund\" \/>\n<meta property=\"article:modified_time\" content=\"2026-03-12T13:59:22+00:00\" \/>\n<meta name=\"twitter:card\" content=\"summary_large_image\" \/>\n<meta name=\"twitter:label1\" content=\"Estimated reading time\" \/>\n\t<meta name=\"twitter:data1\" content=\"3 minutes\" \/>\n<script type=\"application\/ld+json\" class=\"yoast-schema-graph\">{\"@context\":\"https:\/\/schema.org\",\"@graph\":[{\"@type\":\"WebPage\",\"@id\":\"https:\/\/grand-egersund.no\/pakker-tilbud\/gourmetaften-i-vinkjelleren\/\",\"url\":\"https:\/\/grand-egersund.no\/pakker-tilbud\/gourmetaften-i-vinkjelleren\/\",\"name\":\"Gourmetaften i vinkjelleren - Grand Hotell\",\"isPartOf\":{\"@id\":\"https:\/\/grand-egersund.no\/#website\"},\"datePublished\":\"2025-03-19T11:52:08+00:00\",\"dateModified\":\"2026-03-12T13:59:22+00:00\",\"breadcrumb\":{\"@id\":\"https:\/\/grand-egersund.no\/pakker-tilbud\/gourmetaften-i-vinkjelleren\/#breadcrumb\"},\"inLanguage\":\"en-GB\",\"potentialAction\":[{\"@type\":\"ReadAction\",\"target\":[\"https:\/\/grand-egersund.no\/pakker-tilbud\/gourmetaften-i-vinkjelleren\/\"]}]},{\"@type\":\"BreadcrumbList\",\"@id\":\"https:\/\/grand-egersund.no\/pakker-tilbud\/gourmetaften-i-vinkjelleren\/#breadcrumb\",\"itemListElement\":[{\"@type\":\"ListItem\",\"position\":1,\"name\":\"Home\",\"item\":\"https:\/\/grand-egersund.no\/\"},{\"@type\":\"ListItem\",\"position\":2,\"name\":\"Pakker &#038; tilbud\",\"item\":\"https:\/\/grand-egersund.no\/pakker-tilbud\/\"},{\"@type\":\"ListItem\",\"position\":3,\"name\":\"Gourmetaften i vinkjelleren\"}]},{\"@type\":\"WebSite\",\"@id\":\"https:\/\/grand-egersund.no\/#website\",\"url\":\"https:\/\/grand-egersund.no\/\",\"name\":\"Grand Hotell\",\"description\":\"I hjertet av Egersund\",\"publisher\":{\"@id\":\"https:\/\/grand-egersund.no\/#organization\"},\"potentialAction\":[{\"@type\":\"SearchAction\",\"target\":{\"@type\":\"EntryPoint\",\"urlTemplate\":\"https:\/\/grand-egersund.no\/?s={search_term_string}\"},\"query-input\":{\"@type\":\"PropertyValueSpecification\",\"valueRequired\":true,\"valueName\":\"search_term_string\"}}],\"inLanguage\":\"en-GB\"},{\"@type\":\"Organization\",\"@id\":\"https:\/\/grand-egersund.no\/#organization\",\"name\":\"Grand Hotell gersund\",\"url\":\"https:\/\/grand-egersund.no\/\",\"logo\":{\"@type\":\"ImageObject\",\"inLanguage\":\"en-GB\",\"@id\":\"https:\/\/grand-egersund.no\/#\/schema\/logo\/image\/\",\"url\":\"http:\/\/grand-egersund.no\/wp-content\/uploads\/2021\/12\/Grand-Egersund_logo_liggende_farge.png\",\"contentUrl\":\"http:\/\/grand-egersund.no\/wp-content\/uploads\/2021\/12\/Grand-Egersund_logo_liggende_farge.png\",\"width\":891,\"height\":434,\"caption\":\"Grand Hotell gersund\"},\"image\":{\"@id\":\"https:\/\/grand-egersund.no\/#\/schema\/logo\/image\/\"},\"sameAs\":[\"https:\/\/www.facebook.com\/GrandHotellEgersund\"]}]}<\/script>\n<!-- \/ Yoast SEO plugin. -->","yoast_head_json":{"title":"Gourmet evening in the wine cellar - Grand Hotell","robots":{"index":"index","follow":"follow","max-snippet":"max-snippet:-1","max-image-preview":"max-image-preview:large","max-video-preview":"max-video-preview:-1"},"canonical":"https:\/\/grand-egersund.no\/en\/package-offers\/gourmet-evening-in-the-wine-cellar\/","og_locale":"en_GB","og_type":"article","og_title":"Gourmetaften i vinkjelleren - Grand Hotell","og_description":"Gourmetaften i vinkjellerenUnn deg en eksklusiv opplevelse midt i hjertet av Egersund. En helaften i EIGRA vinkjeller \u2013 8 retter, n\u00f8ye utvalgt av kokken, med mulighet for vinpakke med tilh\u00f8rende [&hellip;]","og_url":"https:\/\/grand-egersund.no\/en\/package-offers\/gourmet-evening-in-the-wine-cellar\/","og_site_name":"Grand Hotell","article_publisher":"https:\/\/www.facebook.com\/GrandHotellEgersund","article_modified_time":"2026-03-12T13:59:22+00:00","twitter_card":"summary_large_image","twitter_misc":{"Estimated reading time":"3 minutes"},"schema":{"@context":"https:\/\/schema.org","@graph":[{"@type":"WebPage","@id":"https:\/\/grand-egersund.no\/pakker-tilbud\/gourmetaften-i-vinkjelleren\/","url":"https:\/\/grand-egersund.no\/pakker-tilbud\/gourmetaften-i-vinkjelleren\/","name":"Gourmet evening in the wine cellar - Grand Hotell","isPartOf":{"@id":"https:\/\/grand-egersund.no\/#website"},"datePublished":"2025-03-19T11:52:08+00:00","dateModified":"2026-03-12T13:59:22+00:00","breadcrumb":{"@id":"https:\/\/grand-egersund.no\/pakker-tilbud\/gourmetaften-i-vinkjelleren\/#breadcrumb"},"inLanguage":"en-GB","potentialAction":[{"@type":"ReadAction","target":["https:\/\/grand-egersund.no\/pakker-tilbud\/gourmetaften-i-vinkjelleren\/"]}]},{"@type":"BreadcrumbList","@id":"https:\/\/grand-egersund.no\/pakker-tilbud\/gourmetaften-i-vinkjelleren\/#breadcrumb","itemListElement":[{"@type":"ListItem","position":1,"name":"Home","item":"https:\/\/grand-egersund.no\/"},{"@type":"ListItem","position":2,"name":"Pakker &#038; tilbud","item":"https:\/\/grand-egersund.no\/pakker-tilbud\/"},{"@type":"ListItem","position":3,"name":"Gourmetaften i vinkjelleren"}]},{"@type":"WebSite","@id":"https:\/\/grand-egersund.no\/#website","url":"https:\/\/grand-egersund.no\/","name":"Grand Hotel","description":"In the heart of Egersund","publisher":{"@id":"https:\/\/grand-egersund.no\/#organization"},"potentialAction":[{"@type":"SearchAction","target":{"@type":"EntryPoint","urlTemplate":"https:\/\/grand-egersund.no\/?s={search_term_string}"},"query-input":{"@type":"PropertyValueSpecification","valueRequired":true,"valueName":"search_term_string"}}],"inLanguage":"en-GB"},{"@type":"Organization","@id":"https:\/\/grand-egersund.no\/#organization","name":"Grand Hotel gersund","url":"https:\/\/grand-egersund.no\/","logo":{"@type":"ImageObject","inLanguage":"en-GB","@id":"https:\/\/grand-egersund.no\/#\/schema\/logo\/image\/","url":"http:\/\/grand-egersund.no\/wp-content\/uploads\/2021\/12\/Grand-Egersund_logo_liggende_farge.png","contentUrl":"http:\/\/grand-egersund.no\/wp-content\/uploads\/2021\/12\/Grand-Egersund_logo_liggende_farge.png","width":891,"height":434,"caption":"Grand Hotell gersund"},"image":{"@id":"https:\/\/grand-egersund.no\/#\/schema\/logo\/image\/"},"sameAs":["https:\/\/www.facebook.com\/GrandHotellEgersund"]}]}},"_links":{"self":[{"href":"https:\/\/grand-egersund.no\/en\/wp-json\/wp\/v2\/pages\/239905","targetHints":{"allow":["GET"]}}],"collection":[{"href":"https:\/\/grand-egersund.no\/en\/wp-json\/wp\/v2\/pages"}],"about":[{"href":"https:\/\/grand-egersund.no\/en\/wp-json\/wp\/v2\/types\/page"}],"author":[{"embeddable":true,"href":"https:\/\/grand-egersund.no\/en\/wp-json\/wp\/v2\/users\/1"}],"replies":[{"embeddable":true,"href":"https:\/\/grand-egersund.no\/en\/wp-json\/wp\/v2\/comments?post=239905"}],"version-history":[{"count":12,"href":"https:\/\/grand-egersund.no\/en\/wp-json\/wp\/v2\/pages\/239905\/revisions"}],"predecessor-version":[{"id":241459,"href":"https:\/\/grand-egersund.no\/en\/wp-json\/wp\/v2\/pages\/239905\/revisions\/241459"}],"up":[{"embeddable":true,"href":"https:\/\/grand-egersund.no\/en\/wp-json\/wp\/v2\/pages\/233243"}],"wp:attachment":[{"href":"https:\/\/grand-egersund.no\/en\/wp-json\/wp\/v2\/media?parent=239905"}],"curies":[{"name":"wp","href":"https:\/\/api.w.org\/{rel}","templated":true}]}}