{"id":239014,"date":"2024-06-17T11:39:04","date_gmt":"2024-06-17T09:39:04","guid":{"rendered":"https:\/\/grand-egersund.no\/?page_id=239014"},"modified":"2024-06-17T11:44:06","modified_gmt":"2024-06-17T09:44:06","slug":"general-terms-and-conditions-and-privacy-policy","status":"publish","type":"page","link":"https:\/\/grand-egersund.no\/en\/generelle-betingelser-og-personvernerklaering\/","title":{"rendered":"General terms and conditions and privacy policy"},"content":{"rendered":"<p>[et_pb_section fb_built=&raquo;1&#8243; _builder_version=&raquo;4.24.2&#8243; _module_preset=&raquo;default&raquo; global_colors_info=&raquo;{}&raquo;][et_pb_row _builder_version=&raquo;4.24.2&#8243; _module_preset=&raquo;default&raquo; max_width=&raquo;1000px&raquo; global_colors_info=&raquo;{}&raquo;][et_pb_column type=&raquo;4_4&#8243; _builder_version=&raquo;4.24.2&#8243; _module_preset=&raquo;default&raquo; global_colors_info=&raquo;{}&raquo;][et_pb_text _builder_version=&raquo;4.24.2&#8243; _module_preset=&raquo;default&raquo; header_font_size=&raquo;42px&raquo; global_colors_info=&raquo;{}&raquo;]<\/p>\n<h1 style=\"text-align: left;\">Generelle betingelser og personvernerkl\u00e6ring<\/h1>\n<p>[\/et_pb_text][\/et_pb_column][\/et_pb_row][et_pb_row _builder_version=&raquo;4.24.2&#8243; _module_preset=&raquo;default&raquo; max_width=&raquo;1000px&raquo; module_alignment=&raquo;center&raquo; global_colors_info=&raquo;{}&raquo;][et_pb_column type=&raquo;4_4&#8243; _builder_version=&raquo;4.24.2&#8243; _module_preset=&raquo;default&raquo; global_colors_info=&raquo;{}&raquo;][et_pb_text _builder_version=&raquo;4.24.2&#8243; _module_preset=&raquo;default&raquo; header_2_font_size=&raquo;32px&raquo; max_width=&raquo;740px&raquo; header_2_font_size_tablet=&raquo;&raquo; header_2_font_size_phone=&raquo;32px&raquo; header_2_font_size_last_edited=&raquo;on|tablet&raquo; global_colors_info=&raquo;{}&raquo;]<\/p>\n<h2><strong>Generelle betingelser<\/strong><\/h2>\n<p>Her finner du v\u00e5re generelle betingelser. Betingelsene gjelder alle bookinger via v\u00e5re nettsider eller som foretas gjennom tredjepart. Ved sp\u00f8rsm\u00e5l ber vi deg kontakte resepsjonen<\/p>\n<p><strong>1. Bestilling<\/strong><\/p>\n<p>Antall personer, pris, losji, samt \u00f8vrige produkter og tjenester som skal leveres av hotellet fremg\u00e5r av bekreftelsen gjesten mottar etter bestilling.<\/p>\n<p><strong>2. Prisavtalens gyldighet<\/strong><br \/>De avtalte prisene er bindende for begge parter, hotellet forbeholder seg imidlertid retten til \u00e5 justere prisene som f\u00f8lge av endrede kostnader ved \u00f8kte skatter og avgifter eller andre forhold utenfor hotellets kontroll.<\/p>\n<p><strong>3. Avbookingsregler<br \/><\/strong>Hva slags avbookingsregler som gjelder for din booking er avhengig av hvilken type booking du har gjennomf\u00f8rt. Kontroller alltid hvilke regler som gjelder for din booking. Disse fremkommer p\u00e5 din bookingsbekreftelse. Her kan du lese om de ulike reglene for avbooking:<\/p>\n<ul>\n<li>Garantert til kl. 16:00<br \/>Hotellet er pliktig \u00e5 tilby rom til gjesten frem til kl 16:00 p\u00e5 ankomstdagen. Har gjesten ikke avbestilt eller ankommet innen denne tid kan hotellet kansellere bookingen uten \u00e5 kontakte gjesten.<\/li>\n<li>Reservasjonen er garantert via firmaavtale, reisebyr\u00e5 eller med kredittkort. Hotellet vil holde bekreftet reservasjon inntil kl 07:00 morgenen etter. Avbestilling av garantert reservasjon m\u00e5 skje senest kl 16:00 p\u00e5 ankomstdagen. Om gjesten ikke kommer eller om gjesten avbestiller etter kl 16:00 vil man bli belastet for f\u00f8rste natten av oppholdet<\/li>\n<li>Avtalebookinger. For bestillinger gjort av kunden med avtale med Grand Hotell Egersund gjelder bestillings-\/avbestillingsreglene som er stipulert i kontrakten<\/li>\n<li>18 \u00e5rs aldersgrense. For gjester som ikke reiser med foreldre har vi 18 prs aldersgrense. Hotellet forbeholder seg retten til \u00e5 heve bookingen om gyldig legitimasjon ikke kan fremvises.<\/li>\n<\/ul>\n<p><strong>4. Betaling<\/strong><\/p>\n<ul>\n<li><strong>Kontant betaling.<\/strong> Ved kontant betaling vil hotellet kreve enten et kontant depositum ved innsjekk eller kredittkortgaranti<\/li>\n<li><strong>Kortbetaling<\/strong>. Grand Hotell Egersund aksepterer betaling fra f\u00f8lgende kredittkortselskaper: Visa, American Express, MasterCard, Diners og Eurocard. For bestilling via v\u00e5re nettsider aksepterer vi Visa, American Express, MasterCard og Diners.<\/li>\n<\/ul>\n<p><strong>5. Inn- og utsjekkingstider<\/strong><br \/>Bestilte hotellrom garanterer \u00e5 v\u00e6re innsjekkingsklare fra klokken 15:00 p\u00e5 ankomstdagen (lokale unntak kan forekomme). Utsjekkingstid er klokken 11:00 p\u00e5 avreisedag.<\/p>\n<p><strong>6. Ansvar for skade.<\/strong><br \/>Gjesten, eller den som st\u00e5r som garantist for rommet, er ansvarlig for skade p\u00e5 lokaler som f\u00f8lge av uaktsomhet eller uforsvarlig opptreden av gjesten. Alle v\u00e5re hotellrom er r\u00f8ykfrie. Ved overtredelse kommer hotellet til \u00e5 kreve erstatning for ekstra vask av rommet. Denne erstatningen er satt til 1000 NOK og kommer til \u00e5 debiteres fra sluttregningen til gjesten som st\u00e5r ansvarlig for rommet.<\/p>\n<p><strong>7. Force Majeure<\/strong><br \/>Hendelser utenfor avtalepartenes kontroll \u2013 for eksempel streik, lockout, brann etc. som gj\u00f8r det umulig \u00e5 oppfylle forpliktelsene i denne avtale \u2013 gir rett til \u00e5 heve avtalen uten erstatningsansvar.<\/p>\n<p><strong>8. Verneting<\/strong><br \/>Alle tvister som m\u00e5tte oppst\u00e5 mellom partene i denne avtalen (gjesten og hotellet) skal behandles etter norsk rett. Dersom ikke tvisten l\u00f8ses i minnelighet skal hotellets eiendoms verneting gjelde, med unntak for preseptoriske regler i forbrukerforhold.<\/p>\n<p>[\/et_pb_text][et_pb_text _builder_version=&raquo;4.24.2&#8243; _module_preset=&raquo;default&raquo; header_2_font_size=&raquo;32px&raquo; max_width=&raquo;740px&raquo; custom_margin=&raquo;50px|||||&raquo; global_colors_info=&raquo;{}&raquo;]<\/p>\n<h2><strong><\/strong>Personvernerkl\u00e6ring<\/h2>\n<p><strong>Innledning<\/strong><strong><br \/><\/strong>Vi i Grand Hotell Egersund behandler dine personopplysninger i forskjellige sammenhenger, for eksempel n\u00e5r du bestiller tjenester av oss, overnatter p\u00e5 v\u00e5rt hotell, spiser p\u00e5 v\u00e5re spisesteder, bruker tjenester vi leverer og i enkelte andre sammenhenger. I denne personvernerkl\u00e6ringen finner du informasjon om hvordan vi behandlinger personopplysninger og kontaktinformasjon dersom du har sp\u00f8rsm\u00e5l eller vil kreve innsyn.<\/p>\n<p>Vi behandler dine personopplysninger i samsvar med den til enhver tid gjeldende norske personopplysningsloven (GDPR).<\/p>\n<p><strong><\/strong><\/p>\n<p><strong>Behandlingsansvarlig for personopplysninger<br \/><\/strong>V\u00e5rt foretak Grand Hotell Egersund AS org. nr. 987010118, Johan Feyersgate 3, 4370 Egersund, tlf. +47 51 49 60 60, e-post <a href=\"mailto:booking@grand-egersund.no\">booking@grand-egersund.no<\/a> er behandlingsansvarlig for behandling av personopplysninger i v\u00e5rt sentrale system for booking og fakturering og internettsiden\u00a0<a href=\"http:\/\/www.grand-egersund.no\">www.grand-egersund.no<\/a>. Grand Hotell Egersund er ogs\u00e5 behandlingsansvarlig for v\u00e5r markedsf\u00f8ring og utsendelse av eposter til v\u00e5re kunder og kontakter, samt annen digital markedsf\u00f8ring.<\/p>\n<p><strong><\/strong><\/p>\n<p><strong>Behandling av personopplysninger knyttet til booking og opphold<br \/><\/strong>N\u00e5r du bestiller hotellopphold hos oss, behandler vi reservasjonen din og bestillingsinformasjonen. Denne inkluderer opplysninger om romtype, hotell, priser og datoer for bestillingen din. I tillegg behandler vi informasjon om tilleggstjenester som romoppgraderinger og produkter du kj\u00f8per, og eventuelle kommentarer du legger i kommentarfeltet ang\u00e5ende medisinske behov eller kostholdsmessige foresp\u00f8rsler du har.<\/p>\n<p>Dette er for \u00e5 kunne oppfylle avtalen om booking og kj\u00f8p av tjenester. Dette er opplysninger du har gitt oss direkte eller som du har gitt oss via reisebyr\u00e5 eller agent.<\/p>\n<p>Vi behandler disse opplysningene s\u00e5 lenge det er n\u00f8dvendig for \u00e5 oppfylle avtalen om booking med deg, og i tillegg s\u00e5 lenge gjeldende lovverk eller myndighetsp\u00e5legg p\u00e5legger oss dette.<\/p>\n<p>&nbsp;<\/p>\n<p><strong>Behandling av personopplysninger for markedsf\u00f8ringsform\u00e5l<\/strong><br \/>Dersom du melder deg p\u00e5 v\u00e5re nyhetsbrev lagrer vi og bruker vi din epostadresse til \u00e5 sende deg nyheter og tilbud fra oss.<\/p>\n<p>Vi vil ogs\u00e5 bruke din e-postadresse eller telefonnummer til \u00e5 sende deg nyheter og tilbud innenfor regler om eksisterende kundeforhold. V\u00e5rt grunnlag er markedsf\u00f8ringslovgivningen.<\/p>\n<p>Du kan til enhver tid trekke tilbake samtykker du har gitt oss eller reservere deg mot \u00e5 motta markedsf\u00f8ring i eksisterende kundeforhold. Dette gj\u00f8r du ved \u00e5 sende oss en epost til\u00a0booking@grand-egersund.no<\/p>\n<p><strong><br \/>Behandling av personopplysninger for utvikling, feils\u00f8king og sikkerhet<br \/><\/strong>Vi vil behandle data som inkluderer personopplysninger for \u00e5 gj\u00f8re feils\u00f8king og rette feil, forbedre tjenestene v\u00e5re og teknologien vi bruker og for \u00e5 analysere bruk og brukeradferd. Videre vil vi behandle personopplysninger for \u00e5 verifisere din identitet, herunder verifisere identitet i forbindelse med din bruk av v\u00e5re digitale tjenester.<\/p>\n<p>Vi anonymiserer data eller utarbeider statistikk s\u00e5 langt vi klarer, men vil ogs\u00e5 m\u00e5tte behandle personopplysninger for utviklings-, feils\u00f8kings-, statistikk- og sikkerhetsform\u00e5l.<\/p>\n<p><strong><br \/>Behandling av personopplysninger for \u00f8vrig<br \/><\/strong>Ved konkurranser eller andre aktiviteter som du kan delta p\u00e5 vil vi behandle personopplysninger som navn og kontaktinformasjon n\u00e5r dette er n\u00f8dvendig for eksempelvis \u00e5 registrere hvem som deltar, og deretter trekke ut en eller flere vinner. Vi vil s\u00e5 langt det er mulig informere konkret om dette ved din deltakelse i konkurranser eller andre aktiviteter.<\/p>\n<p>Dersom du kontakter v\u00e5r kundeservice eller p\u00e5 annen m\u00e5te henvender deg til oss med foresp\u00f8rsler, vil vi behandle personopplysninger du gir s\u00e5 langt det er n\u00f8dvendig for \u00e5 besvare og loggf\u00f8re din henvendelse. Grunnlaget for dette er legitime interesser eller for \u00e5 oppfylle avtaler med deg eller besvare dine henvendelser.<\/p>\n<p>Ut over behandling beskrevet i v\u00e5r personvernerkl\u00e6ring eller basert p\u00e5 ditt samtykke, vil vi i noen tilfeller m\u00e5tte eller kunne behandle personopplysninger n\u00e5r gjeldende lovverk, herunder personopplysningsloven og GDPR, gyldig myndighetsp\u00e5legg eller domstol p\u00e5legger oss eller tillater oss dette.<\/p>\n<p><strong><br \/>Behandling av personopplysninger om v\u00e5re leverand\u00f8rer, bedriftskunder og kontakter i n\u00e6ringslivet<br \/><\/strong>Vi behandler opplysninger om kontaktpersoner hos v\u00e5re leverand\u00f8rer, bedriftskunder, samarbeidspartnere, deltakere p\u00e5 v\u00e5re arrangementer rettet mot n\u00e6ringslivet samt andre personer som opptrer i n\u00e6ringsvirksomhet. Dette gj\u00f8r vi for \u00e5 kunne jobbe effektivt, inng\u00e5 og h\u00e5ndheve kontrakter, drive virksomheten v\u00e5r og utvikle v\u00e5r virksomhet og v\u00e5rt profesjonelle nettverk. Slike opplysninger utgj\u00f8res typisk av navn, kontaktinformasjon, stilling, bedrift, kompetanse, forretningsmessige interesser og deltakelse p\u00e5 v\u00e5re arrangementer for n\u00e6ringslivet eller tidligere utvist interesse for oss og v\u00e5re ansatte.<\/p>\n<p>Vi lagrer slike opplysninger s\u00e5 lenge vi vurderer at personen er en forretningskontakt med oss.<\/p>\n<p>Grunnlaget for dette er legitime interesser.<\/p>\n<p><strong><br \/>Utlevering av personopplysninger og lovp\u00e5lagt behandling<br \/><\/strong>Vi leverer ikke ut dine personopplysninger til tredjepart, med mindre du har samtykket til dette, eller med mindre gjeldende lovverk, herunder personopplysningsloven og GDPR, gyldig myndighetsp\u00e5legg eller domstol tillater oss eller p\u00e5legger oss dette.<\/p>\n<p>For ordens skyld opplyser vi om at v\u00e5r bruk av databehandler for \u00e5 behandle opplysninger p\u00e5 vegne av oss, ikke regnes som utlevering.<\/p>\n<p><strong><br \/>Utlevering av informasjon til tredjepart<\/strong><br \/>Vi kan dele personopplysningene dine med tredjeparter til de f\u00f8lgende form\u00e5lene:<\/p>\n<p>For \u00e5 behandle reservasjonene og bestillingene dine, og fullf\u00f8re reisearrangementene og kj\u00f8pene dine, m\u00e5 vi dele personopplysningene dine med hotellene v\u00e5re, og andre selskaper som er involvert i \u00e5 hjelpe til med reisearrangementene dine.<\/p>\n<p>Vi bruker tredjeparter for \u00e5 levere tjenestene v\u00e5re, som for eksempel IT-leverand\u00f8rer, leverand\u00f8rer av sosiale nettverk, markedsf\u00f8ringsbyr\u00e5, kreditt- og debetkortselskaper og leverand\u00f8rer kontrolltjenester mot svindel. Alle slike tredjeparter m\u00e5 ha tilstrekkelig beskyttelse for personopplysningene dine og kun behandle dem i samsvar med instruksene v\u00e5re.<\/p>\n<p><strong><br \/>Innhenting av personopplysninger fra andre<br \/><\/strong>For \u00e5 s\u00f8rge for at vi har riktige opplysninger om deg, kan vi vaske dine opplysninger mot andre kilder som telefonkatalog, folkeregister og liknende. Det kan i noen tilfeller v\u00e6re aktuelt \u00e5 kredittsjekke v\u00e5re kurs og konferanse kunder, hvilket betyr innhenting av kreditt-data fra andre kilder. Vi henter inn demografiske opplysninger som alder, kj\u00f8nn og spr\u00e5k fra andre kilder. Vi henter inn opplysninger fra v\u00e5re samarbeidspartnere n\u00e5r dette er lovlig og n\u00f8dvendig for leveranse av tjenester og kommunikasjon til deg.<\/p>\n<p><strong><br \/>Overf\u00f8ring til utland<\/strong><br \/>Vi bruker flere databehandlere for \u00e5 kunne leverer v\u00e5re tjenester til deg. V\u00e5r st\u00f8rste databehandler er v\u00e5rt bookingsystem Mews som er en global leverand\u00f8r av hotellbookinger.<\/p>\n<p>Dette medf\u00f8rer at personopplysninger om bestilling av overnatting behandles i Australia. Utlevering til Australia har grunnlag i EUs modellavtale for overf\u00f8ring fra oss som behandlingsansvarlig i Europa til databehandler i Australia.<\/p>\n<p><strong><br \/>Informasjonskapsler<br \/><\/strong>Vi bruker informasjonskapsler (cookies) for \u00e5 forbedre brukeropplevelsen av v\u00e5re nettsider.<\/p>\n<p>En cookie er en liten tekstbasert datafil som plasseres p\u00e5 ditt utstyr (din smarttelefon, datamaskin eller for eksempel nettbrett). Cookien hjelper til med \u00e5 kjenne igjen hvilken type innhold og hvilke sider som bes\u00f8kes p\u00e5 v\u00e5rt nettsted. Informasjon som lagres ved hjelp av en cookie kan v\u00e6re hvordan du bruker nettstedet, hva slags type av nettleser du benytter og hvilke nettsider du har bes\u00f8kt.<\/p>\n<p>En permanent cookie ligger igjen p\u00e5 ditt utstyr for et bestemt tidsrom. En sesjonscookie lagres tilfeldig i ditt utstyrs minne mens du er inne p\u00e5 v\u00e5re hjemmesider. Sesjonscookien forsvinner n\u00e5r du stenger din nettleser. Vi benytter b\u00e5de permanente cookies og sesjonscookies. De Historiske kan ogs\u00e5 komme til \u00e5 benytte en tredjeparts cookies.<\/p>\n<p>Dersom du ikke \u00f8nsker at v\u00e5re nettsider plasserer cookies p\u00e5 ditt utsyr, kan du skru av cookies i din nettleser. Dersom du skrur av cookies vil funksjonaliteten for v\u00e5re nettsider reduseres.<\/p>\n<p><a href=\"\/cookies-personvern\/\">Du kan se aktive informasjonskapsler her.<\/a><\/p>\n<p><strong><br \/>Hvordan lagres informasjonen?<br \/><\/strong>Informasjon innhentet gjennom v\u00e5re nettsider og email lagres i v\u00e5rt booking system Mews, CRM-systemet Loopon, og v\u00e5rt marketing automation system som brukes til automatisert markedskommunikasjon.<\/p>\n<p>Personopplysningene dine vil bli tatt vare p\u00e5 s\u00e5 lenge det er n\u00f8dvendig for de form\u00e5lene som er beskrevet i disse retningslinjene for personvern eller s\u00e5 lenge dette er n\u00f8dvendig for \u00e5 etterleve lovp\u00e5lagte plikter og for \u00e5 l\u00f8se eventuelle uoverensstemmelser.<\/p>\n<p><strong><br \/>Dine rettigheter<br \/><\/strong>Du som person har flere rettigheter etter personopplysningsregelverket.<\/p>\n<p>Du har rett til \u00e5 kreve innsyn, retting eller sletting av personopplysningene vi behandler om deg. Du har videre rett til \u00e5 kreve begrenset behandling, rette innsigelse mot behandlingen og kreve rett til dataportabilitet.<\/p>\n<p>Dersom du \u00f8nsker innsyn i v\u00e5r behandling av dine persondata kan du sende til oss p\u00e5 epost til\u00a0booking@grand-egersund.no Vi vil svare p\u00e5 din henvendelse til oss s\u00e5 fort som mulig, og senest innen 30 dager.<\/p>\n<p>Vi kommer til \u00e5 be deg bekrefte din identitet eller be deg oppgi ytterligere informasjon f\u00f8r vi lar deg ta i bruk dine rettigheter overfor oss. Dette m\u00e5 vi gj\u00f8re for \u00e5 forsikre oss om at vi kun gir tilgang til dine personopplysninger til deg &#8211; og ikke noen som gir seg ut for \u00e5 v\u00e6re deg.<\/p>\n<p>Dersom du mener at v\u00e5r behandling av personopplysninger ikke stemmer med det vi har beskrevet her eller at vi p\u00e5 andre m\u00e5ter bryter personvernlovgivningen, s\u00e5 kan du alternativt klage til Datatilsynet i Norge, eller tilsynsmyndigheten i det land du bor p\u00e5 hotell i. Du finner informasjon om hvordan kontakte Datatilsynet p\u00e5 Datatilsynets nettsider\u00a0<a href=\"http:\/\/www.datatilsynet.no\/\" target=\"_blank\" rel=\"noopener\">www.datatilsynet.no<\/a>.<\/p>\n<p><strong><br \/>Endringer i personvernerkl\u00e6ring eller i behandling<br \/><\/strong>Vi jobber kontinuerlig med utvikling og forbedring av v\u00e5re tjenester overfor v\u00e5re kunder. Dette vil kunne endre m\u00e5ten eller omfanget av v\u00e5r behandling av personopplysninger. Informasjonen vi gir gjennom denne personvernerkl\u00e6ringen vil derfor justeres og oppdateres med ujevne mellomrom. Vi vil dessuten endre personvernerkl\u00e6ringen n\u00e5r nye regler eller myndighetspraksis gj\u00f8r det n\u00f8dvendig.<\/p>\n<p><strong><br \/>Kontaktinformasjon:<\/strong><\/p>\n<p>Grand Hotell Egersund<\/p>\n<p>Telefon: 51 49 60 60<br \/>Epost: <a href=\"mailto:booking@grand-egersund.no\">booking@grand-egersund.no<\/a><\/p>\n<p>Bes\u00f8ksadresse: Johan Feyersgate 3, 4370 Egersund<br \/>Postadresse: Johan Feyersgate 3, 4370 Egersund<\/p>\n<p>[\/et_pb_text][\/et_pb_column][\/et_pb_row][\/et_pb_section]<\/p>\n","protected":false},"excerpt":{"rendered":"<p>Generelle betingelser og personvernerkl\u00e6ringGenerelle betingelser Her finner du v\u00e5re generelle betingelser. Betingelsene gjelder alle bookinger via v\u00e5re nettsider eller som foretas gjennom tredjepart. Ved sp\u00f8rsm\u00e5l ber vi deg kontakte resepsjonen [&hellip;]<\/p>\n","protected":false},"author":1,"featured_media":0,"parent":0,"menu_order":0,"comment_status":"closed","ping_status":"closed","template":"","meta":{"_et_pb_use_builder":"on","_et_pb_old_content":"","_et_gb_content_width":"","footnotes":""},"class_list":["post-239014","page","type-page","status-publish","hentry"],"yoast_head":"<!-- This site is optimized with the Yoast SEO plugin v27.1.1 - https:\/\/yoast.com\/product\/yoast-seo-wordpress\/ -->\n<title>Generelle betingelser og personvernerkl\u00e6ring - Grand Hotell<\/title>\n<meta name=\"robots\" content=\"index, follow, max-snippet:-1, max-image-preview:large, max-video-preview:-1\" \/>\n<link rel=\"canonical\" href=\"https:\/\/grand-egersund.no\/en\/general-terms-and-conditions-and-privacy-policy\/\" \/>\n<meta property=\"og:locale\" content=\"en_GB\" \/>\n<meta property=\"og:type\" content=\"article\" \/>\n<meta property=\"og:title\" content=\"Generelle betingelser og personvernerkl\u00e6ring - Grand Hotell\" \/>\n<meta property=\"og:description\" content=\"Generelle betingelser og personvernerkl\u00e6ringGenerelle betingelser Her finner du v\u00e5re generelle betingelser. Betingelsene gjelder alle bookinger via v\u00e5re nettsider eller som foretas gjennom tredjepart. Ved sp\u00f8rsm\u00e5l ber vi deg kontakte resepsjonen [&hellip;]\" \/>\n<meta property=\"og:url\" content=\"https:\/\/grand-egersund.no\/en\/general-terms-and-conditions-and-privacy-policy\/\" \/>\n<meta property=\"og:site_name\" content=\"Grand Hotell\" \/>\n<meta property=\"article:publisher\" content=\"https:\/\/www.facebook.com\/GrandHotellEgersund\" \/>\n<meta property=\"article:modified_time\" content=\"2024-06-17T09:44:06+00:00\" \/>\n<meta name=\"twitter:card\" content=\"summary_large_image\" \/>\n<script type=\"application\/ld+json\" class=\"yoast-schema-graph\">{\"@context\":\"https:\/\/schema.org\",\"@graph\":[{\"@type\":\"WebPage\",\"@id\":\"https:\/\/grand-egersund.no\/generelle-betingelser-og-personvernerklaering\/\",\"url\":\"https:\/\/grand-egersund.no\/generelle-betingelser-og-personvernerklaering\/\",\"name\":\"Generelle betingelser og personvernerkl\u00e6ring - Grand Hotell\",\"isPartOf\":{\"@id\":\"https:\/\/grand-egersund.no\/#website\"},\"datePublished\":\"2024-06-17T09:39:04+00:00\",\"dateModified\":\"2024-06-17T09:44:06+00:00\",\"breadcrumb\":{\"@id\":\"https:\/\/grand-egersund.no\/generelle-betingelser-og-personvernerklaering\/#breadcrumb\"},\"inLanguage\":\"en-GB\",\"potentialAction\":[{\"@type\":\"ReadAction\",\"target\":[\"https:\/\/grand-egersund.no\/generelle-betingelser-og-personvernerklaering\/\"]}]},{\"@type\":\"BreadcrumbList\",\"@id\":\"https:\/\/grand-egersund.no\/generelle-betingelser-og-personvernerklaering\/#breadcrumb\",\"itemListElement\":[{\"@type\":\"ListItem\",\"position\":1,\"name\":\"Home\",\"item\":\"https:\/\/grand-egersund.no\/\"},{\"@type\":\"ListItem\",\"position\":2,\"name\":\"Generelle betingelser og personvernerkl\u00e6ring\"}]},{\"@type\":\"WebSite\",\"@id\":\"https:\/\/grand-egersund.no\/#website\",\"url\":\"https:\/\/grand-egersund.no\/\",\"name\":\"Grand Hotell\",\"description\":\"I hjertet av Egersund\",\"publisher\":{\"@id\":\"https:\/\/grand-egersund.no\/#organization\"},\"potentialAction\":[{\"@type\":\"SearchAction\",\"target\":{\"@type\":\"EntryPoint\",\"urlTemplate\":\"https:\/\/grand-egersund.no\/?s={search_term_string}\"},\"query-input\":{\"@type\":\"PropertyValueSpecification\",\"valueRequired\":true,\"valueName\":\"search_term_string\"}}],\"inLanguage\":\"en-GB\"},{\"@type\":\"Organization\",\"@id\":\"https:\/\/grand-egersund.no\/#organization\",\"name\":\"Grand Hotell gersund\",\"url\":\"https:\/\/grand-egersund.no\/\",\"logo\":{\"@type\":\"ImageObject\",\"inLanguage\":\"en-GB\",\"@id\":\"https:\/\/grand-egersund.no\/#\/schema\/logo\/image\/\",\"url\":\"http:\/\/grand-egersund.no\/wp-content\/uploads\/2021\/12\/Grand-Egersund_logo_liggende_farge.png\",\"contentUrl\":\"http:\/\/grand-egersund.no\/wp-content\/uploads\/2021\/12\/Grand-Egersund_logo_liggende_farge.png\",\"width\":891,\"height\":434,\"caption\":\"Grand Hotell gersund\"},\"image\":{\"@id\":\"https:\/\/grand-egersund.no\/#\/schema\/logo\/image\/\"},\"sameAs\":[\"https:\/\/www.facebook.com\/GrandHotellEgersund\"]}]}<\/script>\n<!-- \/ Yoast SEO plugin. -->","yoast_head_json":{"title":"General terms and conditions and privacy policy - Grand Hotell","robots":{"index":"index","follow":"follow","max-snippet":"max-snippet:-1","max-image-preview":"max-image-preview:large","max-video-preview":"max-video-preview:-1"},"canonical":"https:\/\/grand-egersund.no\/en\/general-terms-and-conditions-and-privacy-policy\/","og_locale":"en_GB","og_type":"article","og_title":"Generelle betingelser og personvernerkl\u00e6ring - Grand Hotell","og_description":"Generelle betingelser og personvernerkl\u00e6ringGenerelle betingelser Her finner du v\u00e5re generelle betingelser. Betingelsene gjelder alle bookinger via v\u00e5re nettsider eller som foretas gjennom tredjepart. Ved sp\u00f8rsm\u00e5l ber vi deg kontakte resepsjonen [&hellip;]","og_url":"https:\/\/grand-egersund.no\/en\/general-terms-and-conditions-and-privacy-policy\/","og_site_name":"Grand Hotell","article_publisher":"https:\/\/www.facebook.com\/GrandHotellEgersund","article_modified_time":"2024-06-17T09:44:06+00:00","twitter_card":"summary_large_image","schema":{"@context":"https:\/\/schema.org","@graph":[{"@type":"WebPage","@id":"https:\/\/grand-egersund.no\/generelle-betingelser-og-personvernerklaering\/","url":"https:\/\/grand-egersund.no\/generelle-betingelser-og-personvernerklaering\/","name":"General terms and conditions and privacy policy - Grand Hotell","isPartOf":{"@id":"https:\/\/grand-egersund.no\/#website"},"datePublished":"2024-06-17T09:39:04+00:00","dateModified":"2024-06-17T09:44:06+00:00","breadcrumb":{"@id":"https:\/\/grand-egersund.no\/generelle-betingelser-og-personvernerklaering\/#breadcrumb"},"inLanguage":"en-GB","potentialAction":[{"@type":"ReadAction","target":["https:\/\/grand-egersund.no\/generelle-betingelser-og-personvernerklaering\/"]}]},{"@type":"BreadcrumbList","@id":"https:\/\/grand-egersund.no\/generelle-betingelser-og-personvernerklaering\/#breadcrumb","itemListElement":[{"@type":"ListItem","position":1,"name":"Home","item":"https:\/\/grand-egersund.no\/"},{"@type":"ListItem","position":2,"name":"Generelle betingelser og personvernerkl\u00e6ring"}]},{"@type":"WebSite","@id":"https:\/\/grand-egersund.no\/#website","url":"https:\/\/grand-egersund.no\/","name":"Grand Hotel","description":"In the heart of Egersund","publisher":{"@id":"https:\/\/grand-egersund.no\/#organization"},"potentialAction":[{"@type":"SearchAction","target":{"@type":"EntryPoint","urlTemplate":"https:\/\/grand-egersund.no\/?s={search_term_string}"},"query-input":{"@type":"PropertyValueSpecification","valueRequired":true,"valueName":"search_term_string"}}],"inLanguage":"en-GB"},{"@type":"Organization","@id":"https:\/\/grand-egersund.no\/#organization","name":"Grand Hotel gersund","url":"https:\/\/grand-egersund.no\/","logo":{"@type":"ImageObject","inLanguage":"en-GB","@id":"https:\/\/grand-egersund.no\/#\/schema\/logo\/image\/","url":"http:\/\/grand-egersund.no\/wp-content\/uploads\/2021\/12\/Grand-Egersund_logo_liggende_farge.png","contentUrl":"http:\/\/grand-egersund.no\/wp-content\/uploads\/2021\/12\/Grand-Egersund_logo_liggende_farge.png","width":891,"height":434,"caption":"Grand Hotell gersund"},"image":{"@id":"https:\/\/grand-egersund.no\/#\/schema\/logo\/image\/"},"sameAs":["https:\/\/www.facebook.com\/GrandHotellEgersund"]}]}},"_links":{"self":[{"href":"https:\/\/grand-egersund.no\/en\/wp-json\/wp\/v2\/pages\/239014","targetHints":{"allow":["GET"]}}],"collection":[{"href":"https:\/\/grand-egersund.no\/en\/wp-json\/wp\/v2\/pages"}],"about":[{"href":"https:\/\/grand-egersund.no\/en\/wp-json\/wp\/v2\/types\/page"}],"author":[{"embeddable":true,"href":"https:\/\/grand-egersund.no\/en\/wp-json\/wp\/v2\/users\/1"}],"replies":[{"embeddable":true,"href":"https:\/\/grand-egersund.no\/en\/wp-json\/wp\/v2\/comments?post=239014"}],"version-history":[{"count":6,"href":"https:\/\/grand-egersund.no\/en\/wp-json\/wp\/v2\/pages\/239014\/revisions"}],"predecessor-version":[{"id":241301,"href":"https:\/\/grand-egersund.no\/en\/wp-json\/wp\/v2\/pages\/239014\/revisions\/241301"}],"wp:attachment":[{"href":"https:\/\/grand-egersund.no\/en\/wp-json\/wp\/v2\/media?parent=239014"}],"curies":[{"name":"wp","href":"https:\/\/api.w.org\/{rel}","templated":true}]}}