{"id":238122,"date":"2023-12-13T14:03:37","date_gmt":"2023-12-13T13:03:37","guid":{"rendered":"https:\/\/grand-egersund.no\/?page_id=238122"},"modified":"2023-12-13T14:07:15","modified_gmt":"2023-12-13T13:07:15","slug":"winemakers-dinner","status":"publish","type":"page","link":"https:\/\/grand-egersund.no\/en\/egersund-sjomatfestival\/winemakers-dinner\/","title":{"rendered":"Winemakers dinner"},"content":{"rendered":"<p>[et_pb_section fb_built=&raquo;1&#8243; _builder_version=&raquo;4.23.1&#8243; _module_preset=&raquo;default&raquo; background_color=&raquo;#0C71C3&#8243; use_background_color_gradient=&raquo;on&raquo; background_color_gradient_stops=&raquo;rgba(1,33,54,0.6) 0%|rgba(1,33,54,0.6) 100%&raquo; background_color_gradient_overlays_image=&raquo;on&raquo; background_image=&raquo;https:\/\/grand-egersund.no\/wp-content\/uploads\/2023\/11\/IMG_4297-copy-Eigeroy-fyr-i-storm-small.jpg&raquo; positioning=&raquo;none&raquo; position_origin_a=&raquo;top_center&raquo; height_tablet=&raquo;100vh&raquo; height_phone=&raquo;100vh&raquo; height_last_edited=&raquo;on|phone&raquo; global_colors_info=&raquo;{}&raquo;][et_pb_row custom_padding_last_edited=&raquo;off|desktop&raquo; _builder_version=&raquo;4.23.1&#8243; _module_preset=&raquo;default&raquo; custom_padding=&raquo;||||false|false&raquo; custom_padding_tablet=&raquo;12vh||||false|false&raquo; custom_padding_phone=&raquo;10vh||||false|false&raquo; global_colors_info=&raquo;{}&raquo;][et_pb_column type=&raquo;4_4&#8243; _builder_version=&raquo;4.20.4&#8243; _module_preset=&raquo;default&raquo; global_colors_info=&raquo;{}&raquo;][et_pb_image src=&raquo;https:\/\/grand-egersund.no\/wp-content\/uploads\/2023\/11\/EgersundSjomatfestival_logo_hvit.png&raquo; title_text=&raquo;EgersundSjomatfestival_logo_hvit&raquo; align=&raquo;center&raquo; _builder_version=&raquo;4.23.1&#8243; _module_preset=&raquo;default&raquo; max_width=&raquo;320px&raquo; max_width_tablet=&raquo;360px&raquo; max_width_phone=&raquo;50%&raquo; max_width_last_edited=&raquo;on|phone&raquo; hover_enabled=&raquo;0&#8243; global_colors_info=&raquo;{}&raquo; url=&raquo;\/egersund-sjomatfestival\/&raquo; sticky_enabled=&raquo;0&#8243;][\/et_pb_image][et_pb_text _builder_version=&raquo;4.23.1&#8243; _module_preset=&raquo;default&raquo; text_text_color=&raquo;#FFFFFF&raquo; header_font=&raquo;Lora||||||||&raquo; header_text_color=&raquo;#FFFFFF&raquo; header_font_size=&raquo;32px&raquo; text_orientation=&raquo;center&raquo; custom_margin=&raquo;||30px||false|false&raquo; header_font_size_phone=&raquo;26px&raquo; global_colors_info=&raquo;{}&raquo;]<\/p>\n<h1><strong>Egersunds nye sj\u00f8matfestival<\/strong><br \/>2. &#8211; 3. februar 2024<\/h1>\n<p>[\/et_pb_text][\/et_pb_column][\/et_pb_row][\/et_pb_section][et_pb_section fb_built=&raquo;1&#8243; theme_builder_area=&raquo;post_content&raquo; _builder_version=&raquo;4.23.1&#8243; _module_preset=&raquo;default&raquo; custom_padding=&raquo;0px||0px|||&raquo;][et_pb_row _builder_version=&raquo;4.23.1&#8243; _module_preset=&raquo;default&raquo; theme_builder_area=&raquo;post_content&raquo; custom_padding=&raquo;17px||0px|||&raquo;][et_pb_column _builder_version=&raquo;4.23.1&#8243; _module_preset=&raquo;default&raquo; type=&raquo;4_4&#8243; theme_builder_area=&raquo;post_content&raquo;][et_pb_text _builder_version=&raquo;4.23.1&#8243; _module_preset=&raquo;default&raquo; theme_builder_area=&raquo;post_content&raquo; text_font=&raquo;Lora||||||||&raquo; text_text_color=&raquo;#012236&#8243; link_font=&raquo;|||||||#012236|&raquo; link_text_color=&raquo;#012236&#8243; hover_enabled=&raquo;0&#8243; sticky_enabled=&raquo;0&#8243;]<\/p>\n<p><a href=\"\/egersund-sjomatfestival\/\">\u00a0 \u2190 Til hovedsiden<\/a><\/p>\n<p>[\/et_pb_text][\/et_pb_column][\/et_pb_row][\/et_pb_section][et_pb_section fb_built=&raquo;1&#8243; disabled_on=&raquo;off|off|off&raquo; module_id=&raquo;winemakers&raquo; _builder_version=&raquo;4.23.1&#8243; _module_preset=&raquo;default&raquo; custom_padding=&raquo;120px|||||&raquo; global_colors_info=&raquo;{}&raquo;][et_pb_row column_structure=&raquo;1_2,1_2&#8243; use_custom_gutter=&raquo;on&raquo; gutter_width=&raquo;3&#8243; make_equal=&raquo;on&raquo; _builder_version=&raquo;4.23.1&#8243; _module_preset=&raquo;default&raquo; width=&raquo;100%&raquo; custom_margin=&raquo;||80px||false|false&raquo; custom_margin_tablet=&raquo;||60px||false|false&raquo; custom_margin_phone=&raquo;||30px||false|false&raquo; custom_margin_last_edited=&raquo;on|phone&raquo; custom_padding=&raquo;1px||0px|||&raquo; global_colors_info=&raquo;{}&raquo;][et_pb_column type=&raquo;1_2&#8243; _builder_version=&raquo;4.23.1&#8243; _module_preset=&raquo;default&raquo; background_image=&raquo;https:\/\/grand-egersund.no\/wp-content\/uploads\/2023\/12\/Vendemmia2021_mariano.jpg&raquo; global_colors_info=&raquo;{}&raquo;][et_pb_image src=&raquo;https:\/\/grand-egersund.no\/wp-content\/uploads\/2023\/12\/Vendemmia2021_mariano-2.jpg&raquo; title_text=&raquo;Vendemmia2021_mariano-2&#8243; disabled_on=&raquo;off|off|on&raquo; _builder_version=&raquo;4.23.1&#8243; _module_preset=&raquo;default&raquo; global_colors_info=&raquo;{}&raquo;][\/et_pb_image][\/et_pb_column][et_pb_column type=&raquo;1_2&#8243; _builder_version=&raquo;4.23.1&#8243; _module_preset=&raquo;default&raquo; global_colors_info=&raquo;{}&raquo;][et_pb_text _builder_version=&raquo;4.23.1&#8243; _module_preset=&raquo;default&raquo; text_font=&raquo;Lora||||||||&raquo; text_text_color=&raquo;#012136&#8243; link_font=&raquo;||||on|||#012136|&raquo; link_text_color=&raquo;#012136&#8243; header_2_font=&raquo;Lora|700|||||||&raquo; header_2_text_color=&raquo;#012136&#8243; header_3_font=&raquo;Lora|500|||||||&raquo; header_3_text_color=&raquo;#012136&#8243; header_3_font_size=&raquo;20px&raquo; max_width=&raquo;80%&raquo; module_alignment=&raquo;left&raquo; custom_padding=&raquo;60px||18px|||&raquo; custom_padding_tablet=&raquo;20px||||false|false&raquo; custom_padding_phone=&raquo;20px||||false|false&raquo; custom_padding_last_edited=&raquo;on|phone&raquo; module_alignment_tablet=&raquo;center&raquo; module_alignment_phone=&raquo;center&raquo; module_alignment_last_edited=&raquo;on|tablet&raquo; global_colors_info=&raquo;{}&raquo;]<\/p>\n<h3>Fredag 2. februar<\/h3>\n<h2>Winemakers dinner med Buglioni<\/h2>\n<p>Opplev en helaften der Italia m\u00f8ter norsk sj\u00f8mat.<br \/>Vi f\u00e5r bes\u00f8k av Mariano Buglioni fra den meget anerkjente Italienske vinprodusenten Buglioni. Ving\u00e5rden ligger sentralt i vindistriktet Valpolicella i Veneto-regionen. Her produseres b\u00e5de r\u00f8de-, hvite- rose- og musserende viner i topp kvalitet. Buglioni eier ogs\u00e5 uts\u00f8kte restauranter i Valpolicella og Verona.<\/p>\n<p>Denne kvelden blir det servert en nydelig 5-rettes meny, sammen med Buglioni sine viner. Vinene blir presentert av Mariano Buglioni.<\/p>\n<p><strong>For mer informasjon om Buglioni:<\/strong><br \/><a href=\"https:\/\/buglioni.it\/\" target=\"_blank\" rel=\"noopener\">buglioni.it<\/a> og <a href=\"https:\/\/straenvin.no\/\" target=\"_blank\" rel=\"noopener\">straenvin.no<\/a><\/p>\n<p><strong>Tid og sted:<\/strong><br \/>Fredag 2. februar kl. 19.30<br \/>Sted: Eigra kj\u00f8kken &amp; Bar, Grand Hotell Egersund<\/p>\n<p><strong>Billetter: <\/strong><br \/>Pris: kr. 1695,- per person<br \/>Inkludert 5-retters meny med vinpakke<br \/>Begrenset plass: Kun 50 plasser.<\/p>\n<p><strong>UTSOLGT<\/strong><\/p>\n<p>[\/et_pb_text][et_pb_button button_url=&raquo;mailto:geir@grand-egersund.no&raquo; url_new_window=&raquo;on&raquo; button_text=&raquo;Sett meg p\u00e5 Venteliste&raquo; disabled_on=&raquo;off|off|off&raquo; _builder_version=&raquo;4.23.1&#8243; _module_preset=&raquo;8ba71907-1375-4dec-8202-2a64ccea25e1&#8243; custom_margin=&raquo;||60px|||&raquo; custom_margin_tablet=&raquo;|||70px|false|false&raquo; custom_margin_phone=&raquo;|||40px|false|false&raquo; custom_margin_last_edited=&raquo;on|phone&raquo; button_text_size_phone=&raquo;18px&raquo; global_colors_info=&raquo;{}&raquo;][\/et_pb_button][\/et_pb_column][\/et_pb_row][\/et_pb_section][et_pb_section fb_built=&raquo;1&#8243; _builder_version=&raquo;4.20.4&#8243; _module_preset=&raquo;default&raquo; use_background_color_gradient=&raquo;on&raquo; background_color_gradient_stops=&raquo;rgba(1,33,54,0.6) 0%|rgba(1,33,54,0.6) 100%&raquo; background_color_gradient_overlays_image=&raquo;on&raquo; background_image=&raquo;https:\/\/grand-egersund.no\/wp-content\/uploads\/2023\/11\/shutterstock_1322965106-2.jpg&raquo; custom_padding=&raquo;190px||150px||false|false&raquo; global_colors_info=&raquo;{}&raquo;][et_pb_row _builder_version=&raquo;4.20.4&#8243; _module_preset=&raquo;default&raquo; global_colors_info=&raquo;{}&raquo;][et_pb_column type=&raquo;4_4&#8243; _builder_version=&raquo;4.20.4&#8243; _module_preset=&raquo;default&raquo; global_colors_info=&raquo;{}&raquo;][et_pb_text content_tablet=&raquo;<\/p>\n<p style=%22text-align: center;%22><strong>Velkommen til Egersund<\/strong><br \/>fredag og l\u00f8rdag <br \/>2. &#8211; 3. februar 2024<\/p>\n<p>&raquo; content_phone=&raquo;<\/p>\n<p style=%22text-align: center;%22><strong>Velkommen til Egersund<\/strong><br \/>fredag og l\u00f8rdag <br \/>2. &#8211; 3. februar 2024<\/p>\n<p>&raquo; content_last_edited=&raquo;on|phone&raquo; _builder_version=&raquo;4.20.4&#8243; _module_preset=&raquo;default&raquo; text_font=&raquo;Lora||||||||&raquo; text_text_color=&raquo;#FFFFFF&raquo; text_font_size=&raquo;48px&raquo; text_line_height=&raquo;1.3em&raquo; header_font=&raquo;Lora|700|||||||&raquo; header_font_size=&raquo;60px&raquo; header_5_font=&raquo;Lora||||||||&raquo; header_5_font_size=&raquo;50px&raquo; width=&raquo;100%&raquo; text_font_size_tablet=&raquo;48px&raquo; text_font_size_phone=&raquo;28px&raquo; text_font_size_last_edited=&raquo;on|phone&raquo; global_colors_info=&raquo;{}&raquo;]<\/p>\n<p style=\"text-align: center;\"><strong>Velkommen til Egersund<\/strong><br \/>fredag og l\u00f8rdag 2. &#8211; 3. februar 2024<\/p>\n<p>[\/et_pb_text][\/et_pb_column][\/et_pb_row][et_pb_row column_structure=&raquo;1_2,1_2&#8243; disabled_on=&raquo;on|on|on&raquo; _builder_version=&raquo;4.20.4&#8243; _module_preset=&raquo;default&raquo; custom_padding=&raquo;0vh||||false|false&raquo; disabled=&raquo;on&raquo; global_colors_info=&raquo;{}&raquo;][et_pb_column type=&raquo;1_2&#8243; _builder_version=&raquo;4.20.4&#8243; _module_preset=&raquo;default&raquo; global_colors_info=&raquo;{}&raquo;][et_pb_button button_url=&raquo;https:\/\/grand-egersund.no\/egersund-sjomatfestival\/egersund-sjomatfestival-pamelding\/&raquo; button_text=&raquo;Meld deg p\u00e5 nyhetsbrev&raquo; button_alignment=&raquo;right&raquo; button_alignment_tablet=&raquo;center&raquo; button_alignment_phone=&raquo;center&raquo; button_alignment_last_edited=&raquo;on|tablet&raquo; _builder_version=&raquo;4.23.1&#8243; _module_preset=&raquo;default&raquo; button_text_size=&raquo;20px&raquo; button_text_color=&raquo;#222222&#8243; button_bg_color=&raquo;#FFFFFF&raquo; button_border_color=&raquo;RGBA(255,255,255,0)&raquo; button_border_radius=&raquo;56px&raquo; button_font=&raquo;Bebas Neue||||||||&raquo; button_use_icon=&raquo;off&raquo; custom_padding=&raquo;|40px||40px|false|false&raquo; button_text_size_phone=&raquo;18px&raquo; global_colors_info=&raquo;{}&raquo;][\/et_pb_button][\/et_pb_column][et_pb_column type=&raquo;1_2&#8243; _builder_version=&raquo;4.20.4&#8243; _module_preset=&raquo;default&raquo; global_colors_info=&raquo;{}&raquo;][et_pb_button button_url=&raquo;https:\/\/www.ticketmaster.no\/search?keyword=egersund%20sj%C3%B8matfestival&raquo; url_new_window=&raquo;on&raquo; button_text=&raquo;Kj\u00f8p billetter&raquo; button_alignment=&raquo;left&raquo; button_alignment_tablet=&raquo;center&raquo; button_alignment_phone=&raquo;center&raquo; button_alignment_last_edited=&raquo;on|tablet&raquo; _builder_version=&raquo;4.23.1&#8243; _module_preset=&raquo;default&raquo; button_text_size=&raquo;20px&raquo; button_text_color=&raquo;#222222&#8243; button_bg_color=&raquo;#FFFFFF&raquo; button_border_color=&raquo;RGBA(255,255,255,0)&raquo; button_border_radius=&raquo;56px&raquo; button_font=&raquo;Bebas Neue||||||||&raquo; button_use_icon=&raquo;off&raquo; custom_padding=&raquo;|70px||70px|false|false&raquo; button_text_size_phone=&raquo;18px&raquo; global_colors_info=&raquo;{}&raquo;][\/et_pb_button][\/et_pb_column][\/et_pb_row][\/et_pb_section][et_pb_section fb_built=&raquo;1&#8243; fullwidth=&raquo;on&raquo; _builder_version=&raquo;4.20.4&#8243; _module_preset=&raquo;default&raquo; global_colors_info=&raquo;{}&raquo;][et_pb_fullwidth_image src=&raquo;https:\/\/grand-egersund.no\/wp-content\/uploads\/2023\/12\/Logoer-03.png&raquo; title_text=&raquo;Logoer 03&#8243; _builder_version=&raquo;4.23.1&#8243; _module_preset=&raquo;default&raquo; global_colors_info=&raquo;{}&raquo;][\/et_pb_fullwidth_image][\/et_pb_section]<\/p>\n","protected":false},"excerpt":{"rendered":"<p>Egersunds nye sj\u00f8matfestival2. &#8211; 3. februar 2024\u00a0 \u2190 Til hovedsidenFredag 2. februar Winemakers dinner med Buglioni Opplev en helaften der Italia m\u00f8ter norsk sj\u00f8mat.Vi f\u00e5r bes\u00f8k av Mariano Buglioni fra [&hellip;]<\/p>\n","protected":false},"author":1,"featured_media":0,"parent":237955,"menu_order":0,"comment_status":"closed","ping_status":"closed","template":"","meta":{"_et_pb_use_builder":"on","_et_pb_old_content":"","_et_gb_content_width":"","footnotes":""},"class_list":["post-238122","page","type-page","status-publish","hentry"],"yoast_head":"<!-- This site is optimized with the Yoast SEO plugin v27.1.1 - https:\/\/yoast.com\/product\/yoast-seo-wordpress\/ -->\n<title>Velkommen til Winemakers dinner 2. og 3. februar 2024<\/title>\n<meta name=\"description\" content=\"Festivalen arrangeres for f\u00f8rste gang i februar 2024, og er \u00e5pen for alle som er interessert i god mat og drikke. Egersund er en av Norges st\u00f8rste fiskerihavner, og festivalen avholdes om vinteren n\u00e5r sj\u00f8maten er p\u00e5 sitt beste.\" \/>\n<meta name=\"robots\" content=\"index, follow, max-snippet:-1, max-image-preview:large, max-video-preview:-1\" \/>\n<link rel=\"canonical\" href=\"https:\/\/grand-egersund.no\/en\/egersund-sjomatfestival\/winemakers-dinner\/\" \/>\n<meta property=\"og:locale\" content=\"en_GB\" \/>\n<meta property=\"og:type\" content=\"article\" \/>\n<meta property=\"og:title\" content=\"Velkommen til Egersund Sj\u00f8matfestival\" \/>\n<meta property=\"og:description\" content=\"2. \u2013 3. februar 2024, sj\u00f8mat, delikatesser vin og cider-messe, foredrag og smakinger.\" \/>\n<meta property=\"og:url\" content=\"https:\/\/grand-egersund.no\/en\/egersund-sjomatfestival\/winemakers-dinner\/\" \/>\n<meta property=\"og:site_name\" content=\"Grand Hotell\" \/>\n<meta property=\"article:publisher\" content=\"https:\/\/www.facebook.com\/GrandHotellEgersund\" \/>\n<meta property=\"article:modified_time\" content=\"2023-12-13T13:07:15+00:00\" \/>\n<meta property=\"og:image\" content=\"https:\/\/grand-egersund.no\/wp-content\/uploads\/2023\/11\/Untitled-1.jpg\" \/>\n\t<meta property=\"og:image:width\" content=\"1600\" \/>\n\t<meta property=\"og:image:height\" content=\"1014\" \/>\n\t<meta property=\"og:image:type\" content=\"image\/jpeg\" \/>\n<meta name=\"twitter:card\" content=\"summary_large_image\" \/>\n<meta name=\"twitter:label1\" content=\"Estimated reading time\" \/>\n\t<meta name=\"twitter:data1\" content=\"6 minutes\" \/>\n<script type=\"application\/ld+json\" class=\"yoast-schema-graph\">{\"@context\":\"https:\/\/schema.org\",\"@graph\":[{\"@type\":\"WebPage\",\"@id\":\"https:\/\/grand-egersund.no\/egersund-sjomatfestival\/winemakers-dinner\/\",\"url\":\"https:\/\/grand-egersund.no\/egersund-sjomatfestival\/winemakers-dinner\/\",\"name\":\"Velkommen til Winemakers dinner 2. og 3. februar 2024\",\"isPartOf\":{\"@id\":\"https:\/\/grand-egersund.no\/#website\"},\"datePublished\":\"2023-12-13T13:03:37+00:00\",\"dateModified\":\"2023-12-13T13:07:15+00:00\",\"description\":\"Festivalen arrangeres for f\u00f8rste gang i februar 2024, og er \u00e5pen for alle som er interessert i god mat og drikke. Egersund er en av Norges st\u00f8rste fiskerihavner, og festivalen avholdes om vinteren n\u00e5r sj\u00f8maten er p\u00e5 sitt beste.\",\"breadcrumb\":{\"@id\":\"https:\/\/grand-egersund.no\/egersund-sjomatfestival\/winemakers-dinner\/#breadcrumb\"},\"inLanguage\":\"en-GB\",\"potentialAction\":[{\"@type\":\"ReadAction\",\"target\":[\"https:\/\/grand-egersund.no\/egersund-sjomatfestival\/winemakers-dinner\/\"]}]},{\"@type\":\"BreadcrumbList\",\"@id\":\"https:\/\/grand-egersund.no\/egersund-sjomatfestival\/winemakers-dinner\/#breadcrumb\",\"itemListElement\":[{\"@type\":\"ListItem\",\"position\":1,\"name\":\"Home\",\"item\":\"https:\/\/grand-egersund.no\/\"},{\"@type\":\"ListItem\",\"position\":2,\"name\":\"Egersund Sj\u00f8matfestival\",\"item\":\"https:\/\/grand-egersund.no\/egersund-sjomatfestival\/\"},{\"@type\":\"ListItem\",\"position\":3,\"name\":\"Winemakers dinner\"}]},{\"@type\":\"WebSite\",\"@id\":\"https:\/\/grand-egersund.no\/#website\",\"url\":\"https:\/\/grand-egersund.no\/\",\"name\":\"Grand Hotell\",\"description\":\"I hjertet av Egersund\",\"publisher\":{\"@id\":\"https:\/\/grand-egersund.no\/#organization\"},\"potentialAction\":[{\"@type\":\"SearchAction\",\"target\":{\"@type\":\"EntryPoint\",\"urlTemplate\":\"https:\/\/grand-egersund.no\/?s={search_term_string}\"},\"query-input\":{\"@type\":\"PropertyValueSpecification\",\"valueRequired\":true,\"valueName\":\"search_term_string\"}}],\"inLanguage\":\"en-GB\"},{\"@type\":\"Organization\",\"@id\":\"https:\/\/grand-egersund.no\/#organization\",\"name\":\"Grand Hotell gersund\",\"url\":\"https:\/\/grand-egersund.no\/\",\"logo\":{\"@type\":\"ImageObject\",\"inLanguage\":\"en-GB\",\"@id\":\"https:\/\/grand-egersund.no\/#\/schema\/logo\/image\/\",\"url\":\"http:\/\/grand-egersund.no\/wp-content\/uploads\/2021\/12\/Grand-Egersund_logo_liggende_farge.png\",\"contentUrl\":\"http:\/\/grand-egersund.no\/wp-content\/uploads\/2021\/12\/Grand-Egersund_logo_liggende_farge.png\",\"width\":891,\"height\":434,\"caption\":\"Grand Hotell gersund\"},\"image\":{\"@id\":\"https:\/\/grand-egersund.no\/#\/schema\/logo\/image\/\"},\"sameAs\":[\"https:\/\/www.facebook.com\/GrandHotellEgersund\"]}]}<\/script>\n<!-- \/ Yoast SEO plugin. -->","yoast_head_json":{"title":"Welcome to the Winemakers dinner on 2 and 3 February 2024","description":"The festival will be held for the first time in February 2024 and is open to anyone interested in good food and drink. Egersund is one of Norway's largest fishing harbours, and the festival is held in winter when the seafood is at its best.","robots":{"index":"index","follow":"follow","max-snippet":"max-snippet:-1","max-image-preview":"max-image-preview:large","max-video-preview":"max-video-preview:-1"},"canonical":"https:\/\/grand-egersund.no\/en\/egersund-sjomatfestival\/winemakers-dinner\/","og_locale":"en_GB","og_type":"article","og_title":"Velkommen til Egersund Sj\u00f8matfestival","og_description":"2. \u2013 3. februar 2024, sj\u00f8mat, delikatesser vin og cider-messe, foredrag og smakinger.","og_url":"https:\/\/grand-egersund.no\/en\/egersund-sjomatfestival\/winemakers-dinner\/","og_site_name":"Grand Hotell","article_publisher":"https:\/\/www.facebook.com\/GrandHotellEgersund","article_modified_time":"2023-12-13T13:07:15+00:00","og_image":[{"width":1600,"height":1014,"url":"https:\/\/grand-egersund.no\/wp-content\/uploads\/2023\/11\/Untitled-1.jpg","type":"image\/jpeg"}],"twitter_card":"summary_large_image","twitter_misc":{"Estimated reading time":"6 minutes"},"schema":{"@context":"https:\/\/schema.org","@graph":[{"@type":"WebPage","@id":"https:\/\/grand-egersund.no\/egersund-sjomatfestival\/winemakers-dinner\/","url":"https:\/\/grand-egersund.no\/egersund-sjomatfestival\/winemakers-dinner\/","name":"Welcome to the Winemakers dinner on 2 and 3 February 2024","isPartOf":{"@id":"https:\/\/grand-egersund.no\/#website"},"datePublished":"2023-12-13T13:03:37+00:00","dateModified":"2023-12-13T13:07:15+00:00","description":"The festival will be held for the first time in February 2024 and is open to anyone interested in good food and drink. Egersund is one of Norway's largest fishing harbours, and the festival is held in winter when the seafood is at its best.","breadcrumb":{"@id":"https:\/\/grand-egersund.no\/egersund-sjomatfestival\/winemakers-dinner\/#breadcrumb"},"inLanguage":"en-GB","potentialAction":[{"@type":"ReadAction","target":["https:\/\/grand-egersund.no\/egersund-sjomatfestival\/winemakers-dinner\/"]}]},{"@type":"BreadcrumbList","@id":"https:\/\/grand-egersund.no\/egersund-sjomatfestival\/winemakers-dinner\/#breadcrumb","itemListElement":[{"@type":"ListItem","position":1,"name":"Home","item":"https:\/\/grand-egersund.no\/"},{"@type":"ListItem","position":2,"name":"Egersund Sj\u00f8matfestival","item":"https:\/\/grand-egersund.no\/egersund-sjomatfestival\/"},{"@type":"ListItem","position":3,"name":"Winemakers dinner"}]},{"@type":"WebSite","@id":"https:\/\/grand-egersund.no\/#website","url":"https:\/\/grand-egersund.no\/","name":"Grand Hotel","description":"In the heart of Egersund","publisher":{"@id":"https:\/\/grand-egersund.no\/#organization"},"potentialAction":[{"@type":"SearchAction","target":{"@type":"EntryPoint","urlTemplate":"https:\/\/grand-egersund.no\/?s={search_term_string}"},"query-input":{"@type":"PropertyValueSpecification","valueRequired":true,"valueName":"search_term_string"}}],"inLanguage":"en-GB"},{"@type":"Organization","@id":"https:\/\/grand-egersund.no\/#organization","name":"Grand Hotel gersund","url":"https:\/\/grand-egersund.no\/","logo":{"@type":"ImageObject","inLanguage":"en-GB","@id":"https:\/\/grand-egersund.no\/#\/schema\/logo\/image\/","url":"http:\/\/grand-egersund.no\/wp-content\/uploads\/2021\/12\/Grand-Egersund_logo_liggende_farge.png","contentUrl":"http:\/\/grand-egersund.no\/wp-content\/uploads\/2021\/12\/Grand-Egersund_logo_liggende_farge.png","width":891,"height":434,"caption":"Grand Hotell gersund"},"image":{"@id":"https:\/\/grand-egersund.no\/#\/schema\/logo\/image\/"},"sameAs":["https:\/\/www.facebook.com\/GrandHotellEgersund"]}]}},"_links":{"self":[{"href":"https:\/\/grand-egersund.no\/en\/wp-json\/wp\/v2\/pages\/238122","targetHints":{"allow":["GET"]}}],"collection":[{"href":"https:\/\/grand-egersund.no\/en\/wp-json\/wp\/v2\/pages"}],"about":[{"href":"https:\/\/grand-egersund.no\/en\/wp-json\/wp\/v2\/types\/page"}],"author":[{"embeddable":true,"href":"https:\/\/grand-egersund.no\/en\/wp-json\/wp\/v2\/users\/1"}],"replies":[{"embeddable":true,"href":"https:\/\/grand-egersund.no\/en\/wp-json\/wp\/v2\/comments?post=238122"}],"version-history":[{"count":3,"href":"https:\/\/grand-egersund.no\/en\/wp-json\/wp\/v2\/pages\/238122\/revisions"}],"predecessor-version":[{"id":238128,"href":"https:\/\/grand-egersund.no\/en\/wp-json\/wp\/v2\/pages\/238122\/revisions\/238128"}],"up":[{"embeddable":true,"href":"https:\/\/grand-egersund.no\/en\/wp-json\/wp\/v2\/pages\/237955"}],"wp:attachment":[{"href":"https:\/\/grand-egersund.no\/en\/wp-json\/wp\/v2\/media?parent=238122"}],"curies":[{"name":"wp","href":"https:\/\/api.w.org\/{rel}","templated":true}]}}