{"id":237827,"date":"2023-10-24T10:16:28","date_gmt":"2023-10-24T08:16:28","guid":{"rendered":"https:\/\/grand-egersund.no\/?page_id=237827"},"modified":"2023-11-27T13:58:08","modified_gmt":"2023-11-27T12:58:08","slug":"conference-package-accommodation","status":"publish","type":"page","link":"https:\/\/grand-egersund.no\/en\/kurs-og-konferanse\/konferansepakke-overnatting\/","title":{"rendered":"Conference package - accommodation"},"content":{"rendered":"<p>[et_pb_section fb_built=&raquo;1&#8243; _builder_version=&raquo;4.22.1&#8243; _module_preset=&raquo;default&raquo; background_color=&raquo;#F6F2F0&#8243; background_image=&raquo;https:\/\/grand-egersund.no\/wp-content\/uploads\/2022\/07\/God-stemning-pa-terrassen-3.jpg&raquo; background_position=&raquo;top_center&raquo; background_vertical_offset=&raquo;32%&raquo; height=&raquo;40vh&raquo; custom_padding=&raquo;||0px|||&raquo; global_colors_info=&raquo;{}&raquo;][\/et_pb_section][et_pb_section fb_built=&raquo;1&#8243; _builder_version=&raquo;4.18.0&#8243; _module_preset=&raquo;default&raquo; background_color=&raquo;#F6F2F0&#8243; custom_padding=&raquo;0px||0px|||&raquo; global_module=&raquo;235456&#8243; global_colors_info=&raquo;{}&raquo;][et_pb_row _builder_version=&raquo;4.18.0&#8243; _module_preset=&raquo;default&raquo; custom_padding=&raquo;0px||0px|||&raquo; global_colors_info=&raquo;{}&raquo;][et_pb_column type=&raquo;4_4&#8243; _builder_version=&raquo;4.18.0&#8243; _module_preset=&raquo;default&raquo; global_colors_info=&raquo;{}&raquo;][et_pb_code _builder_version=&raquo;4.18.0&#8243; _module_preset=&raquo;default&raquo; global_colors_info=&raquo;{}&raquo;]<div id=\"breadcrumbs\"><a href=\"https:\/\/grand-egersund.no\/en\">Forside<\/a><span class=\"delimiter\"> &raquo; <\/span><\/div>[\/et_pb_code][\/et_pb_column][\/et_pb_row][\/et_pb_section][et_pb_section fb_built=&raquo;1&#8243; _builder_version=&raquo;4.16&#8243; _module_preset=&raquo;default&raquo; background_color=&raquo;#F6F2F0&#8243; custom_padding=&raquo;||50px|||&raquo; global_colors_info=&raquo;{}&raquo;][et_pb_row _builder_version=&raquo;4.16&#8243; _module_preset=&raquo;default&raquo; custom_padding=&raquo;||0px|||&raquo; global_colors_info=&raquo;{}&raquo;][et_pb_column type=&raquo;4_4&#8243; _builder_version=&raquo;4.16&#8243; _module_preset=&raquo;default&raquo; global_colors_info=&raquo;{}&raquo;][et_pb_text _builder_version=&raquo;4.22.1&#8243; _module_preset=&raquo;254d1c82-e0bc-4825-ad34-bb6e43b40ab5&#8243; text_font_size=&raquo;20px&raquo; global_colors_info=&raquo;{}&raquo;]<\/p>\n<p style=\"text-align: center;\"><strong>SPESIALTILBUD!<\/strong><\/p>\n<h1 style=\"text-align: center;\">Kurs- og konferansepakke<br \/>med middag og overnatting<br \/>i hjertet av Egersund<\/h1>\n<p>[\/et_pb_text][et_pb_text _builder_version=&raquo;4.16&#8243; _module_preset=&raquo;254d1c82-e0bc-4825-ad34-bb6e43b40ab5&#8243; max_width=&raquo;640px&raquo; module_alignment=&raquo;center&raquo; min_height=&raquo;100.8px&raquo; custom_padding=&raquo;||4px|||&raquo; global_colors_info=&raquo;{}&raquo;]<\/p>\n<p style=\"text-align: center;\">N\u00e5 har vi knalltilbud p\u00e5 kurs og konferanse booket i januar &#8211; mars 2024, <br \/>book n\u00e5 og f\u00e5 de beste prisene.<\/p>\n<p>[\/et_pb_text][et_pb_button button_url=&raquo;\/kontakt\/&raquo; button_text=&raquo;Kontakt oss&raquo; button_alignment=&raquo;center&raquo; _builder_version=&raquo;4.17.4&#8243; _module_preset=&raquo;13d43eb9-f434-455a-afff-d8b9e70dee92&#8243; global_colors_info=&raquo;{}&raquo;][\/et_pb_button][\/et_pb_column][\/et_pb_row][\/et_pb_section][et_pb_section fb_built=&raquo;1&#8243; _builder_version=&raquo;4.16&#8243; _module_preset=&raquo;default&raquo; custom_padding=&raquo;|||1px||&raquo; global_colors_info=&raquo;{}&raquo;][et_pb_row column_structure=&raquo;1_2,1_2&#8243; make_equal=&raquo;on&raquo; _builder_version=&raquo;4.22.1&#8243; _module_preset=&raquo;default&raquo; global_colors_info=&raquo;{}&raquo;][et_pb_column type=&raquo;1_2&#8243; _builder_version=&raquo;4.17.4&#8243; _module_preset=&raquo;4ff29b9d-5eb1-46da-b20f-1673c70dad5e&raquo; global_colors_info=&raquo;{}&raquo;][et_pb_image src=&raquo;https:\/\/grand-egersund.no\/wp-content\/uploads\/2022\/05\/Eigra-fotograf-@misstonnes-11-scaled.jpg&raquo; title_text=&raquo;Eigra &#8211; fotograf @misstonnes (11)&raquo; disabled_on=&raquo;off|off|on&raquo; _builder_version=&raquo;4.22.1&#8243; _module_preset=&raquo;default&raquo; global_colors_info=&raquo;{}&raquo;][\/et_pb_image][et_pb_text _builder_version=&raquo;4.22.1&#8243; _module_preset=&raquo;254d1c82-e0bc-4825-ad34-bb6e43b40ab5&#8243; global_colors_info=&raquo;{}&raquo;]<\/p>\n<h2 style=\"text-align: left;\">Kurs og konferansepakke<br \/>fra kr. 2375,- per person<\/h2>\n<p>Ved booking for perioden januar \u2013 mars 2024.<\/p>\n<p>Pakken inkluderer:<\/p>\n<ul>\n<li>M\u00f8terom tilpasset form\u00e5let, med penn &amp; papir til alle<\/li>\n<li>M\u00f8tepakke med smoothie shots og s\u00f8te overraskelser<\/li>\n<li>Kaffe &amp; te underveis og i pausene<\/li>\n<li>Lunsj med dessert og kaffe<\/li>\n<li>Aperitiff og historiefortelling f\u00f8r middag<\/li>\n<li>Grand style 4 retters middag. Underveis i m\u00e5ltidet f\u00e5r dere ogs\u00e5 overraskelser som amouse-bouche, hvileretter og petit-fours<\/li>\n<li>Overnatting med frokost inkludert<\/li>\n<li>Im\u00f8tekommende og l\u00f8sningsorientert personale som f\u00f8lger dere tett opp under hele oppholdet.<\/li>\n<\/ul>\n<p>Du har muligheten til \u00e5 oppgradere med en ekstra dagpakke og en rekke andre tilvalg. Vi byr p\u00e5 skreddersydde dagpakker for deg som har lyst \u00e5 gj\u00f8re noe ekstra kjekt for din gruppe. Kanskje er det en spesiell anledning?<\/p>\n<p><a href=\"\/kontakt\/\">Snakk med oss om mulighetene!<\/a><\/p>\n<p style=\"text-align: center;\">\n<p>[\/et_pb_text][\/et_pb_column][et_pb_column type=&raquo;1_2&#8243; _builder_version=&raquo;4.22.1&#8243; _module_preset=&raquo;default&raquo; background_image=&raquo;https:\/\/grand-egersund.no\/wp-content\/uploads\/2022\/05\/Eigra-fotograf-@misstonnes-11-scaled.jpg&raquo; global_colors_info=&raquo;{}&raquo;][\/et_pb_column][\/et_pb_row][et_pb_row column_structure=&raquo;1_2,1_2&#8243; make_equal=&raquo;on&raquo; _builder_version=&raquo;4.17.4&#8243; _module_preset=&raquo;default&raquo; global_colors_info=&raquo;{}&raquo;][et_pb_column type=&raquo;1_2&#8243; _builder_version=&raquo;4.17.4&#8243; _module_preset=&raquo;default&raquo; background_image=&raquo;https:\/\/grand-egersund.no\/wp-content\/uploads\/2022\/07\/Konferansegjester-pa-Grand-.jpg&raquo; global_colors_info=&raquo;{}&raquo;][et_pb_image src=&raquo;https:\/\/grand-egersund.no\/wp-content\/uploads\/2022\/07\/Konferansegjester-pa-Grand-.jpg&raquo; title_text=&raquo;Konferansegjester p\u00e5 Grand&raquo; disabled_on=&raquo;off|off|on&raquo; _builder_version=&raquo;4.17.4&#8243; _module_preset=&raquo;default&raquo; global_colors_info=&raquo;{}&raquo;][\/et_pb_image][\/et_pb_column][et_pb_column type=&raquo;1_2&#8243; _builder_version=&raquo;4.17.4&#8243; _module_preset=&raquo;4ff29b9d-5eb1-46da-b20f-1673c70dad5e&raquo; global_colors_info=&raquo;{}&raquo;][et_pb_text _builder_version=&raquo;4.17.4&#8243; _module_preset=&raquo;254d1c82-e0bc-4825-ad34-bb6e43b40ab5&#8243; global_colors_info=&raquo;{}&raquo;]<\/p>\n<h2 style=\"text-align: left;\">Velkommen til <br \/>faglig p\u00e5fyll og gode opplevelser i Egersund.<\/h2>\n<p>Grand Hotell har arrangert kurs og konferanser i mer enn 30 \u00e5r. Hos oss m\u00f8ter du en l\u00f8sningsorientert gjeng, som leverer kvalitet i alle ledd og f\u00f8lger dere tett opp.<\/p>\n<p>Konferanselokalene hos oss er funksjonelle og blir tilrettelagt ditt bruk. Her m\u00f8ter du serviceinnstilte medarbeidere som s\u00f8rger for en vellykket gjennomf\u00f8ring av deres arrangement.<\/p>\n<p>Velkommen til kurs eller konferanse i Egersund, i hyggelige omgivelser med god mat og god service.<\/p>\n<p>[\/et_pb_text][\/et_pb_column][\/et_pb_row][et_pb_row column_structure=&raquo;1_2,1_2&#8243; make_equal=&raquo;on&raquo; _builder_version=&raquo;4.22.1&#8243; _module_preset=&raquo;default&raquo; global_colors_info=&raquo;{}&raquo;][et_pb_column type=&raquo;1_2&#8243; _builder_version=&raquo;4.17.4&#8243; _module_preset=&raquo;4ff29b9d-5eb1-46da-b20f-1673c70dad5e&raquo; global_colors_info=&raquo;{}&raquo;][et_pb_image src=&raquo;https:\/\/grand-egersund.no\/wp-content\/uploads\/2023\/03\/UKpQdV07ca-2.webp&raquo; alt=&raquo;alt&raquo; title_text=&raquo;UKpQdV07ca-2&#8243; disabled_on=&raquo;off|off|on&raquo; _builder_version=&raquo;4.20.2&#8243; _module_preset=&raquo;default&raquo; global_colors_info=&raquo;{}&raquo;][\/et_pb_image][et_pb_text _builder_version=&raquo;4.22.1&#8243; _module_preset=&raquo;254d1c82-e0bc-4825-ad34-bb6e43b40ab5&#8243; global_colors_info=&raquo;{}&raquo;]<\/p>\n<h2 style=\"text-align: left;\">Planlagt og tilrettelagt<\/h2>\n<p>Lurer du p\u00e5 hva dere skal finne p\u00e5? Ta kontakt om du trenger ideer &#8211; s\u00e5 hjelper vi gjerne til med \u00e5 skreddersy ditt arrangement.<\/p>\n<p><strong>Snakk med oss:<\/strong><span><br \/>Telefon: <a href=\"tel:51496068\">51 49 60 68<\/a><br \/><a href=\"mailto:konferanse@grand-egersund.no\" title=\"mailto:konferanse@grand-egersund.no\">konferanse@grand-egersund.no<\/a><\/span><\/p>\n<p>[\/et_pb_text][\/et_pb_column][et_pb_column type=&raquo;1_2&#8243; _builder_version=&raquo;4.22.1&#8243; _module_preset=&raquo;default&raquo; background_image=&raquo;https:\/\/grand-egersund.no\/wp-content\/uploads\/2023\/03\/UKpQdV07ca-2.webp&raquo; background_position=&raquo;top_center&raquo; background_vertical_offset=&raquo;7%&raquo; global_colors_info=&raquo;{}&raquo;][\/et_pb_column][\/et_pb_row][\/et_pb_section][et_pb_section fb_built=&raquo;1&#8243; _builder_version=&raquo;4.16&#8243; _module_preset=&raquo;default&raquo; background_color=&raquo;#F6F2F0&#8243; locked=&raquo;off&raquo; global_colors_info=&raquo;{}&raquo;][et_pb_row column_structure=&raquo;1_3,1_3,1_3&#8243; use_custom_gutter=&raquo;on&raquo; _builder_version=&raquo;4.16&#8243; _module_preset=&raquo;default&raquo; global_colors_info=&raquo;{}&raquo;][et_pb_column type=&raquo;1_3&#8243; _builder_version=&raquo;4.16&#8243; _module_preset=&raquo;default&raquo; global_colors_info=&raquo;{}&raquo;][et_pb_image src=&raquo;https:\/\/grand-egersund.no\/wp-content\/uploads\/2023\/10\/konferanse-3.jpg&raquo; title_text=&raquo;konferanse-3&#8243; url=&raquo;https:\/\/grand-egersund.no\/kurs-og-konferanse\/lokaler\/&raquo; _builder_version=&raquo;4.22.1&#8243; _module_preset=&raquo;default&raquo; global_colors_info=&raquo;{}&raquo;][\/et_pb_image][et_pb_text _builder_version=&raquo;4.22.1&#8243; _module_preset=&raquo;4a1064d3-8925-4f73-8900-e4399f53d517&#8243; global_colors_info=&raquo;{}&raquo;]<\/p>\n<p style=\"text-align: center;\">Kurs og konferanse<\/p>\n<p>[\/et_pb_text][et_pb_text _builder_version=&raquo;4.22.1&#8243; _module_preset=&raquo;a8336663-79aa-4cae-b5a6-e48497841e32&#8243; link_option_url=&raquo;https:\/\/grand-egersund.no\/kurs-og-konferanse\/lokaler\/&raquo; global_colors_info=&raquo;{}&raquo;]<\/p>\n<h2 style=\"text-align: center;\">V\u00e5re lokaler<\/h2>\n<p style=\"text-align: center;\"><a href=\"https:\/\/grand-egersund.no\/kurs-og-konferanse\/lokaler\/\">Les mer her<\/a><\/p>\n<p>[\/et_pb_text][\/et_pb_column][et_pb_column type=&raquo;1_3&#8243; _builder_version=&raquo;4.16&#8243; _module_preset=&raquo;default&raquo; global_colors_info=&raquo;{}&raquo;][et_pb_image src=&raquo;https:\/\/grand-egersund.no\/wp-content\/uploads\/2023\/10\/konferanse-2.jpg&raquo; title_text=&raquo;konferanse-2&#8243; url=&raquo;https:\/\/grand-egersund.no\/mat-og-drikke\/bedrift\/&raquo; _builder_version=&raquo;4.22.1&#8243; _module_preset=&raquo;default&raquo; global_colors_info=&raquo;{}&raquo;][\/et_pb_image][et_pb_text _builder_version=&raquo;4.16&#8243; _module_preset=&raquo;4a1064d3-8925-4f73-8900-e4399f53d517&#8243; global_colors_info=&raquo;{}&raquo;]<\/p>\n<p style=\"text-align: center;\">Kurs og konferanse<\/p>\n<p>[\/et_pb_text][et_pb_text _builder_version=&raquo;4.22.1&#8243; _module_preset=&raquo;a8336663-79aa-4cae-b5a6-e48497841e32&#8243; link_option_url=&raquo;https:\/\/grand-egersund.no\/mat-og-drikke\/bedrift\/&raquo; global_colors_info=&raquo;{}&raquo;]<\/p>\n<h2 style=\"text-align: center;\">Mat og drikke<\/h2>\n<p style=\"text-align: center;\"><a href=\"https:\/\/grand-egersund.no\/mat-og-drikke\/bedrift\/\">Les mer her<\/a><\/p>\n<p>[\/et_pb_text][\/et_pb_column][et_pb_column type=&raquo;1_3&#8243; _builder_version=&raquo;4.16&#8243; _module_preset=&raquo;default&raquo; global_colors_info=&raquo;{}&raquo;][et_pb_image src=&raquo;https:\/\/grand-egersund.no\/wp-content\/uploads\/2023\/10\/konferanse-4.jpg&raquo; title_text=&raquo;konferanse-4&#8243; url=&raquo;https:\/\/grand-egersund.no\/kurs-og-konferanse\/utstyr-og-leie\/&raquo; _builder_version=&raquo;4.22.1&#8243; _module_preset=&raquo;default&raquo; global_colors_info=&raquo;{}&raquo;][\/et_pb_image][et_pb_text _builder_version=&raquo;4.22.1&#8243; _module_preset=&raquo;4a1064d3-8925-4f73-8900-e4399f53d517&#8243; global_colors_info=&raquo;{}&raquo;]<\/p>\n<p style=\"text-align: center;\">Kurs og konferanse<\/p>\n<p>[\/et_pb_text][et_pb_text _builder_version=&raquo;4.22.1&#8243; _module_preset=&raquo;a8336663-79aa-4cae-b5a6-e48497841e32&#8243; link_option_url=&raquo;https:\/\/grand-egersund.no\/kurs-og-konferanse\/utstyr-og-leie\/&raquo; global_colors_info=&raquo;{}&raquo;]<\/p>\n<h2 style=\"text-align: center;\">Utstyr og leie<\/h2>\n<p style=\"text-align: center;\"><a href=\"https:\/\/grand-egersund.no\/kurs-og-konferanse\/utstyr-og-leie\/\">Les mer her<\/a><\/p>\n<p>[\/et_pb_text][\/et_pb_column][\/et_pb_row][\/et_pb_section][et_pb_section fb_built=&raquo;1&#8243; _builder_version=&raquo;4.22.1&#8243; _module_preset=&raquo;default&raquo; background_color=&raquo;#F6F2F0&#8243; custom_padding=&raquo;29px||0px|||&raquo; global_colors_info=&raquo;{}&raquo;][et_pb_row _builder_version=&raquo;4.16&#8243; _module_preset=&raquo;default&raquo; custom_padding=&raquo;||0px|||&raquo; global_colors_info=&raquo;{}&raquo;][et_pb_column type=&raquo;4_4&#8243; _builder_version=&raquo;4.16&#8243; _module_preset=&raquo;default&raquo; global_colors_info=&raquo;{}&raquo;][et_pb_button button_text=&raquo;Til toppen&raquo; _builder_version=&raquo;4.16&#8243; _module_preset=&raquo;711416d9-2858-43aa-952b-a2853918e909&#8243; global_colors_info=&raquo;{}&raquo;][\/et_pb_button][\/et_pb_column][\/et_pb_row][\/et_pb_section]<\/p>\n","protected":false},"excerpt":{"rendered":"<p><div id=\"breadcrumbs\"><a href=\"https:\/\/grand-egersund.no\/en\">Forside<\/a><span class=\"delimiter\"> &raquo; <\/span><\/div>SPESIALTILBUD! Kurs- og konferansepakkemed middag og overnattingi hjertet av EgersundN\u00e5 har vi knalltilbud p\u00e5 kurs og konferanse booket i januar &#8211; mars 2024, book n\u00e5 og f\u00e5 de beste prisene.Kurs [&hellip;]<\/p>\n","protected":false},"author":1,"featured_media":0,"parent":233207,"menu_order":0,"comment_status":"closed","ping_status":"closed","template":"","meta":{"_et_pb_use_builder":"on","_et_pb_old_content":"<!-- wp:divi\/placeholder \/-->","_et_gb_content_width":"","footnotes":""},"class_list":["post-237827","page","type-page","status-publish","hentry"],"yoast_head":"<!-- This site is optimized with the Yoast SEO plugin v27.1.1 - https:\/\/yoast.com\/product\/yoast-seo-wordpress\/ -->\n<title>Konferansepakke - overnatting - Grand Hotell<\/title>\n<meta name=\"description\" content=\"Velkommen til faglig p\u00e5fyll og gode opplevelser i Egersund. Hos oss m\u00f8ter du en l\u00f8sningsorientert gjeng, som leverer kvalitet i alle ledd.\" \/>\n<meta name=\"robots\" content=\"index, follow, max-snippet:-1, max-image-preview:large, max-video-preview:-1\" \/>\n<link rel=\"canonical\" href=\"https:\/\/grand-egersund.no\/en\/courses-and-conferences\/conference-package-accommodation\/\" \/>\n<meta property=\"og:locale\" content=\"en_GB\" \/>\n<meta property=\"og:type\" content=\"article\" \/>\n<meta property=\"og:title\" content=\"Kurs og konferanse p\u00e5 Grand Hotell\" \/>\n<meta property=\"og:description\" content=\"Velkommen til faglig p\u00e5fyll og gode opplevelser i Egersund.\" \/>\n<meta property=\"og:url\" content=\"https:\/\/grand-egersund.no\/en\/courses-and-conferences\/conference-package-accommodation\/\" \/>\n<meta property=\"og:site_name\" content=\"Grand Hotell\" \/>\n<meta property=\"article:publisher\" content=\"https:\/\/www.facebook.com\/GrandHotellEgersund\" \/>\n<meta property=\"article:modified_time\" content=\"2023-11-27T12:58:08+00:00\" \/>\n<meta property=\"og:image\" content=\"https:\/\/grand-egersund.no\/wp-content\/uploads\/2023\/03\/3878_GH_konferanse_2023_1080x1920.jpg\" \/>\n\t<meta property=\"og:image:width\" content=\"1920\" \/>\n\t<meta property=\"og:image:height\" content=\"1080\" \/>\n\t<meta property=\"og:image:type\" content=\"image\/jpeg\" \/>\n<meta name=\"twitter:card\" content=\"summary_large_image\" \/>\n<meta name=\"twitter:label1\" content=\"Estimated reading time\" \/>\n\t<meta name=\"twitter:data1\" content=\"3 minutes\" \/>\n<script type=\"application\/ld+json\" class=\"yoast-schema-graph\">{\"@context\":\"https:\/\/schema.org\",\"@graph\":[{\"@type\":\"WebPage\",\"@id\":\"https:\/\/grand-egersund.no\/kurs-og-konferanse\/konferansepakke-overnatting\/\",\"url\":\"https:\/\/grand-egersund.no\/kurs-og-konferanse\/konferansepakke-overnatting\/\",\"name\":\"Konferansepakke - overnatting - Grand Hotell\",\"isPartOf\":{\"@id\":\"https:\/\/grand-egersund.no\/#website\"},\"datePublished\":\"2023-10-24T08:16:28+00:00\",\"dateModified\":\"2023-11-27T12:58:08+00:00\",\"description\":\"Velkommen til faglig p\u00e5fyll og gode opplevelser i Egersund. Hos oss m\u00f8ter du en l\u00f8sningsorientert gjeng, som leverer kvalitet i alle ledd.\",\"breadcrumb\":{\"@id\":\"https:\/\/grand-egersund.no\/kurs-og-konferanse\/konferansepakke-overnatting\/#breadcrumb\"},\"inLanguage\":\"en-GB\",\"potentialAction\":[{\"@type\":\"ReadAction\",\"target\":[\"https:\/\/grand-egersund.no\/kurs-og-konferanse\/konferansepakke-overnatting\/\"]}]},{\"@type\":\"BreadcrumbList\",\"@id\":\"https:\/\/grand-egersund.no\/kurs-og-konferanse\/konferansepakke-overnatting\/#breadcrumb\",\"itemListElement\":[{\"@type\":\"ListItem\",\"position\":1,\"name\":\"Home\",\"item\":\"https:\/\/grand-egersund.no\/\"},{\"@type\":\"ListItem\",\"position\":2,\"name\":\"Kurs og konferanse\",\"item\":\"https:\/\/grand-egersund.no\/kurs-og-konferanse\/\"},{\"@type\":\"ListItem\",\"position\":3,\"name\":\"Konferansepakke &#8211; overnatting\"}]},{\"@type\":\"WebSite\",\"@id\":\"https:\/\/grand-egersund.no\/#website\",\"url\":\"https:\/\/grand-egersund.no\/\",\"name\":\"Grand Hotell\",\"description\":\"I hjertet av Egersund\",\"publisher\":{\"@id\":\"https:\/\/grand-egersund.no\/#organization\"},\"potentialAction\":[{\"@type\":\"SearchAction\",\"target\":{\"@type\":\"EntryPoint\",\"urlTemplate\":\"https:\/\/grand-egersund.no\/?s={search_term_string}\"},\"query-input\":{\"@type\":\"PropertyValueSpecification\",\"valueRequired\":true,\"valueName\":\"search_term_string\"}}],\"inLanguage\":\"en-GB\"},{\"@type\":\"Organization\",\"@id\":\"https:\/\/grand-egersund.no\/#organization\",\"name\":\"Grand Hotell gersund\",\"url\":\"https:\/\/grand-egersund.no\/\",\"logo\":{\"@type\":\"ImageObject\",\"inLanguage\":\"en-GB\",\"@id\":\"https:\/\/grand-egersund.no\/#\/schema\/logo\/image\/\",\"url\":\"http:\/\/grand-egersund.no\/wp-content\/uploads\/2021\/12\/Grand-Egersund_logo_liggende_farge.png\",\"contentUrl\":\"http:\/\/grand-egersund.no\/wp-content\/uploads\/2021\/12\/Grand-Egersund_logo_liggende_farge.png\",\"width\":891,\"height\":434,\"caption\":\"Grand Hotell gersund\"},\"image\":{\"@id\":\"https:\/\/grand-egersund.no\/#\/schema\/logo\/image\/\"},\"sameAs\":[\"https:\/\/www.facebook.com\/GrandHotellEgersund\"]}]}<\/script>\n<!-- \/ Yoast SEO plugin. -->","yoast_head_json":{"title":"Conference package - accommodation - Grand Hotell","description":"Welcome to professional development and great experiences in Egersund. With us, you'll meet a solution-orientated team that delivers quality at every stage.","robots":{"index":"index","follow":"follow","max-snippet":"max-snippet:-1","max-image-preview":"max-image-preview:large","max-video-preview":"max-video-preview:-1"},"canonical":"https:\/\/grand-egersund.no\/en\/courses-and-conferences\/conference-package-accommodation\/","og_locale":"en_GB","og_type":"article","og_title":"Kurs og konferanse p\u00e5 Grand Hotell","og_description":"Velkommen til faglig p\u00e5fyll og gode opplevelser i Egersund.","og_url":"https:\/\/grand-egersund.no\/en\/courses-and-conferences\/conference-package-accommodation\/","og_site_name":"Grand Hotell","article_publisher":"https:\/\/www.facebook.com\/GrandHotellEgersund","article_modified_time":"2023-11-27T12:58:08+00:00","og_image":[{"width":1920,"height":1080,"url":"https:\/\/grand-egersund.no\/wp-content\/uploads\/2023\/03\/3878_GH_konferanse_2023_1080x1920.jpg","type":"image\/jpeg"}],"twitter_card":"summary_large_image","twitter_misc":{"Estimated reading time":"3 minutes"},"schema":{"@context":"https:\/\/schema.org","@graph":[{"@type":"WebPage","@id":"https:\/\/grand-egersund.no\/kurs-og-konferanse\/konferansepakke-overnatting\/","url":"https:\/\/grand-egersund.no\/kurs-og-konferanse\/konferansepakke-overnatting\/","name":"Conference package - accommodation - Grand Hotell","isPartOf":{"@id":"https:\/\/grand-egersund.no\/#website"},"datePublished":"2023-10-24T08:16:28+00:00","dateModified":"2023-11-27T12:58:08+00:00","description":"Welcome to professional development and great experiences in Egersund. With us, you'll meet a solution-orientated team that delivers quality at every stage.","breadcrumb":{"@id":"https:\/\/grand-egersund.no\/kurs-og-konferanse\/konferansepakke-overnatting\/#breadcrumb"},"inLanguage":"en-GB","potentialAction":[{"@type":"ReadAction","target":["https:\/\/grand-egersund.no\/kurs-og-konferanse\/konferansepakke-overnatting\/"]}]},{"@type":"BreadcrumbList","@id":"https:\/\/grand-egersund.no\/kurs-og-konferanse\/konferansepakke-overnatting\/#breadcrumb","itemListElement":[{"@type":"ListItem","position":1,"name":"Home","item":"https:\/\/grand-egersund.no\/"},{"@type":"ListItem","position":2,"name":"Kurs og konferanse","item":"https:\/\/grand-egersund.no\/kurs-og-konferanse\/"},{"@type":"ListItem","position":3,"name":"Konferansepakke &#8211; overnatting"}]},{"@type":"WebSite","@id":"https:\/\/grand-egersund.no\/#website","url":"https:\/\/grand-egersund.no\/","name":"Grand Hotel","description":"In the heart of Egersund","publisher":{"@id":"https:\/\/grand-egersund.no\/#organization"},"potentialAction":[{"@type":"SearchAction","target":{"@type":"EntryPoint","urlTemplate":"https:\/\/grand-egersund.no\/?s={search_term_string}"},"query-input":{"@type":"PropertyValueSpecification","valueRequired":true,"valueName":"search_term_string"}}],"inLanguage":"en-GB"},{"@type":"Organization","@id":"https:\/\/grand-egersund.no\/#organization","name":"Grand Hotel gersund","url":"https:\/\/grand-egersund.no\/","logo":{"@type":"ImageObject","inLanguage":"en-GB","@id":"https:\/\/grand-egersund.no\/#\/schema\/logo\/image\/","url":"http:\/\/grand-egersund.no\/wp-content\/uploads\/2021\/12\/Grand-Egersund_logo_liggende_farge.png","contentUrl":"http:\/\/grand-egersund.no\/wp-content\/uploads\/2021\/12\/Grand-Egersund_logo_liggende_farge.png","width":891,"height":434,"caption":"Grand Hotell gersund"},"image":{"@id":"https:\/\/grand-egersund.no\/#\/schema\/logo\/image\/"},"sameAs":["https:\/\/www.facebook.com\/GrandHotellEgersund"]}]}},"_links":{"self":[{"href":"https:\/\/grand-egersund.no\/en\/wp-json\/wp\/v2\/pages\/237827","targetHints":{"allow":["GET"]}}],"collection":[{"href":"https:\/\/grand-egersund.no\/en\/wp-json\/wp\/v2\/pages"}],"about":[{"href":"https:\/\/grand-egersund.no\/en\/wp-json\/wp\/v2\/types\/page"}],"author":[{"embeddable":true,"href":"https:\/\/grand-egersund.no\/en\/wp-json\/wp\/v2\/users\/1"}],"replies":[{"embeddable":true,"href":"https:\/\/grand-egersund.no\/en\/wp-json\/wp\/v2\/comments?post=237827"}],"version-history":[{"count":19,"href":"https:\/\/grand-egersund.no\/en\/wp-json\/wp\/v2\/pages\/237827\/revisions"}],"predecessor-version":[{"id":238068,"href":"https:\/\/grand-egersund.no\/en\/wp-json\/wp\/v2\/pages\/237827\/revisions\/238068"}],"up":[{"embeddable":true,"href":"https:\/\/grand-egersund.no\/en\/wp-json\/wp\/v2\/pages\/233207"}],"wp:attachment":[{"href":"https:\/\/grand-egersund.no\/en\/wp-json\/wp\/v2\/media?parent=237827"}],"curies":[{"name":"wp","href":"https:\/\/api.w.org\/{rel}","templated":true}]}}