{"id":234002,"date":"2022-06-28T11:11:35","date_gmt":"2022-06-28T09:11:35","guid":{"rendered":"https:\/\/grandhotell.megakunder.no\/?page_id=234002"},"modified":"2025-08-28T07:58:23","modified_gmt":"2025-08-28T05:58:23","slug":"contact","status":"publish","type":"page","link":"https:\/\/grand-egersund.no\/en\/kontakt\/","title":{"rendered":"Contact us"},"content":{"rendered":"<p>[et_pb_section fb_built=&raquo;1&#8243; _builder_version=&raquo;4.24.2&#8243; _module_preset=&raquo;default&raquo; background_color=&raquo;#F6F2F0&#8243; use_background_color_gradient=&raquo;on&raquo; background_color_gradient_stops=&raquo;rgba(71,51,45,0.4) 0%|rgba(71,51,45,0.4) 100%&raquo; background_color_gradient_overlays_image=&raquo;on&raquo; background_image=&raquo;https:\/\/grand-egersund.no\/wp-content\/uploads\/2022\/09\/20220729-DSC06958.jpg&raquo; height=&raquo;40vh&raquo; custom_padding=&raquo;||0px|||&raquo; global_colors_info=&raquo;{}&raquo;][\/et_pb_section][et_pb_section fb_built=&raquo;1&#8243; _builder_version=&raquo;4.16&#8243; _module_preset=&raquo;default&raquo; background_color=&raquo;#F6F2F0&#8243; custom_padding=&raquo;||50px|||&raquo; global_colors_info=&raquo;{}&raquo;][et_pb_row _builder_version=&raquo;4.16&#8243; _module_preset=&raquo;default&raquo; custom_padding=&raquo;||0px|||&raquo; global_colors_info=&raquo;{}&raquo;][et_pb_column type=&raquo;4_4&#8243; _builder_version=&raquo;4.16&#8243; _module_preset=&raquo;default&raquo; global_colors_info=&raquo;{}&raquo;][et_pb_text _builder_version=&raquo;4.17.4&#8243; _module_preset=&raquo;254d1c82-e0bc-4825-ad34-bb6e43b40ab5&#8243; global_colors_info=&raquo;{}&raquo;]<\/p>\n<h1 style=\"text-align: center;\">Kontakt oss<\/h1>\n<p>[\/et_pb_text][et_pb_text disabled_on=&raquo;off|off|off&raquo; _builder_version=&raquo;4.18.0&#8243; _module_preset=&raquo;default&raquo; max_width=&raquo;640px&raquo; module_alignment=&raquo;center&raquo; custom_margin=&raquo;||20px||false|false&raquo; custom_padding=&raquo;||0px|||&raquo; global_colors_info=&raquo;{}&raquo;]<\/p>\n<p style=\"text-align: center;\">Lurer du p\u00e5 noe, s\u00e5 bare ta kontakt. \u00d8nsker du \u00e5 sjekke pris og tilgjengelighet p\u00e5 hotellrom s\u00e5 kan du gj\u00f8re dette via v\u00e5r online booking her:<\/p>\n<p style=\"text-align: center;\">\n<p>[\/et_pb_text][et_pb_button button_url=&raquo;https:\/\/be.synxis.com\/?adult=1&#038;arrive=2019-02-02&#038;chain=9083&#038;child=0&#038;clearcache=all&#038;configcode=EGERSBE&#038;currency=NOK&#038;depart=2019-02-03&#038;hotel=75409&#038;level=hotel&#038;locale=nb-NO&#038;nocache=true&#038;rooms=1&#038;sbe_ri=0&#038;themecode=EGERSBE&raquo; button_text=&raquo;Klikk her for bestilling av rom&raquo; button_alignment=&raquo;center&raquo; _builder_version=&raquo;4.18.0&#8243; _module_preset=&raquo;13d43eb9-f434-455a-afff-d8b9e70dee92&#8243; custom_margin=&raquo;10px||30px||false|false&raquo; global_colors_info=&raquo;{}&raquo;][\/et_pb_button][\/et_pb_column][\/et_pb_row][et_pb_row column_structure=&raquo;1_4,1_4,1_4,1_4&#8243; make_equal=&raquo;on&raquo; _builder_version=&raquo;4.18.0&#8243; _module_preset=&raquo;default&raquo; global_colors_info=&raquo;{}&raquo;][et_pb_column type=&raquo;1_4&#8243; _builder_version=&raquo;4.17.4&#8243; _module_preset=&raquo;default&raquo; background_color=&raquo;#F9F9F9&#8243; custom_padding=&raquo;30px|15px|15px|15px|false|false&raquo; global_colors_info=&raquo;{}&raquo;][et_pb_text disabled_on=&raquo;off|off|off&raquo; _builder_version=&raquo;4.17.4&#8243; _module_preset=&raquo;254d1c82-e0bc-4825-ad34-bb6e43b40ab5&#8243; max_width=&raquo;640px&raquo; module_alignment=&raquo;center&raquo; custom_margin=&raquo;||40px||false|false&raquo; custom_padding=&raquo;||0px|||&raquo; locked=&raquo;off&raquo; global_colors_info=&raquo;{}&raquo;]<\/p>\n<h3 style=\"text-align: center;\">Hotell og resepsjon<\/h3>\n<p style=\"text-align: center;\">Telefon <a href=\"tel:004751496060\">+47 51 49 60 60<\/a><br \/>E-post:\u00a0<a href=\"mailto:booking@grand-egersund.no\">booking@grand-egersund.no<\/a><a href=\"tlf:004751496068\"><\/a><\/p>\n<p style=\"text-align: center;\">\n<p style=\"text-align: center;\">\n<p style=\"text-align: center;\">D\u00f8gn\u00e5pen<\/p>\n<p style=\"text-align: center;\">\n<p>[\/et_pb_text][\/et_pb_column][et_pb_column type=&raquo;1_4&#8243; _builder_version=&raquo;4.17.4&#8243; _module_preset=&raquo;default&raquo; background_color=&raquo;#F9F9F9&#8243; custom_padding=&raquo;30px|15px|15px|15px|false|false&raquo; global_colors_info=&raquo;{}&raquo;][et_pb_text disabled_on=&raquo;off|off|off&raquo; _builder_version=&raquo;4.27.4&#8243; _module_preset=&raquo;254d1c82-e0bc-4825-ad34-bb6e43b40ab5&#8243; max_width=&raquo;640px&raquo; module_alignment=&raquo;center&raquo; custom_margin=&raquo;||40px||false|false&raquo; custom_padding=&raquo;0px||0px|||&raquo; hover_enabled=&raquo;0&#8243; locked=&raquo;off&raquo; global_colors_info=&raquo;{}&raquo; sticky_enabled=&raquo;0&#8243;]<\/p>\n<h3 style=\"text-align: center;\">M\u00f8ter, konferanser og grupper<\/h3>\n<p style=\"text-align: center;\">Telefon: <a href=\"tel:004751496068\">51 49 60 68<\/a><br \/>E-post:\u00a0<a href=\"mailto:konferanse@grand-egersund.no\">konferanse@grand-egersund.no<\/a><\/p>\n<p style=\"text-align: center;\">Henvendelser besvares hverdager mellom 08:00-15:00<\/p>\n<p style=\"text-align: center;\">\n<p>[\/et_pb_text][\/et_pb_column][et_pb_column type=&raquo;1_4&#8243; _builder_version=&raquo;4.17.4&#8243; _module_preset=&raquo;default&raquo; background_color=&raquo;#F9F9F9&#8243; custom_padding=&raquo;30px|15px|15px|15px|false|false&raquo; global_colors_info=&raquo;{}&raquo;][et_pb_text disabled_on=&raquo;off|off|off&raquo; _builder_version=&raquo;4.17.4&#8243; _module_preset=&raquo;254d1c82-e0bc-4825-ad34-bb6e43b40ab5&#8243; max_width=&raquo;640px&raquo; module_alignment=&raquo;center&raquo; custom_margin=&raquo;||40px||false|false&raquo; custom_padding=&raquo;||0px|||&raquo; locked=&raquo;off&raquo; global_colors_info=&raquo;{}&raquo;]<\/p>\n<h3 style=\"text-align: center;\">Selskap og private arrangement<\/h3>\n<p style=\"text-align: center;\">Telefon: <a href=\"tel:004751496068\">51 49 60 68<\/a><br \/>E-post: <a href=\"mailto:arrangement@grand-egersund.no\">arrangement@grand-egersund.no<\/a><\/p>\n<p style=\"text-align: center;\">Henvendelser besvares hverdager mellom 08:00-15:00<\/p>\n<p>[\/et_pb_text][\/et_pb_column][et_pb_column type=&raquo;1_4&#8243; _builder_version=&raquo;4.17.4&#8243; _module_preset=&raquo;default&raquo; background_color=&raquo;#F9F9F9&#8243; custom_padding=&raquo;30px|15px|15px|15px|false|false&raquo; global_colors_info=&raquo;{}&raquo;][et_pb_text disabled_on=&raquo;off|off|off&raquo; _builder_version=&raquo;4.24.2&#8243; _module_preset=&raquo;254d1c82-e0bc-4825-ad34-bb6e43b40ab5&#8243; max_width=&raquo;640px&raquo; module_alignment=&raquo;center&raquo; custom_margin=&raquo;||40px||false|false&raquo; custom_padding=&raquo;||0px|||&raquo; locked=&raquo;off&raquo; global_colors_info=&raquo;{}&raquo;]<\/p>\n<h3 style=\"text-align: center;\">Eigra kj\u00f8kken &amp; bar<\/h3>\n<p style=\"text-align: center;\">Telefon: <a href=\"tel:004748999010\">48 99 90 10<\/a><br \/>E-post: <a href=\"mailto:post@eigra.no\">post@eigra.no<\/a><br \/>Reserver bord: <a href=\"https:\/\/eigra.no\/bestill-bord\/\" target=\"_blank\" rel=\"noopener\">www.eigra.no\/bestill-bord\/<\/a><\/p>\n<p style=\"text-align: center;\">Henvendelser besvares innenfor \u00e5pningstidene<\/p>\n<p style=\"text-align: center;\">\n<p>[\/et_pb_text][\/et_pb_column][\/et_pb_row][et_pb_row _builder_version=&raquo;4.17.4&#8243; _module_preset=&raquo;default&raquo; global_colors_info=&raquo;{}&raquo;][et_pb_column type=&raquo;4_4&#8243; _builder_version=&raquo;4.17.4&#8243; _module_preset=&raquo;default&raquo; global_colors_info=&raquo;{}&raquo;][et_pb_text disabled_on=&raquo;off|off|off&raquo; _builder_version=&raquo;4.17.4&#8243; _module_preset=&raquo;254d1c82-e0bc-4825-ad34-bb6e43b40ab5&#8243; max_width=&raquo;640px&raquo; module_alignment=&raquo;center&raquo; custom_margin=&raquo;||40px||false|false&raquo; custom_padding=&raquo;||0px|||&raquo; locked=&raquo;off&raquo; global_colors_info=&raquo;{}&raquo;]<\/p>\n<p style=\"text-align: center;\">Vi betjener gruppeforesp\u00f8rsler per telefon og e-post alle hverdager fra 8:00 &#8211; 15:00. Dersom vi ikke svarer p\u00e5 telefon er vi opptatt i en annen samtale. Vi ringer tilbake p\u00e5 alle ubesvarte anrop. Foresp\u00f8rsler som vi mottar etter kl. 15:00 besvares s\u00e5 snart som mulig, og seinest neste virkedag. Eigra kj\u00f8kken &amp; bar besvarer telefonen innenfor sine <a href=\"https:\/\/eigra.no\/\">\u00e5pningstider.<\/a><\/p>\n<p>[\/et_pb_text][\/et_pb_column][\/et_pb_row][\/et_pb_section][et_pb_section fb_built=&raquo;1&#8243; _builder_version=&raquo;4.16&#8243; _module_preset=&raquo;default&raquo; global_colors_info=&raquo;{}&raquo;][et_pb_row column_structure=&raquo;1_2,1_2&#8243; _builder_version=&raquo;4.17.4&#8243; _module_preset=&raquo;default&raquo; global_colors_info=&raquo;{}&raquo;][et_pb_column type=&raquo;1_2&#8243; _builder_version=&raquo;4.16&#8243; _module_preset=&raquo;default&raquo; global_colors_info=&raquo;{}&raquo;][et_pb_image src=&raquo;https:\/\/grand-egersund.no\/wp-content\/uploads\/2022\/06\/Kart-mockup.jpg&raquo; title_text=&raquo;Kart-mockup&raquo; _builder_version=&raquo;4.17.4&#8243; _module_preset=&raquo;default&raquo; global_colors_info=&raquo;{}&raquo;][\/et_pb_image][\/et_pb_column][et_pb_column type=&raquo;1_2&#8243; _builder_version=&raquo;4.17.4&#8243; _module_preset=&raquo;4ff29b9d-5eb1-46da-b20f-1673c70dad5e&raquo; global_colors_info=&raquo;{}&raquo;][et_pb_text _builder_version=&raquo;4.17.4&#8243; _module_preset=&raquo;254d1c82-e0bc-4825-ad34-bb6e43b40ab5&#8243; global_colors_info=&raquo;{}&raquo;]<\/p>\n<h2 style=\"text-align: left;\">Beliggenhet<\/h2>\n<p style=\"text-align: left;\"><strong>BES\u00d8KSADRESSE<\/strong><br \/><span>Johan Feyers gate 3<\/span><br \/><span>4370 Egersund<\/span><\/p>\n<p style=\"text-align: left;\"><strong>POSTADRESSE\u00a0<\/strong><br \/><span>Postboks 16<\/span><br \/><span>4379 Egersund<\/span><br \/><span>Norge<\/span><\/p>\n<p>[\/et_pb_text][\/et_pb_column][\/et_pb_row][\/et_pb_section][et_pb_section fb_built=&raquo;1&#8243; _builder_version=&raquo;4.16&#8243; _module_preset=&raquo;default&raquo; background_color=&raquo;#F6F2F0&#8243; global_colors_info=&raquo;{}&raquo;][et_pb_row _builder_version=&raquo;4.16&#8243; _module_preset=&raquo;default&raquo; global_colors_info=&raquo;{}&raquo;][et_pb_column type=&raquo;4_4&#8243; _builder_version=&raquo;4.16&#8243; _module_preset=&raquo;default&raquo; global_colors_info=&raquo;{}&raquo;][et_pb_text _builder_version=&raquo;4.16&#8243; _module_preset=&raquo;254d1c82-e0bc-4825-ad34-bb6e43b40ab5&#8243; global_colors_info=&raquo;{}&raquo;]<\/p>\n<h2 style=\"text-align: center;\">Kontaktpersoner<\/h2>\n<p>[\/et_pb_text][\/et_pb_column][\/et_pb_row][et_pb_row column_structure=&raquo;1_2,1_2&#8243; _builder_version=&raquo;4.27.4&#8243; _module_preset=&raquo;default&raquo; hover_enabled=&raquo;0&#8243; global_colors_info=&raquo;{}&raquo; sticky_enabled=&raquo;0&#8243;][et_pb_column type=&raquo;1_2&#8243; _builder_version=&raquo;4.16&#8243; _module_preset=&raquo;default&raquo; global_colors_info=&raquo;{}&raquo;][et_pb_text _builder_version=&raquo;4.17.4&#8243; _module_preset=&raquo;254d1c82-e0bc-4825-ad34-bb6e43b40ab5&#8243; width=&raquo;98.6%&raquo; global_colors_info=&raquo;{}&raquo;]<\/p>\n<div class=\"xpc3 xpc\">\n<div id=\"pane3\" class=\"pane3 Normal pane\">\n<div id=\"xpm812214556\" class=\"xpm xpms0 font100001 HTML\">\n<p><strong style=\"font-size: 16px;\">Hotell- og resepsjon<br \/><\/strong>S\u00f8lvi Gravdal<br \/>Tlf: <a href=\"tel:004751496060\">51 49 60 60<\/a><br \/><a href=\"mailto:solvi@grand-egersund.no\">solvi@grand-egersund.no<\/a><\/p>\n<\/div>\n<\/div>\n<\/div>\n<div class=\"xpc4 xpc\">\n<div id=\"pane4\" class=\"pane4 Normal pane\">\n<div id=\"xpm1603570642\" class=\"xpm xpms0 font100001 HTML\">\n<div><\/div>\n<\/div>\n<\/div>\n<\/div>\n<p>[\/et_pb_text][\/et_pb_column][et_pb_column type=&raquo;1_2&#8243; _builder_version=&raquo;4.16&#8243; _module_preset=&raquo;default&raquo; global_colors_info=&raquo;{}&raquo;][et_pb_text _builder_version=&raquo;4.27.4&#8243; _module_preset=&raquo;254d1c82-e0bc-4825-ad34-bb6e43b40ab5&#8243; width=&raquo;98.6%&raquo; hover_enabled=&raquo;0&#8243; global_colors_info=&raquo;{}&raquo; sticky_enabled=&raquo;0&#8243;]<\/p>\n<div class=\"xpc3 xpc\">\n<div id=\"pane3\" class=\"pane3 Normal pane\">\n<div id=\"xpm812214556\" class=\"xpm xpms0 font100001 HTML\">\n<p><strong>Direkt\u00f8r<\/strong><br \/>\nGeir S\u00f8lve Hebnes Sleveland<br \/>\n<a href=\"tel:51496060\">Tlf: 51 49 60 60<\/a><br \/>\n<a target=\"_self\" rel=\"noopener\">geir@grand-egersund.no<\/a><a><\/a><\/p>\n<\/div>\n<\/div>\n<\/div>\n<div class=\"xpc4 xpc\">\n<div id=\"pane4\" class=\"pane4 Normal pane\">\n<div id=\"xpm1603570642\" class=\"xpm xpms0 font100001 HTML\">\n<div><\/div>\n<\/div>\n<\/div>\n<\/div>\n<p>[\/et_pb_text][\/et_pb_column][\/et_pb_row][et_pb_row column_structure=&raquo;1_2,1_2&#8243; _builder_version=&raquo;4.27.4&#8243; _module_preset=&raquo;default&raquo; hover_enabled=&raquo;0&#8243; global_colors_info=&raquo;{}&raquo; sticky_enabled=&raquo;0&#8243;][et_pb_column type=&raquo;1_2&#8243; _builder_version=&raquo;4.27.4&#8243; _module_preset=&raquo;default&raquo; hover_enabled=&raquo;0&#8243; global_colors_info=&raquo;{}&raquo; sticky_enabled=&raquo;0&#8243;][et_pb_text _builder_version=&raquo;4.27.4&#8243; _module_preset=&raquo;254d1c82-e0bc-4825-ad34-bb6e43b40ab5&#8243; width=&raquo;98.6%&raquo; hover_enabled=&raquo;0&#8243; global_colors_info=&raquo;{}&raquo; sticky_enabled=&raquo;0&#8243;]<\/p>\n<div class=\"xpc3 xpc\">\n<div id=\"pane3\" class=\"pane3 Normal pane\">\n<div id=\"xpm812214556\" class=\"xpm xpms0 font100001 HTML\">\n<p><strong>Konferanse- og arrangement<\/strong><br \/>\nTonje Egeland og Jorunn Tengesdal Stavnheim<br \/>\n<a href=\"tel:51496068\">Tlf: 51 49 60 68<\/a><br \/>\n<a target=\"_self\" rel=\"noopener\">tonje@grand-egersund.no<br \/>\njorunn@grand-egersund.no<\/a><a><\/a><\/p>\n<p>&nbsp;<\/p>\n<\/div>\n<\/div>\n<\/div>\n<div class=\"xpc4 xpc\">\n<div id=\"pane4\" class=\"pane4 Normal pane\">\n<div id=\"xpm1603570642\" class=\"xpm xpms0 font100001 HTML\">\n<div><\/div>\n<\/div>\n<\/div>\n<\/div>\n<p>[\/et_pb_text][\/et_pb_column][et_pb_column type=&raquo;1_2&#8243; _builder_version=&raquo;4.16&#8243; _module_preset=&raquo;default&raquo; global_colors_info=&raquo;{}&raquo;][et_pb_text _builder_version=&raquo;4.27.4&#8243; _module_preset=&raquo;254d1c82-e0bc-4825-ad34-bb6e43b40ab5&#8243; width=&raquo;98.6%&raquo; hover_enabled=&raquo;0&#8243; global_colors_info=&raquo;{}&raquo; sticky_enabled=&raquo;0&#8243;]<\/p>\n<div class=\"xpc3 xpc\">\n<div id=\"pane3\" class=\"pane3 Normal pane\">\n<div id=\"xpm812214556\" class=\"xpm xpms0 font100001 HTML\">\n<p><strong>EIGRA Kj\u00f8kken &amp; Bar<\/strong><br \/>Sellam Seraiti<br \/><a href=\"tel:48999010\">Tlf: 48 99 90 10<\/a><br \/><a target=\"_self\" rel=\"noopener\">hovmester@grand-egersund.no<\/a><a><\/a><\/p>\n<\/div>\n<\/div>\n<\/div>\n<div class=\"xpc4 xpc\">\n<div id=\"pane4\" class=\"pane4 Normal pane\">\n<div id=\"xpm1603570642\" class=\"xpm xpms0 font100001 HTML\">\n<div><\/div>\n<\/div>\n<\/div>\n<\/div>\n<p>[\/et_pb_text][\/et_pb_column][\/et_pb_row][et_pb_row _builder_version=&raquo;4.27.4&#8243; _module_preset=&raquo;default&raquo; column_structure=&raquo;1_2,1_2&#8243;][et_pb_column _builder_version=&raquo;4.27.4&#8243; _module_preset=&raquo;default&raquo; type=&raquo;1_2&#8243;][\/et_pb_column][et_pb_column _builder_version=&raquo;4.27.4&#8243; _module_preset=&raquo;default&raquo; type=&raquo;1_2&#8243;][\/et_pb_column][\/et_pb_row][et_pb_row column_structure=&raquo;1_3,1_3,1_3&#8243; disabled_on=&raquo;on|on|on&raquo; _builder_version=&raquo;4.23.1&#8243; _module_preset=&raquo;default&raquo; disabled=&raquo;on&raquo; global_colors_info=&raquo;{}&raquo;][et_pb_column type=&raquo;1_3&#8243; disabled_on=&raquo;on|on|on&raquo; _builder_version=&raquo;4.23.1&#8243; _module_preset=&raquo;default&raquo; disabled=&raquo;on&raquo; global_colors_info=&raquo;{}&raquo;][et_pb_text _builder_version=&raquo;4.17.4&#8243; _module_preset=&raquo;254d1c82-e0bc-4825-ad34-bb6e43b40ab5&#8243; width=&raquo;98.6%&raquo; global_colors_info=&raquo;{}&raquo;]<\/p>\n<div class=\"xpc3 xpc\">\n<div id=\"pane3\" class=\"pane3 Normal pane\">\n<div id=\"xpm812214556\" class=\"xpm xpms0 font100001 HTML\">\n<p><strong style=\"font-size: 16px;\">Salg- og marked<br \/><\/strong>Solfrid Tveit Thanem<br \/>Tlf: <a href=\"tel:004751496067\">51 49 60 67<\/a><br \/><a>solfrid@grand-egersund.no<\/a><\/p>\n<\/div>\n<\/div>\n<\/div>\n<div class=\"xpc4 xpc\">\n<div id=\"pane4\" class=\"pane4 Normal pane\">\n<div id=\"xpm1603570642\" class=\"xpm xpms0 font100001 HTML\">\n<div><\/div>\n<\/div>\n<\/div>\n<\/div>\n<p>[\/et_pb_text][\/et_pb_column][et_pb_column type=&raquo;1_3&#8243; _builder_version=&raquo;4.16&#8243; _module_preset=&raquo;default&raquo; global_colors_info=&raquo;{}&raquo;][et_pb_text _builder_version=&raquo;4.17.4&#8243; _module_preset=&raquo;254d1c82-e0bc-4825-ad34-bb6e43b40ab5&#8243; width=&raquo;98.6%&raquo; global_colors_info=&raquo;{}&raquo;]<\/p>\n<div class=\"xpc3 xpc\">\n<div id=\"pane3\" class=\"pane3 Normal pane\">\n<div id=\"xpm812214556\" class=\"xpm xpms0 font100001 HTML\"><\/div>\n<\/div>\n<\/div>\n<div class=\"xpc4 xpc\">\n<div id=\"pane4\" class=\"pane4 Normal pane\">\n<div id=\"xpm1603570642\" class=\"xpm xpms0 font100001 HTML\">\n<div>\n<p><strong style=\"font-size: 16px;\">Eigra kj\u00f8kken &amp; bar<br \/><\/strong>Jaume Padrisa Prieto<br \/><a href=\"tel:004793658930\">Tlf: 936 58 930<\/a><br \/><a>jaume@eigra.no<\/a><\/p>\n<\/div>\n<div><\/div>\n<\/div>\n<\/div>\n<\/div>\n<p>[\/et_pb_text][\/et_pb_column][et_pb_column type=&raquo;1_3&#8243; _builder_version=&raquo;4.16&#8243; _module_preset=&raquo;default&raquo; global_colors_info=&raquo;{}&raquo;][et_pb_text _builder_version=&raquo;4.17.4&#8243; _module_preset=&raquo;254d1c82-e0bc-4825-ad34-bb6e43b40ab5&#8243; width=&raquo;98.6%&raquo; global_colors_info=&raquo;{}&raquo;]<\/p>\n<div class=\"xpc3 xpc\">\n<div id=\"pane3\" class=\"pane3 Normal pane\">\n<div id=\"xpm812214556\" class=\"xpm xpms0 font100001 HTML\">\n<p><strong>Konferanse- og arrangement\u00a0<\/strong><br \/>Iselin Gr\u00f8sfjeld Skogen<br \/>Tlf: <a href=\"tel:004751496063\">51 49 60 63<\/a><br \/><a>iselin@grand-egersund.no<\/a><\/p>\n<div class=\"clear\"><\/div>\n<\/div>\n<\/div>\n<\/div>\n<div class=\"xpc4 xpc\">\n<div id=\"pane4\" class=\"pane4 Normal pane\">\n<div id=\"xpm1603570642\" class=\"xpm xpms0 font100001 HTML\">\n<div><\/div>\n<div><\/div>\n<\/div>\n<\/div>\n<\/div>\n<p>[\/et_pb_text][\/et_pb_column][\/et_pb_row][\/et_pb_section][et_pb_section fb_built=&raquo;1&#8243; _builder_version=&raquo;4.24.2&#8243; _module_preset=&raquo;default&raquo; background_color=&raquo;#F6F2F0&#8243; custom_padding=&raquo;29px||0px|||&raquo; global_colors_info=&raquo;{}&raquo;][et_pb_row _builder_version=&raquo;4.16&#8243; _module_preset=&raquo;default&raquo; custom_padding=&raquo;||0px|||&raquo; global_colors_info=&raquo;{}&raquo;][et_pb_column type=&raquo;4_4&#8243; _builder_version=&raquo;4.16&#8243; _module_preset=&raquo;default&raquo; global_colors_info=&raquo;{}&raquo;][et_pb_button button_text=&raquo;Til toppen&raquo; _builder_version=&raquo;4.16&#8243; _module_preset=&raquo;711416d9-2858-43aa-952b-a2853918e909&#8243; global_colors_info=&raquo;{}&raquo;][\/et_pb_button][\/et_pb_column][\/et_pb_row][\/et_pb_section]<\/p>\n","protected":false},"excerpt":{"rendered":"<p>Kontakt ossLurer du p\u00e5 noe, s\u00e5 bare ta kontakt. \u00d8nsker du \u00e5 sjekke pris og tilgjengelighet p\u00e5 hotellrom s\u00e5 kan du gj\u00f8re dette via v\u00e5r online booking her: Hotell og [&hellip;]<\/p>\n","protected":false},"author":1,"featured_media":0,"parent":0,"menu_order":0,"comment_status":"closed","ping_status":"closed","template":"","meta":{"_et_pb_use_builder":"on","_et_pb_old_content":"<!-- wp:divi\/placeholder \/-->","_et_gb_content_width":"","footnotes":""},"class_list":["post-234002","page","type-page","status-publish","hentry"],"yoast_head":"<!-- This site is optimized with the Yoast SEO plugin v27.1.1 - https:\/\/yoast.com\/product\/yoast-seo-wordpress\/ -->\n<title>Kontakt - Grand Hotell<\/title>\n<meta name=\"robots\" content=\"index, follow, max-snippet:-1, max-image-preview:large, max-video-preview:-1\" \/>\n<link rel=\"canonical\" href=\"https:\/\/grand-egersund.no\/en\/contact\/\" \/>\n<meta property=\"og:locale\" content=\"en_GB\" \/>\n<meta property=\"og:type\" content=\"article\" \/>\n<meta property=\"og:title\" content=\"Kontakt - Grand Hotell\" \/>\n<meta property=\"og:description\" content=\"Kontakt ossLurer du p\u00e5 noe, s\u00e5 bare ta kontakt. \u00d8nsker du \u00e5 sjekke pris og tilgjengelighet p\u00e5 hotellrom s\u00e5 kan du gj\u00f8re dette via v\u00e5r online booking her: Hotell og [&hellip;]\" \/>\n<meta property=\"og:url\" content=\"https:\/\/grand-egersund.no\/en\/contact\/\" \/>\n<meta property=\"og:site_name\" content=\"Grand Hotell\" \/>\n<meta property=\"article:publisher\" content=\"https:\/\/www.facebook.com\/GrandHotellEgersund\" \/>\n<meta property=\"article:modified_time\" content=\"2025-08-28T05:58:23+00:00\" \/>\n<meta name=\"twitter:card\" content=\"summary_large_image\" \/>\n<meta name=\"twitter:label1\" content=\"Estimated reading time\" \/>\n\t<meta name=\"twitter:data1\" content=\"3 minutes\" \/>\n<script type=\"application\/ld+json\" class=\"yoast-schema-graph\">{\"@context\":\"https:\/\/schema.org\",\"@graph\":[{\"@type\":\"WebPage\",\"@id\":\"https:\/\/grand-egersund.no\/kontakt\/\",\"url\":\"https:\/\/grand-egersund.no\/kontakt\/\",\"name\":\"Kontakt - Grand Hotell\",\"isPartOf\":{\"@id\":\"https:\/\/grand-egersund.no\/#website\"},\"datePublished\":\"2022-06-28T09:11:35+00:00\",\"dateModified\":\"2025-08-28T05:58:23+00:00\",\"breadcrumb\":{\"@id\":\"https:\/\/grand-egersund.no\/kontakt\/#breadcrumb\"},\"inLanguage\":\"en-GB\",\"potentialAction\":[{\"@type\":\"ReadAction\",\"target\":[\"https:\/\/grand-egersund.no\/kontakt\/\"]}]},{\"@type\":\"BreadcrumbList\",\"@id\":\"https:\/\/grand-egersund.no\/kontakt\/#breadcrumb\",\"itemListElement\":[{\"@type\":\"ListItem\",\"position\":1,\"name\":\"Home\",\"item\":\"https:\/\/grand-egersund.no\/\"},{\"@type\":\"ListItem\",\"position\":2,\"name\":\"Kontakt\"}]},{\"@type\":\"WebSite\",\"@id\":\"https:\/\/grand-egersund.no\/#website\",\"url\":\"https:\/\/grand-egersund.no\/\",\"name\":\"Grand Hotell\",\"description\":\"I hjertet av Egersund\",\"publisher\":{\"@id\":\"https:\/\/grand-egersund.no\/#organization\"},\"potentialAction\":[{\"@type\":\"SearchAction\",\"target\":{\"@type\":\"EntryPoint\",\"urlTemplate\":\"https:\/\/grand-egersund.no\/?s={search_term_string}\"},\"query-input\":{\"@type\":\"PropertyValueSpecification\",\"valueRequired\":true,\"valueName\":\"search_term_string\"}}],\"inLanguage\":\"en-GB\"},{\"@type\":\"Organization\",\"@id\":\"https:\/\/grand-egersund.no\/#organization\",\"name\":\"Grand Hotell gersund\",\"url\":\"https:\/\/grand-egersund.no\/\",\"logo\":{\"@type\":\"ImageObject\",\"inLanguage\":\"en-GB\",\"@id\":\"https:\/\/grand-egersund.no\/#\/schema\/logo\/image\/\",\"url\":\"http:\/\/grand-egersund.no\/wp-content\/uploads\/2021\/12\/Grand-Egersund_logo_liggende_farge.png\",\"contentUrl\":\"http:\/\/grand-egersund.no\/wp-content\/uploads\/2021\/12\/Grand-Egersund_logo_liggende_farge.png\",\"width\":891,\"height\":434,\"caption\":\"Grand Hotell gersund\"},\"image\":{\"@id\":\"https:\/\/grand-egersund.no\/#\/schema\/logo\/image\/\"},\"sameAs\":[\"https:\/\/www.facebook.com\/GrandHotellEgersund\"]}]}<\/script>\n<!-- \/ Yoast SEO plugin. -->","yoast_head_json":{"title":"Contact - Grand Hotell","robots":{"index":"index","follow":"follow","max-snippet":"max-snippet:-1","max-image-preview":"max-image-preview:large","max-video-preview":"max-video-preview:-1"},"canonical":"https:\/\/grand-egersund.no\/en\/contact\/","og_locale":"en_GB","og_type":"article","og_title":"Kontakt - Grand Hotell","og_description":"Kontakt ossLurer du p\u00e5 noe, s\u00e5 bare ta kontakt. \u00d8nsker du \u00e5 sjekke pris og tilgjengelighet p\u00e5 hotellrom s\u00e5 kan du gj\u00f8re dette via v\u00e5r online booking her: Hotell og [&hellip;]","og_url":"https:\/\/grand-egersund.no\/en\/contact\/","og_site_name":"Grand Hotell","article_publisher":"https:\/\/www.facebook.com\/GrandHotellEgersund","article_modified_time":"2025-08-28T05:58:23+00:00","twitter_card":"summary_large_image","twitter_misc":{"Estimated reading time":"3 minutes"},"schema":{"@context":"https:\/\/schema.org","@graph":[{"@type":"WebPage","@id":"https:\/\/grand-egersund.no\/kontakt\/","url":"https:\/\/grand-egersund.no\/kontakt\/","name":"Contact - Grand Hotell","isPartOf":{"@id":"https:\/\/grand-egersund.no\/#website"},"datePublished":"2022-06-28T09:11:35+00:00","dateModified":"2025-08-28T05:58:23+00:00","breadcrumb":{"@id":"https:\/\/grand-egersund.no\/kontakt\/#breadcrumb"},"inLanguage":"en-GB","potentialAction":[{"@type":"ReadAction","target":["https:\/\/grand-egersund.no\/kontakt\/"]}]},{"@type":"BreadcrumbList","@id":"https:\/\/grand-egersund.no\/kontakt\/#breadcrumb","itemListElement":[{"@type":"ListItem","position":1,"name":"Home","item":"https:\/\/grand-egersund.no\/"},{"@type":"ListItem","position":2,"name":"Kontakt"}]},{"@type":"WebSite","@id":"https:\/\/grand-egersund.no\/#website","url":"https:\/\/grand-egersund.no\/","name":"Grand Hotel","description":"In the heart of Egersund","publisher":{"@id":"https:\/\/grand-egersund.no\/#organization"},"potentialAction":[{"@type":"SearchAction","target":{"@type":"EntryPoint","urlTemplate":"https:\/\/grand-egersund.no\/?s={search_term_string}"},"query-input":{"@type":"PropertyValueSpecification","valueRequired":true,"valueName":"search_term_string"}}],"inLanguage":"en-GB"},{"@type":"Organization","@id":"https:\/\/grand-egersund.no\/#organization","name":"Grand Hotel gersund","url":"https:\/\/grand-egersund.no\/","logo":{"@type":"ImageObject","inLanguage":"en-GB","@id":"https:\/\/grand-egersund.no\/#\/schema\/logo\/image\/","url":"http:\/\/grand-egersund.no\/wp-content\/uploads\/2021\/12\/Grand-Egersund_logo_liggende_farge.png","contentUrl":"http:\/\/grand-egersund.no\/wp-content\/uploads\/2021\/12\/Grand-Egersund_logo_liggende_farge.png","width":891,"height":434,"caption":"Grand Hotell gersund"},"image":{"@id":"https:\/\/grand-egersund.no\/#\/schema\/logo\/image\/"},"sameAs":["https:\/\/www.facebook.com\/GrandHotellEgersund"]}]}},"_links":{"self":[{"href":"https:\/\/grand-egersund.no\/en\/wp-json\/wp\/v2\/pages\/234002","targetHints":{"allow":["GET"]}}],"collection":[{"href":"https:\/\/grand-egersund.no\/en\/wp-json\/wp\/v2\/pages"}],"about":[{"href":"https:\/\/grand-egersund.no\/en\/wp-json\/wp\/v2\/types\/page"}],"author":[{"embeddable":true,"href":"https:\/\/grand-egersund.no\/en\/wp-json\/wp\/v2\/users\/1"}],"replies":[{"embeddable":true,"href":"https:\/\/grand-egersund.no\/en\/wp-json\/wp\/v2\/comments?post=234002"}],"version-history":[{"count":19,"href":"https:\/\/grand-egersund.no\/en\/wp-json\/wp\/v2\/pages\/234002\/revisions"}],"predecessor-version":[{"id":240468,"href":"https:\/\/grand-egersund.no\/en\/wp-json\/wp\/v2\/pages\/234002\/revisions\/240468"}],"wp:attachment":[{"href":"https:\/\/grand-egersund.no\/en\/wp-json\/wp\/v2\/media?parent=234002"}],"curies":[{"name":"wp","href":"https:\/\/api.w.org\/{rel}","templated":true}]}}