{"id":233579,"date":"2022-03-22T13:25:35","date_gmt":"2022-03-22T12:25:35","guid":{"rendered":"https:\/\/grandhotell.megakunder.no\/?page_id=233579"},"modified":"2026-01-15T13:16:11","modified_gmt":"2026-01-15T12:16:11","slug":"company-2","status":"publish","type":"page","link":"https:\/\/grand-egersund.no\/en\/mat-og-drikke\/bedrift\/","title":{"rendered":"Company"},"content":{"rendered":"<p>[et_pb_section fb_built=&raquo;1&#8243; _builder_version=&raquo;4.17.4&#8243; _module_preset=&raquo;default&raquo; background_image=&raquo;https:\/\/grand-egersund.no\/wp-content\/uploads\/2022\/07\/KON05203-scaled.jpg&raquo; height=&raquo;30vh&raquo; global_colors_info=&raquo;{}&raquo;][\/et_pb_section][et_pb_section fb_built=&raquo;1&#8243; _builder_version=&raquo;4.16&#8243; _module_preset=&raquo;default&raquo; background_color=&raquo;#F6F2F0&#8243; background_enable_image=&raquo;off&raquo; custom_padding=&raquo;||0px|||&raquo; global_colors_info=&raquo;{}&raquo;][et_pb_row _builder_version=&raquo;4.16&#8243; _module_preset=&raquo;default&raquo; custom_padding=&raquo;||0px|||&raquo; global_colors_info=&raquo;{}&raquo;][et_pb_column type=&raquo;4_4&#8243; _builder_version=&raquo;4.16&#8243; _module_preset=&raquo;default&raquo; global_colors_info=&raquo;{}&raquo;][et_pb_text _builder_version=&raquo;4.17.4&#8243; _module_preset=&raquo;254d1c82-e0bc-4825-ad34-bb6e43b40ab5&#8243; global_colors_info=&raquo;{}&raquo;]<\/p>\n<h1 style=\"text-align: center;\">Mat og drikke for grupper og bedrifter<\/h1>\n<p>[\/et_pb_text][et_pb_text _builder_version=&raquo;4.17.4&#8243; _module_preset=&raquo;254d1c82-e0bc-4825-ad34-bb6e43b40ab5&#8243; max_width=&raquo;640px&raquo; module_alignment=&raquo;center&raquo; custom_margin=&raquo;||40px|||&raquo; global_colors_info=&raquo;{}&raquo;]<\/p>\n<p style=\"text-align: center;\">Vi tilbyr lunsj og middag for alle grupper fra 2 til 160 personer. Servering kan v\u00e6re i Eigra kj\u00f8kken &amp; bar eller eget lokale, alt ettersom hva \u00f8nsket er. Vi bist\u00e5r i planleggingen for \u00e5 gj\u00f8re gjennomf\u00f8ringen best mulig. Drikke under arrangement kan ogs\u00e5 tilpasses \u00f8nskene deres.<\/p>\n<p>[\/et_pb_text][\/et_pb_column][\/et_pb_row][et_pb_row _builder_version=&raquo;4.17.4&#8243; _module_preset=&raquo;default&raquo; global_colors_info=&raquo;{}&raquo;][et_pb_column type=&raquo;4_4&#8243; _builder_version=&raquo;4.17.4&#8243; _module_preset=&raquo;default&raquo; global_colors_info=&raquo;{}&raquo;][et_pb_divider _builder_version=&raquo;4.17.4&#8243; _module_preset=&raquo;4c34cd24-2486-42f1-89a3-b8b8d9fc7422&#8243; global_colors_info=&raquo;{}&raquo;][\/et_pb_divider][\/et_pb_column][\/et_pb_row][\/et_pb_section][et_pb_section fb_built=&raquo;1&#8243; _builder_version=&raquo;4.17.4&#8243; _module_preset=&raquo;default&raquo; background_color=&raquo;#F6F2F0&#8243; custom_padding=&raquo;0px||90px|||&raquo; global_colors_info=&raquo;{}&raquo;][et_pb_row column_structure=&raquo;1_2,1_2&#8243; make_equal=&raquo;on&raquo; _builder_version=&raquo;4.17.4&#8243; _module_preset=&raquo;default&raquo; custom_margin=&raquo;||60px||false|false&raquo; custom_padding=&raquo;||0px|||&raquo; global_colors_info=&raquo;{}&raquo; disabled_on=&raquo;on|on|on&raquo; disabled=&raquo;on&raquo;][et_pb_column type=&raquo;1_2&#8243; _builder_version=&raquo;4.17.4&#8243; _module_preset=&raquo;default&raquo; background_image=&raquo;https:\/\/grand-egersund.no\/wp-content\/uploads\/2022\/07\/En-kopp-kaffi-ved-motebordet.jpg&raquo; global_colors_info=&raquo;{}&raquo;][et_pb_image src=&raquo;https:\/\/grand-egersund.no\/wp-content\/uploads\/2022\/07\/KON05203-scaled.jpg&raquo; title_text=&raquo;KON05203&#8243; disabled_on=&raquo;off|off|on&raquo; _builder_version=&raquo;4.17.4&#8243; _module_preset=&raquo;default&raquo; global_colors_info=&raquo;{}&raquo;][\/et_pb_image][\/et_pb_column][et_pb_column type=&raquo;1_2&#8243; _builder_version=&raquo;4.17.4&#8243; _module_preset=&raquo;4ff29b9d-5eb1-46da-b20f-1673c70dad5e&raquo; global_colors_info=&raquo;{}&raquo;][et_pb_text _builder_version=&raquo;4.17.4&#8243; _module_preset=&raquo;254d1c82-e0bc-4825-ad34-bb6e43b40ab5&#8243; global_colors_info=&raquo;{}&raquo;]<\/p>\n<h2 style=\"text-align: center;\">Konferansepakker<\/h2>\n<p>[\/et_pb_text][et_pb_text _builder_version=&raquo;4.17.4&#8243; _module_preset=&raquo;254d1c82-e0bc-4825-ad34-bb6e43b40ab5&#8243; max_width=&raquo;640px&raquo; module_alignment=&raquo;center&raquo; global_colors_info=&raquo;{}&raquo;]<\/p>\n<p style=\"text-align: center;\">\u00a0Vi har satt sammen konferansepakker som inneholder alt dere trenger for en vellykket m\u00f8tedag. I tillegg til m\u00f8terom inkluderer pakkene kaffe og te hele dagen, frukt til en pause og lunsj til alle deltakerne. Vi foresl\u00e5r mellomm\u00e5ltid f\u00f8r aktiviteter og en aperitiff f\u00f8r middag. Sp\u00f8r oss gjerne om hjelp til \u00e5 sette opp en plan for m\u00e5ltider gjennom dagen.<\/p>\n<p>[\/et_pb_text][et_pb_button button_url=&raquo;\/pakker-tilbud\/konferansepakker\/&raquo; button_text=&raquo;Se konferansepakker her&raquo; button_alignment=&raquo;center&raquo; _builder_version=&raquo;4.17.4&#8243; _module_preset=&raquo;13d43eb9-f434-455a-afff-d8b9e70dee92&#8243; global_colors_info=&raquo;{}&raquo;][\/et_pb_button][\/et_pb_column][\/et_pb_row][et_pb_row column_structure=&raquo;1_2,1_2&#8243; _builder_version=&raquo;4.17.4&#8243; _module_preset=&raquo;5ad0b517-c8df-4be5-a546-140e0a59f7a9&#8243; custom_margin=&raquo;||60px||false|false&raquo; global_colors_info=&raquo;{}&raquo;][et_pb_column type=&raquo;1_2&#8243; _builder_version=&raquo;4.17.4&#8243; _module_preset=&raquo;4ff29b9d-5eb1-46da-b20f-1673c70dad5e&raquo; global_colors_info=&raquo;{}&raquo;][et_pb_text _builder_version=&raquo;4.17.4&#8243; _module_preset=&raquo;254d1c82-e0bc-4825-ad34-bb6e43b40ab5&#8243; global_colors_info=&raquo;{}&raquo;]<\/p>\n<h2 style=\"text-align: center;\">Middag<\/h2>\n<p>[\/et_pb_text][et_pb_text _builder_version=&raquo;4.17.4&#8243; _module_preset=&raquo;254d1c82-e0bc-4825-ad34-bb6e43b40ab5&#8243; max_width=&raquo;640px&raquo; module_alignment=&raquo;center&raquo; global_colors_info=&raquo;{}&raquo;]<\/p>\n<p style=\"text-align: center;\">Etter en effektiv m\u00f8tedag er det godt \u00e5 avslutte med god mat og drikke. En konferansemiddag her p\u00e5 Grand Hotell inkluderer ofte forrett, hovedrett og dessert. Mange grupper velger \u00e5 f\u00e5 maten servert til deling p\u00e5 bordet, noe som setter en utrolig hyggelig og uformell stemning p\u00e5 middagen.\u00a0<\/p>\n<p>[\/et_pb_text][et_pb_button button_url=&raquo;mailto:konferanse@grand-egersund.no&raquo; button_text=&raquo;Send oss din gruppeforesp\u00f8rsel&raquo; button_alignment=&raquo;center&raquo; _builder_version=&raquo;4.27.4&#8243; _module_preset=&raquo;13d43eb9-f434-455a-afff-d8b9e70dee92&#8243; hover_enabled=&raquo;0&#8243; global_colors_info=&raquo;{}&raquo; sticky_enabled=&raquo;0&#8243;][\/et_pb_button][\/et_pb_column][et_pb_column type=&raquo;1_2&#8243; module_class=&raquo;mb_first_on_mobile&raquo; _builder_version=&raquo;4.17.4&#8243; _module_preset=&raquo;default&raquo; background_image=&raquo;https:\/\/grand-egersund.no\/wp-content\/uploads\/2022\/07\/Stemningen-i-Eigra-kjokken-bar-2.jpg&raquo; global_colors_info=&raquo;{}&raquo;][et_pb_image src=&raquo;https:\/\/grand-egersund.no\/wp-content\/uploads\/2022\/07\/Stemningen-i-Eigra-kjokken-bar-2.jpg&raquo; title_text=&raquo;Stemningen i Eigra kj\u00f8kken &#038; bar 2&#8243; disabled_on=&raquo;off|off|on&raquo; _builder_version=&raquo;4.17.4&#8243; _module_preset=&raquo;default&raquo; global_colors_info=&raquo;{}&raquo;][\/et_pb_image][\/et_pb_column][\/et_pb_row][et_pb_row column_structure=&raquo;1_2,1_2&#8243; _builder_version=&raquo;4.17.4&#8243; _module_preset=&raquo;5ad0b517-c8df-4be5-a546-140e0a59f7a9&#8243; global_colors_info=&raquo;{}&raquo;][et_pb_column type=&raquo;1_2&#8243; module_class=&raquo;mb_first_on_mobile&raquo; _builder_version=&raquo;4.17.4&#8243; _module_preset=&raquo;default&raquo; background_image=&raquo;https:\/\/grand-egersund.no\/wp-content\/uploads\/2022\/07\/Desserter-pa-buffeten.jpg&raquo; global_colors_info=&raquo;{}&raquo;][et_pb_image src=&raquo;https:\/\/grand-egersund.no\/wp-content\/uploads\/2022\/07\/Desserter-pa-buffeten.jpg&raquo; title_text=&raquo;Desserter p\u00e5 buffeten&raquo; disabled_on=&raquo;off|off|on&raquo; _builder_version=&raquo;4.17.4&#8243; _module_preset=&raquo;default&raquo; global_colors_info=&raquo;{}&raquo;][\/et_pb_image][\/et_pb_column][et_pb_column type=&raquo;1_2&#8243; _builder_version=&raquo;4.17.4&#8243; _module_preset=&raquo;4ff29b9d-5eb1-46da-b20f-1673c70dad5e&raquo; global_colors_info=&raquo;{}&raquo;][et_pb_text _builder_version=&raquo;4.17.4&#8243; _module_preset=&raquo;254d1c82-e0bc-4825-ad34-bb6e43b40ab5&#8243; global_colors_info=&raquo;{}&raquo;]<\/p>\n<h2 style=\"text-align: center;\">Lunsj<\/h2>\n<p>[\/et_pb_text][et_pb_text _builder_version=&raquo;4.17.4&#8243; _module_preset=&raquo;254d1c82-e0bc-4825-ad34-bb6e43b40ab5&#8243; max_width=&raquo;640px&raquo; module_alignment=&raquo;center&raquo; global_colors_info=&raquo;{}&raquo;]<\/p>\n<p style=\"text-align: center;\">Vi tilbyr lunsj til alle grupper som bes\u00f8ker oss, enten dere har konferanse og samling\u00a0 hos oss, eller dere bare \u00f8nsker \u00e5 komme innom for en bedre lunsj. Vi har flere bordsetninger, s\u00e5 avtal tidspunkt med oss f\u00f8r dere setter programmet<\/p>\n<p>[\/et_pb_text][et_pb_button button_url=&raquo;mailto:konferanse@grand-egersund.no&raquo; button_text=&raquo;Send oss din gruppeforesp\u00f8rsel&raquo; button_alignment=&raquo;center&raquo; _builder_version=&raquo;4.27.4&#8243; _module_preset=&raquo;13d43eb9-f434-455a-afff-d8b9e70dee92&#8243; hover_enabled=&raquo;0&#8243; global_colors_info=&raquo;{}&raquo; sticky_enabled=&raquo;0&#8243;][\/et_pb_button][\/et_pb_column][\/et_pb_row][\/et_pb_section][et_pb_section fb_built=&raquo;1&#8243; disabled_on=&raquo;on|on|on&raquo; _builder_version=&raquo;4.16&#8243; _module_preset=&raquo;default&raquo; background_color=&raquo;#FFFFFF&raquo; disabled=&raquo;on&raquo; global_colors_info=&raquo;{}&raquo;][et_pb_row column_structure=&raquo;1_3,1_3,1_3&#8243; use_custom_gutter=&raquo;on&raquo; _builder_version=&raquo;4.16&#8243; _module_preset=&raquo;default&raquo; global_colors_info=&raquo;{}&raquo;][et_pb_column type=&raquo;1_3&#8243; _builder_version=&raquo;4.16&#8243; _module_preset=&raquo;default&raquo; global_colors_info=&raquo;{}&raquo;][\/et_pb_column][et_pb_column type=&raquo;1_3&#8243; _builder_version=&raquo;4.16&#8243; _module_preset=&raquo;default&raquo; global_colors_info=&raquo;{}&raquo;][et_pb_text _builder_version=&raquo;4.16&#8243; _module_preset=&raquo;default&raquo; global_colors_info=&raquo;{}&raquo;]<\/p>\n<h3 style=\"text-align: center;\">Se ogs\u00e5<\/h3>\n<p>[\/et_pb_text][\/et_pb_column][et_pb_column type=&raquo;1_3&#8243; _builder_version=&raquo;4.16&#8243; _module_preset=&raquo;default&raquo; global_colors_info=&raquo;{}&raquo;][\/et_pb_column][\/et_pb_row][et_pb_row column_structure=&raquo;1_3,1_3,1_3&#8243; use_custom_gutter=&raquo;on&raquo; _builder_version=&raquo;4.16&#8243; _module_preset=&raquo;default&raquo; global_colors_info=&raquo;{}&raquo;][et_pb_column type=&raquo;1_3&#8243; _builder_version=&raquo;4.16&#8243; _module_preset=&raquo;default&raquo; global_colors_info=&raquo;{}&raquo;][et_pb_blurb title=&raquo;Romatisk hotellopphold&raquo; url=&raquo;\/nb\/pakker-tilbud\/romatisk-hotellopphold\/&raquo; image=&raquo;data:image\/svg+xml;base64,PHN2ZyB3aWR0aD0iMTA4MCIgaGVpZ2h0PSI1NDAiIHZpZXdCb3g9IjAgMCAxMDgwIDU0MCIgeG1sbnM9Imh0dHA6Ly93d3cudzMub3JnLzIwMDAvc3ZnIj4KICAgIDxnIGZpbGw9Im5vbmUiIGZpbGwtcnVsZT0iZXZlbm9kZCI+CiAgICAgICAgPHBhdGggZmlsbD0iI0VCRUJFQiIgZD0iTTAgMGgxMDgwdjU0MEgweiIvPgogICAgICAgIDxwYXRoIGQ9Ik00NDUuNjQ5IDU0MGgtOTguOTk1TDE0NC42NDkgMzM3Ljk5NSAwIDQ4Mi42NDR2LTk4Ljk5NWwxMTYuMzY1LTExNi4zNjVjMTUuNjItMTUuNjIgNDAuOTQ3LTE1LjYyIDU2LjU2OCAwTDQ0NS42NSA1NDB6IiBmaWxsLW9wYWNpdHk9Ii4xIiBmaWxsPSIjMDAwIiBmaWxsLXJ1bGU9Im5vbnplcm8iLz4KICAgICAgICA8Y2lyY2xlIGZpbGwtb3BhY2l0eT0iLjA1IiBmaWxsPSIjMDAwIiBjeD0iMzMxIiBjeT0iMTQ4IiByPSI3MCIvPgogICAgICAgIDxwYXRoIGQ9Ik0xMDgwIDM3OXYxMTMuMTM3TDcyOC4xNjIgMTQwLjMgMzI4LjQ2MiA1NDBIMjE1LjMyNEw2OTkuODc4IDU1LjQ0NmMxNS42Mi0xNS42MiA0MC45NDgtMTUuNjIgNTYuNTY4IDBMMTA4MCAzNzl6IiBmaWxsLW9wYWNpdHk9Ii4yIiBmaWxsPSIjMDAwIiBmaWxsLXJ1bGU9Im5vbnplcm8iLz4KICAgIDwvZz4KPC9zdmc+Cg==&raquo; _builder_version=&raquo;4.16&#8243; _module_preset=&raquo;7fbf7575-68da-4c6a-b314-21cab06ac8a9&#8243; link_option_url=&raquo;\/nb\/pakker-tilbud\/romatisk-hotellopphold\/&raquo; global_colors_info=&raquo;{}&raquo;]<\/p>\n<p><a href=\"\/nb\/pakker-tilbud\/romatisk-hotellopphold\/\">Les mer<\/a><\/p>\n<p>[\/et_pb_blurb][\/et_pb_column][et_pb_column type=&raquo;1_3&#8243; _builder_version=&raquo;4.16&#8243; _module_preset=&raquo;default&raquo; global_colors_info=&raquo;{}&raquo;][et_pb_blurb title=&raquo;Aktivitetsdag vennepakke&raquo; url=&raquo;\/nb\/pakker-tilbud\/aktivitetsdag-vennepakke\/&raquo; image=&raquo;data:image\/svg+xml;base64,PHN2ZyB3aWR0aD0iMTA4MCIgaGVpZ2h0PSI1NDAiIHZpZXdCb3g9IjAgMCAxMDgwIDU0MCIgeG1sbnM9Imh0dHA6Ly93d3cudzMub3JnLzIwMDAvc3ZnIj4KICAgIDxnIGZpbGw9Im5vbmUiIGZpbGwtcnVsZT0iZXZlbm9kZCI+CiAgICAgICAgPHBhdGggZmlsbD0iI0VCRUJFQiIgZD0iTTAgMGgxMDgwdjU0MEgweiIvPgogICAgICAgIDxwYXRoIGQ9Ik00NDUuNjQ5IDU0MGgtOTguOTk1TDE0NC42NDkgMzM3Ljk5NSAwIDQ4Mi42NDR2LTk4Ljk5NWwxMTYuMzY1LTExNi4zNjVjMTUuNjItMTUuNjIgNDAuOTQ3LTE1LjYyIDU2LjU2OCAwTDQ0NS42NSA1NDB6IiBmaWxsLW9wYWNpdHk9Ii4xIiBmaWxsPSIjMDAwIiBmaWxsLXJ1bGU9Im5vbnplcm8iLz4KICAgICAgICA8Y2lyY2xlIGZpbGwtb3BhY2l0eT0iLjA1IiBmaWxsPSIjMDAwIiBjeD0iMzMxIiBjeT0iMTQ4IiByPSI3MCIvPgogICAgICAgIDxwYXRoIGQ9Ik0xMDgwIDM3OXYxMTMuMTM3TDcyOC4xNjIgMTQwLjMgMzI4LjQ2MiA1NDBIMjE1LjMyNEw2OTkuODc4IDU1LjQ0NmMxNS42Mi0xNS42MiA0MC45NDgtMTUuNjIgNTYuNTY4IDBMMTA4MCAzNzl6IiBmaWxsLW9wYWNpdHk9Ii4yIiBmaWxsPSIjMDAwIiBmaWxsLXJ1bGU9Im5vbnplcm8iLz4KICAgIDwvZz4KPC9zdmc+Cg==&raquo; _builder_version=&raquo;4.16&#8243; _module_preset=&raquo;7fbf7575-68da-4c6a-b314-21cab06ac8a9&#8243; link_option_url=&raquo;\/nb\/pakker-tilbud\/aktivitetsdag-vennepakke\/&raquo; global_colors_info=&raquo;{}&raquo;]<\/p>\n<p><a href=\"\/nb\/pakker-tilbud\/aktivitetsdag-vennepakke\/\">Les mer<\/a><\/p>\n<p>[\/et_pb_blurb][\/et_pb_column][et_pb_column type=&raquo;1_3&#8243; _builder_version=&raquo;4.16&#8243; _module_preset=&raquo;default&raquo; global_colors_info=&raquo;{}&raquo;][et_pb_blurb title=&raquo;Konferansepakker&raquo; url=&raquo;\/nb\/pakker-tilbud\/konferansepakker\/&raquo; image=&raquo;data:image\/svg+xml;base64,PHN2ZyB3aWR0aD0iMTA4MCIgaGVpZ2h0PSI1NDAiIHZpZXdCb3g9IjAgMCAxMDgwIDU0MCIgeG1sbnM9Imh0dHA6Ly93d3cudzMub3JnLzIwMDAvc3ZnIj4KICAgIDxnIGZpbGw9Im5vbmUiIGZpbGwtcnVsZT0iZXZlbm9kZCI+CiAgICAgICAgPHBhdGggZmlsbD0iI0VCRUJFQiIgZD0iTTAgMGgxMDgwdjU0MEgweiIvPgogICAgICAgIDxwYXRoIGQ9Ik00NDUuNjQ5IDU0MGgtOTguOTk1TDE0NC42NDkgMzM3Ljk5NSAwIDQ4Mi42NDR2LTk4Ljk5NWwxMTYuMzY1LTExNi4zNjVjMTUuNjItMTUuNjIgNDAuOTQ3LTE1LjYyIDU2LjU2OCAwTDQ0NS42NSA1NDB6IiBmaWxsLW9wYWNpdHk9Ii4xIiBmaWxsPSIjMDAwIiBmaWxsLXJ1bGU9Im5vbnplcm8iLz4KICAgICAgICA8Y2lyY2xlIGZpbGwtb3BhY2l0eT0iLjA1IiBmaWxsPSIjMDAwIiBjeD0iMzMxIiBjeT0iMTQ4IiByPSI3MCIvPgogICAgICAgIDxwYXRoIGQ9Ik0xMDgwIDM3OXYxMTMuMTM3TDcyOC4xNjIgMTQwLjMgMzI4LjQ2MiA1NDBIMjE1LjMyNEw2OTkuODc4IDU1LjQ0NmMxNS42Mi0xNS42MiA0MC45NDgtMTUuNjIgNTYuNTY4IDBMMTA4MCAzNzl6IiBmaWxsLW9wYWNpdHk9Ii4yIiBmaWxsPSIjMDAwIiBmaWxsLXJ1bGU9Im5vbnplcm8iLz4KICAgIDwvZz4KPC9zdmc+Cg==&raquo; _builder_version=&raquo;4.16&#8243; _module_preset=&raquo;7fbf7575-68da-4c6a-b314-21cab06ac8a9&#8243; link_option_url=&raquo;\/nb\/pakker-tilbud\/konferansepakker\/&raquo; global_colors_info=&raquo;{}&raquo;]<\/p>\n<p><a href=\"\/nb\/pakker-tilbud\/konferansepakker\/\">Les mer<\/a><\/p>\n<p>[\/et_pb_blurb][\/et_pb_column][\/et_pb_row][\/et_pb_section][et_pb_section fb_built=&raquo;1&#8243; _builder_version=&raquo;4.16&#8243; _module_preset=&raquo;default&raquo; background_color=&raquo;RGBA(255,255,255,0)&raquo; custom_padding=&raquo;29px||0px|||&raquo; global_colors_info=&raquo;{}&raquo;][et_pb_row _builder_version=&raquo;4.16&#8243; _module_preset=&raquo;default&raquo; custom_padding=&raquo;||0px|||&raquo; global_colors_info=&raquo;{}&raquo;][et_pb_column type=&raquo;4_4&#8243; _builder_version=&raquo;4.16&#8243; _module_preset=&raquo;default&raquo; global_colors_info=&raquo;{}&raquo;][et_pb_button button_text=&raquo;Til toppen&raquo; _builder_version=&raquo;4.16&#8243; _module_preset=&raquo;711416d9-2858-43aa-952b-a2853918e909&#8243; global_colors_info=&raquo;{}&raquo;][\/et_pb_button][\/et_pb_column][\/et_pb_row][\/et_pb_section]<\/p>\n","protected":false},"excerpt":{"rendered":"<p>Mat og drikke for grupper og bedrifterVi tilbyr lunsj og middag for alle grupper fra 2 til 160 personer. Servering kan v\u00e6re i Eigra kj\u00f8kken &amp; bar eller eget lokale, [&hellip;]<\/p>\n","protected":false},"author":1,"featured_media":0,"parent":233231,"menu_order":0,"comment_status":"closed","ping_status":"closed","template":"","meta":{"_et_pb_use_builder":"on","_et_pb_old_content":"<!-- wp:divi\/placeholder \/-->","_et_gb_content_width":"","footnotes":""},"class_list":["post-233579","page","type-page","status-publish","hentry"],"yoast_head":"<!-- This site is optimized with the Yoast SEO plugin v27.1.1 - https:\/\/yoast.com\/product\/yoast-seo-wordpress\/ -->\n<title>Bedrift - Grand Hotell<\/title>\n<meta name=\"robots\" content=\"index, follow, max-snippet:-1, max-image-preview:large, max-video-preview:-1\" \/>\n<link rel=\"canonical\" href=\"https:\/\/grand-egersund.no\/en\/food-and-drink\/company-2\/\" \/>\n<meta property=\"og:locale\" content=\"en_GB\" \/>\n<meta property=\"og:type\" content=\"article\" \/>\n<meta property=\"og:title\" content=\"Bedrift - Grand Hotell\" \/>\n<meta property=\"og:description\" content=\"Mat og drikke for grupper og bedrifterVi tilbyr lunsj og middag for alle grupper fra 2 til 160 personer. Servering kan v\u00e6re i Eigra kj\u00f8kken &amp; bar eller eget lokale, [&hellip;]\" \/>\n<meta property=\"og:url\" content=\"https:\/\/grand-egersund.no\/en\/food-and-drink\/company-2\/\" \/>\n<meta property=\"og:site_name\" content=\"Grand Hotell\" \/>\n<meta property=\"article:publisher\" content=\"https:\/\/www.facebook.com\/GrandHotellEgersund\" \/>\n<meta property=\"article:modified_time\" content=\"2026-01-15T12:16:11+00:00\" \/>\n<meta name=\"twitter:card\" content=\"summary_large_image\" \/>\n<script type=\"application\/ld+json\" class=\"yoast-schema-graph\">{\"@context\":\"https:\/\/schema.org\",\"@graph\":[{\"@type\":\"WebPage\",\"@id\":\"https:\/\/grand-egersund.no\/mat-og-drikke\/bedrift\/\",\"url\":\"https:\/\/grand-egersund.no\/mat-og-drikke\/bedrift\/\",\"name\":\"Bedrift - Grand Hotell\",\"isPartOf\":{\"@id\":\"https:\/\/grand-egersund.no\/#website\"},\"datePublished\":\"2022-03-22T12:25:35+00:00\",\"dateModified\":\"2026-01-15T12:16:11+00:00\",\"breadcrumb\":{\"@id\":\"https:\/\/grand-egersund.no\/mat-og-drikke\/bedrift\/#breadcrumb\"},\"inLanguage\":\"en-GB\",\"potentialAction\":[{\"@type\":\"ReadAction\",\"target\":[\"https:\/\/grand-egersund.no\/mat-og-drikke\/bedrift\/\"]}]},{\"@type\":\"BreadcrumbList\",\"@id\":\"https:\/\/grand-egersund.no\/mat-og-drikke\/bedrift\/#breadcrumb\",\"itemListElement\":[{\"@type\":\"ListItem\",\"position\":1,\"name\":\"Home\",\"item\":\"https:\/\/grand-egersund.no\/\"},{\"@type\":\"ListItem\",\"position\":2,\"name\":\"Mat og drikke\",\"item\":\"https:\/\/grand-egersund.no\/mat-og-drikke\/\"},{\"@type\":\"ListItem\",\"position\":3,\"name\":\"Bedrift\"}]},{\"@type\":\"WebSite\",\"@id\":\"https:\/\/grand-egersund.no\/#website\",\"url\":\"https:\/\/grand-egersund.no\/\",\"name\":\"Grand Hotell\",\"description\":\"I hjertet av Egersund\",\"publisher\":{\"@id\":\"https:\/\/grand-egersund.no\/#organization\"},\"potentialAction\":[{\"@type\":\"SearchAction\",\"target\":{\"@type\":\"EntryPoint\",\"urlTemplate\":\"https:\/\/grand-egersund.no\/?s={search_term_string}\"},\"query-input\":{\"@type\":\"PropertyValueSpecification\",\"valueRequired\":true,\"valueName\":\"search_term_string\"}}],\"inLanguage\":\"en-GB\"},{\"@type\":\"Organization\",\"@id\":\"https:\/\/grand-egersund.no\/#organization\",\"name\":\"Grand Hotell gersund\",\"url\":\"https:\/\/grand-egersund.no\/\",\"logo\":{\"@type\":\"ImageObject\",\"inLanguage\":\"en-GB\",\"@id\":\"https:\/\/grand-egersund.no\/#\/schema\/logo\/image\/\",\"url\":\"http:\/\/grand-egersund.no\/wp-content\/uploads\/2021\/12\/Grand-Egersund_logo_liggende_farge.png\",\"contentUrl\":\"http:\/\/grand-egersund.no\/wp-content\/uploads\/2021\/12\/Grand-Egersund_logo_liggende_farge.png\",\"width\":891,\"height\":434,\"caption\":\"Grand Hotell gersund\"},\"image\":{\"@id\":\"https:\/\/grand-egersund.no\/#\/schema\/logo\/image\/\"},\"sameAs\":[\"https:\/\/www.facebook.com\/GrandHotellEgersund\"]}]}<\/script>\n<!-- \/ Yoast SEO plugin. -->","yoast_head_json":{"title":"Business - Grand Hotell","robots":{"index":"index","follow":"follow","max-snippet":"max-snippet:-1","max-image-preview":"max-image-preview:large","max-video-preview":"max-video-preview:-1"},"canonical":"https:\/\/grand-egersund.no\/en\/food-and-drink\/company-2\/","og_locale":"en_GB","og_type":"article","og_title":"Bedrift - Grand Hotell","og_description":"Mat og drikke for grupper og bedrifterVi tilbyr lunsj og middag for alle grupper fra 2 til 160 personer. Servering kan v\u00e6re i Eigra kj\u00f8kken &amp; bar eller eget lokale, [&hellip;]","og_url":"https:\/\/grand-egersund.no\/en\/food-and-drink\/company-2\/","og_site_name":"Grand Hotell","article_publisher":"https:\/\/www.facebook.com\/GrandHotellEgersund","article_modified_time":"2026-01-15T12:16:11+00:00","twitter_card":"summary_large_image","schema":{"@context":"https:\/\/schema.org","@graph":[{"@type":"WebPage","@id":"https:\/\/grand-egersund.no\/mat-og-drikke\/bedrift\/","url":"https:\/\/grand-egersund.no\/mat-og-drikke\/bedrift\/","name":"Business - Grand Hotell","isPartOf":{"@id":"https:\/\/grand-egersund.no\/#website"},"datePublished":"2022-03-22T12:25:35+00:00","dateModified":"2026-01-15T12:16:11+00:00","breadcrumb":{"@id":"https:\/\/grand-egersund.no\/mat-og-drikke\/bedrift\/#breadcrumb"},"inLanguage":"en-GB","potentialAction":[{"@type":"ReadAction","target":["https:\/\/grand-egersund.no\/mat-og-drikke\/bedrift\/"]}]},{"@type":"BreadcrumbList","@id":"https:\/\/grand-egersund.no\/mat-og-drikke\/bedrift\/#breadcrumb","itemListElement":[{"@type":"ListItem","position":1,"name":"Home","item":"https:\/\/grand-egersund.no\/"},{"@type":"ListItem","position":2,"name":"Mat og drikke","item":"https:\/\/grand-egersund.no\/mat-og-drikke\/"},{"@type":"ListItem","position":3,"name":"Bedrift"}]},{"@type":"WebSite","@id":"https:\/\/grand-egersund.no\/#website","url":"https:\/\/grand-egersund.no\/","name":"Grand Hotel","description":"In the heart of Egersund","publisher":{"@id":"https:\/\/grand-egersund.no\/#organization"},"potentialAction":[{"@type":"SearchAction","target":{"@type":"EntryPoint","urlTemplate":"https:\/\/grand-egersund.no\/?s={search_term_string}"},"query-input":{"@type":"PropertyValueSpecification","valueRequired":true,"valueName":"search_term_string"}}],"inLanguage":"en-GB"},{"@type":"Organization","@id":"https:\/\/grand-egersund.no\/#organization","name":"Grand Hotel gersund","url":"https:\/\/grand-egersund.no\/","logo":{"@type":"ImageObject","inLanguage":"en-GB","@id":"https:\/\/grand-egersund.no\/#\/schema\/logo\/image\/","url":"http:\/\/grand-egersund.no\/wp-content\/uploads\/2021\/12\/Grand-Egersund_logo_liggende_farge.png","contentUrl":"http:\/\/grand-egersund.no\/wp-content\/uploads\/2021\/12\/Grand-Egersund_logo_liggende_farge.png","width":891,"height":434,"caption":"Grand Hotell gersund"},"image":{"@id":"https:\/\/grand-egersund.no\/#\/schema\/logo\/image\/"},"sameAs":["https:\/\/www.facebook.com\/GrandHotellEgersund"]}]}},"_links":{"self":[{"href":"https:\/\/grand-egersund.no\/en\/wp-json\/wp\/v2\/pages\/233579","targetHints":{"allow":["GET"]}}],"collection":[{"href":"https:\/\/grand-egersund.no\/en\/wp-json\/wp\/v2\/pages"}],"about":[{"href":"https:\/\/grand-egersund.no\/en\/wp-json\/wp\/v2\/types\/page"}],"author":[{"embeddable":true,"href":"https:\/\/grand-egersund.no\/en\/wp-json\/wp\/v2\/users\/1"}],"replies":[{"embeddable":true,"href":"https:\/\/grand-egersund.no\/en\/wp-json\/wp\/v2\/comments?post=233579"}],"version-history":[{"count":12,"href":"https:\/\/grand-egersund.no\/en\/wp-json\/wp\/v2\/pages\/233579\/revisions"}],"predecessor-version":[{"id":241131,"href":"https:\/\/grand-egersund.no\/en\/wp-json\/wp\/v2\/pages\/233579\/revisions\/241131"}],"up":[{"embeddable":true,"href":"https:\/\/grand-egersund.no\/en\/wp-json\/wp\/v2\/pages\/233231"}],"wp:attachment":[{"href":"https:\/\/grand-egersund.no\/en\/wp-json\/wp\/v2\/media?parent=233579"}],"curies":[{"name":"wp","href":"https:\/\/api.w.org\/{rel}","templated":true}]}}