{"id":233299,"date":"2021-12-22T09:50:40","date_gmt":"2021-12-22T08:50:40","guid":{"rendered":"http:\/\/grandhotell.megakunder.no\/?page_id=233299"},"modified":"2025-11-01T17:36:40","modified_gmt":"2025-11-01T16:36:40","slug":"work-with-us","status":"publish","type":"page","link":"https:\/\/grand-egersund.no\/en\/om-oss\/jobb-hos-oss\/","title":{"rendered":"Jobs with us"},"content":{"rendered":"<p>[et_pb_section fb_built=&raquo;1&#8243; _builder_version=&raquo;4.17.4&#8243; _module_preset=&raquo;default&raquo; background_image=&raquo;https:\/\/grand-egersund.no\/wp-content\/uploads\/2022\/05\/Bekkjarvik-Gjestgiveri-2-scaled.jpg&raquo; height=&raquo;30vh&raquo; global_colors_info=&raquo;{}&raquo;][\/et_pb_section][et_pb_section fb_built=&raquo;1&#8243; _builder_version=&raquo;4.18.0&#8243; _module_preset=&raquo;default&raquo; background_color=&raquo;#F6F2F0&#8243; custom_padding=&raquo;0px||0px|||&raquo; global_module=&raquo;235456&#8243; global_colors_info=&raquo;{}&raquo;][et_pb_row _builder_version=&raquo;4.18.0&#8243; _module_preset=&raquo;default&raquo; custom_padding=&raquo;0px||0px|||&raquo; global_colors_info=&raquo;{}&raquo;][et_pb_column type=&raquo;4_4&#8243; _builder_version=&raquo;4.18.0&#8243; _module_preset=&raquo;default&raquo; global_colors_info=&raquo;{}&raquo;][et_pb_code _builder_version=&raquo;4.18.0&#8243; _module_preset=&raquo;default&raquo; global_colors_info=&raquo;{}&raquo;]<div id=\"breadcrumbs\"><a href=\"https:\/\/grand-egersund.no\/en\">Forside<\/a><span class=\"delimiter\"> &raquo; <\/span><\/div>[\/et_pb_code][\/et_pb_column][\/et_pb_row][\/et_pb_section][et_pb_section fb_built=&raquo;1&#8243; _builder_version=&raquo;4.16&#8243; _module_preset=&raquo;default&raquo; background_color=&raquo;#F6F2F0&#8243; background_enable_image=&raquo;off&raquo; custom_padding=&raquo;||50px|||&raquo; global_colors_info=&raquo;{}&raquo;][et_pb_row _builder_version=&raquo;4.16&#8243; _module_preset=&raquo;default&raquo; custom_padding=&raquo;||0px|||&raquo; global_colors_info=&raquo;{}&raquo;][et_pb_column type=&raquo;4_4&#8243; _builder_version=&raquo;4.16&#8243; _module_preset=&raquo;default&raquo; global_colors_info=&raquo;{}&raquo;][et_pb_text _builder_version=&raquo;4.16&#8243; _module_preset=&raquo;254d1c82-e0bc-4825-ad34-bb6e43b40ab5&#8243; global_colors_info=&raquo;{}&raquo;]<\/p>\n<h1 style=\"text-align: center;\">Vil du bli en del av v\u00e5rt serviceteam?<\/h1>\n<p>[\/et_pb_text][et_pb_text _builder_version=&raquo;4.16&#8243; _module_preset=&raquo;254d1c82-e0bc-4825-ad34-bb6e43b40ab5&#8243; max_width=&raquo;640px&raquo; module_alignment=&raquo;center&raquo; custom_margin=&raquo;||40px|||&raquo; custom_padding=&raquo;||0px|||&raquo; global_colors_info=&raquo;{}&raquo;]<\/p>\n<p style=\"text-align: center;\"><span>Vi s\u00f8ker stadig etter nye kolleger. Er du en person som liker h\u00f8yt tempo, \u00e5 arbeide i team og har et \u00f8nske om \u00e5 yte god service? Vi h\u00f8rer gjerne i fra deg.<\/span><\/p>\n<p style=\"text-align: center;\"><span><\/span><\/p>\n<p>[\/et_pb_text][et_pb_button button_url=&raquo;\/kontakt&raquo; button_text=&raquo;Kontakt oss med din s\u00f8knad&raquo; button_alignment=&raquo;center&raquo; _builder_version=&raquo;4.17.4&#8243; _module_preset=&raquo;13d43eb9-f434-455a-afff-d8b9e70dee92&#8243; global_colors_info=&raquo;{}&raquo;][\/et_pb_button][\/et_pb_column][\/et_pb_row][\/et_pb_section][et_pb_section fb_built=&raquo;1&#8243; disabled_on=&raquo;off|off|off&raquo; _builder_version=&raquo;4.27.4&#8243; _module_preset=&raquo;default&raquo; global_colors_info=&raquo;{}&raquo;][et_pb_row column_structure=&raquo;1_2,1_2&#8243; disabled_on=&raquo;on|on|on&raquo; _builder_version=&raquo;4.18.0&#8243; _module_preset=&raquo;default&raquo; custom_padding=&raquo;||0px|||&raquo; global_colors_info=&raquo;{}&raquo; disabled=&raquo;on&raquo;][et_pb_column type=&raquo;1_2&#8243; _builder_version=&raquo;4.16&#8243; _module_preset=&raquo;default&raquo; global_colors_info=&raquo;{}&raquo;][et_pb_text _builder_version=&raquo;4.27.4&#8243; _module_preset=&raquo;254d1c82-e0bc-4825-ad34-bb6e43b40ab5&#8243; global_colors_info=&raquo;{}&raquo;]<\/p>\n<h2 style=\"text-align: left;\"><strong>Vi s\u00f8ker etter:<\/strong><\/h2>\n<p>[\/et_pb_text][et_pb_text _builder_version=&raquo;4.27.4&#8243; _module_preset=&raquo;254d1c82-e0bc-4825-ad34-bb6e43b40ab5&#8243; max_width=&raquo;640px&raquo; module_alignment=&raquo;center&raquo; global_colors_info=&raquo;{}&raquo;]<\/p>\n<h3 style=\"font-weight: 400;\"><strong>Resepsjonist<\/strong><\/h3>\n<p style=\"font-weight: 400;\">Resepsjonist ved Grand Hotell Egersund<br \/>Stillingsst\u00f8rrelse 36%<br \/>Annenhver helg<\/p>\n<p style=\"font-weight: 400;\">Grand Hotell Egersund s\u00f8ker en im\u00f8tekommende og serviceinnstilt resepsjonist som vil v\u00e6re en viktig del av v\u00e5rt team. Du m\u00e5 kunne jobbe selvstendig, samtidig som du evner \u00e5 samarbeide godt med kollegaer for \u00e5 sikre en f\u00f8rsteklasses gjesteopplevelse.<\/p>\n<p style=\"font-weight: 400;\"><strong>Krav:<\/strong><br \/>&#8211; M\u00e5 v\u00e6re 20 \u00e5r<br \/>&#8211; Beherske grunnleggende PC\/office ferdigheter<br \/>&#8211; Behersker norsk og engelsk<\/p>\n<p style=\"font-weight: 400;\">Vi tilbyr et dynamisk arbeidsmilj\u00f8 med muligheter for utvikling. Hvis du \u00f8nsker \u00e5 v\u00e6re med p\u00e5 \u00e5 skape minnerike opplevelser for v\u00e5re gjester, send inn din s\u00f8knad i dag!<\/p>\n<p style=\"font-weight: 400;\"><strong>S\u00f8knadsfrist: 5. oktober 2025\u00a0<\/strong><\/p>\n<p style=\"font-weight: 400;\">S\u00f8knad med CV sendes til S\u00f8lvi Gravdal p\u00e5 <a href=\"mailto:solvi@grand-egersund.no\" data-outlook-id=\"81adbbf0-1a7b-4700-b95a-feb4048b7897\">solvi@grand-egersund.no<\/a><\/p>\n<p style=\"font-weight: 400;\">Sp\u00f8rsm\u00e5l kan rettes til S\u00f8lvi p\u00e5 51 49 60 60<\/p>\n<p>[\/et_pb_text][\/et_pb_column][et_pb_column type=&raquo;1_2&#8243; _builder_version=&raquo;4.18.0&#8243; _module_preset=&raquo;default&raquo; background_image=&raquo;https:\/\/grand-egersund.no\/wp-content\/uploads\/2022\/10\/IMG_5117-scaled.jpg&raquo; global_colors_info=&raquo;{}&raquo;][et_pb_image src=&raquo;https:\/\/grand-egersund.no\/wp-content\/uploads\/2025\/09\/469732802_18336025096158909_8487950614944817980_n.jpg&raquo; alt=&raquo;Pakker og tilbud&raquo; title_text=&raquo;469732802_18336025096158909_8487950614944817980_n&raquo; _builder_version=&raquo;4.27.4&#8243; _module_preset=&raquo;default&raquo; global_colors_info=&raquo;{}&raquo;][\/et_pb_image][\/et_pb_column][\/et_pb_row][\/et_pb_section][et_pb_section fb_built=&raquo;1&#8243; disabled_on=&raquo;off|off|off&raquo; _builder_version=&raquo;4.18.0&#8243; _module_preset=&raquo;default&raquo; background_color=&raquo;#F6F2F0&#8243; custom_padding=&raquo;||50px|||&raquo; global_colors_info=&raquo;{}&raquo;][et_pb_row _builder_version=&raquo;4.18.0&#8243; _module_preset=&raquo;default&raquo; global_colors_info=&raquo;{}&raquo;][et_pb_column type=&raquo;4_4&#8243; _builder_version=&raquo;4.18.0&#8243; _module_preset=&raquo;default&raquo; global_colors_info=&raquo;{}&raquo;][et_pb_text _builder_version=&raquo;4.18.0&#8243; _module_preset=&raquo;254d1c82-e0bc-4825-ad34-bb6e43b40ab5&#8243; header_2_font_size=&raquo;32px&raquo; max_width=&raquo;640px&raquo; module_alignment=&raquo;center&raquo; custom_margin=&raquo;||40px|||&raquo; custom_padding=&raquo;||0px|||&raquo; global_colors_info=&raquo;{}&raquo;]<\/p>\n<h2><strong>\u00c5pen s\u00f8knad<\/strong><\/h2>\n<p><span>\u00d8nsker du \u00e5 jobbe her p\u00e5 Grand Hotell tar vi gjerne imot din s\u00f8knad og CV. Fortell oss litt om deg selv og hvorfor akkurat du fortjener \u00e5 bli en del av Team Grand. Vi har avdelinger innen renhold, resepsjon, kj\u00f8kken, servering, konferansevertskap, bartender, salg\/marked osv, og det er stadig behov for flere medarbeidere.\u00a0<\/span><\/p>\n<h2><strong>Hva forventer vi av deg:<\/strong><\/h2>\n<p><span>Du er serviceinnstilt og initiativrik med iboende \u00abdet fikser vi\u00bb holdning.<\/span><br \/><span>Du bidrar til et godt arbeidsmilj\u00f8.<\/span><br \/><span>Du er engasjert, proaktiv og har st\u00e5-p\u00e5 evne.<\/span><\/p>\n<h2><strong>Erfaring og ferdigheter<\/strong><\/h2>\n<p><span>Erfaring innen hotell- og restaurantbransjen er en fordel,\u00a0 men ikke absolutt n\u00f8dvendig.<\/span><\/p>\n<h2><strong>Vi tilbyr:<\/strong><span><\/span><\/h2>\n<ul>\n<li>Oppl\u00e6ring<\/li>\n<li>Gode kollegaer<\/li>\n<li>Faglige utfordringer<\/li>\n<li>Konkurransedyktige betingelser<\/li>\n<\/ul>\n<p>S\u00f8knadsfrist: l\u00f8pende<\/p>\n<h2><strong>Kontakt<\/strong><\/h2>\n<p><span>\u00c5pne s\u00f8knader kan sendes p\u00e5 <a href=\"mailto:booking@grand-egersund.no\">e-post<\/a>. \u00d8nsker du en samtale, kan kontakte oss for en avtale.<\/span><\/p>\n<p>[\/et_pb_text][et_pb_button button_url=&raquo;\/kontakt&raquo; button_text=&raquo;Send din s\u00f8knad i dag!&raquo; button_alignment=&raquo;center&raquo; _builder_version=&raquo;4.18.0&#8243; _module_preset=&raquo;13d43eb9-f434-455a-afff-d8b9e70dee92&#8243; global_colors_info=&raquo;{}&raquo;][\/et_pb_button][\/et_pb_column][\/et_pb_row][\/et_pb_section][et_pb_section fb_built=&raquo;1&#8243; disabled_on=&raquo;on|on|on&raquo; _builder_version=&raquo;4.16&#8243; _module_preset=&raquo;default&raquo; background_color=&raquo;#FFFFFF&raquo; disabled=&raquo;on&raquo; global_colors_info=&raquo;{}&raquo;][et_pb_row column_structure=&raquo;1_3,1_3,1_3&#8243; use_custom_gutter=&raquo;on&raquo; _builder_version=&raquo;4.16&#8243; _module_preset=&raquo;default&raquo; global_colors_info=&raquo;{}&raquo;][et_pb_column type=&raquo;1_3&#8243; _builder_version=&raquo;4.16&#8243; _module_preset=&raquo;default&raquo; global_colors_info=&raquo;{}&raquo;][\/et_pb_column][et_pb_column type=&raquo;1_3&#8243; _builder_version=&raquo;4.16&#8243; _module_preset=&raquo;default&raquo; global_colors_info=&raquo;{}&raquo;][et_pb_text _builder_version=&raquo;4.16&#8243; _module_preset=&raquo;default&raquo; global_colors_info=&raquo;{}&raquo;]<\/p>\n<h3 style=\"text-align: center;\">Se ogs\u00e5<\/h3>\n<p>[\/et_pb_text][\/et_pb_column][et_pb_column type=&raquo;1_3&#8243; _builder_version=&raquo;4.16&#8243; _module_preset=&raquo;default&raquo; global_colors_info=&raquo;{}&raquo;][\/et_pb_column][\/et_pb_row][et_pb_row column_structure=&raquo;1_3,1_3,1_3&#8243; use_custom_gutter=&raquo;on&raquo; _builder_version=&raquo;4.16&#8243; _module_preset=&raquo;default&raquo; global_colors_info=&raquo;{}&raquo;][et_pb_column type=&raquo;1_3&#8243; _builder_version=&raquo;4.16&#8243; _module_preset=&raquo;default&raquo; global_colors_info=&raquo;{}&raquo;][et_pb_blurb title=&raquo;Romatisk hotellopphold&raquo; url=&raquo;\/nb\/pakker-tilbud\/romatisk-hotellopphold\/&raquo; image=&raquo;data:image\/svg+xml;base64,PHN2ZyB3aWR0aD0iMTA4MCIgaGVpZ2h0PSI1NDAiIHZpZXdCb3g9IjAgMCAxMDgwIDU0MCIgeG1sbnM9Imh0dHA6Ly93d3cudzMub3JnLzIwMDAvc3ZnIj4KICAgIDxnIGZpbGw9Im5vbmUiIGZpbGwtcnVsZT0iZXZlbm9kZCI+CiAgICAgICAgPHBhdGggZmlsbD0iI0VCRUJFQiIgZD0iTTAgMGgxMDgwdjU0MEgweiIvPgogICAgICAgIDxwYXRoIGQ9Ik00NDUuNjQ5IDU0MGgtOTguOTk1TDE0NC42NDkgMzM3Ljk5NSAwIDQ4Mi42NDR2LTk4Ljk5NWwxMTYuMzY1LTExNi4zNjVjMTUuNjItMTUuNjIgNDAuOTQ3LTE1LjYyIDU2LjU2OCAwTDQ0NS42NSA1NDB6IiBmaWxsLW9wYWNpdHk9Ii4xIiBmaWxsPSIjMDAwIiBmaWxsLXJ1bGU9Im5vbnplcm8iLz4KICAgICAgICA8Y2lyY2xlIGZpbGwtb3BhY2l0eT0iLjA1IiBmaWxsPSIjMDAwIiBjeD0iMzMxIiBjeT0iMTQ4IiByPSI3MCIvPgogICAgICAgIDxwYXRoIGQ9Ik0xMDgwIDM3OXYxMTMuMTM3TDcyOC4xNjIgMTQwLjMgMzI4LjQ2MiA1NDBIMjE1LjMyNEw2OTkuODc4IDU1LjQ0NmMxNS42Mi0xNS42MiA0MC45NDgtMTUuNjIgNTYuNTY4IDBMMTA4MCAzNzl6IiBmaWxsLW9wYWNpdHk9Ii4yIiBmaWxsPSIjMDAwIiBmaWxsLXJ1bGU9Im5vbnplcm8iLz4KICAgIDwvZz4KPC9zdmc+Cg==&raquo; _builder_version=&raquo;4.16&#8243; _module_preset=&raquo;7fbf7575-68da-4c6a-b314-21cab06ac8a9&#8243; link_option_url=&raquo;\/nb\/pakker-tilbud\/romatisk-hotellopphold\/&raquo; global_colors_info=&raquo;{}&raquo;]<\/p>\n<p><a href=\"\/nb\/pakker-tilbud\/romatisk-hotellopphold\/\">Les mer<\/a><\/p>\n<p>[\/et_pb_blurb][\/et_pb_column][et_pb_column type=&raquo;1_3&#8243; _builder_version=&raquo;4.16&#8243; _module_preset=&raquo;default&raquo; global_colors_info=&raquo;{}&raquo;][et_pb_blurb title=&raquo;Aktivitetsdag vennepakke&raquo; url=&raquo;\/nb\/pakker-tilbud\/aktivitetsdag-vennepakke\/&raquo; image=&raquo;data:image\/svg+xml;base64,PHN2ZyB3aWR0aD0iMTA4MCIgaGVpZ2h0PSI1NDAiIHZpZXdCb3g9IjAgMCAxMDgwIDU0MCIgeG1sbnM9Imh0dHA6Ly93d3cudzMub3JnLzIwMDAvc3ZnIj4KICAgIDxnIGZpbGw9Im5vbmUiIGZpbGwtcnVsZT0iZXZlbm9kZCI+CiAgICAgICAgPHBhdGggZmlsbD0iI0VCRUJFQiIgZD0iTTAgMGgxMDgwdjU0MEgweiIvPgogICAgICAgIDxwYXRoIGQ9Ik00NDUuNjQ5IDU0MGgtOTguOTk1TDE0NC42NDkgMzM3Ljk5NSAwIDQ4Mi42NDR2LTk4Ljk5NWwxMTYuMzY1LTExNi4zNjVjMTUuNjItMTUuNjIgNDAuOTQ3LTE1LjYyIDU2LjU2OCAwTDQ0NS42NSA1NDB6IiBmaWxsLW9wYWNpdHk9Ii4xIiBmaWxsPSIjMDAwIiBmaWxsLXJ1bGU9Im5vbnplcm8iLz4KICAgICAgICA8Y2lyY2xlIGZpbGwtb3BhY2l0eT0iLjA1IiBmaWxsPSIjMDAwIiBjeD0iMzMxIiBjeT0iMTQ4IiByPSI3MCIvPgogICAgICAgIDxwYXRoIGQ9Ik0xMDgwIDM3OXYxMTMuMTM3TDcyOC4xNjIgMTQwLjMgMzI4LjQ2MiA1NDBIMjE1LjMyNEw2OTkuODc4IDU1LjQ0NmMxNS42Mi0xNS42MiA0MC45NDgtMTUuNjIgNTYuNTY4IDBMMTA4MCAzNzl6IiBmaWxsLW9wYWNpdHk9Ii4yIiBmaWxsPSIjMDAwIiBmaWxsLXJ1bGU9Im5vbnplcm8iLz4KICAgIDwvZz4KPC9zdmc+Cg==&raquo; _builder_version=&raquo;4.16&#8243; _module_preset=&raquo;7fbf7575-68da-4c6a-b314-21cab06ac8a9&#8243; link_option_url=&raquo;\/nb\/pakker-tilbud\/aktivitetsdag-vennepakke\/&raquo; global_colors_info=&raquo;{}&raquo;]<\/p>\n<p><a href=\"\/nb\/pakker-tilbud\/aktivitetsdag-vennepakke\/\">Les mer<\/a><\/p>\n<p>[\/et_pb_blurb][\/et_pb_column][et_pb_column type=&raquo;1_3&#8243; _builder_version=&raquo;4.16&#8243; _module_preset=&raquo;default&raquo; global_colors_info=&raquo;{}&raquo;][et_pb_blurb title=&raquo;Konferansepakker&raquo; url=&raquo;\/nb\/pakker-tilbud\/konferansepakker\/&raquo; image=&raquo;data:image\/svg+xml;base64,PHN2ZyB3aWR0aD0iMTA4MCIgaGVpZ2h0PSI1NDAiIHZpZXdCb3g9IjAgMCAxMDgwIDU0MCIgeG1sbnM9Imh0dHA6Ly93d3cudzMub3JnLzIwMDAvc3ZnIj4KICAgIDxnIGZpbGw9Im5vbmUiIGZpbGwtcnVsZT0iZXZlbm9kZCI+CiAgICAgICAgPHBhdGggZmlsbD0iI0VCRUJFQiIgZD0iTTAgMGgxMDgwdjU0MEgweiIvPgogICAgICAgIDxwYXRoIGQ9Ik00NDUuNjQ5IDU0MGgtOTguOTk1TDE0NC42NDkgMzM3Ljk5NSAwIDQ4Mi42NDR2LTk4Ljk5NWwxMTYuMzY1LTExNi4zNjVjMTUuNjItMTUuNjIgNDAuOTQ3LTE1LjYyIDU2LjU2OCAwTDQ0NS42NSA1NDB6IiBmaWxsLW9wYWNpdHk9Ii4xIiBmaWxsPSIjMDAwIiBmaWxsLXJ1bGU9Im5vbnplcm8iLz4KICAgICAgICA8Y2lyY2xlIGZpbGwtb3BhY2l0eT0iLjA1IiBmaWxsPSIjMDAwIiBjeD0iMzMxIiBjeT0iMTQ4IiByPSI3MCIvPgogICAgICAgIDxwYXRoIGQ9Ik0xMDgwIDM3OXYxMTMuMTM3TDcyOC4xNjIgMTQwLjMgMzI4LjQ2MiA1NDBIMjE1LjMyNEw2OTkuODc4IDU1LjQ0NmMxNS42Mi0xNS42MiA0MC45NDgtMTUuNjIgNTYuNTY4IDBMMTA4MCAzNzl6IiBmaWxsLW9wYWNpdHk9Ii4yIiBmaWxsPSIjMDAwIiBmaWxsLXJ1bGU9Im5vbnplcm8iLz4KICAgIDwvZz4KPC9zdmc+Cg==&raquo; _builder_version=&raquo;4.16&#8243; _module_preset=&raquo;7fbf7575-68da-4c6a-b314-21cab06ac8a9&#8243; link_option_url=&raquo;\/nb\/pakker-tilbud\/konferansepakker\/&raquo; global_colors_info=&raquo;{}&raquo;]<\/p>\n<p><a href=\"\/nb\/pakker-tilbud\/konferansepakker\/\">Les mer<\/a><\/p>\n<p>[\/et_pb_blurb][\/et_pb_column][\/et_pb_row][\/et_pb_section][et_pb_section fb_built=&raquo;1&#8243; _builder_version=&raquo;4.24.2&#8243; _module_preset=&raquo;default&raquo; background_color=&raquo;#F6F2F0&#8243; custom_padding=&raquo;29px||0px|||&raquo; global_colors_info=&raquo;{}&raquo;][et_pb_row _builder_version=&raquo;4.16&#8243; _module_preset=&raquo;default&raquo; custom_padding=&raquo;||0px|||&raquo; global_colors_info=&raquo;{}&raquo;][et_pb_column type=&raquo;4_4&#8243; _builder_version=&raquo;4.16&#8243; _module_preset=&raquo;default&raquo; global_colors_info=&raquo;{}&raquo;][et_pb_button button_text=&raquo;Til toppen&raquo; _builder_version=&raquo;4.16&#8243; _module_preset=&raquo;711416d9-2858-43aa-952b-a2853918e909&#8243; global_colors_info=&raquo;{}&raquo;][\/et_pb_button][\/et_pb_column][\/et_pb_row][\/et_pb_section]<\/p>\n","protected":false},"excerpt":{"rendered":"<p><div id=\"breadcrumbs\"><a href=\"https:\/\/grand-egersund.no\/en\">Forside<\/a><span class=\"delimiter\"> &raquo; <\/span><\/div>Vil du bli en del av v\u00e5rt serviceteam?Vi s\u00f8ker stadig etter nye kolleger. Er du en person som liker h\u00f8yt tempo, \u00e5 arbeide i team og har et \u00f8nske om [&hellip;]<\/p>\n","protected":false},"author":1,"featured_media":235176,"parent":233281,"menu_order":0,"comment_status":"closed","ping_status":"closed","template":"","meta":{"_et_pb_use_builder":"on","_et_pb_old_content":"","_et_gb_content_width":"","footnotes":""},"class_list":["post-233299","page","type-page","status-publish","has-post-thumbnail","hentry"],"yoast_head":"<!-- This site is optimized with the Yoast SEO plugin v27.1.1 - https:\/\/yoast.com\/product\/yoast-seo-wordpress\/ -->\n<title>Jobb hos oss - Grand Hotell<\/title>\n<meta name=\"description\" content=\"Har du lyst \u00e5 jobbe med \u00e5 skape gode kundeopplevelser? Da \u00f8nsker vi gjerne \u00e5 h\u00f8re i fra deg. Send din s\u00f8knad i dag!\" \/>\n<meta name=\"robots\" content=\"index, follow, max-snippet:-1, max-image-preview:large, max-video-preview:-1\" \/>\n<link rel=\"canonical\" href=\"https:\/\/grand-egersund.no\/en\/about-us\/work-with-us\/\" \/>\n<meta property=\"og:locale\" content=\"en_GB\" \/>\n<meta property=\"og:type\" content=\"article\" \/>\n<meta property=\"og:title\" content=\"Jobb hos oss - Grand Hotell\" \/>\n<meta property=\"og:description\" content=\"Har du lyst \u00e5 jobbe med \u00e5 skape gode kundeopplevelser? Da \u00f8nsker vi gjerne \u00e5 h\u00f8re i fra deg. Send din s\u00f8knad i dag!\" \/>\n<meta property=\"og:url\" content=\"https:\/\/grand-egersund.no\/en\/about-us\/work-with-us\/\" \/>\n<meta property=\"og:site_name\" content=\"Grand Hotell\" \/>\n<meta property=\"article:publisher\" content=\"https:\/\/www.facebook.com\/GrandHotellEgersund\" \/>\n<meta property=\"article:modified_time\" content=\"2025-11-01T16:36:40+00:00\" \/>\n<meta property=\"og:image\" content=\"https:\/\/grand-egersund.no\/wp-content\/uploads\/2022\/09\/Vertskapet-holder-orden-pa-rommet-ditt-2.jpg\" \/>\n\t<meta property=\"og:image:width\" content=\"2500\" \/>\n\t<meta property=\"og:image:height\" content=\"1682\" \/>\n\t<meta property=\"og:image:type\" content=\"image\/jpeg\" \/>\n<meta name=\"twitter:card\" content=\"summary_large_image\" \/>\n<script type=\"application\/ld+json\" class=\"yoast-schema-graph\">{\"@context\":\"https:\/\/schema.org\",\"@graph\":[{\"@type\":\"WebPage\",\"@id\":\"https:\/\/grand-egersund.no\/om-oss\/jobb-hos-oss\/\",\"url\":\"https:\/\/grand-egersund.no\/om-oss\/jobb-hos-oss\/\",\"name\":\"Jobb hos oss - Grand Hotell\",\"isPartOf\":{\"@id\":\"https:\/\/grand-egersund.no\/#website\"},\"primaryImageOfPage\":{\"@id\":\"https:\/\/grand-egersund.no\/om-oss\/jobb-hos-oss\/#primaryimage\"},\"image\":{\"@id\":\"https:\/\/grand-egersund.no\/om-oss\/jobb-hos-oss\/#primaryimage\"},\"thumbnailUrl\":\"https:\/\/grand-egersund.no\/wp-content\/uploads\/2022\/09\/Vertskapet-holder-orden-pa-rommet-ditt-2.jpg\",\"datePublished\":\"2021-12-22T08:50:40+00:00\",\"dateModified\":\"2025-11-01T16:36:40+00:00\",\"description\":\"Har du lyst \u00e5 jobbe med \u00e5 skape gode kundeopplevelser? Da \u00f8nsker vi gjerne \u00e5 h\u00f8re i fra deg. Send din s\u00f8knad i dag!\",\"breadcrumb\":{\"@id\":\"https:\/\/grand-egersund.no\/om-oss\/jobb-hos-oss\/#breadcrumb\"},\"inLanguage\":\"en-GB\",\"potentialAction\":[{\"@type\":\"ReadAction\",\"target\":[\"https:\/\/grand-egersund.no\/om-oss\/jobb-hos-oss\/\"]}]},{\"@type\":\"ImageObject\",\"inLanguage\":\"en-GB\",\"@id\":\"https:\/\/grand-egersund.no\/om-oss\/jobb-hos-oss\/#primaryimage\",\"url\":\"https:\/\/grand-egersund.no\/wp-content\/uploads\/2022\/09\/Vertskapet-holder-orden-pa-rommet-ditt-2.jpg\",\"contentUrl\":\"https:\/\/grand-egersund.no\/wp-content\/uploads\/2022\/09\/Vertskapet-holder-orden-pa-rommet-ditt-2.jpg\",\"width\":2500,\"height\":1682},{\"@type\":\"BreadcrumbList\",\"@id\":\"https:\/\/grand-egersund.no\/om-oss\/jobb-hos-oss\/#breadcrumb\",\"itemListElement\":[{\"@type\":\"ListItem\",\"position\":1,\"name\":\"Home\",\"item\":\"https:\/\/grand-egersund.no\/\"},{\"@type\":\"ListItem\",\"position\":2,\"name\":\"Om oss\",\"item\":\"https:\/\/grand-egersund.no\/om-oss\/\"},{\"@type\":\"ListItem\",\"position\":3,\"name\":\"Jobb hos oss\"}]},{\"@type\":\"WebSite\",\"@id\":\"https:\/\/grand-egersund.no\/#website\",\"url\":\"https:\/\/grand-egersund.no\/\",\"name\":\"Grand Hotell\",\"description\":\"I hjertet av Egersund\",\"publisher\":{\"@id\":\"https:\/\/grand-egersund.no\/#organization\"},\"potentialAction\":[{\"@type\":\"SearchAction\",\"target\":{\"@type\":\"EntryPoint\",\"urlTemplate\":\"https:\/\/grand-egersund.no\/?s={search_term_string}\"},\"query-input\":{\"@type\":\"PropertyValueSpecification\",\"valueRequired\":true,\"valueName\":\"search_term_string\"}}],\"inLanguage\":\"en-GB\"},{\"@type\":\"Organization\",\"@id\":\"https:\/\/grand-egersund.no\/#organization\",\"name\":\"Grand Hotell gersund\",\"url\":\"https:\/\/grand-egersund.no\/\",\"logo\":{\"@type\":\"ImageObject\",\"inLanguage\":\"en-GB\",\"@id\":\"https:\/\/grand-egersund.no\/#\/schema\/logo\/image\/\",\"url\":\"http:\/\/grand-egersund.no\/wp-content\/uploads\/2021\/12\/Grand-Egersund_logo_liggende_farge.png\",\"contentUrl\":\"http:\/\/grand-egersund.no\/wp-content\/uploads\/2021\/12\/Grand-Egersund_logo_liggende_farge.png\",\"width\":891,\"height\":434,\"caption\":\"Grand Hotell gersund\"},\"image\":{\"@id\":\"https:\/\/grand-egersund.no\/#\/schema\/logo\/image\/\"},\"sameAs\":[\"https:\/\/www.facebook.com\/GrandHotellEgersund\"]}]}<\/script>\n<!-- \/ Yoast SEO plugin. -->","yoast_head_json":{"title":"Jobs with us - Grand Hotell","description":"Do you want to work with creating great customer experiences? Then we would like to hear from you. Send your application today!","robots":{"index":"index","follow":"follow","max-snippet":"max-snippet:-1","max-image-preview":"max-image-preview:large","max-video-preview":"max-video-preview:-1"},"canonical":"https:\/\/grand-egersund.no\/en\/about-us\/work-with-us\/","og_locale":"en_GB","og_type":"article","og_title":"Jobb hos oss - Grand Hotell","og_description":"Har du lyst \u00e5 jobbe med \u00e5 skape gode kundeopplevelser? Da \u00f8nsker vi gjerne \u00e5 h\u00f8re i fra deg. Send din s\u00f8knad i dag!","og_url":"https:\/\/grand-egersund.no\/en\/about-us\/work-with-us\/","og_site_name":"Grand Hotell","article_publisher":"https:\/\/www.facebook.com\/GrandHotellEgersund","article_modified_time":"2025-11-01T16:36:40+00:00","og_image":[{"width":2500,"height":1682,"url":"https:\/\/grand-egersund.no\/wp-content\/uploads\/2022\/09\/Vertskapet-holder-orden-pa-rommet-ditt-2.jpg","type":"image\/jpeg"}],"twitter_card":"summary_large_image","schema":{"@context":"https:\/\/schema.org","@graph":[{"@type":"WebPage","@id":"https:\/\/grand-egersund.no\/om-oss\/jobb-hos-oss\/","url":"https:\/\/grand-egersund.no\/om-oss\/jobb-hos-oss\/","name":"Jobs with us - Grand Hotell","isPartOf":{"@id":"https:\/\/grand-egersund.no\/#website"},"primaryImageOfPage":{"@id":"https:\/\/grand-egersund.no\/om-oss\/jobb-hos-oss\/#primaryimage"},"image":{"@id":"https:\/\/grand-egersund.no\/om-oss\/jobb-hos-oss\/#primaryimage"},"thumbnailUrl":"https:\/\/grand-egersund.no\/wp-content\/uploads\/2022\/09\/Vertskapet-holder-orden-pa-rommet-ditt-2.jpg","datePublished":"2021-12-22T08:50:40+00:00","dateModified":"2025-11-01T16:36:40+00:00","description":"Do you want to work with creating great customer experiences? Then we would like to hear from you. Send your application today!","breadcrumb":{"@id":"https:\/\/grand-egersund.no\/om-oss\/jobb-hos-oss\/#breadcrumb"},"inLanguage":"en-GB","potentialAction":[{"@type":"ReadAction","target":["https:\/\/grand-egersund.no\/om-oss\/jobb-hos-oss\/"]}]},{"@type":"ImageObject","inLanguage":"en-GB","@id":"https:\/\/grand-egersund.no\/om-oss\/jobb-hos-oss\/#primaryimage","url":"https:\/\/grand-egersund.no\/wp-content\/uploads\/2022\/09\/Vertskapet-holder-orden-pa-rommet-ditt-2.jpg","contentUrl":"https:\/\/grand-egersund.no\/wp-content\/uploads\/2022\/09\/Vertskapet-holder-orden-pa-rommet-ditt-2.jpg","width":2500,"height":1682},{"@type":"BreadcrumbList","@id":"https:\/\/grand-egersund.no\/om-oss\/jobb-hos-oss\/#breadcrumb","itemListElement":[{"@type":"ListItem","position":1,"name":"Home","item":"https:\/\/grand-egersund.no\/"},{"@type":"ListItem","position":2,"name":"Om oss","item":"https:\/\/grand-egersund.no\/om-oss\/"},{"@type":"ListItem","position":3,"name":"Jobb hos oss"}]},{"@type":"WebSite","@id":"https:\/\/grand-egersund.no\/#website","url":"https:\/\/grand-egersund.no\/","name":"Grand Hotel","description":"In the heart of Egersund","publisher":{"@id":"https:\/\/grand-egersund.no\/#organization"},"potentialAction":[{"@type":"SearchAction","target":{"@type":"EntryPoint","urlTemplate":"https:\/\/grand-egersund.no\/?s={search_term_string}"},"query-input":{"@type":"PropertyValueSpecification","valueRequired":true,"valueName":"search_term_string"}}],"inLanguage":"en-GB"},{"@type":"Organization","@id":"https:\/\/grand-egersund.no\/#organization","name":"Grand Hotel gersund","url":"https:\/\/grand-egersund.no\/","logo":{"@type":"ImageObject","inLanguage":"en-GB","@id":"https:\/\/grand-egersund.no\/#\/schema\/logo\/image\/","url":"http:\/\/grand-egersund.no\/wp-content\/uploads\/2021\/12\/Grand-Egersund_logo_liggende_farge.png","contentUrl":"http:\/\/grand-egersund.no\/wp-content\/uploads\/2021\/12\/Grand-Egersund_logo_liggende_farge.png","width":891,"height":434,"caption":"Grand Hotell gersund"},"image":{"@id":"https:\/\/grand-egersund.no\/#\/schema\/logo\/image\/"},"sameAs":["https:\/\/www.facebook.com\/GrandHotellEgersund"]}]}},"_links":{"self":[{"href":"https:\/\/grand-egersund.no\/en\/wp-json\/wp\/v2\/pages\/233299","targetHints":{"allow":["GET"]}}],"collection":[{"href":"https:\/\/grand-egersund.no\/en\/wp-json\/wp\/v2\/pages"}],"about":[{"href":"https:\/\/grand-egersund.no\/en\/wp-json\/wp\/v2\/types\/page"}],"author":[{"embeddable":true,"href":"https:\/\/grand-egersund.no\/en\/wp-json\/wp\/v2\/users\/1"}],"replies":[{"embeddable":true,"href":"https:\/\/grand-egersund.no\/en\/wp-json\/wp\/v2\/comments?post=233299"}],"version-history":[{"count":21,"href":"https:\/\/grand-egersund.no\/en\/wp-json\/wp\/v2\/pages\/233299\/revisions"}],"predecessor-version":[{"id":240742,"href":"https:\/\/grand-egersund.no\/en\/wp-json\/wp\/v2\/pages\/233299\/revisions\/240742"}],"up":[{"embeddable":true,"href":"https:\/\/grand-egersund.no\/en\/wp-json\/wp\/v2\/pages\/233281"}],"wp:featuredmedia":[{"embeddable":true,"href":"https:\/\/grand-egersund.no\/en\/wp-json\/wp\/v2\/media\/235176"}],"wp:attachment":[{"href":"https:\/\/grand-egersund.no\/en\/wp-json\/wp\/v2\/media?parent=233299"}],"curies":[{"name":"wp","href":"https:\/\/api.w.org\/{rel}","templated":true}]}}