{"id":233287,"date":"2021-12-22T09:49:12","date_gmt":"2021-12-22T08:49:12","guid":{"rendered":"http:\/\/grandhotell.megakunder.no\/?page_id=233287"},"modified":"2022-09-23T12:57:56","modified_gmt":"2022-09-23T10:57:56","slug":"the-historic-hotels-and-restaurants","status":"publish","type":"page","link":"https:\/\/grand-egersund.no\/en\/om-oss\/de-historiske-hotell-og-spisesteder\/","title":{"rendered":"The historic hotels and eateries"},"content":{"rendered":"<p>[et_pb_section fb_built=&raquo;1&#8243; _builder_version=&raquo;4.16&#8243; _module_preset=&raquo;default&raquo; background_image=&raquo;http:\/\/grand-egersund.no\/wp-content\/uploads\/2022\/05\/Haaheim.jpg&raquo; height=&raquo;30vh&raquo; global_colors_info=&raquo;{}&raquo;][\/et_pb_section][et_pb_section fb_built=&raquo;1&#8243; _builder_version=&raquo;4.18.0&#8243; _module_preset=&raquo;default&raquo; background_color=&raquo;#F6F2F0&#8243; custom_padding=&raquo;0px||0px|||&raquo; global_colors_info=&raquo;{}&raquo; global_module=&raquo;235456&#8243; theme_builder_area=&raquo;post_content&raquo;][et_pb_row _builder_version=&raquo;4.18.0&#8243; _module_preset=&raquo;default&raquo; custom_padding=&raquo;0px||0px|||&raquo; global_colors_info=&raquo;{}&raquo; theme_builder_area=&raquo;post_content&raquo;][et_pb_column type=&raquo;4_4&#8243; _builder_version=&raquo;4.18.0&#8243; _module_preset=&raquo;default&raquo; global_colors_info=&raquo;{}&raquo; theme_builder_area=&raquo;post_content&raquo;][et_pb_code _builder_version=&raquo;4.18.0&#8243; _module_preset=&raquo;default&raquo; global_colors_info=&raquo;{}&raquo; theme_builder_area=&raquo;post_content&raquo;]<div id=\"breadcrumbs\"><a href=\"https:\/\/grand-egersund.no\/en\">Forside<\/a><span class=\"delimiter\"> &raquo; <\/span><\/div>[\/et_pb_code][\/et_pb_column][\/et_pb_row][\/et_pb_section][et_pb_section fb_built=&raquo;1&#8243; _builder_version=&raquo;4.16&#8243; _module_preset=&raquo;default&raquo; background_color=&raquo;#F6F2F0&#8243; background_enable_image=&raquo;off&raquo; custom_padding=&raquo;||50px|||&raquo; global_colors_info=&raquo;{}&raquo;][et_pb_row _builder_version=&raquo;4.16&#8243; _module_preset=&raquo;default&raquo; global_colors_info=&raquo;{}&raquo;][et_pb_column type=&raquo;4_4&#8243; _builder_version=&raquo;4.16&#8243; _module_preset=&raquo;default&raquo; global_colors_info=&raquo;{}&raquo;][et_pb_text _builder_version=&raquo;4.16&#8243; _module_preset=&raquo;254d1c82-e0bc-4825-ad34-bb6e43b40ab5&#8243; global_colors_info=&raquo;{}&raquo;]<\/p>\n<h1 style=\"text-align: center;\"><span>De Historiske &#8211; Hotel &amp; Spisesteder<\/span><\/h1>\n<p>[\/et_pb_text][et_pb_text _builder_version=&raquo;4.16&#8243; _module_preset=&raquo;254d1c82-e0bc-4825-ad34-bb6e43b40ab5&#8243; max_width=&raquo;640px&raquo; module_alignment=&raquo;center&raquo; custom_margin=&raquo;||40px|||&raquo; global_colors_info=&raquo;{}&raquo;]<\/p>\n<p style=\"text-align: center;\"><span>De Historiske er en unik medlemsorganisasjon best\u00e5ende av mange av Norges mest sjarmerende hotell og spisesteder. For \u00e5 f\u00e5 \u00e5 bli medlem i De Historiske kreves det et bevisst forhold til vertskapsrollen, der historiefortelling danner rammen for opplevelsene innen overnatting og gastronomi. De Historiske er ingen vanlig hotellkjede. Vi er en uavhengig samling av Norges mest sjarmerende hoteller og spisesteder. Her vil du finne noe for enhver smak.\u00a0<\/span><\/p>\n<p>[\/et_pb_text][et_pb_button button_url=&raquo;https:\/\/www.dehistoriske.no\/?gclid=CjwKCAjwjtOTBhAvEiwASG4bCMmuoTrPzeinNRTzt1V0nxhvSfJYwiSBxLClhVv_P9SrKs_OGEJwFBoCnrwQAvD_BwE&raquo; button_text=&raquo;Bes\u00f8k nettsiden til De Historske&raquo; button_alignment=&raquo;center&raquo; _builder_version=&raquo;4.16&#8243; _module_preset=&raquo;13d43eb9-f434-455a-afff-d8b9e70dee92&#8243; global_colors_info=&raquo;{}&raquo;][\/et_pb_button][\/et_pb_column][\/et_pb_row][\/et_pb_section][et_pb_section fb_built=&raquo;1&#8243; _builder_version=&raquo;4.17.4&#8243; _module_preset=&raquo;_initial&raquo; global_colors_info=&raquo;{}&raquo;][et_pb_row column_structure=&raquo;1_2,1_2&#8243; _builder_version=&raquo;4.18.0&#8243; _module_preset=&raquo;default&raquo; hover_enabled=&raquo;0&#8243; global_colors_info=&raquo;{}&raquo; make_equal=&raquo;on&raquo; sticky_enabled=&raquo;0&#8243;][et_pb_column type=&raquo;1_2&#8243; _builder_version=&raquo;4.18.0&#8243; _module_preset=&raquo;default&raquo; hover_enabled=&raquo;0&#8243; global_colors_info=&raquo;{}&raquo; title_text=&raquo;018web&raquo; background_image=&raquo;http:\/\/grand-egersund.no\/wp-content\/uploads\/2022\/05\/018web-scaled.jpg&raquo; sticky_enabled=&raquo;0&#8243;][et_pb_image src=&raquo;http:\/\/grand-egersund.no\/wp-content\/uploads\/2022\/05\/018web-scaled.jpg&raquo; title_text=&raquo;018web&raquo; _builder_version=&raquo;4.16&#8243; _module_preset=&raquo;default&raquo; global_colors_info=&raquo;{}&raquo; disabled_on=&raquo;off|off|on&raquo;][\/et_pb_image][\/et_pb_column][et_pb_column type=&raquo;1_2&#8243; _builder_version=&raquo;4.18.0&#8243; _module_preset=&raquo;4ff29b9d-5eb1-46da-b20f-1673c70dad5e&raquo; hover_enabled=&raquo;0&#8243; global_colors_info=&raquo;{}&raquo; sticky_enabled=&raquo;0&#8243;][et_pb_text _builder_version=&raquo;4.18.0&#8243; _module_preset=&raquo;254d1c82-e0bc-4825-ad34-bb6e43b40ab5&#8243; hover_enabled=&raquo;0&#8243; global_colors_info=&raquo;{}&raquo; sticky_enabled=&raquo;0&#8243;]<\/p>\n<h2 style=\"text-align: left;\">Individuelt s\u00e6rpreg<\/h2>\n<p>[\/et_pb_text][et_pb_text _builder_version=&raquo;4.16&#8243; _module_preset=&raquo;254d1c82-e0bc-4825-ad34-bb6e43b40ab5&#8243; max_width=&raquo;640px&raquo; module_alignment=&raquo;center&raquo; global_colors_info=&raquo;{}&raquo;]<\/p>\n<p><span>Med fortiden som ramme, \u00f8nsker vi \u00e5 skape nye historier for v\u00e5re gjester gjennom spennende opplevelser. H\u00e5pet er at disse historiene kan fortsette \u00e5 leve i gjestenes minne lenge etter at de er kommet hjem.<\/span><\/p>\n<p><span>Til tross for at medlemmene i De Historiske har individuelle s\u00e6rpreg og karakter, vil du finne flere fellestrekk; en varm velkomst, god service, en vennlig atmosf\u00e6re og h\u00f8y standard i alle ledd. V\u00e5r felles kvalitetsstandard sikrer et gjennomg\u00e5ende h\u00f8yt niv\u00e5 i gruppen, og v\u00e5re verdier \u00abgjestfri\u00bb, \u00abpersonlig\u00bb og \u00abkvalitetsbevisst\u00bb skal bidra til \u00e5 n\u00e5 v\u00e5r felles visjon; Vi skal oppleves som \u00abet godt sted \u00e5 v\u00e6re\u00bb.<\/span><\/p>\n<p>[\/et_pb_text][\/et_pb_column][\/et_pb_row][et_pb_row column_structure=&raquo;1_2,1_2&#8243; _builder_version=&raquo;4.18.0&#8243; _module_preset=&raquo;5ad0b517-c8df-4be5-a546-140e0a59f7a9&#8243; min_height=&raquo;390px&raquo; hover_enabled=&raquo;0&#8243; global_colors_info=&raquo;{}&raquo; sticky_enabled=&raquo;0&#8243;][et_pb_column type=&raquo;1_2&#8243; _builder_version=&raquo;4.18.0&#8243; _module_preset=&raquo;4ff29b9d-5eb1-46da-b20f-1673c70dad5e&raquo; hover_enabled=&raquo;0&#8243; global_colors_info=&raquo;{}&raquo; sticky_enabled=&raquo;0&#8243;][et_pb_text _builder_version=&raquo;4.18.0&#8243; _module_preset=&raquo;254d1c82-e0bc-4825-ad34-bb6e43b40ab5&#8243; hover_enabled=&raquo;0&#8243; global_colors_info=&raquo;{}&raquo; sticky_enabled=&raquo;0&#8243;]<\/p>\n<h2 style=\"text-align: left;\">Mat, kultur og opplevelser<\/h2>\n<p>[\/et_pb_text][et_pb_text _builder_version=&raquo;4.17.4&#8243; _module_preset=&raquo;254d1c82-e0bc-4825-ad34-bb6e43b40ab5&#8243; max_width=&raquo;640px&raquo; module_alignment=&raquo;center&raquo; global_colors_info=&raquo;{}&raquo;]<\/p>\n<p style=\"text-align: left;\"><span>Uts\u00f8kte matretter og \u00e5rgangsviner, vakker kunst og kultur, design og utsmykking basert p\u00e5 lange tradisjoner og historie, herskaplig behandling, spennende historiefortellinger, en romantisk stemning og mye mer kan oppleves uten \u00e5 m\u00e5tte forlate hotellene. Golf, kanefart, skil\u00f8yper, fjorder, fosser, fiske, jakt, b\u00e5tliv, fjelltopper, museer, shopping, ridning, vandreturer og mye mer kan du oppleve rett utenfor v\u00e5re d\u00f8rer, hvis det skulle friste.<\/span><\/p>\n<p style=\"text-align: left;\"><span>Vi representerer mye mer enn en god hotellseng og et godt m\u00e5ltid, f\u00f8rst og fremst representerer vi et mangfold av opplevelser, b\u00e5de innvendig s\u00e5 vel som utvendig.<\/span><\/p>\n<p>[\/et_pb_text][\/et_pb_column][et_pb_column type=&raquo;1_2&#8243; module_class=&raquo;mb_first_on_mobile&raquo; _builder_version=&raquo;4.18.0&#8243; _module_preset=&raquo;default&raquo; hover_enabled=&raquo;0&#8243; global_colors_info=&raquo;{}&raquo; title_text=&raquo;Bekkjarvik Gjestgiveri 2&#8243; background_image=&raquo;http:\/\/grand-egersund.no\/wp-content\/uploads\/2022\/05\/Bekkjarvik-Gjestgiveri-2-scaled.jpg&raquo; sticky_enabled=&raquo;0&#8243;][et_pb_image src=&raquo;http:\/\/grand-egersund.no\/wp-content\/uploads\/2022\/05\/Bekkjarvik-Gjestgiveri-2-scaled.jpg&raquo; title_text=&raquo;Bekkjarvik Gjestgiveri 2&#8243; _builder_version=&raquo;4.16&#8243; _module_preset=&raquo;default&raquo; global_colors_info=&raquo;{}&raquo; disabled_on=&raquo;off|off|on&raquo;][\/et_pb_image][\/et_pb_column][\/et_pb_row][et_pb_row column_structure=&raquo;1_2,1_2&#8243; _builder_version=&raquo;4.18.0&#8243; _module_preset=&raquo;default&raquo; custom_padding=&raquo;||0px|||&raquo; hover_enabled=&raquo;0&#8243; global_colors_info=&raquo;{}&raquo; make_equal=&raquo;on&raquo; sticky_enabled=&raquo;0&#8243;][et_pb_column type=&raquo;1_2&#8243; _builder_version=&raquo;4.18.0&#8243; _module_preset=&raquo;default&raquo; hover_enabled=&raquo;0&#8243; global_colors_info=&raquo;{}&raquo; title_text=&raquo;forsidebildeforslagwalaker&raquo; background_image=&raquo;http:\/\/grand-egersund.no\/wp-content\/uploads\/2022\/05\/forsidebildeforslagwalaker.jpg&raquo; sticky_enabled=&raquo;0&#8243;][et_pb_image src=&raquo;http:\/\/grand-egersund.no\/wp-content\/uploads\/2022\/05\/forsidebildeforslagwalaker.jpg&raquo; title_text=&raquo;forsidebildeforslagwalaker&raquo; _builder_version=&raquo;4.16&#8243; _module_preset=&raquo;default&raquo; global_colors_info=&raquo;{}&raquo; disabled_on=&raquo;off|off|on&raquo;][\/et_pb_image][\/et_pb_column][et_pb_column type=&raquo;1_2&#8243; _builder_version=&raquo;4.18.0&#8243; _module_preset=&raquo;4ff29b9d-5eb1-46da-b20f-1673c70dad5e&raquo; hover_enabled=&raquo;0&#8243; global_colors_info=&raquo;{}&raquo; sticky_enabled=&raquo;0&#8243;][et_pb_text _builder_version=&raquo;4.18.0&#8243; _module_preset=&raquo;254d1c82-e0bc-4825-ad34-bb6e43b40ab5&#8243; hover_enabled=&raquo;0&#8243; global_colors_info=&raquo;{}&raquo; sticky_enabled=&raquo;0&#8243;]<\/p>\n<h2 style=\"text-align: left;\">Fordelsklubben<\/h2>\n<p>[\/et_pb_text][et_pb_text _builder_version=&raquo;4.16&#8243; _module_preset=&raquo;254d1c82-e0bc-4825-ad34-bb6e43b40ab5&#8243; max_width=&raquo;640px&raquo; module_alignment=&raquo;center&raquo; global_colors_info=&raquo;{}&raquo;]<\/p>\n<p><strong>Fordelsklubben &laquo;Taste of Norway&raquo;<\/strong> <br \/><span>Bli med i fordelsklubb til De Historiske og motta attraktive fordeler p\u00e5 v\u00e5re unike hotell og spisesteder!<\/span><\/p>\n<p><span>Her vil du motta eksklusive tilbud, samt informasjon via epost om spennende arrangementer kun for medlemmer av fordelsklubben. Medlemsskap er gratis og du har ingen bindingstid.<\/span><\/p>\n<p>[\/et_pb_text][et_pb_button button_url=&raquo;https:\/\/www.dehistoriske.no\/fordelsklubb\/&raquo; button_text=&raquo;Mer info. og innmelding&raquo; button_alignment=&raquo;left&raquo; _builder_version=&raquo;4.17.4&#8243; _module_preset=&raquo;13d43eb9-f434-455a-afff-d8b9e70dee92&#8243; global_colors_info=&raquo;{}&raquo;][\/et_pb_button][\/et_pb_column][\/et_pb_row][\/et_pb_section][et_pb_section fb_built=&raquo;1&#8243; _builder_version=&raquo;4.16&#8243; _module_preset=&raquo;default&raquo; background_color=&raquo;RGBA(255,255,255,0)&raquo; custom_padding=&raquo;29px||0px|||&raquo; global_colors_info=&raquo;{}&raquo;][et_pb_row _builder_version=&raquo;4.16&#8243; _module_preset=&raquo;default&raquo; custom_padding=&raquo;||0px|||&raquo; global_colors_info=&raquo;{}&raquo;][et_pb_column type=&raquo;4_4&#8243; _builder_version=&raquo;4.16&#8243; _module_preset=&raquo;default&raquo; global_colors_info=&raquo;{}&raquo;][et_pb_button button_text=&raquo;Til toppen&raquo; _builder_version=&raquo;4.16&#8243; _module_preset=&raquo;711416d9-2858-43aa-952b-a2853918e909&#8243; global_colors_info=&raquo;{}&raquo;][\/et_pb_button][\/et_pb_column][\/et_pb_row][\/et_pb_section]<\/p>\n","protected":false},"excerpt":{"rendered":"<p><div id=\"breadcrumbs\"><a href=\"https:\/\/grand-egersund.no\/en\">Forside<\/a><span class=\"delimiter\"> &raquo; <\/span><\/div>De Historiske &#8211; Hotel &amp; SpisestederDe Historiske er en unik medlemsorganisasjon best\u00e5ende av mange av Norges mest sjarmerende hotell og spisesteder. For \u00e5 f\u00e5 \u00e5 bli medlem i De Historiske [&hellip;]<\/p>\n","protected":false},"author":1,"featured_media":0,"parent":233281,"menu_order":0,"comment_status":"closed","ping_status":"closed","template":"","meta":{"_et_pb_use_builder":"on","_et_pb_old_content":"<!-- wp:divi\/placeholder \/-->","_et_gb_content_width":"","footnotes":""},"class_list":["post-233287","page","type-page","status-publish","hentry"],"yoast_head":"<!-- This site is optimized with the Yoast SEO plugin v27.1.1 - https:\/\/yoast.com\/product\/yoast-seo-wordpress\/ -->\n<title>De historiske hotell og spisesteder - Grand Hotell<\/title>\n<meta name=\"robots\" content=\"index, follow, max-snippet:-1, max-image-preview:large, max-video-preview:-1\" \/>\n<link rel=\"canonical\" href=\"https:\/\/grand-egersund.no\/en\/about-us\/the-historic-hotels-and-restaurants\/\" \/>\n<meta property=\"og:locale\" content=\"en_GB\" \/>\n<meta property=\"og:type\" content=\"article\" \/>\n<meta property=\"og:title\" content=\"De historiske hotell og spisesteder - Grand Hotell\" \/>\n<meta property=\"og:description\" content=\"De Historiske - Hotel &amp; SpisestederDe Historiske er en unik medlemsorganisasjon best\u00e5ende av mange av Norges mest sjarmerende hotell og spisesteder. For \u00e5 f\u00e5 \u00e5 bli medlem i De Historiske [&hellip;]\" \/>\n<meta property=\"og:url\" content=\"https:\/\/grand-egersund.no\/en\/about-us\/the-historic-hotels-and-restaurants\/\" \/>\n<meta property=\"og:site_name\" content=\"Grand Hotell\" \/>\n<meta property=\"article:publisher\" content=\"https:\/\/www.facebook.com\/GrandHotellEgersund\" \/>\n<meta property=\"article:modified_time\" content=\"2022-09-23T10:57:56+00:00\" \/>\n<meta name=\"twitter:card\" content=\"summary_large_image\" \/>\n<script type=\"application\/ld+json\" class=\"yoast-schema-graph\">{\"@context\":\"https:\/\/schema.org\",\"@graph\":[{\"@type\":\"WebPage\",\"@id\":\"https:\/\/grand-egersund.no\/om-oss\/de-historiske-hotell-og-spisesteder\/\",\"url\":\"https:\/\/grand-egersund.no\/om-oss\/de-historiske-hotell-og-spisesteder\/\",\"name\":\"De historiske hotell og spisesteder - Grand Hotell\",\"isPartOf\":{\"@id\":\"https:\/\/grand-egersund.no\/#website\"},\"datePublished\":\"2021-12-22T08:49:12+00:00\",\"dateModified\":\"2022-09-23T10:57:56+00:00\",\"breadcrumb\":{\"@id\":\"https:\/\/grand-egersund.no\/om-oss\/de-historiske-hotell-og-spisesteder\/#breadcrumb\"},\"inLanguage\":\"en-GB\",\"potentialAction\":[{\"@type\":\"ReadAction\",\"target\":[\"https:\/\/grand-egersund.no\/om-oss\/de-historiske-hotell-og-spisesteder\/\"]}]},{\"@type\":\"BreadcrumbList\",\"@id\":\"https:\/\/grand-egersund.no\/om-oss\/de-historiske-hotell-og-spisesteder\/#breadcrumb\",\"itemListElement\":[{\"@type\":\"ListItem\",\"position\":1,\"name\":\"Home\",\"item\":\"https:\/\/grand-egersund.no\/\"},{\"@type\":\"ListItem\",\"position\":2,\"name\":\"Om oss\",\"item\":\"https:\/\/grand-egersund.no\/om-oss\/\"},{\"@type\":\"ListItem\",\"position\":3,\"name\":\"De historiske hotell og spisesteder\"}]},{\"@type\":\"WebSite\",\"@id\":\"https:\/\/grand-egersund.no\/#website\",\"url\":\"https:\/\/grand-egersund.no\/\",\"name\":\"Grand Hotell\",\"description\":\"I hjertet av Egersund\",\"publisher\":{\"@id\":\"https:\/\/grand-egersund.no\/#organization\"},\"potentialAction\":[{\"@type\":\"SearchAction\",\"target\":{\"@type\":\"EntryPoint\",\"urlTemplate\":\"https:\/\/grand-egersund.no\/?s={search_term_string}\"},\"query-input\":{\"@type\":\"PropertyValueSpecification\",\"valueRequired\":true,\"valueName\":\"search_term_string\"}}],\"inLanguage\":\"en-GB\"},{\"@type\":\"Organization\",\"@id\":\"https:\/\/grand-egersund.no\/#organization\",\"name\":\"Grand Hotell gersund\",\"url\":\"https:\/\/grand-egersund.no\/\",\"logo\":{\"@type\":\"ImageObject\",\"inLanguage\":\"en-GB\",\"@id\":\"https:\/\/grand-egersund.no\/#\/schema\/logo\/image\/\",\"url\":\"http:\/\/grand-egersund.no\/wp-content\/uploads\/2021\/12\/Grand-Egersund_logo_liggende_farge.png\",\"contentUrl\":\"http:\/\/grand-egersund.no\/wp-content\/uploads\/2021\/12\/Grand-Egersund_logo_liggende_farge.png\",\"width\":891,\"height\":434,\"caption\":\"Grand Hotell gersund\"},\"image\":{\"@id\":\"https:\/\/grand-egersund.no\/#\/schema\/logo\/image\/\"},\"sameAs\":[\"https:\/\/www.facebook.com\/GrandHotellEgersund\"]}]}<\/script>\n<!-- \/ Yoast SEO plugin. -->","yoast_head_json":{"title":"The historic hotels and restaurants - Grand Hotell","robots":{"index":"index","follow":"follow","max-snippet":"max-snippet:-1","max-image-preview":"max-image-preview:large","max-video-preview":"max-video-preview:-1"},"canonical":"https:\/\/grand-egersund.no\/en\/about-us\/the-historic-hotels-and-restaurants\/","og_locale":"en_GB","og_type":"article","og_title":"De historiske hotell og spisesteder - Grand Hotell","og_description":"De Historiske - Hotel &amp; SpisestederDe Historiske er en unik medlemsorganisasjon best\u00e5ende av mange av Norges mest sjarmerende hotell og spisesteder. For \u00e5 f\u00e5 \u00e5 bli medlem i De Historiske [&hellip;]","og_url":"https:\/\/grand-egersund.no\/en\/about-us\/the-historic-hotels-and-restaurants\/","og_site_name":"Grand Hotell","article_publisher":"https:\/\/www.facebook.com\/GrandHotellEgersund","article_modified_time":"2022-09-23T10:57:56+00:00","twitter_card":"summary_large_image","schema":{"@context":"https:\/\/schema.org","@graph":[{"@type":"WebPage","@id":"https:\/\/grand-egersund.no\/om-oss\/de-historiske-hotell-og-spisesteder\/","url":"https:\/\/grand-egersund.no\/om-oss\/de-historiske-hotell-og-spisesteder\/","name":"The historic hotels and restaurants - Grand Hotell","isPartOf":{"@id":"https:\/\/grand-egersund.no\/#website"},"datePublished":"2021-12-22T08:49:12+00:00","dateModified":"2022-09-23T10:57:56+00:00","breadcrumb":{"@id":"https:\/\/grand-egersund.no\/om-oss\/de-historiske-hotell-og-spisesteder\/#breadcrumb"},"inLanguage":"en-GB","potentialAction":[{"@type":"ReadAction","target":["https:\/\/grand-egersund.no\/om-oss\/de-historiske-hotell-og-spisesteder\/"]}]},{"@type":"BreadcrumbList","@id":"https:\/\/grand-egersund.no\/om-oss\/de-historiske-hotell-og-spisesteder\/#breadcrumb","itemListElement":[{"@type":"ListItem","position":1,"name":"Home","item":"https:\/\/grand-egersund.no\/"},{"@type":"ListItem","position":2,"name":"Om oss","item":"https:\/\/grand-egersund.no\/om-oss\/"},{"@type":"ListItem","position":3,"name":"De historiske hotell og spisesteder"}]},{"@type":"WebSite","@id":"https:\/\/grand-egersund.no\/#website","url":"https:\/\/grand-egersund.no\/","name":"Grand Hotel","description":"In the heart of Egersund","publisher":{"@id":"https:\/\/grand-egersund.no\/#organization"},"potentialAction":[{"@type":"SearchAction","target":{"@type":"EntryPoint","urlTemplate":"https:\/\/grand-egersund.no\/?s={search_term_string}"},"query-input":{"@type":"PropertyValueSpecification","valueRequired":true,"valueName":"search_term_string"}}],"inLanguage":"en-GB"},{"@type":"Organization","@id":"https:\/\/grand-egersund.no\/#organization","name":"Grand Hotel gersund","url":"https:\/\/grand-egersund.no\/","logo":{"@type":"ImageObject","inLanguage":"en-GB","@id":"https:\/\/grand-egersund.no\/#\/schema\/logo\/image\/","url":"http:\/\/grand-egersund.no\/wp-content\/uploads\/2021\/12\/Grand-Egersund_logo_liggende_farge.png","contentUrl":"http:\/\/grand-egersund.no\/wp-content\/uploads\/2021\/12\/Grand-Egersund_logo_liggende_farge.png","width":891,"height":434,"caption":"Grand Hotell gersund"},"image":{"@id":"https:\/\/grand-egersund.no\/#\/schema\/logo\/image\/"},"sameAs":["https:\/\/www.facebook.com\/GrandHotellEgersund"]}]}},"_links":{"self":[{"href":"https:\/\/grand-egersund.no\/en\/wp-json\/wp\/v2\/pages\/233287","targetHints":{"allow":["GET"]}}],"collection":[{"href":"https:\/\/grand-egersund.no\/en\/wp-json\/wp\/v2\/pages"}],"about":[{"href":"https:\/\/grand-egersund.no\/en\/wp-json\/wp\/v2\/types\/page"}],"author":[{"embeddable":true,"href":"https:\/\/grand-egersund.no\/en\/wp-json\/wp\/v2\/users\/1"}],"replies":[{"embeddable":true,"href":"https:\/\/grand-egersund.no\/en\/wp-json\/wp\/v2\/comments?post=233287"}],"version-history":[{"count":10,"href":"https:\/\/grand-egersund.no\/en\/wp-json\/wp\/v2\/pages\/233287\/revisions"}],"predecessor-version":[{"id":235581,"href":"https:\/\/grand-egersund.no\/en\/wp-json\/wp\/v2\/pages\/233287\/revisions\/235581"}],"up":[{"embeddable":true,"href":"https:\/\/grand-egersund.no\/en\/wp-json\/wp\/v2\/pages\/233281"}],"wp:attachment":[{"href":"https:\/\/grand-egersund.no\/en\/wp-json\/wp\/v2\/media?parent=233287"}],"curies":[{"name":"wp","href":"https:\/\/api.w.org\/{rel}","templated":true}]}}