{"id":233285,"date":"2021-12-22T09:48:43","date_gmt":"2021-12-22T08:48:43","guid":{"rendered":"http:\/\/grandhotell.megakunder.no\/?page_id=233285"},"modified":"2025-12-02T13:45:38","modified_gmt":"2025-12-02T12:45:38","slug":"was-history","status":"publish","type":"page","link":"https:\/\/grand-egersund.no\/en\/om-oss\/om-grand-hotell\/var-historie\/","title":{"rendered":"Our history"},"content":{"rendered":"<p>[et_pb_section fb_built=&raquo;1&#8243; _builder_version=&raquo;4.24.2&#8243; _module_preset=&raquo;default&raquo; background_image=&raquo;https:\/\/grand-egersund.no\/wp-content\/uploads\/2024\/10\/DSC01331-Edit-2-Edit-scaled.jpg&raquo; height=&raquo;30vh&raquo; global_colors_info=&raquo;{}&raquo;][\/et_pb_section][et_pb_section fb_built=&raquo;1&#8243; _builder_version=&raquo;4.18.0&#8243; _module_preset=&raquo;default&raquo; background_color=&raquo;#F6F2F0&#8243; custom_padding=&raquo;0px||0px|||&raquo; global_module=&raquo;235456&#8243; global_colors_info=&raquo;{}&raquo;][et_pb_row _builder_version=&raquo;4.18.0&#8243; _module_preset=&raquo;default&raquo; custom_padding=&raquo;0px||0px|||&raquo; global_colors_info=&raquo;{}&raquo;][et_pb_column type=&raquo;4_4&#8243; _builder_version=&raquo;4.18.0&#8243; _module_preset=&raquo;default&raquo; global_colors_info=&raquo;{}&raquo;][et_pb_code _builder_version=&raquo;4.18.0&#8243; _module_preset=&raquo;default&raquo; global_colors_info=&raquo;{}&raquo;]<div id=\"breadcrumbs\"><a href=\"https:\/\/grand-egersund.no\/en\">Forside<\/a><span class=\"delimiter\"> &raquo; <\/span><\/div>[\/et_pb_code][\/et_pb_column][\/et_pb_row][\/et_pb_section][et_pb_section fb_built=&raquo;1&#8243; _builder_version=&raquo;4.16&#8243; _module_preset=&raquo;default&raquo; background_color=&raquo;#F6F2F0&#8243; background_enable_image=&raquo;off&raquo; custom_padding=&raquo;||50px|||&raquo; global_colors_info=&raquo;{}&raquo;][et_pb_row _builder_version=&raquo;4.16&#8243; _module_preset=&raquo;default&raquo; custom_padding=&raquo;||0px|||&raquo; global_colors_info=&raquo;{}&raquo;][et_pb_column type=&raquo;4_4&#8243; _builder_version=&raquo;4.16&#8243; _module_preset=&raquo;default&raquo; global_colors_info=&raquo;{}&raquo;][et_pb_text _builder_version=&raquo;4.16&#8243; _module_preset=&raquo;254d1c82-e0bc-4825-ad34-bb6e43b40ab5&#8243; global_colors_info=&raquo;{}&raquo;]<\/p>\n<h1 style=\"text-align: center;\">V\u00e5r historie<\/h1>\n<p>[\/et_pb_text][et_pb_text _builder_version=&raquo;4.17.4&#8243; _module_preset=&raquo;254d1c82-e0bc-4825-ad34-bb6e43b40ab5&#8243; max_width=&raquo;640px&raquo; module_alignment=&raquo;center&raquo; custom_margin=&raquo;||40px|||&raquo; global_colors_info=&raquo;{}&raquo;]<\/p>\n<p><span class=\"font100004\"><span>Hotellets historie begynner med Herman Danielsons \u00e5pning av Hotell J\u00e6deren tidlig i 1878. Et av de f\u00f8rste store arrangementer han var vert for, var da J\u00e6rbanens \u00e5pning ble feiret i Egersund med frokost p\u00e5 hans hotell den 27. februar 1878. Rundt 1880 var Hotel J\u00e6deren et av tre st\u00f8rre hoteller i byen. I mai 1896 var det en st\u00f8rre brann i kvartalet, og Hotel J\u00e6deren ble sterkt skadet &#8211; mer av vann enn av brann. Skadene var s\u00e5 store at bygningen ble erkl\u00e6rt \u00e5 v\u00e6re totalskadd, og Danielson benyttet anledningen til \u00e5 f\u00f8re opp en ny bygning, mer tilpasset moderne hotelldrift enn den gamle. Samtidig skiftet hotellet navn til Grand Hotell.<\/span><\/span><\/p>\n<p>[\/et_pb_text][et_pb_text _builder_version=&raquo;4.24.2&#8243; _module_preset=&raquo;254d1c82-e0bc-4825-ad34-bb6e43b40ab5&#8243; max_width=&raquo;640px&raquo; module_alignment=&raquo;center&raquo; custom_margin=&raquo;||40px|||&raquo; custom_padding=&raquo;||0px|||&raquo; global_colors_info=&raquo;{}&raquo;]<\/p>\n<div id=\"xpm690092436\" class=\"xpm xpms0 font100001 ModuleGroup\">\n<div id=\"mgp690092436\" class=\"pane\">\n<div data-back=\"\/Bannere\/historie-banner.jpg?x1=0&amp;x2=895&amp;y1=42&amp;y2=269\" data-backstyle=\"cover\" id=\"xpm1940940399\" class=\"xpm font100001 ModuleGroup\">\n<div id=\"mgp1940940399\" class=\"pane\">\n<div id=\"xpm1780664944\" class=\"xpm xpms1713949790 font100001 ModuleGroup\">\n<div id=\"mgp1780664944\" class=\"pane\">\n<div id=\"xpm2073233513\" class=\"xpm font100001 HTML\"><\/div>\n<\/div>\n<\/div>\n<\/div>\n<\/div>\n<\/div>\n<\/div>\n<div id=\"xpm1420534377\" class=\"xpm xpms373464879 font100001 Heading\">\n<h2 id=\"xhi1420534377\" class=\"xh373464879 font233346564\">Historien til Grand Hotell<\/h2>\n<\/div>\n<div id=\"xpm1720241079\" class=\"xpm xpms1631441012 font100001 HTML\">\n<p><span class=\"font100004\">Egersund er Rogalands nest eldste by, men er allikevel ingen gammel by i europeisk sammenheng.<\/span><\/p>\n<p>Den f\u00f8rste bebyggelse i omr\u00e5det som i dag utgj\u00f8r byens sentrum kom til p\u00e5 1600-tallet, men det var f\u00f8rst utp\u00e5 1700-tallet at konturen av en by vokste fram. Allikevel har byen en rik historie som handler om opp- og nedgangstider, katastrofale bybranner, framvekst av et variert n\u00e6ringsliv, infrastruktur og kommunikasjoner.<\/p>\n<p>Hotellets historie begynner med Herman Danielsons \u00e5pning av Hotell J\u00e6deren tidlig i 1878. Et av de f\u00f8rste store arrangementer han var vert for, var da J\u00e6rbanens \u00e5pning ble feiret i Egersund med frokost p\u00e5 hans hotell den 27. februar 1878. Rundt 1880 var Hotel J\u00e6deren et av tre st\u00f8rre hoteller i byen. I mai 1896 var det en st\u00f8rre brann i kvartalet, og Hotel J\u00e6deren ble sterkt skadet &#8211; mer av vann enn av brann. Skadene var s\u00e5 store at bygningen ble erkl\u00e6rt \u00e5 v\u00e6re totalskadd, og Danielson benyttet anledningen til \u00e5 f\u00f8re opp en ny bygning, mer tilpasset moderne hotelldrift enn den gamle. Samtidig skiftet hotellet navn til Grand Hotell.<\/p>\n<p>Grand Hotel ble \u00e5pnet i 1897, med adresse Johan Feyers gate 3. Herman Danielsen, d\u00f8de ikke s\u00e5 lenge etter brannen, og hans enke drev hotellet videre inntil Michael Gorritzen kj\u00f8pte det og overtok driften i 1909. Hotellet hadde innlagt elektrisk str\u00f8m fra den dag Egersunds Elektricitetsverk startet produksjonen i 1905.<\/p>\n<p>I 1912 ble hotellet kj\u00f8pt av Astrid Iversen som drev det til 1918, da det ble solgt videre p\u00e5 frivillig auksjon.<\/p>\n<p>I 1922 gikk den tidligere hotelleieren konkurs, og bestyreren p\u00e5 Victoria Hotel, den driftige Olufine Skj\u00e6veland, overtok bygningen. Etter en n\u00f8dvendig oppussing \u00e5pnet hun Grand Hotel igjen i april 1923. Tre \u00e5r senere, i p\u00e5sken 1926, ble hotellet rammet av brann, en brann der to personer omkom og bygningen \u00f8delagt. Men det gikk ikke lang tid f\u00f8r en ny murbygning var reist, og allerede utp\u00e5 ny\u00e5ret 1927 var hotellet p\u00e5 nytt i drift. Hotellet fikk et godt renomm\u00e9, og hadde ofte fullt belegg. Det ble foretatt noen mindre utvidelser og standardhevinger i 1934 og -35. Mange sm\u00e5 og store begivenheter ble feiret p\u00e5 hotellet. Under okkupasjonen rekvirerte den tyske kommandanten hotellet og opprettet sitt hovedkvarter der. Olufine Skj\u00e6veland, som var kjent som en hyggelig og flink hotellvert, ledet virksomheten helt til sin d\u00f8d i 1958.<\/p>\n<p>Hotellet, som en kort periode bar navnet Eiger Hotell, eies n\u00e5 av Grand Hotell AS. P\u00e5 midten av 1990-tallet kj\u00f8pte selskapet Storgaten 12, restaurerte bygningen og innlemmet den i hotellet. Restaureringen var s\u00e5 nennsomt utf\u00f8rt at hotellet fikk b\u00e5de Eigersunds Arkitekturvernpris og Fortidsminnesmerkeforeningens vernepris i 1995 som anerkjennelse av arbeidet.<\/p>\n<p>I 1997 ble eiendommen Johan Feyers gate 1 innkj\u00f8pt. Det var her Hotel Carl en gang i tiden holdt til. Bygningen ble revet, og i 2005 sto nybygget ferdig, tilpasset eksisterende bebyggelse i kvartalet. Grand Hotells fasade mot Johan Feyers gate er et illustrerende uttrykk for ulike arkitektoniske tenkem\u00e5ter og stilepoker: restaureringsarkitektur representert med 1880-tallets drage- og sveitserstil i Storgaten 12, 1930-tallets funkisstil i Johan Feyers gate 3 og 2000-tallets tilpasningsarkitektur i Johan Feyers gate 1.)<\/p>\n<p>I den senere tid har flere nabohus blitt kj\u00f8pt og &#8211; med nennsom, antikvarisk h\u00e5nd &#8211; bygget om og bygget inn i Grand Hotell slik det framst\u00e5r i dag. I juni 2013 \u00e5pnet\u00a0en avdeling med\u00a022 nye rom, auditorium, styrerom og grupperom. Elementer fra de gamle bygningene er bakt inn i nytt m\u00f8blement og mange unike detaljer. Her finner du blant annet gulvteppe av resirkulert fiskegarn og \u00a0m\u00f8tebord av laftet t\u00f8mmer fra det gamle bakeriet.<\/p>\n<p>I 2015 utvidet vi med ytterligere 20 rom i 3 hus og tilbyr n\u00e5 totalt 100 rom. I denne prosessen har det v\u00e6rt n\u00e6r dialog med vernemyndigheter. Filosofien v\u00e5r har v\u00e6rt \u00e5 bevare det gamle og ekte s\u00e5 langt det lar seg gj\u00f8re og fremheve disse elementene. Fokus har v\u00e6rt vern. Vi tok vare p\u00e5 laftet t\u00f8mmer og brukte dette som innervegger mot bad p\u00e5 hotellrommene, vi har laget m\u00f8bler av laftet t\u00f8mmer fra 1895 som befant seg i yttervegg som m\u00e5tte isoleres p\u00e5 nytt. Vi fant gamle sj\u00f8kart fra tidlig 1800 tall til slutten av 1800 tallet som ble som isolasjon p\u00e5 ytterveggene. De har v\u00e6rt om bord p\u00e5 skipene til Reder Theodor Nordaas. Disse er n\u00e5 utsmykking p\u00e5 veggene. Vi har v\u00e6rt opptatt av at vi ikke skal ha billige kopier, men da heller tenke nytt og moderne.<\/p>\n<p>Tidlig i 2019\u00a0 ble ble f\u00f8rste etasje av Storgaten 12 bygget om og i mars samme \u00e5ret kunne vi endelig \u00e5pne <a href=\"https:\/\/eigra.no\/\" target=\"_blank\" rel=\"noopener\">Eigra kj\u00f8kken &amp; bar<\/a>, et nytt spisested og m\u00f8teplass for b\u00e5de hotellgjester og byens befolkning.<\/p>\n<p>Kilde: Egersund Byhistoriske leksikon<\/p>\n<p>I forbindelse med hotellets 140-\u00e5rs jubileum ble det skrevet en bok om hotellet, boken heter <span>\u00abByen og hotellet, Grand og Egersund\u00bb. Les i boken n\u00e5r du er p\u00e5 bes\u00f8k oss. \u00d8nsker du \u00e5 ta den med hjem kan du kj\u00f8pe et eksemplar i resepsjonen.\u00a0<\/span><\/p>\n<\/div>\n<p>[\/et_pb_text][\/et_pb_column][\/et_pb_row][\/et_pb_section][et_pb_section fb_built=&raquo;1&#8243; disabled_on=&raquo;on|on|on&raquo; _builder_version=&raquo;4.16&#8243; _module_preset=&raquo;default&raquo; background_color=&raquo;#F6F2F0&#8243; custom_padding=&raquo;||91px|||&raquo; disabled=&raquo;on&raquo; locked=&raquo;off&raquo; global_colors_info=&raquo;{}&raquo;][et_pb_row column_structure=&raquo;1_2,1_2&#8243; _builder_version=&raquo;4.17.4&#8243; _module_preset=&raquo;5ad0b517-c8df-4be5-a546-140e0a59f7a9&#8243; custom_margin=&raquo;60px||60px||false|false&raquo; global_colors_info=&raquo;{}&raquo;][et_pb_column type=&raquo;1_2&#8243; _builder_version=&raquo;4.17.4&#8243; _module_preset=&raquo;4ff29b9d-5eb1-46da-b20f-1673c70dad5e&raquo; global_colors_info=&raquo;{}&raquo;][et_pb_text _builder_version=&raquo;4.17.4&#8243; _module_preset=&raquo;254d1c82-e0bc-4825-ad34-bb6e43b40ab5&#8243; global_colors_info=&raquo;{}&raquo;]<\/p>\n<h2 style=\"text-align: left;\">Tittel<\/h2>\n<p>[\/et_pb_text][et_pb_text _builder_version=&raquo;4.17.4&#8243; _module_preset=&raquo;254d1c82-e0bc-4825-ad34-bb6e43b40ab5&#8243; max_width=&raquo;640px&raquo; module_alignment=&raquo;center&raquo; global_colors_info=&raquo;{}&raquo;]<\/p>\n<p>Tekst<\/p>\n<p>[\/et_pb_text][et_pb_button button_text=&raquo;Knapp&raquo; button_alignment=&raquo;left&raquo; _builder_version=&raquo;4.17.4&#8243; _module_preset=&raquo;13d43eb9-f434-455a-afff-d8b9e70dee92&#8243; global_colors_info=&raquo;{}&raquo;][\/et_pb_button][\/et_pb_column][et_pb_column type=&raquo;1_2&#8243; _builder_version=&raquo;4.17.4&#8243; _module_preset=&raquo;default&raquo; background_image=&raquo;https:\/\/grand-egersund.no\/wp-content\/uploads\/2022\/07\/Eikund_Eigra-9807-HDR-6.jpg&raquo; global_colors_info=&raquo;{}&raquo;][et_pb_image src=&raquo;https:\/\/grand-egersund.no\/wp-content\/uploads\/2022\/07\/Eikund_Eigra-9807-HDR-6.jpg&raquo; title_text=&raquo;Eikund_Eigra-9807-HDR (6)&raquo; disabled_on=&raquo;off|off|on&raquo; _builder_version=&raquo;4.17.4&#8243; _module_preset=&raquo;default&raquo; global_colors_info=&raquo;{}&raquo;][\/et_pb_image][\/et_pb_column][\/et_pb_row][et_pb_row column_structure=&raquo;1_2,1_2&#8243; make_equal=&raquo;on&raquo; _builder_version=&raquo;4.17.4&#8243; _module_preset=&raquo;default&raquo; saved_tabs=&raquo;all&raquo; global_colors_info=&raquo;{}&raquo;][et_pb_column type=&raquo;1_2&#8243; _builder_version=&raquo;4.17.4&#8243; _module_preset=&raquo;default&raquo; background_image=&raquo;https:\/\/grand-egersund.no\/wp-content\/uploads\/2022\/05\/Hovedbilde-jaerruta.jpg&raquo; global_colors_info=&raquo;{}&raquo;][et_pb_image src=&raquo;https:\/\/grand-egersund.no\/wp-content\/uploads\/2022\/05\/Hovedbilde-jaerruta.jpg&raquo; title_text=&raquo;Hovedbilde j\u00e6rruta&raquo; disabled_on=&raquo;off|off|on&raquo; _builder_version=&raquo;4.17.4&#8243; _module_preset=&raquo;default&raquo; global_colors_info=&raquo;{}&raquo;][\/et_pb_image][\/et_pb_column][et_pb_column type=&raquo;1_2&#8243; _builder_version=&raquo;4.17.4&#8243; _module_preset=&raquo;4ff29b9d-5eb1-46da-b20f-1673c70dad5e&raquo; global_colors_info=&raquo;{}&raquo;][et_pb_text _builder_version=&raquo;4.17.4&#8243; _module_preset=&raquo;254d1c82-e0bc-4825-ad34-bb6e43b40ab5&#8243; global_colors_info=&raquo;{}&raquo;]<\/p>\n<h2 style=\"text-align: left;\">Tittel<\/h2>\n<p>[\/et_pb_text][et_pb_text _builder_version=&raquo;4.17.4&#8243; _module_preset=&raquo;254d1c82-e0bc-4825-ad34-bb6e43b40ab5&#8243; max_width=&raquo;640px&raquo; module_alignment=&raquo;center&raquo; custom_margin=&raquo;||40px|||&raquo; global_colors_info=&raquo;{}&raquo;]<\/p>\n<p style=\"text-align: left;\">Tekst<\/p>\n<p>[\/et_pb_text][\/et_pb_column][\/et_pb_row][\/et_pb_section][et_pb_section fb_built=&raquo;1&#8243; _builder_version=&raquo;4.18.0&#8243; _module_preset=&raquo;default&raquo; background_color=&raquo;#F6F2F0&#8243; custom_padding=&raquo;29px||0px|||&raquo; global_colors_info=&raquo;{}&raquo;][et_pb_row _builder_version=&raquo;4.16&#8243; _module_preset=&raquo;default&raquo; custom_padding=&raquo;||0px|||&raquo; global_colors_info=&raquo;{}&raquo;][et_pb_column type=&raquo;4_4&#8243; _builder_version=&raquo;4.16&#8243; _module_preset=&raquo;default&raquo; global_colors_info=&raquo;{}&raquo;][et_pb_button button_text=&raquo;Til toppen&raquo; _builder_version=&raquo;4.16&#8243; _module_preset=&raquo;711416d9-2858-43aa-952b-a2853918e909&#8243; global_colors_info=&raquo;{}&raquo;][\/et_pb_button][\/et_pb_column][\/et_pb_row][\/et_pb_section]<\/p>\n","protected":false},"excerpt":{"rendered":"<p><div id=\"breadcrumbs\"><a href=\"https:\/\/grand-egersund.no\/en\">Forside<\/a><span class=\"delimiter\"> &raquo; <\/span><\/div>V\u00e5r historieHotellets historie begynner med Herman Danielsons \u00e5pning av Hotell J\u00e6deren tidlig i 1878. Et av de f\u00f8rste store arrangementer han var vert for, var da J\u00e6rbanens \u00e5pning ble feiret [&hellip;]<\/p>\n","protected":false},"author":1,"featured_media":0,"parent":233283,"menu_order":0,"comment_status":"closed","ping_status":"closed","template":"","meta":{"_et_pb_use_builder":"on","_et_pb_old_content":"<!-- wp:divi\/placeholder \/-->","_et_gb_content_width":"","footnotes":""},"class_list":["post-233285","page","type-page","status-publish","hentry"],"yoast_head":"<!-- This site is optimized with the Yoast SEO plugin v27.1.1 - https:\/\/yoast.com\/product\/yoast-seo-wordpress\/ -->\n<title>V\u00e5r historie - Grand Hotell<\/title>\n<meta name=\"robots\" content=\"index, follow, max-snippet:-1, max-image-preview:large, max-video-preview:-1\" \/>\n<link rel=\"canonical\" href=\"https:\/\/grand-egersund.no\/en\/about-us\/about-grand-hotel\/was-history\/\" \/>\n<meta property=\"og:locale\" content=\"en_GB\" \/>\n<meta property=\"og:type\" content=\"article\" \/>\n<meta property=\"og:title\" content=\"V\u00e5r historie - Grand Hotell\" \/>\n<meta property=\"og:description\" content=\"V\u00e5r historieHotellets historie begynner med Herman Danielsons \u00e5pning av Hotell J\u00e6deren tidlig i 1878. Et av de f\u00f8rste store arrangementer han var vert for, var da J\u00e6rbanens \u00e5pning ble feiret [&hellip;]\" \/>\n<meta property=\"og:url\" content=\"https:\/\/grand-egersund.no\/en\/about-us\/about-grand-hotel\/was-history\/\" \/>\n<meta property=\"og:site_name\" content=\"Grand Hotell\" \/>\n<meta property=\"article:publisher\" content=\"https:\/\/www.facebook.com\/GrandHotellEgersund\" \/>\n<meta property=\"article:modified_time\" content=\"2025-12-02T12:45:38+00:00\" \/>\n<meta name=\"twitter:card\" content=\"summary_large_image\" \/>\n<script type=\"application\/ld+json\" class=\"yoast-schema-graph\">{\"@context\":\"https:\/\/schema.org\",\"@graph\":[{\"@type\":\"WebPage\",\"@id\":\"https:\/\/grand-egersund.no\/om-oss\/om-grand-hotell\/var-historie\/\",\"url\":\"https:\/\/grand-egersund.no\/om-oss\/om-grand-hotell\/var-historie\/\",\"name\":\"V\u00e5r historie - Grand Hotell\",\"isPartOf\":{\"@id\":\"https:\/\/grand-egersund.no\/#website\"},\"datePublished\":\"2021-12-22T08:48:43+00:00\",\"dateModified\":\"2025-12-02T12:45:38+00:00\",\"breadcrumb\":{\"@id\":\"https:\/\/grand-egersund.no\/om-oss\/om-grand-hotell\/var-historie\/#breadcrumb\"},\"inLanguage\":\"en-GB\",\"potentialAction\":[{\"@type\":\"ReadAction\",\"target\":[\"https:\/\/grand-egersund.no\/om-oss\/om-grand-hotell\/var-historie\/\"]}]},{\"@type\":\"BreadcrumbList\",\"@id\":\"https:\/\/grand-egersund.no\/om-oss\/om-grand-hotell\/var-historie\/#breadcrumb\",\"itemListElement\":[{\"@type\":\"ListItem\",\"position\":1,\"name\":\"Home\",\"item\":\"https:\/\/grand-egersund.no\/\"},{\"@type\":\"ListItem\",\"position\":2,\"name\":\"Om oss\",\"item\":\"https:\/\/grand-egersund.no\/om-oss\/\"},{\"@type\":\"ListItem\",\"position\":3,\"name\":\"Om Grand Hotell\",\"item\":\"https:\/\/grand-egersund.no\/om-oss\/om-grand-hotell\/\"},{\"@type\":\"ListItem\",\"position\":4,\"name\":\"V\u00e5r historie\"}]},{\"@type\":\"WebSite\",\"@id\":\"https:\/\/grand-egersund.no\/#website\",\"url\":\"https:\/\/grand-egersund.no\/\",\"name\":\"Grand Hotell\",\"description\":\"I hjertet av Egersund\",\"publisher\":{\"@id\":\"https:\/\/grand-egersund.no\/#organization\"},\"potentialAction\":[{\"@type\":\"SearchAction\",\"target\":{\"@type\":\"EntryPoint\",\"urlTemplate\":\"https:\/\/grand-egersund.no\/?s={search_term_string}\"},\"query-input\":{\"@type\":\"PropertyValueSpecification\",\"valueRequired\":true,\"valueName\":\"search_term_string\"}}],\"inLanguage\":\"en-GB\"},{\"@type\":\"Organization\",\"@id\":\"https:\/\/grand-egersund.no\/#organization\",\"name\":\"Grand Hotell gersund\",\"url\":\"https:\/\/grand-egersund.no\/\",\"logo\":{\"@type\":\"ImageObject\",\"inLanguage\":\"en-GB\",\"@id\":\"https:\/\/grand-egersund.no\/#\/schema\/logo\/image\/\",\"url\":\"http:\/\/grand-egersund.no\/wp-content\/uploads\/2021\/12\/Grand-Egersund_logo_liggende_farge.png\",\"contentUrl\":\"http:\/\/grand-egersund.no\/wp-content\/uploads\/2021\/12\/Grand-Egersund_logo_liggende_farge.png\",\"width\":891,\"height\":434,\"caption\":\"Grand Hotell gersund\"},\"image\":{\"@id\":\"https:\/\/grand-egersund.no\/#\/schema\/logo\/image\/\"},\"sameAs\":[\"https:\/\/www.facebook.com\/GrandHotellEgersund\"]}]}<\/script>\n<!-- \/ Yoast SEO plugin. -->","yoast_head_json":{"title":"Our history - Grand Hotell","robots":{"index":"index","follow":"follow","max-snippet":"max-snippet:-1","max-image-preview":"max-image-preview:large","max-video-preview":"max-video-preview:-1"},"canonical":"https:\/\/grand-egersund.no\/en\/about-us\/about-grand-hotel\/was-history\/","og_locale":"en_GB","og_type":"article","og_title":"V\u00e5r historie - Grand Hotell","og_description":"V\u00e5r historieHotellets historie begynner med Herman Danielsons \u00e5pning av Hotell J\u00e6deren tidlig i 1878. Et av de f\u00f8rste store arrangementer han var vert for, var da J\u00e6rbanens \u00e5pning ble feiret [&hellip;]","og_url":"https:\/\/grand-egersund.no\/en\/about-us\/about-grand-hotel\/was-history\/","og_site_name":"Grand Hotell","article_publisher":"https:\/\/www.facebook.com\/GrandHotellEgersund","article_modified_time":"2025-12-02T12:45:38+00:00","twitter_card":"summary_large_image","schema":{"@context":"https:\/\/schema.org","@graph":[{"@type":"WebPage","@id":"https:\/\/grand-egersund.no\/om-oss\/om-grand-hotell\/var-historie\/","url":"https:\/\/grand-egersund.no\/om-oss\/om-grand-hotell\/var-historie\/","name":"Our history - Grand Hotell","isPartOf":{"@id":"https:\/\/grand-egersund.no\/#website"},"datePublished":"2021-12-22T08:48:43+00:00","dateModified":"2025-12-02T12:45:38+00:00","breadcrumb":{"@id":"https:\/\/grand-egersund.no\/om-oss\/om-grand-hotell\/var-historie\/#breadcrumb"},"inLanguage":"en-GB","potentialAction":[{"@type":"ReadAction","target":["https:\/\/grand-egersund.no\/om-oss\/om-grand-hotell\/var-historie\/"]}]},{"@type":"BreadcrumbList","@id":"https:\/\/grand-egersund.no\/om-oss\/om-grand-hotell\/var-historie\/#breadcrumb","itemListElement":[{"@type":"ListItem","position":1,"name":"Home","item":"https:\/\/grand-egersund.no\/"},{"@type":"ListItem","position":2,"name":"Om oss","item":"https:\/\/grand-egersund.no\/om-oss\/"},{"@type":"ListItem","position":3,"name":"Om Grand Hotell","item":"https:\/\/grand-egersund.no\/om-oss\/om-grand-hotell\/"},{"@type":"ListItem","position":4,"name":"V\u00e5r historie"}]},{"@type":"WebSite","@id":"https:\/\/grand-egersund.no\/#website","url":"https:\/\/grand-egersund.no\/","name":"Grand Hotel","description":"In the heart of Egersund","publisher":{"@id":"https:\/\/grand-egersund.no\/#organization"},"potentialAction":[{"@type":"SearchAction","target":{"@type":"EntryPoint","urlTemplate":"https:\/\/grand-egersund.no\/?s={search_term_string}"},"query-input":{"@type":"PropertyValueSpecification","valueRequired":true,"valueName":"search_term_string"}}],"inLanguage":"en-GB"},{"@type":"Organization","@id":"https:\/\/grand-egersund.no\/#organization","name":"Grand Hotel gersund","url":"https:\/\/grand-egersund.no\/","logo":{"@type":"ImageObject","inLanguage":"en-GB","@id":"https:\/\/grand-egersund.no\/#\/schema\/logo\/image\/","url":"http:\/\/grand-egersund.no\/wp-content\/uploads\/2021\/12\/Grand-Egersund_logo_liggende_farge.png","contentUrl":"http:\/\/grand-egersund.no\/wp-content\/uploads\/2021\/12\/Grand-Egersund_logo_liggende_farge.png","width":891,"height":434,"caption":"Grand Hotell gersund"},"image":{"@id":"https:\/\/grand-egersund.no\/#\/schema\/logo\/image\/"},"sameAs":["https:\/\/www.facebook.com\/GrandHotellEgersund"]}]}},"_links":{"self":[{"href":"https:\/\/grand-egersund.no\/en\/wp-json\/wp\/v2\/pages\/233285","targetHints":{"allow":["GET"]}}],"collection":[{"href":"https:\/\/grand-egersund.no\/en\/wp-json\/wp\/v2\/pages"}],"about":[{"href":"https:\/\/grand-egersund.no\/en\/wp-json\/wp\/v2\/types\/page"}],"author":[{"embeddable":true,"href":"https:\/\/grand-egersund.no\/en\/wp-json\/wp\/v2\/users\/1"}],"replies":[{"embeddable":true,"href":"https:\/\/grand-egersund.no\/en\/wp-json\/wp\/v2\/comments?post=233285"}],"version-history":[{"count":11,"href":"https:\/\/grand-egersund.no\/en\/wp-json\/wp\/v2\/pages\/233285\/revisions"}],"predecessor-version":[{"id":240948,"href":"https:\/\/grand-egersund.no\/en\/wp-json\/wp\/v2\/pages\/233285\/revisions\/240948"}],"up":[{"embeddable":true,"href":"https:\/\/grand-egersund.no\/en\/wp-json\/wp\/v2\/pages\/233283"}],"wp:attachment":[{"href":"https:\/\/grand-egersund.no\/en\/wp-json\/wp\/v2\/media?parent=233285"}],"curies":[{"name":"wp","href":"https:\/\/api.w.org\/{rel}","templated":true}]}}