{"id":233269,"date":"2021-12-22T09:46:35","date_gmt":"2021-12-22T08:46:35","guid":{"rendered":"http:\/\/grandhotell.megakunder.no\/?page_id=233269"},"modified":"2025-06-16T13:42:17","modified_gmt":"2025-06-16T11:42:17","slug":"travel-tips","status":"publish","type":"page","link":"https:\/\/grand-egersund.no\/en\/opplevelser\/aktiviteter\/turtips\/","title":{"rendered":"Tour tips"},"content":{"rendered":"<p>[et_pb_section fb_built=&raquo;1&#8243; _builder_version=&raquo;4.27.4&#8243; _module_preset=&raquo;default&raquo; background_color=&raquo;#F6F2F0&#8243; background_image=&raquo;https:\/\/grand-egersund.no\/wp-content\/uploads\/2022\/09\/Utsikt-mot-Varberg.jpg&raquo; height=&raquo;40vh&raquo; custom_padding=&raquo;||0px|||&raquo; global_colors_info=&raquo;{}&raquo;][\/et_pb_section][et_pb_section fb_built=&raquo;1&#8243; _builder_version=&raquo;4.16&#8243; _module_preset=&raquo;default&raquo; background_color=&raquo;#F6F2F0&#8243; custom_padding=&raquo;||50px|||&raquo; global_colors_info=&raquo;{}&raquo;][et_pb_row _builder_version=&raquo;4.16&#8243; _module_preset=&raquo;default&raquo; custom_padding=&raquo;||0px|||&raquo; global_colors_info=&raquo;{}&raquo;][et_pb_column type=&raquo;4_4&#8243; _builder_version=&raquo;4.16&#8243; _module_preset=&raquo;default&raquo; global_colors_info=&raquo;{}&raquo;][et_pb_text _builder_version=&raquo;4.27.4&#8243; _module_preset=&raquo;254d1c82-e0bc-4825-ad34-bb6e43b40ab5&#8243; global_colors_info=&raquo;{}&raquo;]<\/p>\n<h1 style=\"text-align: center;\">P\u00e5 tur i Egersund og omr\u00e5det rundt<\/h1>\n<p>[\/et_pb_text][et_pb_text _builder_version=&raquo;4.27.4&#8243; _module_preset=&raquo;254d1c82-e0bc-4825-ad34-bb6e43b40ab5&#8243; max_width=&raquo;640px&raquo; module_alignment=&raquo;center&raquo; global_colors_info=&raquo;{}&raquo;]<\/p>\n<div style=\"text-align: center;\"><span>N\u00e5r du bes\u00f8ker oss p\u00e5 Grand Hotell Egersund befinner du deg midt i Magma UNESCO Global Geopark, et omr\u00e5det med natur og geologi i verdensklasse. Vi har valgt ut noen fine turer med gode parkeringsmuligheter for deg.<\/span><\/div>\n<div style=\"text-align: center;\"><\/div>\n<p>[\/et_pb_text][\/et_pb_column][\/et_pb_row][\/et_pb_section][et_pb_section fb_built=&raquo;1&#8243; _builder_version=&raquo;4.16&#8243; _module_preset=&raquo;default&raquo; hover_enabled=&raquo;0&#8243; global_colors_info=&raquo;{}&raquo; sticky_enabled=&raquo;0&#8243;][et_pb_row column_structure=&raquo;1_2,1_2&#8243; _builder_version=&raquo;4.17.4&#8243; _module_preset=&raquo;default&raquo; global_colors_info=&raquo;{}&raquo;][et_pb_column type=&raquo;1_2&#8243; _builder_version=&raquo;4.16&#8243; _module_preset=&raquo;default&raquo; global_colors_info=&raquo;{}&raquo;][et_pb_image src=&raquo;https:\/\/grand-egersund.no\/wp-content\/uploads\/2023\/06\/Trollpikken-UNS-00332-Foto_Arne_Ove_Ostebrot-scaled.jpg&raquo; title_text=&raquo;Trollpikken-UNS-00332- Foto_Arne_Ove_\u00d8stebr\u00f8t&raquo; _builder_version=&raquo;4.27.4&#8243; _module_preset=&raquo;default&raquo; global_colors_info=&raquo;{}&raquo;][\/et_pb_image][\/et_pb_column][et_pb_column type=&raquo;1_2&#8243; _builder_version=&raquo;4.17.4&#8243; _module_preset=&raquo;4ff29b9d-5eb1-46da-b20f-1673c70dad5e&raquo; global_colors_info=&raquo;{}&raquo;][et_pb_text _builder_version=&raquo;4.27.4&#8243; _module_preset=&raquo;254d1c82-e0bc-4825-ad34-bb6e43b40ab5&#8243; global_colors_info=&raquo;{}&raquo;]<\/p>\n<h2 style=\"text-align: left;\">1. Trollpikken<\/h2>\n<p style=\"font-weight: 400; text-align: left;\">En spektakul\u00e6r naturformasjon som ble kjent nasjonalt og internasjonalt i 2017 n\u00e5r den ble hugd ned for \u00e5 s\u00e5 bli gjenreist etter kort tid av lokale ildsjeler og sponsorer.<\/p>\n<p style=\"font-weight: 400; text-align: left;\">Turen er p\u00e5 omtrent 5 km tur\/retur, og er tilrettelagt for at b\u00e5de store og sm\u00e5 kan g\u00e5 med grussti, gangbroer og noen f\u00e5 brattere partier. Det er godt skiltet og merket hele veien For \u00e5 komme deg til parkeringen kj\u00f8rer du til Kjervall. <span>\u00a0<\/span><\/p>\n<p style=\"font-weight: 400; text-align: left;\">Frister det med et bad? Det er flere muligheter for en dukkert p\u00e5 turen.<\/p>\n<p>[\/et_pb_text][\/et_pb_column][\/et_pb_row][et_pb_row column_structure=&raquo;1_2,1_2&#8243; _builder_version=&raquo;4.17.4&#8243; _module_preset=&raquo;default&raquo; global_colors_info=&raquo;{}&raquo;][et_pb_column type=&raquo;1_2&#8243; _builder_version=&raquo;4.16&#8243; _module_preset=&raquo;default&raquo; global_colors_info=&raquo;{}&raquo;][et_pb_image src=&raquo;https:\/\/grand-egersund.no\/wp-content\/uploads\/2024\/05\/jaerbanen_baa_0580srgb.jpg&raquo; title_text=&raquo;jaerbanen_baa_0580srgb&raquo; _builder_version=&raquo;4.27.4&#8243; _module_preset=&raquo;default&raquo; global_colors_info=&raquo;{}&raquo;][\/et_pb_image][\/et_pb_column][et_pb_column type=&raquo;1_2&#8243; _builder_version=&raquo;4.17.4&#8243; _module_preset=&raquo;4ff29b9d-5eb1-46da-b20f-1673c70dad5e&raquo; global_colors_info=&raquo;{}&raquo;][et_pb_text _builder_version=&raquo;4.27.4&#8243; _module_preset=&raquo;254d1c82-e0bc-4825-ad34-bb6e43b40ab5&#8243; global_colors_info=&raquo;{}&raquo;]<\/p>\n<h2 style=\"text-align: left;\">2. Den gamle J\u00e6rbanen<\/h2>\n<p style=\"font-weight: 400; text-align: left;\">En koselig og lett g\u00e5tur langs tras\u00e9en til den tidligere J\u00e6rbanen mellom Egersund og Hellvik. Stien best\u00e5r av grussti og noen broer. Flatt og enkelt \u00e5 g\u00e5 ogs\u00e5 med barnevogn eller joggetur, passer ogs\u00e5 fint \u00e5 sykle frem og tilbake. Turen er omtrent 8 km en vei, men du kan snu n\u00e5r som helst og g\u00e5 hjem igjen.<\/p>\n<p style=\"font-weight: 400; text-align: left;\">Parkering finner du rett ved NorEngros. Dersom du ikke \u00f8nsker \u00e5 g\u00e5 hele turen kan vi ogs\u00e5 anbefale \u00e5 ta toget til Hellvik \u00e5 g\u00e5 tilbake.<\/p>\n<p>[\/et_pb_text][\/et_pb_column][\/et_pb_row][et_pb_row column_structure=&raquo;1_2,1_2&#8243; _builder_version=&raquo;4.17.4&#8243; _module_preset=&raquo;default&raquo; global_colors_info=&raquo;{}&raquo;][et_pb_column type=&raquo;1_2&#8243; _builder_version=&raquo;4.16&#8243; _module_preset=&raquo;default&raquo; global_colors_info=&raquo;{}&raquo;][et_pb_image src=&raquo;https:\/\/grand-egersund.no\/wp-content\/uploads\/2025\/06\/IMG_6126-scaled.jpg&raquo; title_text=&raquo;IMG_6126&#8243; _builder_version=&raquo;4.27.4&#8243; _module_preset=&raquo;default&raquo; global_colors_info=&raquo;{}&raquo;][\/et_pb_image][\/et_pb_column][et_pb_column type=&raquo;1_2&#8243; _builder_version=&raquo;4.17.4&#8243; _module_preset=&raquo;4ff29b9d-5eb1-46da-b20f-1673c70dad5e&raquo; global_colors_info=&raquo;{}&raquo;][et_pb_text _builder_version=&raquo;4.27.4&#8243; _module_preset=&raquo;254d1c82-e0bc-4825-ad34-bb6e43b40ab5&#8243; global_colors_info=&raquo;{}&raquo;]<\/p>\n<h2 style=\"text-align: left;\">3. Brufjellh\u00e5lene<\/h2>\n<p style=\"font-weight: 400; text-align: left;\">Naturlige grotter og hull formet av b\u00f8lger og v\u00e6r i kalkstein. Ligger ved \u00c5na-Sira, som er et lite stykke s\u00f8r for Egersund. Hullene ligger lavt i fjellet, som gir deg en spektakul\u00e6r utsikt over havet. De fleste klarer \u00e5 gjennomf\u00f8re turen, men det er ikke en tur for deg som har h\u00f8ydeskrekk da siste del av turen m\u00e5 klatres ned en fjellvegg ved hjelp av tau. Turen er p\u00e5 omtrent 3 km tur\/retur.<\/p>\n<p style=\"font-weight: 400; text-align: left;\">Det er viktig \u00e5 huske godt skot\u00f8y, og vi anbefaler \u00e5 g\u00e5 turen i t\u00f8rt v\u00e6r.<\/p>\n<p>[\/et_pb_text][\/et_pb_column][\/et_pb_row][et_pb_row column_structure=&raquo;1_2,1_2&#8243; _builder_version=&raquo;4.17.4&#8243; _module_preset=&raquo;default&raquo; global_colors_info=&raquo;{}&raquo;][et_pb_column type=&raquo;1_2&#8243; _builder_version=&raquo;4.16&#8243; _module_preset=&raquo;default&raquo; global_colors_info=&raquo;{}&raquo;][et_pb_image src=&raquo;https:\/\/grand-egersund.no\/wp-content\/uploads\/2025\/06\/IMG_4399-scaled-2.jpeg&raquo; title_text=&raquo;Tr\u00e6lafjellet, Bjerkreim&raquo; _builder_version=&raquo;4.27.4&#8243; _module_preset=&raquo;default&raquo; global_colors_info=&raquo;{}&raquo;][\/et_pb_image][\/et_pb_column][et_pb_column type=&raquo;1_2&#8243; _builder_version=&raquo;4.17.4&#8243; _module_preset=&raquo;4ff29b9d-5eb1-46da-b20f-1673c70dad5e&raquo; global_colors_info=&raquo;{}&raquo;][et_pb_text _builder_version=&raquo;4.27.4&#8243; _module_preset=&raquo;254d1c82-e0bc-4825-ad34-bb6e43b40ab5&#8243; global_colors_info=&raquo;{}&raquo;]<\/p>\n<h2 style=\"text-align: left;\">4. Tr\u00e6lafjellet<\/h2>\n<p style=\"font-weight: 400; text-align: left;\">\u00d8nsker du fin utsikt over fjord og fjell og vakre \u00d8rsdalsvatnet, s\u00e5 er dette turen for deg. Kj\u00f8r til Vikes\u00e5 og f\u00f8lg skiltene mot Bjerkreim, parkering gj\u00f8res ved Skineldvatnet ovenfor Lauperak. En utrolig fin tur med middels vanskelighetsgrad, her b\u00f8r du v\u00e6re litt turvandt og ha godt skot\u00f8y som er vanntett.<\/p>\n<p style=\"font-weight: 400; text-align: left;\">Turen er p\u00e5 omtrent 6,5 km tur\/retur.<\/p>\n<p>[\/et_pb_text][\/et_pb_column][\/et_pb_row][et_pb_row column_structure=&raquo;1_2,1_2&#8243; _builder_version=&raquo;4.17.4&#8243; _module_preset=&raquo;default&raquo; global_colors_info=&raquo;{}&raquo;][et_pb_column type=&raquo;1_2&#8243; _builder_version=&raquo;4.16&#8243; _module_preset=&raquo;default&raquo; global_colors_info=&raquo;{}&raquo;][et_pb_image src=&raquo;https:\/\/grand-egersund.no\/wp-content\/uploads\/2025\/06\/Via_Ferrata_Migaren-foto-arne-ove-C3B8stebrC3B8t_keb4ei-2.jpg&raquo; title_text=&raquo;Via_Ferrata_Migaren-foto-arne-ove-stebrt_keb4ei-2&#8243; _builder_version=&raquo;4.27.4&#8243; _module_preset=&raquo;default&raquo; global_colors_info=&raquo;{}&raquo;][\/et_pb_image][\/et_pb_column][et_pb_column type=&raquo;1_2&#8243; _builder_version=&raquo;4.17.4&#8243; _module_preset=&raquo;4ff29b9d-5eb1-46da-b20f-1673c70dad5e&raquo; global_colors_info=&raquo;{}&raquo;][et_pb_text _builder_version=&raquo;4.27.4&#8243; _module_preset=&raquo;254d1c82-e0bc-4825-ad34-bb6e43b40ab5&#8243; global_colors_info=&raquo;{}&raquo;]<\/p>\n<h2 style=\"text-align: left;\">5. Via Ferrata<\/h2>\n<p style=\"font-weight: 400;\">Er du lysten p\u00e5 \u00e5 teste h\u00f8ydeskrekken? Da anbefaler vi Via Ferrata Migaren ved <a href=\"https:\/\/magmageopark.no\/no\/lokasjonsobjekt\/klatring-i-jossingfjord-via-ferrata-migaren\/\">J\u00f8ssingfjord Vitenmuseum <\/a>eller Via Ferrata <a href=\"https:\/\/magmageopark.no\/no\/lokasjonsobjekt\/klatretur-i-nord-europas-storste-steinroys\/\">Gloppedalsura<\/a>. Turene er ikke teknisk krevende, men det er bratt og h\u00f8yt! Det er en fordel om du har klatret med sele og slynge f\u00f8r, og i Gloppedalsura m\u00e5 du t\u00e5le at det er trangt.<\/p>\n<p>[\/et_pb_text][\/et_pb_column][\/et_pb_row][et_pb_row column_structure=&raquo;1_2,1_2&#8243; _builder_version=&raquo;4.17.4&#8243; _module_preset=&raquo;default&raquo; global_colors_info=&raquo;{}&raquo;][et_pb_column type=&raquo;1_2&#8243; _builder_version=&raquo;4.16&#8243; _module_preset=&raquo;default&raquo; global_colors_info=&raquo;{}&raquo;][et_pb_image src=&raquo;https:\/\/grand-egersund.no\/wp-content\/uploads\/2022\/05\/Hovedbilde-jaerruta.jpg&raquo; title_text=&raquo;Hovedbilde j\u00e6rruta&raquo; _builder_version=&raquo;4.27.4&#8243; _module_preset=&raquo;default&raquo; global_colors_info=&raquo;{}&raquo;][\/et_pb_image][\/et_pb_column][et_pb_column type=&raquo;1_2&#8243; _builder_version=&raquo;4.17.4&#8243; _module_preset=&raquo;4ff29b9d-5eb1-46da-b20f-1673c70dad5e&raquo; global_colors_info=&raquo;{}&raquo;][et_pb_text _builder_version=&raquo;4.27.4&#8243; _module_preset=&raquo;254d1c82-e0bc-4825-ad34-bb6e43b40ab5&#8243; global_colors_info=&raquo;{}&raquo;]<\/p>\n<h2 style=\"text-align: left;\">Andre tips<\/h2>\n<p style=\"font-weight: 400;\">Flere turomr\u00e5der i Egersund finner du <a href=\"https:\/\/magmageopark.no\/no\/aktuelt_egersund\/turomrader-i-egersund\/\">her<\/a><span> \u2013 og alle lokalitetene i Magma Geopark er listet opp <a href=\"https:\/\/magmageopark.no\/no\/geopark\/lokaliteter\/\">her<\/a>. <\/span><\/p>\n<p style=\"font-weight: 400;\">Det er ogs\u00e5 mulig \u00e5 laste ned appen \u00ab<a href=\"https:\/\/www.stikkut.no\/\">Stikk UT!<\/a>\u00bb hvor du hele tiden har tilgang til turstier i n\u00e6romr\u00e5det du befinner deg. Turene er gradert etter vanskelighetsgrad, og du kan samle poeng og registrere turene du har g\u00e5tt. Lag turg\u00e5ingen til en konkurranse med dine n\u00e6rmeste!<\/p>\n<p style=\"font-weight: 400;\">Du finner ogs\u00e5 en rekke fine turer langs J\u00e6ren <a href=\"https:\/\/ut.no\/sok?tekst=j%C3%A6ren\">her<\/a>. G\u00e5 langs strendene og opplev kontrastene med det flate landskapet som ligger like utenfor Magma Geopark.<\/p>\n<p>[\/et_pb_text][\/et_pb_column][\/et_pb_row][\/et_pb_section][et_pb_section fb_built=&raquo;1&#8243; _builder_version=&raquo;4.16&#8243; _module_preset=&raquo;default&raquo; background_color=&raquo;#F6F2F0&#8243; custom_padding=&raquo;29px||0px|||&raquo; global_colors_info=&raquo;{}&raquo;][et_pb_row _builder_version=&raquo;4.16&#8243; _module_preset=&raquo;default&raquo; custom_padding=&raquo;||0px|||&raquo; global_colors_info=&raquo;{}&raquo;][et_pb_column type=&raquo;4_4&#8243; _builder_version=&raquo;4.16&#8243; _module_preset=&raquo;default&raquo; global_colors_info=&raquo;{}&raquo;][et_pb_button button_text=&raquo;Til toppen&raquo; _builder_version=&raquo;4.16&#8243; _module_preset=&raquo;711416d9-2858-43aa-952b-a2853918e909&#8243; global_colors_info=&raquo;{}&raquo;][\/et_pb_button][\/et_pb_column][\/et_pb_row][\/et_pb_section]<\/p>\n","protected":false},"excerpt":{"rendered":"<p>P\u00e5 tur i Egersund og omr\u00e5det rundtN\u00e5r du bes\u00f8ker oss p\u00e5 Grand Hotell Egersund befinner du deg midt i Magma UNESCO Global Geopark, et omr\u00e5det med natur og geologi i [&hellip;]<\/p>\n","protected":false},"author":1,"featured_media":0,"parent":233277,"menu_order":0,"comment_status":"closed","ping_status":"closed","template":"","meta":{"_et_pb_use_builder":"on","_et_pb_old_content":"<!-- wp:divi\/placeholder \/-->","_et_gb_content_width":"","footnotes":""},"class_list":["post-233269","page","type-page","status-publish","hentry"],"yoast_head":"<!-- This site is optimized with the Yoast SEO plugin v27.1.1 - https:\/\/yoast.com\/product\/yoast-seo-wordpress\/ -->\n<title>Turtips - Grand Hotell<\/title>\n<meta name=\"robots\" content=\"index, follow, max-snippet:-1, max-image-preview:large, max-video-preview:-1\" \/>\n<link rel=\"canonical\" href=\"https:\/\/grand-egersund.no\/en\/experiences\/activities\/travel-tips\/\" \/>\n<meta property=\"og:locale\" content=\"en_GB\" \/>\n<meta property=\"og:type\" content=\"article\" \/>\n<meta property=\"og:title\" content=\"Turtips - Grand Hotell\" \/>\n<meta property=\"og:description\" content=\"P\u00e5 tur i Egersund og omr\u00e5det rundtN\u00e5r du bes\u00f8ker oss p\u00e5 Grand Hotell Egersund befinner du deg midt i Magma UNESCO Global Geopark, et omr\u00e5det med natur og geologi i [&hellip;]\" \/>\n<meta property=\"og:url\" content=\"https:\/\/grand-egersund.no\/en\/experiences\/activities\/travel-tips\/\" \/>\n<meta property=\"og:site_name\" content=\"Grand Hotell\" \/>\n<meta property=\"article:publisher\" content=\"https:\/\/www.facebook.com\/GrandHotellEgersund\" \/>\n<meta property=\"article:modified_time\" content=\"2025-06-16T11:42:17+00:00\" \/>\n<meta name=\"twitter:card\" content=\"summary_large_image\" \/>\n<meta name=\"twitter:label1\" content=\"Estimated reading time\" \/>\n\t<meta name=\"twitter:data1\" content=\"5 minutes\" \/>\n<script type=\"application\/ld+json\" class=\"yoast-schema-graph\">{\"@context\":\"https:\/\/schema.org\",\"@graph\":[{\"@type\":\"WebPage\",\"@id\":\"https:\/\/grand-egersund.no\/opplevelser\/aktiviteter\/turtips\/\",\"url\":\"https:\/\/grand-egersund.no\/opplevelser\/aktiviteter\/turtips\/\",\"name\":\"Turtips - Grand Hotell\",\"isPartOf\":{\"@id\":\"https:\/\/grand-egersund.no\/#website\"},\"datePublished\":\"2021-12-22T08:46:35+00:00\",\"dateModified\":\"2025-06-16T11:42:17+00:00\",\"breadcrumb\":{\"@id\":\"https:\/\/grand-egersund.no\/opplevelser\/aktiviteter\/turtips\/#breadcrumb\"},\"inLanguage\":\"en-GB\",\"potentialAction\":[{\"@type\":\"ReadAction\",\"target\":[\"https:\/\/grand-egersund.no\/opplevelser\/aktiviteter\/turtips\/\"]}]},{\"@type\":\"BreadcrumbList\",\"@id\":\"https:\/\/grand-egersund.no\/opplevelser\/aktiviteter\/turtips\/#breadcrumb\",\"itemListElement\":[{\"@type\":\"ListItem\",\"position\":1,\"name\":\"Home\",\"item\":\"https:\/\/grand-egersund.no\/\"},{\"@type\":\"ListItem\",\"position\":2,\"name\":\"Opplevelser\",\"item\":\"https:\/\/grand-egersund.no\/opplevelser\/\"},{\"@type\":\"ListItem\",\"position\":3,\"name\":\"Aktiviteter\",\"item\":\"https:\/\/grand-egersund.no\/opplevelser\/aktiviteter\/\"},{\"@type\":\"ListItem\",\"position\":4,\"name\":\"Turtips\"}]},{\"@type\":\"WebSite\",\"@id\":\"https:\/\/grand-egersund.no\/#website\",\"url\":\"https:\/\/grand-egersund.no\/\",\"name\":\"Grand Hotell\",\"description\":\"I hjertet av Egersund\",\"publisher\":{\"@id\":\"https:\/\/grand-egersund.no\/#organization\"},\"potentialAction\":[{\"@type\":\"SearchAction\",\"target\":{\"@type\":\"EntryPoint\",\"urlTemplate\":\"https:\/\/grand-egersund.no\/?s={search_term_string}\"},\"query-input\":{\"@type\":\"PropertyValueSpecification\",\"valueRequired\":true,\"valueName\":\"search_term_string\"}}],\"inLanguage\":\"en-GB\"},{\"@type\":\"Organization\",\"@id\":\"https:\/\/grand-egersund.no\/#organization\",\"name\":\"Grand Hotell gersund\",\"url\":\"https:\/\/grand-egersund.no\/\",\"logo\":{\"@type\":\"ImageObject\",\"inLanguage\":\"en-GB\",\"@id\":\"https:\/\/grand-egersund.no\/#\/schema\/logo\/image\/\",\"url\":\"http:\/\/grand-egersund.no\/wp-content\/uploads\/2021\/12\/Grand-Egersund_logo_liggende_farge.png\",\"contentUrl\":\"http:\/\/grand-egersund.no\/wp-content\/uploads\/2021\/12\/Grand-Egersund_logo_liggende_farge.png\",\"width\":891,\"height\":434,\"caption\":\"Grand Hotell gersund\"},\"image\":{\"@id\":\"https:\/\/grand-egersund.no\/#\/schema\/logo\/image\/\"},\"sameAs\":[\"https:\/\/www.facebook.com\/GrandHotellEgersund\"]}]}<\/script>\n<!-- \/ Yoast SEO plugin. -->","yoast_head_json":{"title":"Tour tips - Grand Hotell","robots":{"index":"index","follow":"follow","max-snippet":"max-snippet:-1","max-image-preview":"max-image-preview:large","max-video-preview":"max-video-preview:-1"},"canonical":"https:\/\/grand-egersund.no\/en\/experiences\/activities\/travel-tips\/","og_locale":"en_GB","og_type":"article","og_title":"Turtips - Grand Hotell","og_description":"P\u00e5 tur i Egersund og omr\u00e5det rundtN\u00e5r du bes\u00f8ker oss p\u00e5 Grand Hotell Egersund befinner du deg midt i Magma UNESCO Global Geopark, et omr\u00e5det med natur og geologi i [&hellip;]","og_url":"https:\/\/grand-egersund.no\/en\/experiences\/activities\/travel-tips\/","og_site_name":"Grand Hotell","article_publisher":"https:\/\/www.facebook.com\/GrandHotellEgersund","article_modified_time":"2025-06-16T11:42:17+00:00","twitter_card":"summary_large_image","twitter_misc":{"Estimated reading time":"5 minutes"},"schema":{"@context":"https:\/\/schema.org","@graph":[{"@type":"WebPage","@id":"https:\/\/grand-egersund.no\/opplevelser\/aktiviteter\/turtips\/","url":"https:\/\/grand-egersund.no\/opplevelser\/aktiviteter\/turtips\/","name":"Tour tips - Grand Hotell","isPartOf":{"@id":"https:\/\/grand-egersund.no\/#website"},"datePublished":"2021-12-22T08:46:35+00:00","dateModified":"2025-06-16T11:42:17+00:00","breadcrumb":{"@id":"https:\/\/grand-egersund.no\/opplevelser\/aktiviteter\/turtips\/#breadcrumb"},"inLanguage":"en-GB","potentialAction":[{"@type":"ReadAction","target":["https:\/\/grand-egersund.no\/opplevelser\/aktiviteter\/turtips\/"]}]},{"@type":"BreadcrumbList","@id":"https:\/\/grand-egersund.no\/opplevelser\/aktiviteter\/turtips\/#breadcrumb","itemListElement":[{"@type":"ListItem","position":1,"name":"Home","item":"https:\/\/grand-egersund.no\/"},{"@type":"ListItem","position":2,"name":"Opplevelser","item":"https:\/\/grand-egersund.no\/opplevelser\/"},{"@type":"ListItem","position":3,"name":"Aktiviteter","item":"https:\/\/grand-egersund.no\/opplevelser\/aktiviteter\/"},{"@type":"ListItem","position":4,"name":"Turtips"}]},{"@type":"WebSite","@id":"https:\/\/grand-egersund.no\/#website","url":"https:\/\/grand-egersund.no\/","name":"Grand Hotel","description":"In the heart of Egersund","publisher":{"@id":"https:\/\/grand-egersund.no\/#organization"},"potentialAction":[{"@type":"SearchAction","target":{"@type":"EntryPoint","urlTemplate":"https:\/\/grand-egersund.no\/?s={search_term_string}"},"query-input":{"@type":"PropertyValueSpecification","valueRequired":true,"valueName":"search_term_string"}}],"inLanguage":"en-GB"},{"@type":"Organization","@id":"https:\/\/grand-egersund.no\/#organization","name":"Grand Hotel gersund","url":"https:\/\/grand-egersund.no\/","logo":{"@type":"ImageObject","inLanguage":"en-GB","@id":"https:\/\/grand-egersund.no\/#\/schema\/logo\/image\/","url":"http:\/\/grand-egersund.no\/wp-content\/uploads\/2021\/12\/Grand-Egersund_logo_liggende_farge.png","contentUrl":"http:\/\/grand-egersund.no\/wp-content\/uploads\/2021\/12\/Grand-Egersund_logo_liggende_farge.png","width":891,"height":434,"caption":"Grand Hotell gersund"},"image":{"@id":"https:\/\/grand-egersund.no\/#\/schema\/logo\/image\/"},"sameAs":["https:\/\/www.facebook.com\/GrandHotellEgersund"]}]}},"_links":{"self":[{"href":"https:\/\/grand-egersund.no\/en\/wp-json\/wp\/v2\/pages\/233269","targetHints":{"allow":["GET"]}}],"collection":[{"href":"https:\/\/grand-egersund.no\/en\/wp-json\/wp\/v2\/pages"}],"about":[{"href":"https:\/\/grand-egersund.no\/en\/wp-json\/wp\/v2\/types\/page"}],"author":[{"embeddable":true,"href":"https:\/\/grand-egersund.no\/en\/wp-json\/wp\/v2\/users\/1"}],"replies":[{"embeddable":true,"href":"https:\/\/grand-egersund.no\/en\/wp-json\/wp\/v2\/comments?post=233269"}],"version-history":[{"count":9,"href":"https:\/\/grand-egersund.no\/en\/wp-json\/wp\/v2\/pages\/233269\/revisions"}],"predecessor-version":[{"id":240233,"href":"https:\/\/grand-egersund.no\/en\/wp-json\/wp\/v2\/pages\/233269\/revisions\/240233"}],"up":[{"embeddable":true,"href":"https:\/\/grand-egersund.no\/en\/wp-json\/wp\/v2\/pages\/233277"}],"wp:attachment":[{"href":"https:\/\/grand-egersund.no\/en\/wp-json\/wp\/v2\/media?parent=233269"}],"curies":[{"name":"wp","href":"https:\/\/api.w.org\/{rel}","templated":true}]}}