{"id":233263,"date":"2021-12-22T09:45:23","date_gmt":"2021-12-22T08:45:23","guid":{"rendered":"http:\/\/grandhotell.megakunder.no\/?page_id=233263"},"modified":"2025-01-15T09:33:18","modified_gmt":"2025-01-15T08:33:18","slug":"season","status":"publish","type":"page","link":"https:\/\/grand-egersund.no\/en\/opplevelser\/sesong\/","title":{"rendered":"Season"},"content":{"rendered":"<p>[et_pb_section fb_built=&raquo;1&#8243; _builder_version=&raquo;4.17.4&#8243; _module_preset=&raquo;default&raquo; background_image=&raquo;https:\/\/grand-egersund.no\/wp-content\/uploads\/2022\/07\/Skadbergsand-familie-Ostebrots-foto.jpg&raquo; height=&raquo;30vh&raquo; global_colors_info=&raquo;{}&raquo;][\/et_pb_section][et_pb_section fb_built=&raquo;1&#8243; _builder_version=&raquo;4.18.0&#8243; _module_preset=&raquo;default&raquo; background_color=&raquo;#F6F2F0&#8243; custom_padding=&raquo;0px||0px|||&raquo; global_module=&raquo;235456&#8243; global_colors_info=&raquo;{}&raquo;][et_pb_row _builder_version=&raquo;4.18.0&#8243; _module_preset=&raquo;default&raquo; custom_padding=&raquo;0px||0px|||&raquo; global_colors_info=&raquo;{}&raquo;][et_pb_column type=&raquo;4_4&#8243; _builder_version=&raquo;4.18.0&#8243; _module_preset=&raquo;default&raquo; global_colors_info=&raquo;{}&raquo;][et_pb_code _builder_version=&raquo;4.18.0&#8243; _module_preset=&raquo;default&raquo; global_colors_info=&raquo;{}&raquo;]<div id=\"breadcrumbs\"><a href=\"https:\/\/grand-egersund.no\/en\">Forside<\/a><span class=\"delimiter\"> &raquo; <\/span><\/div>[\/et_pb_code][\/et_pb_column][\/et_pb_row][\/et_pb_section][et_pb_section fb_built=&raquo;1&#8243; _builder_version=&raquo;4.16&#8243; _module_preset=&raquo;default&raquo; background_color=&raquo;#F6F2F0&#8243; background_enable_image=&raquo;off&raquo; custom_padding=&raquo;||0px|||&raquo; global_colors_info=&raquo;{}&raquo;][et_pb_row _builder_version=&raquo;4.16&#8243; _module_preset=&raquo;default&raquo; custom_padding=&raquo;||0px|||&raquo; global_colors_info=&raquo;{}&raquo;][et_pb_column type=&raquo;4_4&#8243; _builder_version=&raquo;4.16&#8243; _module_preset=&raquo;default&raquo; global_colors_info=&raquo;{}&raquo;][et_pb_text _builder_version=&raquo;4.16&#8243; _module_preset=&raquo;254d1c82-e0bc-4825-ad34-bb6e43b40ab5&#8243; global_colors_info=&raquo;{}&raquo;]<\/p>\n<h1 style=\"text-align: center;\">Opplev \u00e5rstidene i Egersund<\/h1>\n<p>[\/et_pb_text][et_pb_text _builder_version=&raquo;4.16&#8243; _module_preset=&raquo;254d1c82-e0bc-4825-ad34-bb6e43b40ab5&#8243; max_width=&raquo;640px&raquo; module_alignment=&raquo;center&raquo; custom_margin=&raquo;||40px|||&raquo; global_colors_info=&raquo;{}&raquo;]<\/p>\n<p style=\"text-align: center;\">I Egersund er det utrolig mye kjekt \u00e5 finne p\u00e5 \u00e5ret rundt. Den koselige trehusbebyggelsen i sentrum er hyggelig hele \u00e5ret, men spesielt under julebyen i desember n\u00e5r den forvandles til en Skomaker Andersen gate, med hyggelige boder, julebelysning og alt som h\u00f8rer julen til. Sommeren er festivaltid med musikk og uteservering, p\u00e5 h\u00f8sten er det oktoberfest og Halloween-stemning og i p\u00e5sken er det p\u00e5skeaktiviteter. Sist men ikke minst finnes det utallige turmuligheter og maritime opplevelser.<\/p>\n<p>[\/et_pb_text][\/et_pb_column][\/et_pb_row][et_pb_row _builder_version=&raquo;4.17.4&#8243; _module_preset=&raquo;default&raquo; global_colors_info=&raquo;{}&raquo;][et_pb_column type=&raquo;4_4&#8243; _builder_version=&raquo;4.17.4&#8243; _module_preset=&raquo;default&raquo; global_colors_info=&raquo;{}&raquo;][et_pb_divider _builder_version=&raquo;4.17.4&#8243; _module_preset=&raquo;4c34cd24-2486-42f1-89a3-b8b8d9fc7422&#8243; global_colors_info=&raquo;{}&raquo;][\/et_pb_divider][\/et_pb_column][\/et_pb_row][\/et_pb_section][et_pb_section fb_built=&raquo;1&#8243; _builder_version=&raquo;4.16&#8243; _module_preset=&raquo;default&raquo; background_color=&raquo;#F6F2F0&#8243; custom_padding=&raquo;0px||90px|||&raquo; global_colors_info=&raquo;{}&raquo;][et_pb_row column_structure=&raquo;1_2,1_2&#8243; make_equal=&raquo;on&raquo; _builder_version=&raquo;4.17.4&#8243; _module_preset=&raquo;default&raquo; custom_margin=&raquo;||60px||false|false&raquo; custom_padding=&raquo;||0px|||&raquo; global_colors_info=&raquo;{}&raquo;][et_pb_column type=&raquo;1_2&#8243; _builder_version=&raquo;4.17.4&#8243; _module_preset=&raquo;default&raquo; background_image=&raquo;https:\/\/grand-egersund.no\/wp-content\/uploads\/2022\/07\/Turvei-til-Eigeroy-fyr-Foto_Arne_Ove_Ostebrot.jpg&raquo; global_colors_info=&raquo;{}&raquo;][et_pb_image src=&raquo;https:\/\/grand-egersund.no\/wp-content\/uploads\/2022\/07\/Turvei-til-Eigeroy-fyr-Foto_Arne_Ove_Ostebrot.jpg&raquo; title_text=&raquo;Turvei til Eiger\u00f8y fyr &#8211; Foto_Arne_Ove_\u00d8stebr\u00f8t&raquo; disabled_on=&raquo;off|off|on&raquo; _builder_version=&raquo;4.17.4&#8243; _module_preset=&raquo;default&raquo; global_colors_info=&raquo;{}&raquo;][\/et_pb_image][\/et_pb_column][et_pb_column type=&raquo;1_2&#8243; _builder_version=&raquo;4.17.4&#8243; _module_preset=&raquo;4ff29b9d-5eb1-46da-b20f-1673c70dad5e&raquo; global_colors_info=&raquo;{}&raquo;][et_pb_text _builder_version=&raquo;4.17.4&#8243; _module_preset=&raquo;254d1c82-e0bc-4825-ad34-bb6e43b40ab5&#8243; global_colors_info=&raquo;{}&raquo;]<\/p>\n<h2 style=\"text-align: left;\">Sommer i Egersund<\/h2>\n<p>[\/et_pb_text][et_pb_text _builder_version=&raquo;4.16&#8243; _module_preset=&raquo;254d1c82-e0bc-4825-ad34-bb6e43b40ab5&#8243; max_width=&raquo;640px&raquo; module_alignment=&raquo;center&raquo; global_colors_info=&raquo;{}&raquo;]<\/p>\n<p>Egersund er en deilig sommerby p\u00e5 kysten av s\u00f8rvestlandet. Den verneverdige trehusbebyggelsen fra 1850 tallet har skapt et koselig sentrum for butikker, spisesteder og festivaler. Egersund har mange unike turomr\u00e5der og herlige badeplasser. Naturopplevelser som Trollpikken og Skadbergsanden ligger i kort avstand fra Grand Hotell, og vi kan tilby spennende aktivitetspakker, utleie av el-sykler, og frisbeegolf. Bluesfestivalen og Egersund Visefestival trekker mange til Egersund om sommmeren. Liker du flotte kj\u00f8returer? Da b\u00f8r du sjekke ut v\u00e5re forslag til spennende og vakre kj\u00f8reruter.\u00a0<\/p>\n<p>[\/et_pb_text][et_pb_button button_url=&raquo;@ET-DC@eyJkeW5hbWljIjp0cnVlLCJjb250ZW50IjoicG9zdF9saW5rX3VybF9wYWdlIiwic2V0dGluZ3MiOnsicG9zdF9pZCI6IjIzMzkzOSJ9fQ==@&raquo; button_text=&raquo;Les mer om sommer i Egersund&raquo; button_alignment=&raquo;left&raquo; _builder_version=&raquo;4.17.4&#8243; _dynamic_attributes=&raquo;button_url&raquo; _module_preset=&raquo;13d43eb9-f434-455a-afff-d8b9e70dee92&#8243; global_colors_info=&raquo;{}&raquo;][\/et_pb_button][\/et_pb_column][\/et_pb_row][et_pb_row column_structure=&raquo;1_2,1_2&#8243; _builder_version=&raquo;4.17.4&#8243; _module_preset=&raquo;5ad0b517-c8df-4be5-a546-140e0a59f7a9&#8243; custom_margin=&raquo;||60px||false|false&raquo; global_colors_info=&raquo;{}&raquo;][et_pb_column type=&raquo;1_2&#8243; _builder_version=&raquo;4.17.4&#8243; _module_preset=&raquo;4ff29b9d-5eb1-46da-b20f-1673c70dad5e&raquo; global_colors_info=&raquo;{}&raquo;][et_pb_text _builder_version=&raquo;4.17.4&#8243; _module_preset=&raquo;254d1c82-e0bc-4825-ad34-bb6e43b40ab5&#8243; global_colors_info=&raquo;{}&raquo;]<\/p>\n<h2 style=\"text-align: left;\">H\u00f8st i Egersund<\/h2>\n<p>[\/et_pb_text][et_pb_text _builder_version=&raquo;4.17.4&#8243; _module_preset=&raquo;254d1c82-e0bc-4825-ad34-bb6e43b40ab5&#8243; max_width=&raquo;640px&raquo; module_alignment=&raquo;center&raquo; global_colors_info=&raquo;{}&raquo;]<\/p>\n<p style=\"text-align: left;\">H\u00f8stens store h\u00f8ydepunkt er <a href=\"http:\/\/oktoberfestiegersund.no\/\">Oktoberfest i Egersund<\/a>. I kjent oktoberfest-stil handler festivalen om mat, musikk og \u00f8l-kultur. \u00d8let kommer fra det lokale bryggeriet, p\u00f8lsa kommer fra byens slaktermester og de tyske drikkevisene blir sunget av Egersunds mandssangforening. Vi tilbyr pakkepris med billett og overnatting. <a href=\"https:\/\/grand-egersund.no\/kontakt\/\">Kontakt oss for bestilling<\/a>!<\/p>\n<p>[\/et_pb_text][et_pb_button button_url=&raquo;http:\/\/oktoberfestiegersund.no\/&raquo; button_text=&raquo;Les mer om Oktoberfest i Egersund&raquo; button_alignment=&raquo;left&raquo; disabled_on=&raquo;off|off|off&raquo; _builder_version=&raquo;4.18.0&#8243; _module_preset=&raquo;13d43eb9-f434-455a-afff-d8b9e70dee92&#8243; global_colors_info=&raquo;{}&raquo;][\/et_pb_button][\/et_pb_column][et_pb_column type=&raquo;1_2&#8243; module_class=&raquo;mb_first_on_mobile&raquo; _builder_version=&raquo;4.17.4&#8243; _module_preset=&raquo;default&raquo; background_image=&raquo;https:\/\/grand-egersund.no\/wp-content\/uploads\/2022\/07\/Stemningen-i-Eigra-kjokken-bar-2.jpg&raquo; global_colors_info=&raquo;{}&raquo;][et_pb_image src=&raquo;https:\/\/grand-egersund.no\/wp-content\/uploads\/2022\/07\/Stemningen-i-Eigra-kjokken-bar-2.jpg&raquo; title_text=&raquo;Stemningen i Eigra kj\u00f8kken &#038; bar 2&#8243; disabled_on=&raquo;off|off|on&raquo; _builder_version=&raquo;4.17.4&#8243; _module_preset=&raquo;default&raquo; global_colors_info=&raquo;{}&raquo;][\/et_pb_image][\/et_pb_column][\/et_pb_row][et_pb_row column_structure=&raquo;1_2,1_2&#8243; make_equal=&raquo;on&raquo; _builder_version=&raquo;4.20.2&#8243; _module_preset=&raquo;default&raquo; custom_margin=&raquo;||60px||false|false&raquo; custom_padding=&raquo;||0px|||&raquo; global_colors_info=&raquo;{}&raquo;][et_pb_column type=&raquo;1_2&#8243; _builder_version=&raquo;4.20.2&#8243; _module_preset=&raquo;default&raquo; background_image=&raquo;https:\/\/grand-egersund.no\/wp-content\/uploads\/2023\/03\/Julebyen-ligger-midt-i-Egersund-sentrum-kopi.jpg&raquo; global_colors_info=&raquo;{}&raquo;][et_pb_image src=&raquo;https:\/\/grand-egersund.no\/wp-content\/uploads\/2023\/03\/Julebyen-ligger-midt-i-Egersund-sentrum-kopi.jpg&raquo; alt=&raquo;Julebyen Egersund&raquo; title_text=&raquo;Julebyen Egersund&raquo; disabled_on=&raquo;off|off|on&raquo; _builder_version=&raquo;4.20.2&#8243; _module_preset=&raquo;default&raquo; global_colors_info=&raquo;{}&raquo;][\/et_pb_image][\/et_pb_column][et_pb_column type=&raquo;1_2&#8243; _builder_version=&raquo;4.17.4&#8243; _module_preset=&raquo;4ff29b9d-5eb1-46da-b20f-1673c70dad5e&raquo; global_colors_info=&raquo;{}&raquo;][et_pb_text _builder_version=&raquo;4.17.4&#8243; _module_preset=&raquo;254d1c82-e0bc-4825-ad34-bb6e43b40ab5&#8243; global_colors_info=&raquo;{}&raquo;]<\/p>\n<h2 style=\"text-align: left;\">Julebyen Egersund<\/h2>\n<p>[\/et_pb_text][et_pb_text _builder_version=&raquo;4.17.4&#8243; _module_preset=&raquo;254d1c82-e0bc-4825-ad34-bb6e43b40ab5&#8243; max_width=&raquo;640px&raquo; module_alignment=&raquo;center&raquo; global_colors_info=&raquo;{}&raquo;]<\/p>\n<p>Hver desember forvandler Egersund seg til julebyen, og folk fra andre steder str\u00f8mmer til for \u00e5 oppleve julens magi i ekte julemarked-stil. Sm\u00e5 og store koser seg med julete aktiviteter i en julepyntet by. Sliter du med julestemning er dette plassen \u00e5 komme til. P\u00e5 Grand Hotell Egersund byr vi p\u00e5 julelunsj, julemiddag, show, underholdning og julebord.\u00a0<\/p>\n<p>[\/et_pb_text][et_pb_button button_url=&raquo;\/selskap\/julebord\/&raquo; button_text=&raquo;Les mer om jul p\u00e5 Grand Hotell &raquo; button_alignment=&raquo;left&raquo; disabled_on=&raquo;off|off|off&raquo; _builder_version=&raquo;4.17.4&#8243; _module_preset=&raquo;13d43eb9-f434-455a-afff-d8b9e70dee92&#8243; global_colors_info=&raquo;{}&raquo;][\/et_pb_button][et_pb_button button_url=&raquo;https:\/\/julebyen.no\/&raquo; button_text=&raquo;Bes\u00f8k Julebyen sine egne nettsider&raquo; button_alignment=&raquo;left&raquo; disabled_on=&raquo;off|off|off&raquo; _builder_version=&raquo;4.17.4&#8243; _module_preset=&raquo;13d43eb9-f434-455a-afff-d8b9e70dee92&#8243; global_colors_info=&raquo;{}&raquo;][\/et_pb_button][\/et_pb_column][\/et_pb_row][et_pb_row column_structure=&raquo;1_2,1_2&#8243; _builder_version=&raquo;4.17.4&#8243; _module_preset=&raquo;5ad0b517-c8df-4be5-a546-140e0a59f7a9&#8243; global_colors_info=&raquo;{}&raquo;][et_pb_column type=&raquo;1_2&#8243; _builder_version=&raquo;4.17.4&#8243; _module_preset=&raquo;4ff29b9d-5eb1-46da-b20f-1673c70dad5e&raquo; global_colors_info=&raquo;{}&raquo;][et_pb_text _builder_version=&raquo;4.17.4&#8243; _module_preset=&raquo;254d1c82-e0bc-4825-ad34-bb6e43b40ab5&#8243; global_colors_info=&raquo;{}&raquo;]<\/p>\n<h2 style=\"text-align: left;\">P\u00e5ske i Egersund<\/h2>\n<p>[\/et_pb_text][et_pb_text _builder_version=&raquo;4.27.4&#8243; _module_preset=&raquo;254d1c82-e0bc-4825-ad34-bb6e43b40ab5&#8243; max_width=&raquo;640px&raquo; module_alignment=&raquo;center&raquo; hover_enabled=&raquo;0&#8243; global_colors_info=&raquo;{}&raquo; sticky_enabled=&raquo;0&#8243;]<\/p>\n<p style=\"text-align: left;\">P\u00e5sken er tiden der nordmenn senker skuldrene og koser seg med kjente og kj\u00e6re. Mange reiser til hytta og andre benytter anledningen til \u00e5 benytte seg av de fantastiske turmulighetene regionen har \u00e5 by p\u00e5.<\/p>\n<h3 class=\"xh2139709952 xpmm2139709952 font1644606755\"><strong>Tips til p\u00e5skedager i Egersund!<\/strong><\/h3>\n<ul>\n<li>Nyte lange late frokoster<\/li>\n<li>Tusle rundt i\u00a0<a href=\"https:\/\/www.eigersund.kommune.no\/trehusbyen-egersund.6200900-488170.html\">gatene til en av Norges best bevarte trehusbyer<\/a><\/li>\n<li>Shopping i\u00a0<a href=\"http:\/\/www.visitegersund.no\/egersund-sentrum\">g\u00e5gatens nisjebutikker\u00a0<\/a>eller p\u00e5\u00a0<a href=\"https:\/\/alti.no\/eikunda\/\" target=\"_blank\" rel=\"noopener\">kj\u00f8pesenteret Alti Eikunda.<\/a>\u00a0\u00c5pent p\u00e5 p\u00e5skeaften.<\/li>\n<li>G\u00e5 til\u00a0<a href=\"https:\/\/magmageopark.no\/no\/lokasjonsobjekt\/trollpikken\/\" target=\"_blank\" rel=\"noopener\">Trollpikken\u00a0<\/a><\/li>\n<li>G\u00e5 tur til\u00a0<a href=\"https:\/\/magmageopark.no\/no\/lokasjonsobjekt\/eigeroy-fyr-norges-eldste-stopejernsfyr\/\">Eiger\u00f8y fyr\u00a0<\/a><\/li>\n<li>Topptur i sentrum med utsikt over Egersund.\u00a0<a href=\"https:\/\/www.fjordnorway.com\/en\/see-and-do\/varberg\" target=\"_blank\" rel=\"noopener\">Sjekk ut byfjellet Varberg<\/a>.<\/li>\n<li>Frisbeegolf p\u00e5 Skadbergsanden (l\u00e5n utstyr p\u00e5 Grand)<\/li>\n<li>Leie el-sykler p\u00e5 Grand Hotell<\/li>\n<li>Middag p\u00e5\u00a0<a href=\"http:\/\/www.eigra.no\/\">Eigra kj\u00f8kken &amp; bar<\/a><\/li>\n<li>Utforske\u00a0<a href=\"https:\/\/magmageopark.no\/\">Magma Geopark\u00a0<\/a><\/li>\n<li>Lyst \u00e5 bli enda lengre? Book en ekstra natt p\u00e5 hotell<\/li>\n<li>EIGRA vin- og cocktail bar \u00e5pen torsdag, fredag og l\u00f8rdag i p\u00e5skeuken<\/li>\n<li>Middag p\u00e5 Eigra kj\u00f8kken &amp; bar. \u00c5pent alle dager til og med p\u00e5skeaften. Stengt 1. og 2. p\u00e5skedag.<\/li>\n<li>F\u00e5 med turbeskrivelser til Trollpikken, Eiger\u00f8y Fyr, Gamle J\u00e6rbanen, Vandringshavn og mye mer<\/li>\n<li>Shopping p\u00e5 p\u00e5skeaften i den trivelige g\u00e5gaten med mange nisjebutikker.<\/li>\n<li>Frisbeegolf p\u00e5 Skadbergssanden eller i Vannbassengan (du kan l\u00e5ne utstyr hos oss).<\/li>\n<li>Golfe p\u00e5<span>\u00a0<\/span><a href=\"https:\/\/grand-egersund.no\/aktiviteter\/maurholen-golfpark\">Maurholen golfpark. <\/a>Greenfee f\u00e5r du l\u00e5ne p\u00e5 hotellet.<\/li>\n<\/ul>\n<p>[\/et_pb_text][et_pb_button button_text=&raquo;Klikk&raquo; button_alignment=&raquo;center&raquo; disabled_on=&raquo;on|on|on&raquo; _builder_version=&raquo;4.16&#8243; _module_preset=&raquo;13d43eb9-f434-455a-afff-d8b9e70dee92&#8243; disabled=&raquo;on&raquo; global_colors_info=&raquo;{}&raquo;][\/et_pb_button][\/et_pb_column][et_pb_column type=&raquo;1_2&#8243; module_class=&raquo;mb_first_on_mobile&raquo; _builder_version=&raquo;4.17.4&#8243; _module_preset=&raquo;default&raquo; background_image=&raquo;https:\/\/grand-egersund.no\/wp-content\/uploads\/2022\/07\/Paske-shutterstock_790337170.jpg&raquo; background_position=&raquo;bottom_left&raquo; global_colors_info=&raquo;{}&raquo;][et_pb_image src=&raquo;https:\/\/grand-egersund.no\/wp-content\/uploads\/2022\/07\/Paske-shutterstock_790337170.jpg&raquo; title_text=&raquo;P\u00e5ske &#8211; shutterstock_790337170&#8243; disabled_on=&raquo;off|off|on&raquo; _builder_version=&raquo;4.17.4&#8243; _module_preset=&raquo;default&raquo; global_colors_info=&raquo;{}&raquo;][\/et_pb_image][\/et_pb_column][\/et_pb_row][\/et_pb_section][et_pb_section fb_built=&raquo;1&#8243; _builder_version=&raquo;4.18.0&#8243; _module_preset=&raquo;default&raquo; background_color=&raquo;#F6F2F0&#8243; custom_padding=&raquo;29px||0px|||&raquo; global_colors_info=&raquo;{}&raquo;][et_pb_row _builder_version=&raquo;4.16&#8243; _module_preset=&raquo;default&raquo; custom_padding=&raquo;||0px|||&raquo; global_colors_info=&raquo;{}&raquo;][et_pb_column type=&raquo;4_4&#8243; _builder_version=&raquo;4.16&#8243; _module_preset=&raquo;default&raquo; global_colors_info=&raquo;{}&raquo;][et_pb_button button_text=&raquo;Til toppen&raquo; _builder_version=&raquo;4.16&#8243; _module_preset=&raquo;711416d9-2858-43aa-952b-a2853918e909&#8243; global_colors_info=&raquo;{}&raquo;][\/et_pb_button][\/et_pb_column][\/et_pb_row][\/et_pb_section]<\/p>\n","protected":false},"excerpt":{"rendered":"<p><div id=\"breadcrumbs\"><a href=\"https:\/\/grand-egersund.no\/en\">Forside<\/a><span class=\"delimiter\"> &raquo; <\/span><\/div>Opplev \u00e5rstidene i EgersundI Egersund er det utrolig mye kjekt \u00e5 finne p\u00e5 \u00e5ret rundt. Den koselige trehusbebyggelsen i sentrum er hyggelig hele \u00e5ret, men spesielt under julebyen i desember [&hellip;]<\/p>\n","protected":false},"author":1,"featured_media":0,"parent":233265,"menu_order":0,"comment_status":"closed","ping_status":"closed","template":"","meta":{"_et_pb_use_builder":"on","_et_pb_old_content":"<!-- wp:divi\/placeholder \/-->","_et_gb_content_width":"","footnotes":""},"class_list":["post-233263","page","type-page","status-publish","hentry"],"yoast_head":"<!-- This site is optimized with the Yoast SEO plugin v27.1.1 - https:\/\/yoast.com\/product\/yoast-seo-wordpress\/ -->\n<title>Sesong - Grand Hotell<\/title>\n<meta name=\"robots\" content=\"index, follow, max-snippet:-1, max-image-preview:large, max-video-preview:-1\" \/>\n<link rel=\"canonical\" href=\"https:\/\/grand-egersund.no\/en\/experiences\/season\/\" \/>\n<meta property=\"og:locale\" content=\"en_GB\" \/>\n<meta property=\"og:type\" content=\"article\" \/>\n<meta property=\"og:title\" content=\"Sesong - Grand Hotell\" \/>\n<meta property=\"og:description\" content=\"Opplev \u00e5rstidene i EgersundI Egersund er det utrolig mye kjekt \u00e5 finne p\u00e5 \u00e5ret rundt. Den koselige trehusbebyggelsen i sentrum er hyggelig hele \u00e5ret, men spesielt under julebyen i desember [&hellip;]\" \/>\n<meta property=\"og:url\" content=\"https:\/\/grand-egersund.no\/en\/experiences\/season\/\" \/>\n<meta property=\"og:site_name\" content=\"Grand Hotell\" \/>\n<meta property=\"article:publisher\" content=\"https:\/\/www.facebook.com\/GrandHotellEgersund\" \/>\n<meta property=\"article:modified_time\" content=\"2025-01-15T08:33:18+00:00\" \/>\n<meta name=\"twitter:card\" content=\"summary_large_image\" \/>\n<script type=\"application\/ld+json\" class=\"yoast-schema-graph\">{\"@context\":\"https:\/\/schema.org\",\"@graph\":[{\"@type\":\"WebPage\",\"@id\":\"https:\/\/grand-egersund.no\/opplevelser\/sesong\/\",\"url\":\"https:\/\/grand-egersund.no\/opplevelser\/sesong\/\",\"name\":\"Sesong - Grand Hotell\",\"isPartOf\":{\"@id\":\"https:\/\/grand-egersund.no\/#website\"},\"datePublished\":\"2021-12-22T08:45:23+00:00\",\"dateModified\":\"2025-01-15T08:33:18+00:00\",\"breadcrumb\":{\"@id\":\"https:\/\/grand-egersund.no\/opplevelser\/sesong\/#breadcrumb\"},\"inLanguage\":\"en-GB\",\"potentialAction\":[{\"@type\":\"ReadAction\",\"target\":[\"https:\/\/grand-egersund.no\/opplevelser\/sesong\/\"]}]},{\"@type\":\"BreadcrumbList\",\"@id\":\"https:\/\/grand-egersund.no\/opplevelser\/sesong\/#breadcrumb\",\"itemListElement\":[{\"@type\":\"ListItem\",\"position\":1,\"name\":\"Home\",\"item\":\"https:\/\/grand-egersund.no\/\"},{\"@type\":\"ListItem\",\"position\":2,\"name\":\"Opplevelser\",\"item\":\"https:\/\/grand-egersund.no\/opplevelser\/\"},{\"@type\":\"ListItem\",\"position\":3,\"name\":\"Sesong\"}]},{\"@type\":\"WebSite\",\"@id\":\"https:\/\/grand-egersund.no\/#website\",\"url\":\"https:\/\/grand-egersund.no\/\",\"name\":\"Grand Hotell\",\"description\":\"I hjertet av Egersund\",\"publisher\":{\"@id\":\"https:\/\/grand-egersund.no\/#organization\"},\"potentialAction\":[{\"@type\":\"SearchAction\",\"target\":{\"@type\":\"EntryPoint\",\"urlTemplate\":\"https:\/\/grand-egersund.no\/?s={search_term_string}\"},\"query-input\":{\"@type\":\"PropertyValueSpecification\",\"valueRequired\":true,\"valueName\":\"search_term_string\"}}],\"inLanguage\":\"en-GB\"},{\"@type\":\"Organization\",\"@id\":\"https:\/\/grand-egersund.no\/#organization\",\"name\":\"Grand Hotell gersund\",\"url\":\"https:\/\/grand-egersund.no\/\",\"logo\":{\"@type\":\"ImageObject\",\"inLanguage\":\"en-GB\",\"@id\":\"https:\/\/grand-egersund.no\/#\/schema\/logo\/image\/\",\"url\":\"http:\/\/grand-egersund.no\/wp-content\/uploads\/2021\/12\/Grand-Egersund_logo_liggende_farge.png\",\"contentUrl\":\"http:\/\/grand-egersund.no\/wp-content\/uploads\/2021\/12\/Grand-Egersund_logo_liggende_farge.png\",\"width\":891,\"height\":434,\"caption\":\"Grand Hotell gersund\"},\"image\":{\"@id\":\"https:\/\/grand-egersund.no\/#\/schema\/logo\/image\/\"},\"sameAs\":[\"https:\/\/www.facebook.com\/GrandHotellEgersund\"]}]}<\/script>\n<!-- \/ Yoast SEO plugin. -->","yoast_head_json":{"title":"Season - Grand Hotel","robots":{"index":"index","follow":"follow","max-snippet":"max-snippet:-1","max-image-preview":"max-image-preview:large","max-video-preview":"max-video-preview:-1"},"canonical":"https:\/\/grand-egersund.no\/en\/experiences\/season\/","og_locale":"en_GB","og_type":"article","og_title":"Sesong - Grand Hotell","og_description":"Opplev \u00e5rstidene i EgersundI Egersund er det utrolig mye kjekt \u00e5 finne p\u00e5 \u00e5ret rundt. Den koselige trehusbebyggelsen i sentrum er hyggelig hele \u00e5ret, men spesielt under julebyen i desember [&hellip;]","og_url":"https:\/\/grand-egersund.no\/en\/experiences\/season\/","og_site_name":"Grand Hotell","article_publisher":"https:\/\/www.facebook.com\/GrandHotellEgersund","article_modified_time":"2025-01-15T08:33:18+00:00","twitter_card":"summary_large_image","schema":{"@context":"https:\/\/schema.org","@graph":[{"@type":"WebPage","@id":"https:\/\/grand-egersund.no\/opplevelser\/sesong\/","url":"https:\/\/grand-egersund.no\/opplevelser\/sesong\/","name":"Season - Grand Hotel","isPartOf":{"@id":"https:\/\/grand-egersund.no\/#website"},"datePublished":"2021-12-22T08:45:23+00:00","dateModified":"2025-01-15T08:33:18+00:00","breadcrumb":{"@id":"https:\/\/grand-egersund.no\/opplevelser\/sesong\/#breadcrumb"},"inLanguage":"en-GB","potentialAction":[{"@type":"ReadAction","target":["https:\/\/grand-egersund.no\/opplevelser\/sesong\/"]}]},{"@type":"BreadcrumbList","@id":"https:\/\/grand-egersund.no\/opplevelser\/sesong\/#breadcrumb","itemListElement":[{"@type":"ListItem","position":1,"name":"Home","item":"https:\/\/grand-egersund.no\/"},{"@type":"ListItem","position":2,"name":"Opplevelser","item":"https:\/\/grand-egersund.no\/opplevelser\/"},{"@type":"ListItem","position":3,"name":"Sesong"}]},{"@type":"WebSite","@id":"https:\/\/grand-egersund.no\/#website","url":"https:\/\/grand-egersund.no\/","name":"Grand Hotel","description":"In the heart of Egersund","publisher":{"@id":"https:\/\/grand-egersund.no\/#organization"},"potentialAction":[{"@type":"SearchAction","target":{"@type":"EntryPoint","urlTemplate":"https:\/\/grand-egersund.no\/?s={search_term_string}"},"query-input":{"@type":"PropertyValueSpecification","valueRequired":true,"valueName":"search_term_string"}}],"inLanguage":"en-GB"},{"@type":"Organization","@id":"https:\/\/grand-egersund.no\/#organization","name":"Grand Hotel gersund","url":"https:\/\/grand-egersund.no\/","logo":{"@type":"ImageObject","inLanguage":"en-GB","@id":"https:\/\/grand-egersund.no\/#\/schema\/logo\/image\/","url":"http:\/\/grand-egersund.no\/wp-content\/uploads\/2021\/12\/Grand-Egersund_logo_liggende_farge.png","contentUrl":"http:\/\/grand-egersund.no\/wp-content\/uploads\/2021\/12\/Grand-Egersund_logo_liggende_farge.png","width":891,"height":434,"caption":"Grand Hotell gersund"},"image":{"@id":"https:\/\/grand-egersund.no\/#\/schema\/logo\/image\/"},"sameAs":["https:\/\/www.facebook.com\/GrandHotellEgersund"]}]}},"_links":{"self":[{"href":"https:\/\/grand-egersund.no\/en\/wp-json\/wp\/v2\/pages\/233263","targetHints":{"allow":["GET"]}}],"collection":[{"href":"https:\/\/grand-egersund.no\/en\/wp-json\/wp\/v2\/pages"}],"about":[{"href":"https:\/\/grand-egersund.no\/en\/wp-json\/wp\/v2\/types\/page"}],"author":[{"embeddable":true,"href":"https:\/\/grand-egersund.no\/en\/wp-json\/wp\/v2\/users\/1"}],"replies":[{"embeddable":true,"href":"https:\/\/grand-egersund.no\/en\/wp-json\/wp\/v2\/comments?post=233263"}],"version-history":[{"count":13,"href":"https:\/\/grand-egersund.no\/en\/wp-json\/wp\/v2\/pages\/233263\/revisions"}],"predecessor-version":[{"id":239776,"href":"https:\/\/grand-egersund.no\/en\/wp-json\/wp\/v2\/pages\/233263\/revisions\/239776"}],"up":[{"embeddable":true,"href":"https:\/\/grand-egersund.no\/en\/wp-json\/wp\/v2\/pages\/233265"}],"wp:attachment":[{"href":"https:\/\/grand-egersund.no\/en\/wp-json\/wp\/v2\/media?parent=233263"}],"curies":[{"name":"wp","href":"https:\/\/api.w.org\/{rel}","templated":true}]}}