{"id":233245,"date":"2021-12-22T09:41:57","date_gmt":"2021-12-22T08:41:57","guid":{"rendered":"http:\/\/grandhotell.megakunder.no\/?page_id=233245"},"modified":"2025-12-02T13:46:28","modified_gmt":"2025-12-02T12:46:28","slug":"romantic-hotel-stay","status":"publish","type":"page","link":"https:\/\/grand-egersund.no\/en\/pakker-tilbud\/romantisk-hotellopphold\/","title":{"rendered":"Romantic hotel stays"},"content":{"rendered":"<p>[et_pb_section fb_built=&raquo;1&#8243; _builder_version=&raquo;4.16&#8243; _module_preset=&raquo;default&raquo; background_image=&raquo;https:\/\/grand-egersund.no\/wp-content\/uploads\/2022\/05\/Eigra-fotograf-@misstonnes-8-scaled.jpg&raquo; height=&raquo;30vh&raquo; global_colors_info=&raquo;{}&raquo;][\/et_pb_section][et_pb_section fb_built=&raquo;1&#8243; _builder_version=&raquo;4.18.0&#8243; _module_preset=&raquo;default&raquo; background_color=&raquo;#F6F2F0&#8243; custom_padding=&raquo;0px||0px|||&raquo; global_module=&raquo;235456&#8243; global_colors_info=&raquo;{}&raquo;][et_pb_row _builder_version=&raquo;4.18.0&#8243; _module_preset=&raquo;default&raquo; custom_padding=&raquo;0px||0px|||&raquo; global_colors_info=&raquo;{}&raquo;][et_pb_column type=&raquo;4_4&#8243; _builder_version=&raquo;4.18.0&#8243; _module_preset=&raquo;default&raquo; global_colors_info=&raquo;{}&raquo;][et_pb_code _builder_version=&raquo;4.18.0&#8243; _module_preset=&raquo;default&raquo; global_colors_info=&raquo;{}&raquo;]<div id=\"breadcrumbs\"><a href=\"https:\/\/grand-egersund.no\/en\">Forside<\/a><span class=\"delimiter\"> &raquo; <\/span><\/div>[\/et_pb_code][\/et_pb_column][\/et_pb_row][\/et_pb_section][et_pb_section fb_built=&raquo;1&#8243; _builder_version=&raquo;4.16&#8243; _module_preset=&raquo;default&raquo; background_color=&raquo;#F6F2F0&#8243; background_enable_image=&raquo;off&raquo; custom_padding=&raquo;||0px|||&raquo; global_colors_info=&raquo;{}&raquo;][et_pb_row _builder_version=&raquo;4.16&#8243; _module_preset=&raquo;default&raquo; custom_padding=&raquo;||0px|||&raquo; global_colors_info=&raquo;{}&raquo;][et_pb_column type=&raquo;4_4&#8243; _builder_version=&raquo;4.16&#8243; _module_preset=&raquo;default&raquo; global_colors_info=&raquo;{}&raquo;][et_pb_text _builder_version=&raquo;4.16&#8243; _module_preset=&raquo;254d1c82-e0bc-4825-ad34-bb6e43b40ab5&#8243; global_colors_info=&raquo;{}&raquo;]<\/p>\n<h1 style=\"text-align: center;\">Romantisk hotellopphold<\/h1>\n<p>[\/et_pb_text][et_pb_text _builder_version=&raquo;4.16&#8243; _module_preset=&raquo;254d1c82-e0bc-4825-ad34-bb6e43b40ab5&#8243; max_width=&raquo;640px&raquo; module_alignment=&raquo;center&raquo; custom_margin=&raquo;||40px|||&raquo; global_colors_info=&raquo;{}&raquo;]<\/p>\n<p style=\"text-align: center;\">Grand Hotell legger forholdene til rette for at du og din partner skal kunne oppleve fornyet kj\u00e6rlighet. Ta med din kj\u00e6re, gode venner eller begge deler og la oss skjemme dere bort. Vi kan by p\u00e5 deilig og luksuri\u00f8s mat p\u00e5 hotellets spisested Eigra kj\u00f8kken &amp; bar, hvor dere etter en romantisk middag kan trekke dere tilbake til et av v\u00e5re unike hotellrom med lun atmosf\u00e6re, historisk preg, flott bad og en deilig stor seng. Frokosten dagen etter er inkludert i prisen.<\/p>\n<p style=\"text-align: center;\">Romantisk hotellopphold er utilgjengelig for bestilling under julebordsesongen. Dere er hjertelig velkomne til et romantisk opphold i januar.\u00a0<\/p>\n<p style=\"text-align: center;\">\n<p>[\/et_pb_text][et_pb_divider _builder_version=&raquo;4.17.4&#8243; _module_preset=&raquo;4c34cd24-2486-42f1-89a3-b8b8d9fc7422&#8243; custom_margin=&raquo;||0px||false|false&raquo; custom_padding=&raquo;30px||0px||false|false&raquo; global_colors_info=&raquo;{}&raquo;][\/et_pb_divider][et_pb_text disabled_on=&raquo;on|on|on&raquo; _builder_version=&raquo;4.16&#8243; _module_preset=&raquo;254d1c82-e0bc-4825-ad34-bb6e43b40ab5&#8243; max_width=&raquo;640px&raquo; module_alignment=&raquo;center&raquo; custom_margin=&raquo;||40px|||&raquo; disabled=&raquo;on&raquo; global_colors_info=&raquo;{}&raquo;]<\/p>\n<p style=\"text-align: center;\">Romantikk p\u00e5 Grand Hotell er investering i fornyet kj\u00e6rlighet. Deilig luksuri\u00f8s mat og overnatting p\u00e5 hotell &#8211; n\u00e5r du skal gj\u00f8re noe spesielt! Ta med partneren din. Eller venner. Eller begge deler. La oss skjemme dere bort &#8211; trekk dere forn\u00f8yde tilbake i komfortable v\u00e6relser med tid til hverandre. Bo p\u00e5 et av v\u00e5re flotte hotellrom med lun atmosf\u00e6re, et flott bad og en deilig stor seng! Nyt deilig middag p\u00e5 hotellets spisested <a href=\"https:\/\/grand-egersund.no\/www.eigra.no\">Eigra kj\u00f8kken &amp; bar<\/a>. Frokosten dagen etter er inkludert i prisen.<\/p>\n<p>[\/et_pb_text][\/et_pb_column][\/et_pb_row][\/et_pb_section][et_pb_section fb_built=&raquo;1&#8243; _builder_version=&raquo;4.16&#8243; _module_preset=&raquo;default&raquo; background_color=&raquo;#F6F2F0&#8243; custom_padding=&raquo;||90px|||&raquo; global_colors_info=&raquo;{}&raquo;][et_pb_row column_structure=&raquo;1_2,1_2&#8243; make_equal=&raquo;on&raquo; _builder_version=&raquo;4.17.4&#8243; _module_preset=&raquo;default&raquo; background_enable_image=&raquo;off&raquo; custom_margin=&raquo;||60px||false|false&raquo; custom_padding=&raquo;||0px|||&raquo; global_colors_info=&raquo;{}&raquo;][et_pb_column type=&raquo;1_2&#8243; _builder_version=&raquo;4.17.4&#8243; _module_preset=&raquo;default&raquo; background_image=&raquo;https:\/\/grand-egersund.no\/wp-content\/uploads\/2022\/05\/DSC01523-redigert-klippet&#8211;scaled.jpg&raquo; background_position=&raquo;top_center&raquo; global_colors_info=&raquo;{}&raquo;][et_pb_image src=&raquo;https:\/\/grand-egersund.no\/wp-content\/uploads\/2022\/05\/DSC01523-redigert-klippet&#8211;scaled.jpg&raquo; title_text=&raquo;DSC01523 -redigert klippet&raquo; disabled_on=&raquo;off|off|on&raquo; _builder_version=&raquo;4.17.4&#8243; _module_preset=&raquo;default&raquo; global_colors_info=&raquo;{}&raquo;][\/et_pb_image][\/et_pb_column][et_pb_column type=&raquo;1_2&#8243; _builder_version=&raquo;4.17.4&#8243; _module_preset=&raquo;4ff29b9d-5eb1-46da-b20f-1673c70dad5e&raquo; global_colors_info=&raquo;{}&raquo;][et_pb_text _builder_version=&raquo;4.17.4&#8243; _module_preset=&raquo;254d1c82-e0bc-4825-ad34-bb6e43b40ab5&#8243; custom_padding=&raquo;||||false|false&raquo; global_colors_info=&raquo;{}&raquo;]<\/p>\n<h2 style=\"text-align: left;\">Boblende romantisk<\/h2>\n<p>[\/et_pb_text][et_pb_text _builder_version=&raquo;4.17.4&#8243; _module_preset=&raquo;254d1c82-e0bc-4825-ad34-bb6e43b40ab5&#8243; max_width=&raquo;640px&raquo; module_alignment=&raquo;center&raquo; global_colors_info=&raquo;{}&raquo;]<\/p>\n<p style=\"text-align: left;\"><strong style=\"font-size: 16px; text-align: left;\">Pakken inkluderer:<\/strong><strong><\/strong><\/p>\n<p style=\"text-align: left;\">Avkj\u00f8lt musserende vin og fruktfat p\u00e5 rommet.<br \/>Tre-retters middag for to personer p\u00e5 <a href=\"https:\/\/grand-egersund.no\/www.eigra.no\">Eigra kj\u00f8kken &amp; bar.<\/a><br \/><span style=\"font-size: 16px;\">Overnatting i flott dobbeltrom.<br \/>Frokost<br \/><\/span><\/p>\n<p style=\"text-align: left;\">Fra kr 3590,- for 2 personer (kr 1795,- per person).<br \/>Oppgrader til 6 retters middag + kr 200 per person<\/p>\n<p style=\"text-align: left;\">\n<p>[\/et_pb_text][et_pb_button button_url=&raquo;https:\/\/be.synxis.com\/?adult=2&#038;arrive=2026-01-08&#038;chain=9083&#038;child=0&#038;currency=NOK&#038;depart=2026-01-09&#038;hotel=75409&#038;level=hotel&#038;locale=nb-NO&#038;productcurrency=NOK&#038;rate=ROMA&#038;rooms=1&#8243; button_text=&raquo;Bestill romantisk hotellopphold&raquo; button_alignment=&raquo;left&raquo; _builder_version=&raquo;4.27.4&#8243; _module_preset=&raquo;13d43eb9-f434-455a-afff-d8b9e70dee92&#8243; hover_enabled=&raquo;0&#8243; global_colors_info=&raquo;{}&raquo; sticky_enabled=&raquo;0&#8243;][\/et_pb_button][et_pb_text _builder_version=&raquo;4.17.4&#8243; _module_preset=&raquo;254d1c82-e0bc-4825-ad34-bb6e43b40ab5&#8243; max_width=&raquo;640px&raquo; module_alignment=&raquo;center&raquo; global_colors_info=&raquo;{}&raquo;]<\/p>\n<p style=\"text-align: left;\">Velg f\u00f8rst dato, og deretter &laquo;romantisk opphold&raquo;. <a href=\"grand-egersund.no\/kontakt\">Kontakt oss<\/a> hvis du lurer p\u00e5 noe.<\/p>\n<p style=\"text-align: left;\">Pakken er utilgjengelig under julebordsesongen. Vi har \u00e5pent for bestillinger i januar.\u00a0<\/p>\n<p style=\"text-align: left;\">\n<p>[\/et_pb_text][et_pb_text _builder_version=&raquo;4.17.4&#8243; _module_preset=&raquo;254d1c82-e0bc-4825-ad34-bb6e43b40ab5&#8243; max_width=&raquo;640px&raquo; module_alignment=&raquo;center&raquo; global_colors_info=&raquo;{}&raquo;]<\/p>\n<p style=\"text-align: left;\">\n<p style=\"text-align: left;\">\n<p>[\/et_pb_text][\/et_pb_column][\/et_pb_row][et_pb_row column_structure=&raquo;1_2,1_2&#8243; _builder_version=&raquo;4.17.4&#8243; _module_preset=&raquo;5ad0b517-c8df-4be5-a546-140e0a59f7a9&#8243; global_colors_info=&raquo;{}&raquo;][et_pb_column type=&raquo;1_2&#8243; _builder_version=&raquo;4.17.4&#8243; _module_preset=&raquo;4ff29b9d-5eb1-46da-b20f-1673c70dad5e&raquo; custom_padding=&raquo;30px|60px|30px|60px|false|false&raquo; global_colors_info=&raquo;{}&raquo;][et_pb_text _builder_version=&raquo;4.17.4&#8243; _module_preset=&raquo;254d1c82-e0bc-4825-ad34-bb6e43b40ab5&#8243; global_colors_info=&raquo;{}&raquo;]<\/p>\n<h2 style=\"text-align: left;\">Romantiske turer<\/h2>\n<p>[\/et_pb_text][et_pb_text _builder_version=&raquo;4.17.4&#8243; _module_preset=&raquo;254d1c82-e0bc-4825-ad34-bb6e43b40ab5&#8243; max_width=&raquo;640px&raquo; module_alignment=&raquo;center&raquo; global_colors_info=&raquo;{}&raquo;]<\/p>\n<p style=\"text-align: left;\">Like utenfor d\u00f8ren til hotellet kan man rusle h\u00e5nd i h\u00e5nd i de sjarmerende gatene med en av Norges aller best bevarte historiske trehusbebyggelser. Her finnes b\u00e5de shoppingmuligheter, koselige kafeer, uteserveringer og gode restauranter.<\/p>\n<p style=\"text-align: left;\">Skulle dere \u00f8nske en romantisk tur p\u00e5 stranden kan dere ta turen til Skadbergsanden, g\u00e5 en tur til Eiger\u00f8y fyr eller spasere den korte turen til byfjellet Varberg. Det herlige rekreasjon- og turomr\u00e5det Vannbassengan anbefales ogs\u00e5 p\u00e5 det varmeste, og skulle dere \u00f8nske en lengre utflukt er det ikke langt til den popul\u00e6re Trollpikken. Er dere ikke lysten p\u00e5 en tur kan vi anbefale \u00e5 stikke innom Egersund is- og sjokoladefabrikk, eller g\u00e5 p\u00e5 en konsert.<\/p>\n<p>[\/et_pb_text][et_pb_text disabled_on=&raquo;on|on|on&raquo; _builder_version=&raquo;4.16&#8243; _module_preset=&raquo;254d1c82-e0bc-4825-ad34-bb6e43b40ab5&#8243; max_width=&raquo;640px&raquo; module_alignment=&raquo;center&raquo; disabled=&raquo;on&raquo; global_colors_info=&raquo;{}&raquo;]<\/p>\n<p style=\"text-align: center;\">Vi anbefaler b\u00e5de den vakre majestetiske g\u00e5turen til <a href=\"https:\/\/grand-egersund.no\/Destinet.Presentation.Modules.HTML.Edit?PageModuleID=608774979&amp;PageID=266198842&amp;width=1026&amp;skinid=2016grandegersund&amp;languageid=nb-NO&amp;qs=&amp;depth=0\">Eiger\u00f8y fyr<\/a> og den kortere spaserturen til byfjellet <a href=\"https:\/\/grand-egersund.no\/Destinet.Presentation.Modules.HTML.Edit?PageModuleID=608774979&amp;PageID=266198842&amp;width=1026&amp;skinid=2016grandegersund&amp;languageid=nb-NO&amp;qs=&amp;depth=0\">Varberg<\/a>\u00a0 og det herlige rekreasjon- og turomr\u00e5det <a href=\"https:\/\/grand-egersund.no\/Destinet.Presentation.Modules.HTML.Edit?PageModuleID=608774979&amp;PageID=266198842&amp;width=1026&amp;skinid=2016grandegersund&amp;languageid=nb-NO&amp;qs=&amp;depth=0\">Vannbassengan<\/a>. Hva med en tur innom\u00a0<a href=\"https:\/\/grand-egersund.no\/Destinet.Presentation.Modules.HTML.Edit?PageModuleID=608774979&amp;PageID=266198842&amp;width=1026&amp;skinid=2016grandegersund&amp;languageid=nb-NO&amp;qs=&amp;depth=0\">Egersund is- og sjokoladefabrikk<\/a> eller p\u00e5 en konsert?\u00a0Sjekk ut Visit Norway sin\u00a0<a href=\"https:\/\/www.visitnorway.com\/things-to-do\/top-lists\/6-places-to-have-great-sex\/\">spenstige markedsf\u00f8ring av Trollpikken<\/a>!\u00a0 Ta turen til <a href=\"https:\/\/grand-egersund.no\/Destinet.Presentation.Modules.HTML.Edit?PageModuleID=608774979&amp;PageID=266198842&amp;width=1026&amp;skinid=2016grandegersund&amp;languageid=nb-NO&amp;qs=&amp;depth=0\">Skadbergsanden <\/a>\u00a0for en spasertur ved havet h\u00e5nd i h\u00e5nd med din kj\u00e6re. Dere finner mye koselig og spennende shopping like utenfor hotelld\u00f8ren, hvor g\u00e5gaten byr et stort utvalgt nisjebutikker. <a href=\"https:\/\/visitegersund.no\/shopping\/sentrumsforeningen\/\">Egersund sentrum<\/a>\u00a0er spennende og innholdsrikt enten du har lyst \u00e5 shoppe eller tusle rundt og la deg imponere av en av Norges aller best bevarte historiske trehusbyer. Her kommer folk tilreisende p\u00e5 dagsturer for \u00e5 nyte shopping og hyggelig m\u00e5ltider i Egersund sine trivelige g\u00e5gater.<\/p>\n<p>[\/et_pb_text][et_pb_button button_url=&raquo;https:\/\/visitegersund.no\/opplevelser\/naturattraksjoner\/&raquo; button_text=&raquo;Se flere turforslag&raquo; button_alignment=&raquo;left&raquo; _builder_version=&raquo;4.17.4&#8243; _module_preset=&raquo;13d43eb9-f434-455a-afff-d8b9e70dee92&#8243; global_colors_info=&raquo;{}&raquo;][\/et_pb_button][\/et_pb_column][et_pb_column type=&raquo;1_2&#8243; module_class=&raquo;mb_first_on_mobile&raquo; _builder_version=&raquo;4.17.4&#8243; _module_preset=&raquo;default&raquo; background_image=&raquo;https:\/\/grand-egersund.no\/wp-content\/uploads\/2022\/05\/Trollpikken-fotograf-@vagabondsofsweden-8-scaled.jpg&raquo; global_colors_info=&raquo;{}&raquo;][et_pb_image src=&raquo;https:\/\/grand-egersund.no\/wp-content\/uploads\/2022\/05\/Trollpikken-fotograf-@vagabondsofsweden-8-scaled.jpg&raquo; title_text=&raquo;Trollpikken &#8211; fotograf @vagabondsofsweden (8)&raquo; disabled_on=&raquo;off|off|on&raquo; _builder_version=&raquo;4.17.4&#8243; _module_preset=&raquo;default&raquo; global_colors_info=&raquo;{}&raquo;][\/et_pb_image][\/et_pb_column][\/et_pb_row][\/et_pb_section][et_pb_section fb_built=&raquo;1&#8243; _builder_version=&raquo;4.16&#8243; _module_preset=&raquo;default&raquo; background_color=&raquo;#FFFFFF&raquo; global_colors_info=&raquo;{}&raquo;][et_pb_row column_structure=&raquo;1_3,1_3,1_3&#8243; use_custom_gutter=&raquo;on&raquo; _builder_version=&raquo;4.16&#8243; _module_preset=&raquo;default&raquo; global_colors_info=&raquo;{}&raquo;][et_pb_column type=&raquo;1_3&#8243; _builder_version=&raquo;4.16&#8243; _module_preset=&raquo;default&raquo; global_colors_info=&raquo;{}&raquo;][\/et_pb_column][et_pb_column type=&raquo;1_3&#8243; _builder_version=&raquo;4.16&#8243; _module_preset=&raquo;default&raquo; global_colors_info=&raquo;{}&raquo;][et_pb_text _builder_version=&raquo;4.16&#8243; _module_preset=&raquo;default&raquo; global_colors_info=&raquo;{}&raquo;]<\/p>\n<h3 style=\"text-align: center;\">Se ogs\u00e5<\/h3>\n<p>[\/et_pb_text][\/et_pb_column][et_pb_column type=&raquo;1_3&#8243; _builder_version=&raquo;4.16&#8243; _module_preset=&raquo;default&raquo; global_colors_info=&raquo;{}&raquo;][\/et_pb_column][\/et_pb_row][et_pb_row column_structure=&raquo;1_3,1_3,1_3&#8243; use_custom_gutter=&raquo;on&raquo; _builder_version=&raquo;4.16&#8243; _module_preset=&raquo;default&raquo; global_colors_info=&raquo;{}&raquo;][et_pb_column type=&raquo;1_3&#8243; _builder_version=&raquo;4.16&#8243; _module_preset=&raquo;default&raquo; global_colors_info=&raquo;{}&raquo;][et_pb_blurb title=&raquo;Golfpakke&raquo; url=&raquo;\/pakker-tilbud\/golfpakke\/&raquo; image=&raquo;https:\/\/grand-egersund.no\/wp-content\/uploads\/2024\/05\/BAA_2938-scaled.jpg&raquo; _builder_version=&raquo;4.27.4&#8243; _module_preset=&raquo;7fbf7575-68da-4c6a-b314-21cab06ac8a9&#8243; link_option_url=&raquo;\/pakker-tilbud\/golfpakke\/&raquo; global_module=&raquo;234118&#8243; global_colors_info=&raquo;{}&raquo;]<\/p>\n<p><a href=\"\/pakker-tilbud\/golfpakke\/\">Les mer<\/a><\/p>\n<p>[\/et_pb_blurb][\/et_pb_column][et_pb_column type=&raquo;1_3&#8243; _builder_version=&raquo;4.16&#8243; _module_preset=&raquo;default&raquo; global_colors_info=&raquo;{}&raquo;][et_pb_blurb title=&raquo;Vinsmaking&raquo; url=&raquo;https:\/\/grand-egersund.no\/opplevelser\/aktiviteter\/vinsmaking\/&raquo; image=&raquo;https:\/\/grand-egersund.no\/wp-content\/uploads\/2025\/03\/DSC00367-Enhanced-NR-scaled-1.jpg&raquo; _builder_version=&raquo;4.27.4&#8243; _module_preset=&raquo;7fbf7575-68da-4c6a-b314-21cab06ac8a9&#8243; link_option_url=&raquo;https:\/\/grand-egersund.no\/opplevelser\/aktiviteter\/vinsmaking\/&raquo; global_module=&raquo;234119&#8243; global_colors_info=&raquo;{}&raquo;]<\/p>\n<p><a href=\"\/opplevelser\/aktiviteter\/vinsmaking\/\">Les mer<\/a><\/p>\n<p>[\/et_pb_blurb][\/et_pb_column][et_pb_column type=&raquo;1_3&#8243; _builder_version=&raquo;4.16&#8243; _module_preset=&raquo;default&raquo; global_colors_info=&raquo;{}&raquo;][et_pb_blurb title=&raquo;Eigra vinkjeller&raquo; url=&raquo;https:\/\/grand-egersund.no\/kurs-og-konferanse\/vinkjeller\/&raquo; image=&raquo;https:\/\/grand-egersund.no\/wp-content\/uploads\/2025\/03\/DSC04068-Enhanced-NR-Edit-scaled.jpg&raquo; alt=&raquo;EIGRA vinkjeller&raquo; _builder_version=&raquo;4.27.4&#8243; _module_preset=&raquo;7fbf7575-68da-4c6a-b314-21cab06ac8a9&#8243; link_option_url=&raquo;https:\/\/grand-egersund.no\/kurs-og-konferanse\/vinkjeller\/&raquo; global_module=&raquo;235189&#8243; global_colors_info=&raquo;{}&raquo;]<\/p>\n<p><a href=\"https:\/\/grand-egersund.no\/kurs-og-konferanse\/vinkjeller\/\">Les mer<\/a><\/p>\n<p>[\/et_pb_blurb][\/et_pb_column][\/et_pb_row][\/et_pb_section][et_pb_section fb_built=&raquo;1&#8243; _builder_version=&raquo;4.16&#8243; _module_preset=&raquo;default&raquo; background_color=&raquo;RGBA(255,255,255,0)&raquo; custom_padding=&raquo;29px||0px|||&raquo; global_colors_info=&raquo;{}&raquo;][et_pb_row _builder_version=&raquo;4.16&#8243; _module_preset=&raquo;default&raquo; custom_padding=&raquo;||0px|||&raquo; global_colors_info=&raquo;{}&raquo;][et_pb_column type=&raquo;4_4&#8243; _builder_version=&raquo;4.16&#8243; _module_preset=&raquo;default&raquo; global_colors_info=&raquo;{}&raquo;][et_pb_button button_text=&raquo;Til toppen&raquo; _builder_version=&raquo;4.16&#8243; _module_preset=&raquo;711416d9-2858-43aa-952b-a2853918e909&#8243; global_colors_info=&raquo;{}&raquo;][\/et_pb_button][\/et_pb_column][\/et_pb_row][\/et_pb_section]<\/p>\n","protected":false},"excerpt":{"rendered":"<p><div id=\"breadcrumbs\"><a href=\"https:\/\/grand-egersund.no\/en\">Forside<\/a><span class=\"delimiter\"> &raquo; <\/span><\/div>Romantisk hotelloppholdGrand Hotell legger forholdene til rette for at du og din partner skal kunne oppleve fornyet kj\u00e6rlighet. Ta med din kj\u00e6re, gode venner eller begge deler og la oss [&hellip;]<\/p>\n","protected":false},"author":1,"featured_media":0,"parent":233243,"menu_order":0,"comment_status":"closed","ping_status":"closed","template":"","meta":{"_et_pb_use_builder":"on","_et_pb_old_content":"<!-- wp:divi\/placeholder \/-->","_et_gb_content_width":"","footnotes":""},"class_list":["post-233245","page","type-page","status-publish","hentry"],"yoast_head":"<!-- This site is optimized with the Yoast SEO plugin v27.1.1 - https:\/\/yoast.com\/product\/yoast-seo-wordpress\/ -->\n<title>Romantisk hotellopphold - Grand Hotell<\/title>\n<meta name=\"robots\" content=\"index, follow, max-snippet:-1, max-image-preview:large, max-video-preview:-1\" \/>\n<link rel=\"canonical\" href=\"https:\/\/grand-egersund.no\/en\/package-offers\/romantic-hotel-stay\/\" \/>\n<meta property=\"og:locale\" content=\"en_GB\" \/>\n<meta property=\"og:type\" content=\"article\" \/>\n<meta property=\"og:title\" content=\"Romantisk hotellopphold - Grand Hotell\" \/>\n<meta property=\"og:description\" content=\"Romantisk hotelloppholdGrand Hotell legger forholdene til rette for at du og din partner skal kunne oppleve fornyet kj\u00e6rlighet. Ta med din kj\u00e6re, gode venner eller begge deler og la oss [&hellip;]\" \/>\n<meta property=\"og:url\" content=\"https:\/\/grand-egersund.no\/en\/package-offers\/romantic-hotel-stay\/\" \/>\n<meta property=\"og:site_name\" content=\"Grand Hotell\" \/>\n<meta property=\"article:publisher\" content=\"https:\/\/www.facebook.com\/GrandHotellEgersund\" \/>\n<meta property=\"article:modified_time\" content=\"2025-12-02T12:46:28+00:00\" \/>\n<meta name=\"twitter:card\" content=\"summary_large_image\" \/>\n<meta name=\"twitter:label1\" content=\"Estimated reading time\" \/>\n\t<meta name=\"twitter:data1\" content=\"3 minutes\" \/>\n<script type=\"application\/ld+json\" class=\"yoast-schema-graph\">{\"@context\":\"https:\/\/schema.org\",\"@graph\":[{\"@type\":\"WebPage\",\"@id\":\"https:\/\/grand-egersund.no\/pakker-tilbud\/romantisk-hotellopphold\/\",\"url\":\"https:\/\/grand-egersund.no\/pakker-tilbud\/romantisk-hotellopphold\/\",\"name\":\"Romantisk hotellopphold - Grand Hotell\",\"isPartOf\":{\"@id\":\"https:\/\/grand-egersund.no\/#website\"},\"datePublished\":\"2021-12-22T08:41:57+00:00\",\"dateModified\":\"2025-12-02T12:46:28+00:00\",\"breadcrumb\":{\"@id\":\"https:\/\/grand-egersund.no\/pakker-tilbud\/romantisk-hotellopphold\/#breadcrumb\"},\"inLanguage\":\"en-GB\",\"potentialAction\":[{\"@type\":\"ReadAction\",\"target\":[\"https:\/\/grand-egersund.no\/pakker-tilbud\/romantisk-hotellopphold\/\"]}]},{\"@type\":\"BreadcrumbList\",\"@id\":\"https:\/\/grand-egersund.no\/pakker-tilbud\/romantisk-hotellopphold\/#breadcrumb\",\"itemListElement\":[{\"@type\":\"ListItem\",\"position\":1,\"name\":\"Home\",\"item\":\"https:\/\/grand-egersund.no\/\"},{\"@type\":\"ListItem\",\"position\":2,\"name\":\"Pakker &#038; tilbud\",\"item\":\"https:\/\/grand-egersund.no\/pakker-tilbud\/\"},{\"@type\":\"ListItem\",\"position\":3,\"name\":\"Romantisk hotellopphold\"}]},{\"@type\":\"WebSite\",\"@id\":\"https:\/\/grand-egersund.no\/#website\",\"url\":\"https:\/\/grand-egersund.no\/\",\"name\":\"Grand Hotell\",\"description\":\"I hjertet av Egersund\",\"publisher\":{\"@id\":\"https:\/\/grand-egersund.no\/#organization\"},\"potentialAction\":[{\"@type\":\"SearchAction\",\"target\":{\"@type\":\"EntryPoint\",\"urlTemplate\":\"https:\/\/grand-egersund.no\/?s={search_term_string}\"},\"query-input\":{\"@type\":\"PropertyValueSpecification\",\"valueRequired\":true,\"valueName\":\"search_term_string\"}}],\"inLanguage\":\"en-GB\"},{\"@type\":\"Organization\",\"@id\":\"https:\/\/grand-egersund.no\/#organization\",\"name\":\"Grand Hotell gersund\",\"url\":\"https:\/\/grand-egersund.no\/\",\"logo\":{\"@type\":\"ImageObject\",\"inLanguage\":\"en-GB\",\"@id\":\"https:\/\/grand-egersund.no\/#\/schema\/logo\/image\/\",\"url\":\"http:\/\/grand-egersund.no\/wp-content\/uploads\/2021\/12\/Grand-Egersund_logo_liggende_farge.png\",\"contentUrl\":\"http:\/\/grand-egersund.no\/wp-content\/uploads\/2021\/12\/Grand-Egersund_logo_liggende_farge.png\",\"width\":891,\"height\":434,\"caption\":\"Grand Hotell gersund\"},\"image\":{\"@id\":\"https:\/\/grand-egersund.no\/#\/schema\/logo\/image\/\"},\"sameAs\":[\"https:\/\/www.facebook.com\/GrandHotellEgersund\"]}]}<\/script>\n<!-- \/ Yoast SEO plugin. -->","yoast_head_json":{"title":"Romantic hotel stay - Grand Hotell","robots":{"index":"index","follow":"follow","max-snippet":"max-snippet:-1","max-image-preview":"max-image-preview:large","max-video-preview":"max-video-preview:-1"},"canonical":"https:\/\/grand-egersund.no\/en\/package-offers\/romantic-hotel-stay\/","og_locale":"en_GB","og_type":"article","og_title":"Romantisk hotellopphold - Grand Hotell","og_description":"Romantisk hotelloppholdGrand Hotell legger forholdene til rette for at du og din partner skal kunne oppleve fornyet kj\u00e6rlighet. Ta med din kj\u00e6re, gode venner eller begge deler og la oss [&hellip;]","og_url":"https:\/\/grand-egersund.no\/en\/package-offers\/romantic-hotel-stay\/","og_site_name":"Grand Hotell","article_publisher":"https:\/\/www.facebook.com\/GrandHotellEgersund","article_modified_time":"2025-12-02T12:46:28+00:00","twitter_card":"summary_large_image","twitter_misc":{"Estimated reading time":"3 minutes"},"schema":{"@context":"https:\/\/schema.org","@graph":[{"@type":"WebPage","@id":"https:\/\/grand-egersund.no\/pakker-tilbud\/romantisk-hotellopphold\/","url":"https:\/\/grand-egersund.no\/pakker-tilbud\/romantisk-hotellopphold\/","name":"Romantic hotel stay - Grand Hotell","isPartOf":{"@id":"https:\/\/grand-egersund.no\/#website"},"datePublished":"2021-12-22T08:41:57+00:00","dateModified":"2025-12-02T12:46:28+00:00","breadcrumb":{"@id":"https:\/\/grand-egersund.no\/pakker-tilbud\/romantisk-hotellopphold\/#breadcrumb"},"inLanguage":"en-GB","potentialAction":[{"@type":"ReadAction","target":["https:\/\/grand-egersund.no\/pakker-tilbud\/romantisk-hotellopphold\/"]}]},{"@type":"BreadcrumbList","@id":"https:\/\/grand-egersund.no\/pakker-tilbud\/romantisk-hotellopphold\/#breadcrumb","itemListElement":[{"@type":"ListItem","position":1,"name":"Home","item":"https:\/\/grand-egersund.no\/"},{"@type":"ListItem","position":2,"name":"Pakker &#038; tilbud","item":"https:\/\/grand-egersund.no\/pakker-tilbud\/"},{"@type":"ListItem","position":3,"name":"Romantisk hotellopphold"}]},{"@type":"WebSite","@id":"https:\/\/grand-egersund.no\/#website","url":"https:\/\/grand-egersund.no\/","name":"Grand Hotel","description":"In the heart of Egersund","publisher":{"@id":"https:\/\/grand-egersund.no\/#organization"},"potentialAction":[{"@type":"SearchAction","target":{"@type":"EntryPoint","urlTemplate":"https:\/\/grand-egersund.no\/?s={search_term_string}"},"query-input":{"@type":"PropertyValueSpecification","valueRequired":true,"valueName":"search_term_string"}}],"inLanguage":"en-GB"},{"@type":"Organization","@id":"https:\/\/grand-egersund.no\/#organization","name":"Grand Hotel gersund","url":"https:\/\/grand-egersund.no\/","logo":{"@type":"ImageObject","inLanguage":"en-GB","@id":"https:\/\/grand-egersund.no\/#\/schema\/logo\/image\/","url":"http:\/\/grand-egersund.no\/wp-content\/uploads\/2021\/12\/Grand-Egersund_logo_liggende_farge.png","contentUrl":"http:\/\/grand-egersund.no\/wp-content\/uploads\/2021\/12\/Grand-Egersund_logo_liggende_farge.png","width":891,"height":434,"caption":"Grand Hotell gersund"},"image":{"@id":"https:\/\/grand-egersund.no\/#\/schema\/logo\/image\/"},"sameAs":["https:\/\/www.facebook.com\/GrandHotellEgersund"]}]}},"_links":{"self":[{"href":"https:\/\/grand-egersund.no\/en\/wp-json\/wp\/v2\/pages\/233245","targetHints":{"allow":["GET"]}}],"collection":[{"href":"https:\/\/grand-egersund.no\/en\/wp-json\/wp\/v2\/pages"}],"about":[{"href":"https:\/\/grand-egersund.no\/en\/wp-json\/wp\/v2\/types\/page"}],"author":[{"embeddable":true,"href":"https:\/\/grand-egersund.no\/en\/wp-json\/wp\/v2\/users\/1"}],"replies":[{"embeddable":true,"href":"https:\/\/grand-egersund.no\/en\/wp-json\/wp\/v2\/comments?post=233245"}],"version-history":[{"count":13,"href":"https:\/\/grand-egersund.no\/en\/wp-json\/wp\/v2\/pages\/233245\/revisions"}],"predecessor-version":[{"id":240949,"href":"https:\/\/grand-egersund.no\/en\/wp-json\/wp\/v2\/pages\/233245\/revisions\/240949"}],"up":[{"embeddable":true,"href":"https:\/\/grand-egersund.no\/en\/wp-json\/wp\/v2\/pages\/233243"}],"wp:attachment":[{"href":"https:\/\/grand-egersund.no\/en\/wp-json\/wp\/v2\/media?parent=233245"}],"curies":[{"name":"wp","href":"https:\/\/api.w.org\/{rel}","templated":true}]}}