{"id":233227,"date":"2021-12-22T09:39:05","date_gmt":"2021-12-22T08:39:05","guid":{"rendered":"http:\/\/grandhotell.megakunder.no\/?page_id=233227"},"modified":"2024-11-13T15:49:18","modified_gmt":"2024-11-13T14:49:18","slug":"corporate-event","status":"publish","type":"page","link":"https:\/\/grand-egersund.no\/en\/selskap\/bedriftsarrangement\/","title":{"rendered":"Company"},"content":{"rendered":"<p>[et_pb_section fb_built=&raquo;1&#8243; _builder_version=&raquo;4.24.2&#8243; _module_preset=&raquo;default&raquo; background_color=&raquo;#F6F2F0&#8243; background_image=&raquo;https:\/\/grand-egersund.no\/wp-content\/uploads\/2024\/09\/DSC01331.jpg&raquo; height=&raquo;40vh&raquo; custom_padding=&raquo;||0px|||&raquo; hover_enabled=&raquo;0&#8243; global_colors_info=&raquo;{}&raquo; alt=&raquo;Grand hotell&raquo; title_text=&raquo;Grand hotell&raquo; sticky_enabled=&raquo;0&#8243;][\/et_pb_section][et_pb_section fb_built=&raquo;1&#8243; _builder_version=&raquo;4.16&#8243; _module_preset=&raquo;default&raquo; background_enable_color=&raquo;off&raquo; custom_padding=&raquo;||50px|||&raquo; global_colors_info=&raquo;{}&raquo;][et_pb_row _builder_version=&raquo;4.16&#8243; _module_preset=&raquo;default&raquo; custom_padding=&raquo;||0px|||&raquo; global_colors_info=&raquo;{}&raquo;][et_pb_column type=&raquo;4_4&#8243; _builder_version=&raquo;4.16&#8243; _module_preset=&raquo;default&raquo; global_colors_info=&raquo;{}&raquo;][et_pb_text _builder_version=&raquo;4.16&#8243; _module_preset=&raquo;254d1c82-e0bc-4825-ad34-bb6e43b40ab5&#8243; global_colors_info=&raquo;{}&raquo;]<\/p>\n<h1 style=\"text-align: center;\">Arrangementer med bedriften<\/h1>\n<p>[\/et_pb_text][et_pb_text _builder_version=&raquo;4.17.4&#8243; _module_preset=&raquo;254d1c82-e0bc-4825-ad34-bb6e43b40ab5&#8243; max_width=&raquo;640px&raquo; module_alignment=&raquo;center&raquo; global_colors_info=&raquo;{}&raquo;]<\/p>\n<p style=\"font-weight: 400;\"><span>Vi har lokaler til din bedrifts sommerfest, julebord eller styrelunsj\/ledersamling. Skal dere ha teambuilding eller kick off kan vi ogs\u00e5 tilrettelegge for ulike kjekke aktiviteter rundt i omr\u00e5det, i tillegg til det dere m\u00e5tte \u00f8nske av mat og fasiliteter i v\u00e5re lokaler. <\/span><\/p>\n<p>[\/et_pb_text][et_pb_button button_url=&raquo;\/pakker-tilbud\/konferansepakker\/&raquo; button_text=&raquo;Se Kurs og konferansepakker&raquo; button_alignment=&raquo;center&raquo; _builder_version=&raquo;4.17.4&#8243; _module_preset=&raquo;13d43eb9-f434-455a-afff-d8b9e70dee92&#8243; global_colors_info=&raquo;{}&raquo;][\/et_pb_button][\/et_pb_column][\/et_pb_row][\/et_pb_section][et_pb_section fb_built=&raquo;1&#8243; _builder_version=&raquo;4.16&#8243; _module_preset=&raquo;default&raquo; saved_tabs=&raquo;all&raquo; global_colors_info=&raquo;{}&raquo;][et_pb_row column_structure=&raquo;1_2,1_2&#8243; _builder_version=&raquo;4.18.0&#8243; _module_preset=&raquo;5ad0b517-c8df-4be5-a546-140e0a59f7a9&#8243; global_colors_info=&raquo;{}&raquo;][et_pb_column type=&raquo;1_2&#8243; _builder_version=&raquo;4.18.0&#8243; _module_preset=&raquo;4ff29b9d-5eb1-46da-b20f-1673c70dad5e&raquo; global_colors_info=&raquo;{}&raquo;][et_pb_text _builder_version=&raquo;4.18.0&#8243; _module_preset=&raquo;254d1c82-e0bc-4825-ad34-bb6e43b40ab5&#8243; global_colors_info=&raquo;{}&raquo;]<\/p>\n<h2 style=\"text-align: left;\">Selskaps- og konferanselokaler til alle anledninger<\/h2>\n<p style=\"font-weight: 400; text-align: left;\">Vi har stort utvalg av lokaler i alle st\u00f8rrelser som passer ethvert bedriftsarrangement, enten det gjelder et lite m\u00f8te, en firmafest eller et kurs. Vi tilrettelegger det du trenger for et vellykket arrangement for dine ansatte, og bist\u00e5r gjerne med b\u00e5de mat, drikke og aktiviteter. Sjekk ut v\u00e5re lokaler her:<\/p>\n<p>[\/et_pb_text][et_pb_button button_url=&raquo;http:\/\/kurs-og-konferanse\/lokaler\/&raquo; button_text=&raquo;Se v\u00e5re lokaler&raquo; button_alignment=&raquo;left&raquo; _builder_version=&raquo;4.17.4&#8243; _module_preset=&raquo;13d43eb9-f434-455a-afff-d8b9e70dee92&#8243; global_colors_info=&raquo;{}&raquo;][\/et_pb_button][\/et_pb_column][et_pb_column type=&raquo;1_2&#8243; _builder_version=&raquo;4.18.0&#8243; _module_preset=&raquo;default&raquo; background_image=&raquo;https:\/\/grand-egersund.no\/wp-content\/uploads\/2022\/07\/Aperitiffen-er-klar-.jpg&raquo; global_colors_info=&raquo;{}&raquo;][et_pb_image src=&raquo;https:\/\/grand-egersund.no\/wp-content\/uploads\/2022\/07\/Aperitiffen-er-klar-.jpg&raquo; title_text=&raquo;Aperitiffen er klar&raquo; disabled_on=&raquo;off|off|on&raquo; _builder_version=&raquo;4.17.4&#8243; _module_preset=&raquo;default&raquo; global_colors_info=&raquo;{}&raquo;][\/et_pb_image][\/et_pb_column][\/et_pb_row][et_pb_row column_structure=&raquo;1_2,1_2&#8243; _builder_version=&raquo;4.18.0&#8243; _module_preset=&raquo;5ad0b517-c8df-4be5-a546-140e0a59f7a9&#8243; global_colors_info=&raquo;{}&raquo;][et_pb_column type=&raquo;1_2&#8243; _builder_version=&raquo;4.18.0&#8243; _module_preset=&raquo;default&raquo; background_image=&raquo;https:\/\/grand-egersund.no\/wp-content\/uploads\/2022\/07\/Buffet-.jpg&raquo; global_colors_info=&raquo;{}&raquo;][et_pb_image src=&raquo;https:\/\/grand-egersund.no\/wp-content\/uploads\/2022\/07\/Buffet-.jpg&raquo; title_text=&raquo;Buffet&raquo; disabled_on=&raquo;off|off|on&raquo; _builder_version=&raquo;4.17.4&#8243; _module_preset=&raquo;default&raquo; global_colors_info=&raquo;{}&raquo;][\/et_pb_image][\/et_pb_column][et_pb_column type=&raquo;1_2&#8243; _builder_version=&raquo;4.18.0&#8243; _module_preset=&raquo;4ff29b9d-5eb1-46da-b20f-1673c70dad5e&raquo; global_colors_info=&raquo;{}&raquo;][et_pb_text _builder_version=&raquo;4.18.0&#8243; _module_preset=&raquo;254d1c82-e0bc-4825-ad34-bb6e43b40ab5&#8243; global_colors_info=&raquo;{}&raquo;]<\/p>\n<h2 style=\"text-align: left;\">Mat og drikke<\/h2>\n<p style=\"text-align: left;\"><span>Velkommen b\u00e5de til hverdag og fest! Firmafest, bryllup eller bare ut \u00e5 spise? P\u00e5 Grand Hotell f\u00e5r du mat til enhver anledning. Er du litt sulten eller bare litt t\u00f8rst? Eigra kj\u00f8kken &amp; bar er hotellets restaurant. Her kan du sitte lenge og nyte et godt m\u00e5ltid, eller ta deg et enklere m\u00e5ltid med noe godt \u00e5 drikke f\u00f8r du tar turen videre. Med lokale r\u00e5varer i fokus setter vi moderne mat laget p\u00e5 lokale r\u00e5varer p\u00e5 bordet til deg. For spesielle anledninger har vi egne lokaler som Grand Vinkjeller og Lille Eiga.<\/span><\/p>\n<p>[\/et_pb_text][et_pb_button button_url=&raquo;\/mat-og-drikke\/&raquo; button_text=&raquo;Les mer om mat og drikke&raquo; button_alignment=&raquo;left&raquo; _builder_version=&raquo;4.18.0&#8243; _module_preset=&raquo;13d43eb9-f434-455a-afff-d8b9e70dee92&#8243; global_colors_info=&raquo;{}&raquo;][\/et_pb_button][\/et_pb_column][\/et_pb_row][et_pb_row column_structure=&raquo;1_2,1_2&#8243; disabled_on=&raquo;on|on|on&raquo; _builder_version=&raquo;4.17.4&#8243; _module_preset=&raquo;default&raquo; disabled=&raquo;on&raquo; global_colors_info=&raquo;{}&raquo;][et_pb_column type=&raquo;1_2&#8243; _builder_version=&raquo;4.16&#8243; _module_preset=&raquo;default&raquo; global_colors_info=&raquo;{}&raquo;][et_pb_text _builder_version=&raquo;4.17.4&#8243; _module_preset=&raquo;254d1c82-e0bc-4825-ad34-bb6e43b40ab5&#8243; global_colors_info=&raquo;{}&raquo;]<\/p>\n<h2 style=\"text-align: center;\">Mat og drikke for grupper<\/h2>\n<p style=\"font-weight: 400;\">Vi har stort utvalg av lokaler i alle st\u00f8rrelser som passer ethvert bedriftsarrangement, enten det gjelder et lite m\u00f8te, en firmafest eller et kurs. Vi tilrettelegger det du trenger for et vellykket arrangement for dine ansatte, og bist\u00e5r gjerne med b\u00e5de mat, drikke og aktiviteter. Sjekk ut v\u00e5re lokaler her:<\/p>\n<p>[\/et_pb_text][et_pb_button button_url=&raquo;http:\/\/kurs-og-konferanse\/lokaler\/&raquo; button_text=&raquo;Se v\u00e5re lokaler&raquo; button_alignment=&raquo;left&raquo; _builder_version=&raquo;4.17.4&#8243; _module_preset=&raquo;13d43eb9-f434-455a-afff-d8b9e70dee92&#8243; global_colors_info=&raquo;{}&raquo;][\/et_pb_button][\/et_pb_column][et_pb_column type=&raquo;1_2&#8243; _builder_version=&raquo;4.16&#8243; _module_preset=&raquo;default&raquo; global_colors_info=&raquo;{}&raquo;][et_pb_image src=&raquo;https:\/\/grand-egersund.no\/wp-content\/uploads\/2022\/07\/Selskap-pa-Grand-Scene-1-1.jpg&raquo; title_text=&raquo;Selskap p\u00e5 Grand Scene&raquo; _builder_version=&raquo;4.17.4&#8243; _module_preset=&raquo;default&raquo; global_colors_info=&raquo;{}&raquo;][\/et_pb_image][\/et_pb_column][\/et_pb_row][\/et_pb_section][et_pb_section fb_built=&raquo;1&#8243; _builder_version=&raquo;4.16&#8243; _module_preset=&raquo;default&raquo; background_color=&raquo;#F6F2F0&#8243; global_module=&raquo;234008&#8243; saved_tabs=&raquo;all&raquo; global_colors_info=&raquo;{}&raquo;][et_pb_row _builder_version=&raquo;4.16&#8243; _module_preset=&raquo;default&raquo; global_colors_info=&raquo;{}&raquo;][et_pb_column type=&raquo;4_4&#8243; _builder_version=&raquo;4.16&#8243; _module_preset=&raquo;default&raquo; global_colors_info=&raquo;{}&raquo;][et_pb_text _builder_version=&raquo;4.16&#8243; _module_preset=&raquo;d65c6081-5626-49e0-83c0-63c1416ae485&#8243; global_colors_info=&raquo;{}&raquo;]<\/p>\n<h2 style=\"text-align: center;\">Lokale opplevelser<\/h2>\n<p>[\/et_pb_text][\/et_pb_column][\/et_pb_row][et_pb_row column_structure=&raquo;1_3,1_3,1_3&#8243; use_custom_gutter=&raquo;on&raquo; _builder_version=&raquo;4.16&#8243; _module_preset=&raquo;default&raquo; global_colors_info=&raquo;{}&raquo;][et_pb_column type=&raquo;1_3&#8243; _builder_version=&raquo;4.16&#8243; _module_preset=&raquo;default&raquo; global_colors_info=&raquo;{}&raquo;][et_pb_blurb title=&raquo;Romatisk hotellopphold&raquo; url=&raquo;\/pakker-tilbud\/romantisk-hotellopphold\/&raquo; image=&raquo;https:\/\/grand-egersund.no\/wp-content\/uploads\/2022\/07\/bobler-pa-rommet&#8211;scaled.jpg&raquo; _builder_version=&raquo;4.24.2&#8243; _module_preset=&raquo;7fbf7575-68da-4c6a-b314-21cab06ac8a9&#8243; link_option_url=&raquo;\/pakker-tilbud\/romantisk-hotellopphold\/&raquo; global_module=&raquo;235178&#8243; saved_tabs=&raquo;all&raquo; global_colors_info=&raquo;{}&raquo;]<\/p>\n<p><a href=\"\/pakker-tilbud\/romantisk-hotellopphold\/\">Les mer<\/a><\/p>\n<p>[\/et_pb_blurb][\/et_pb_column][et_pb_column type=&raquo;1_3&#8243; _builder_version=&raquo;4.16&#8243; _module_preset=&raquo;default&raquo; global_colors_info=&raquo;{}&raquo;][et_pb_blurb title=&raquo;Vinsmaking&raquo; url=&raquo;\/opplevelser\/aktiviteter\/vinsmaking\/&raquo; image=&raquo;https:\/\/grand-egersund.no\/wp-content\/uploads\/2024\/11\/DSC00230-Enhanced-NR-1.jpg&raquo; alt=&raquo;Vinsmaking &raquo; _builder_version=&raquo;4.24.2&#8243; _module_preset=&raquo;7fbf7575-68da-4c6a-b314-21cab06ac8a9&#8243; link_option_url=&raquo;\/opplevelser\/aktiviteter\/vinsmaking\/&raquo; global_colors_info=&raquo;{}&raquo;]<\/p>\n<p>Les mer<\/p>\n<p>[\/et_pb_blurb][\/et_pb_column][et_pb_column type=&raquo;1_3&#8243; _builder_version=&raquo;4.16&#8243; _module_preset=&raquo;default&raquo; global_colors_info=&raquo;{}&raquo;][et_pb_blurb title=&raquo;Sykkelpakke&raquo; url=&raquo;\/pakker-tilbud\/sykkelpakke\/&raquo; image=&raquo;https:\/\/grand-egersund.no\/wp-content\/uploads\/2022\/07\/Lei-en-el-sykkel-pa-Grand-Hotell-Egersund.jpg&raquo; _builder_version=&raquo;4.17.4&#8243; _module_preset=&raquo;7fbf7575-68da-4c6a-b314-21cab06ac8a9&#8243; link_option_url=&raquo;\/pakker-tilbud\/sykkelpakke\/&raquo; global_module=&raquo;234119&#8243; global_colors_info=&raquo;{}&raquo;]<\/p>\n<p><a href=\"\/pakker-tilbud\/sykkelpakke\/\">Les mer<\/a><\/p>\n<p>[\/et_pb_blurb][\/et_pb_column][\/et_pb_row][et_pb_row _builder_version=&raquo;4.16&#8243; _module_preset=&raquo;default&raquo; global_colors_info=&raquo;{}&raquo;][et_pb_column type=&raquo;4_4&#8243; _builder_version=&raquo;4.16&#8243; _module_preset=&raquo;default&raquo; global_colors_info=&raquo;{}&raquo;][et_pb_button button_url=&raquo;\/pakker-tilbud\/&raquo; button_text=&raquo;Se flere pakker og tilbud&raquo; button_alignment=&raquo;center&raquo; _builder_version=&raquo;4.17.4&#8243; _module_preset=&raquo;13d43eb9-f434-455a-afff-d8b9e70dee92&#8243; global_colors_info=&raquo;{}&raquo;][\/et_pb_button][\/et_pb_column][\/et_pb_row][\/et_pb_section][et_pb_section fb_built=&raquo;1&#8243; _builder_version=&raquo;4.17.4&#8243; _module_preset=&raquo;default&raquo; background_color=&raquo;#F6F2F0&#8243; custom_padding=&raquo;29px||0px|||&raquo; global_colors_info=&raquo;{}&raquo;][et_pb_row _builder_version=&raquo;4.16&#8243; _module_preset=&raquo;default&raquo; custom_padding=&raquo;||0px|||&raquo; global_colors_info=&raquo;{}&raquo;][et_pb_column type=&raquo;4_4&#8243; _builder_version=&raquo;4.16&#8243; _module_preset=&raquo;default&raquo; global_colors_info=&raquo;{}&raquo;][et_pb_button button_text=&raquo;Til toppen&raquo; _builder_version=&raquo;4.16&#8243; _module_preset=&raquo;711416d9-2858-43aa-952b-a2853918e909&#8243; global_colors_info=&raquo;{}&raquo;][\/et_pb_button][\/et_pb_column][\/et_pb_row][\/et_pb_section]<\/p>\n","protected":false},"excerpt":{"rendered":"<p>Arrangementer med bedriftenVi har lokaler til din bedrifts sommerfest, julebord eller styrelunsj\/ledersamling. Skal dere ha teambuilding eller kick off kan vi ogs\u00e5 tilrettelegge for ulike kjekke aktiviteter rundt i omr\u00e5det, [&hellip;]<\/p>\n","protected":false},"author":1,"featured_media":0,"parent":233219,"menu_order":0,"comment_status":"closed","ping_status":"closed","template":"","meta":{"_et_pb_use_builder":"on","_et_pb_old_content":"<!-- wp:divi\/placeholder \/-->","_et_gb_content_width":"","footnotes":""},"class_list":["post-233227","page","type-page","status-publish","hentry"],"yoast_head":"<!-- This site is optimized with the Yoast SEO plugin v27.1.1 - https:\/\/yoast.com\/product\/yoast-seo-wordpress\/ -->\n<title>Bedrift - Grand Hotell<\/title>\n<meta name=\"robots\" content=\"index, follow, max-snippet:-1, max-image-preview:large, max-video-preview:-1\" \/>\n<link rel=\"canonical\" href=\"https:\/\/grand-egersund.no\/en\/company\/corporate-event\/\" \/>\n<meta property=\"og:locale\" content=\"en_GB\" \/>\n<meta property=\"og:type\" content=\"article\" \/>\n<meta property=\"og:title\" content=\"Bedrift - Grand Hotell\" \/>\n<meta property=\"og:description\" content=\"Arrangementer med bedriftenVi har lokaler til din bedrifts sommerfest, julebord eller styrelunsj\/ledersamling. Skal dere ha teambuilding eller kick off kan vi ogs\u00e5 tilrettelegge for ulike kjekke aktiviteter rundt i omr\u00e5det, [&hellip;]\" \/>\n<meta property=\"og:url\" content=\"https:\/\/grand-egersund.no\/en\/company\/corporate-event\/\" \/>\n<meta property=\"og:site_name\" content=\"Grand Hotell\" \/>\n<meta property=\"article:publisher\" content=\"https:\/\/www.facebook.com\/GrandHotellEgersund\" \/>\n<meta property=\"article:modified_time\" content=\"2024-11-13T14:49:18+00:00\" \/>\n<meta name=\"twitter:card\" content=\"summary_large_image\" \/>\n<meta name=\"twitter:label1\" content=\"Estimated reading time\" \/>\n\t<meta name=\"twitter:data1\" content=\"3 minutes\" \/>\n<script type=\"application\/ld+json\" class=\"yoast-schema-graph\">{\"@context\":\"https:\/\/schema.org\",\"@graph\":[{\"@type\":\"WebPage\",\"@id\":\"https:\/\/grand-egersund.no\/selskap\/bedriftsarrangement\/\",\"url\":\"https:\/\/grand-egersund.no\/selskap\/bedriftsarrangement\/\",\"name\":\"Bedrift - Grand Hotell\",\"isPartOf\":{\"@id\":\"https:\/\/grand-egersund.no\/#website\"},\"datePublished\":\"2021-12-22T08:39:05+00:00\",\"dateModified\":\"2024-11-13T14:49:18+00:00\",\"breadcrumb\":{\"@id\":\"https:\/\/grand-egersund.no\/selskap\/bedriftsarrangement\/#breadcrumb\"},\"inLanguage\":\"en-GB\",\"potentialAction\":[{\"@type\":\"ReadAction\",\"target\":[\"https:\/\/grand-egersund.no\/selskap\/bedriftsarrangement\/\"]}]},{\"@type\":\"BreadcrumbList\",\"@id\":\"https:\/\/grand-egersund.no\/selskap\/bedriftsarrangement\/#breadcrumb\",\"itemListElement\":[{\"@type\":\"ListItem\",\"position\":1,\"name\":\"Home\",\"item\":\"https:\/\/grand-egersund.no\/\"},{\"@type\":\"ListItem\",\"position\":2,\"name\":\"Selskap\",\"item\":\"https:\/\/grand-egersund.no\/selskap\/\"},{\"@type\":\"ListItem\",\"position\":3,\"name\":\"Bedrift\"}]},{\"@type\":\"WebSite\",\"@id\":\"https:\/\/grand-egersund.no\/#website\",\"url\":\"https:\/\/grand-egersund.no\/\",\"name\":\"Grand Hotell\",\"description\":\"I hjertet av Egersund\",\"publisher\":{\"@id\":\"https:\/\/grand-egersund.no\/#organization\"},\"potentialAction\":[{\"@type\":\"SearchAction\",\"target\":{\"@type\":\"EntryPoint\",\"urlTemplate\":\"https:\/\/grand-egersund.no\/?s={search_term_string}\"},\"query-input\":{\"@type\":\"PropertyValueSpecification\",\"valueRequired\":true,\"valueName\":\"search_term_string\"}}],\"inLanguage\":\"en-GB\"},{\"@type\":\"Organization\",\"@id\":\"https:\/\/grand-egersund.no\/#organization\",\"name\":\"Grand Hotell gersund\",\"url\":\"https:\/\/grand-egersund.no\/\",\"logo\":{\"@type\":\"ImageObject\",\"inLanguage\":\"en-GB\",\"@id\":\"https:\/\/grand-egersund.no\/#\/schema\/logo\/image\/\",\"url\":\"http:\/\/grand-egersund.no\/wp-content\/uploads\/2021\/12\/Grand-Egersund_logo_liggende_farge.png\",\"contentUrl\":\"http:\/\/grand-egersund.no\/wp-content\/uploads\/2021\/12\/Grand-Egersund_logo_liggende_farge.png\",\"width\":891,\"height\":434,\"caption\":\"Grand Hotell gersund\"},\"image\":{\"@id\":\"https:\/\/grand-egersund.no\/#\/schema\/logo\/image\/\"},\"sameAs\":[\"https:\/\/www.facebook.com\/GrandHotellEgersund\"]}]}<\/script>\n<!-- \/ Yoast SEO plugin. -->","yoast_head_json":{"title":"Business - Grand Hotell","robots":{"index":"index","follow":"follow","max-snippet":"max-snippet:-1","max-image-preview":"max-image-preview:large","max-video-preview":"max-video-preview:-1"},"canonical":"https:\/\/grand-egersund.no\/en\/company\/corporate-event\/","og_locale":"en_GB","og_type":"article","og_title":"Bedrift - Grand Hotell","og_description":"Arrangementer med bedriftenVi har lokaler til din bedrifts sommerfest, julebord eller styrelunsj\/ledersamling. Skal dere ha teambuilding eller kick off kan vi ogs\u00e5 tilrettelegge for ulike kjekke aktiviteter rundt i omr\u00e5det, [&hellip;]","og_url":"https:\/\/grand-egersund.no\/en\/company\/corporate-event\/","og_site_name":"Grand Hotell","article_publisher":"https:\/\/www.facebook.com\/GrandHotellEgersund","article_modified_time":"2024-11-13T14:49:18+00:00","twitter_card":"summary_large_image","twitter_misc":{"Estimated reading time":"3 minutes"},"schema":{"@context":"https:\/\/schema.org","@graph":[{"@type":"WebPage","@id":"https:\/\/grand-egersund.no\/selskap\/bedriftsarrangement\/","url":"https:\/\/grand-egersund.no\/selskap\/bedriftsarrangement\/","name":"Business - Grand Hotell","isPartOf":{"@id":"https:\/\/grand-egersund.no\/#website"},"datePublished":"2021-12-22T08:39:05+00:00","dateModified":"2024-11-13T14:49:18+00:00","breadcrumb":{"@id":"https:\/\/grand-egersund.no\/selskap\/bedriftsarrangement\/#breadcrumb"},"inLanguage":"en-GB","potentialAction":[{"@type":"ReadAction","target":["https:\/\/grand-egersund.no\/selskap\/bedriftsarrangement\/"]}]},{"@type":"BreadcrumbList","@id":"https:\/\/grand-egersund.no\/selskap\/bedriftsarrangement\/#breadcrumb","itemListElement":[{"@type":"ListItem","position":1,"name":"Home","item":"https:\/\/grand-egersund.no\/"},{"@type":"ListItem","position":2,"name":"Selskap","item":"https:\/\/grand-egersund.no\/selskap\/"},{"@type":"ListItem","position":3,"name":"Bedrift"}]},{"@type":"WebSite","@id":"https:\/\/grand-egersund.no\/#website","url":"https:\/\/grand-egersund.no\/","name":"Grand Hotel","description":"In the heart of Egersund","publisher":{"@id":"https:\/\/grand-egersund.no\/#organization"},"potentialAction":[{"@type":"SearchAction","target":{"@type":"EntryPoint","urlTemplate":"https:\/\/grand-egersund.no\/?s={search_term_string}"},"query-input":{"@type":"PropertyValueSpecification","valueRequired":true,"valueName":"search_term_string"}}],"inLanguage":"en-GB"},{"@type":"Organization","@id":"https:\/\/grand-egersund.no\/#organization","name":"Grand Hotel gersund","url":"https:\/\/grand-egersund.no\/","logo":{"@type":"ImageObject","inLanguage":"en-GB","@id":"https:\/\/grand-egersund.no\/#\/schema\/logo\/image\/","url":"http:\/\/grand-egersund.no\/wp-content\/uploads\/2021\/12\/Grand-Egersund_logo_liggende_farge.png","contentUrl":"http:\/\/grand-egersund.no\/wp-content\/uploads\/2021\/12\/Grand-Egersund_logo_liggende_farge.png","width":891,"height":434,"caption":"Grand Hotell gersund"},"image":{"@id":"https:\/\/grand-egersund.no\/#\/schema\/logo\/image\/"},"sameAs":["https:\/\/www.facebook.com\/GrandHotellEgersund"]}]}},"_links":{"self":[{"href":"https:\/\/grand-egersund.no\/en\/wp-json\/wp\/v2\/pages\/233227","targetHints":{"allow":["GET"]}}],"collection":[{"href":"https:\/\/grand-egersund.no\/en\/wp-json\/wp\/v2\/pages"}],"about":[{"href":"https:\/\/grand-egersund.no\/en\/wp-json\/wp\/v2\/types\/page"}],"author":[{"embeddable":true,"href":"https:\/\/grand-egersund.no\/en\/wp-json\/wp\/v2\/users\/1"}],"replies":[{"embeddable":true,"href":"https:\/\/grand-egersund.no\/en\/wp-json\/wp\/v2\/comments?post=233227"}],"version-history":[{"count":14,"href":"https:\/\/grand-egersund.no\/en\/wp-json\/wp\/v2\/pages\/233227\/revisions"}],"predecessor-version":[{"id":239569,"href":"https:\/\/grand-egersund.no\/en\/wp-json\/wp\/v2\/pages\/233227\/revisions\/239569"}],"up":[{"embeddable":true,"href":"https:\/\/grand-egersund.no\/en\/wp-json\/wp\/v2\/pages\/233219"}],"wp:attachment":[{"href":"https:\/\/grand-egersund.no\/en\/wp-json\/wp\/v2\/media?parent=233227"}],"curies":[{"name":"wp","href":"https:\/\/api.w.org\/{rel}","templated":true}]}}