{"id":233211,"date":"2021-12-22T09:32:56","date_gmt":"2021-12-22T08:32:56","guid":{"rendered":"http:\/\/grandhotell.megakunder.no\/?page_id=233211"},"modified":"2022-09-23T09:56:02","modified_gmt":"2022-09-23T07:56:02","slug":"consulate","status":"publish","type":"page","link":"https:\/\/grand-egersund.no\/en\/kurs-og-konferanse\/konsulatet\/","title":{"rendered":"Konsulatet"},"content":{"rendered":"<p>[et_pb_section fb_built=&raquo;1&#8243; _builder_version=&raquo;4.17.4&#8243; _module_preset=&raquo;default&raquo; background_image=&raquo;http:\/\/grand-egersund.no\/wp-content\/uploads\/2022\/07\/Dekket-til-selskap-i-Konsulatet-2.jpg&raquo; height=&raquo;30vh&raquo; global_colors_info=&raquo;{}&raquo;][\/et_pb_section][et_pb_section fb_built=&raquo;1&#8243; _builder_version=&raquo;4.18.0&#8243; _module_preset=&raquo;default&raquo; background_color=&raquo;#F6F2F0&#8243; custom_padding=&raquo;0px||0px|||&raquo; global_colors_info=&raquo;{}&raquo; global_module=&raquo;235456&#8243; theme_builder_area=&raquo;post_content&raquo;][et_pb_row _builder_version=&raquo;4.18.0&#8243; _module_preset=&raquo;default&raquo; custom_padding=&raquo;0px||0px|||&raquo; global_colors_info=&raquo;{}&raquo; theme_builder_area=&raquo;post_content&raquo;][et_pb_column type=&raquo;4_4&#8243; _builder_version=&raquo;4.18.0&#8243; _module_preset=&raquo;default&raquo; global_colors_info=&raquo;{}&raquo; theme_builder_area=&raquo;post_content&raquo;][et_pb_code _builder_version=&raquo;4.18.0&#8243; _module_preset=&raquo;default&raquo; global_colors_info=&raquo;{}&raquo; theme_builder_area=&raquo;post_content&raquo;]<div id=\"breadcrumbs\"><a href=\"https:\/\/grand-egersund.no\/en\">Forside<\/a><span class=\"delimiter\"> &raquo; <\/span><\/div>[\/et_pb_code][\/et_pb_column][\/et_pb_row][\/et_pb_section][et_pb_section fb_built=&raquo;1&#8243; _builder_version=&raquo;4.16&#8243; _module_preset=&raquo;default&raquo; background_color=&raquo;#F6F2F0&#8243; background_enable_image=&raquo;off&raquo; custom_padding=&raquo;||50px|||&raquo; global_colors_info=&raquo;{}&raquo;][et_pb_row _builder_version=&raquo;4.16&#8243; _module_preset=&raquo;default&raquo; custom_padding=&raquo;||0px|||&raquo; global_colors_info=&raquo;{}&raquo;][et_pb_column type=&raquo;4_4&#8243; _builder_version=&raquo;4.16&#8243; _module_preset=&raquo;default&raquo; global_colors_info=&raquo;{}&raquo;][et_pb_text _builder_version=&raquo;4.16&#8243; _module_preset=&raquo;254d1c82-e0bc-4825-ad34-bb6e43b40ab5&#8243; global_colors_info=&raquo;{}&raquo;]<\/p>\n<h1 style=\"text-align: center;\">Konsulatet<\/h1>\n<p>[\/et_pb_text][et_pb_text _builder_version=&raquo;4.17.4&#8243; _module_preset=&raquo;254d1c82-e0bc-4825-ad34-bb6e43b40ab5&#8243; max_width=&raquo;640px&raquo; module_alignment=&raquo;center&raquo; custom_margin=&raquo;||40px|||&raquo; global_colors_info=&raquo;{}&raquo;]<\/p>\n<p style=\"text-align: center;\">Konsulatet er et lyst, romslig og innbydende lokale med store vinduer som slipper dagslyset inn. P\u00e5 dagtid blir ofte lokalet benyttet til kurs og konferanser med deltagere opp mot 120 personer, men p\u00e5 kvelden kan det forandres til et nydelig bryllupslokale med blomster, hvite duker, stearinlys og dempet belysning. Egen bar finnes ogs\u00e5 her, og det unike med rommet er at det kan deles opp i ulike soner og rom fordi det har flyttbare lettvegger.<\/p>\n<p>[\/et_pb_text][et_pb_button button_url=&raquo;\/kontakt\/&raquo; button_text=&raquo;Reserver Konsulatet&raquo; button_alignment=&raquo;center&raquo; _builder_version=&raquo;4.17.4&#8243; _module_preset=&raquo;13d43eb9-f434-455a-afff-d8b9e70dee92&#8243; global_colors_info=&raquo;{}&raquo;][\/et_pb_button][\/et_pb_column][\/et_pb_row][\/et_pb_section][et_pb_section fb_built=&raquo;1&#8243; _builder_version=&raquo;4.16&#8243; _module_preset=&raquo;default&raquo; background_color=&raquo;#F6F2F0&#8243; custom_padding=&raquo;28px||90px|||&raquo; global_colors_info=&raquo;{}&raquo;][et_pb_row column_structure=&raquo;1_2,1_2&#8243; make_equal=&raquo;on&raquo; _builder_version=&raquo;4.17.4&#8243; _module_preset=&raquo;default&raquo; custom_margin=&raquo;||60px||false|false&raquo; custom_padding=&raquo;||0px|||&raquo; global_colors_info=&raquo;{}&raquo;][et_pb_column type=&raquo;1_2&#8243; _builder_version=&raquo;4.17.4&#8243; _module_preset=&raquo;default&raquo; background_image=&raquo;http:\/\/grand-egersund.no\/wp-content\/uploads\/2022\/07\/Kurs-og-konferanse-pa-Grand-Hotell.jpg&raquo; global_colors_info=&raquo;{}&raquo;][et_pb_image src=&raquo;http:\/\/grand-egersund.no\/wp-content\/uploads\/2022\/07\/Kurs-og-konferanse-pa-Grand-Hotell-1.jpg&raquo; title_text=&raquo;Kurs og konferanse p\u00e5 Grand Hotell&raquo; disabled_on=&raquo;off|off|on&raquo; _builder_version=&raquo;4.17.4&#8243; _module_preset=&raquo;default&raquo; global_colors_info=&raquo;{}&raquo;][\/et_pb_image][\/et_pb_column][et_pb_column type=&raquo;1_2&#8243; _builder_version=&raquo;4.17.4&#8243; _module_preset=&raquo;4ff29b9d-5eb1-46da-b20f-1673c70dad5e&raquo; global_colors_info=&raquo;{}&raquo;][et_pb_text _builder_version=&raquo;4.17.4&#8243; _module_preset=&raquo;254d1c82-e0bc-4825-ad34-bb6e43b40ab5&#8243; global_colors_info=&raquo;{}&raquo;]<\/p>\n<h2 style=\"text-align: left;\">Fleksibelt, for enhver anledning<\/h2>\n<p>[\/et_pb_text][et_pb_text _builder_version=&raquo;4.17.4&#8243; _module_preset=&raquo;254d1c82-e0bc-4825-ad34-bb6e43b40ab5&#8243; max_width=&raquo;640px&raquo; module_alignment=&raquo;center&raquo; global_colors_info=&raquo;{}&raquo;]<\/p>\n<p style=\"text-align: left;\">Vi har tidligere hatt arrangementer med 400 personer, hvor deltagerne har vandret fra lokale til lokale. Bruken av Konsulatet gir store muligheter da det ogs\u00e5 kan brukes sammen med Grand Scene som ligger rett under. Lokalet er p\u00e5 285 kvadratmeter og er et velegnet m\u00f8terom eller selskapslokale for mellom 25 til 160personer. Vi ordner klasseromsoppsett, langbord eller runde bord til deres bryllup, jubileum, firmafest, produktlansering, minglefest, mottakelse eller middag med storfamilien \u2013 alt etter deres \u00f8nsker og behov. Her er ogs\u00e5 mulig \u00e5 sette opp en scene hvis dere \u00f8nsker underholdning.<\/p>\n<p style=\"text-align: left;\">Husk \u00e5 gi beskjed i forkant hvilket oppsett dere foretrekker.<\/p>\n<p style=\"text-align: left;\">\n<ul>\n<li style=\"text-align: left;\">120 personer ved &laquo;klasserom&raquo; (stoler og skrivebord)<\/li>\n<li style=\"text-align: left;\">160 personer ved &laquo;kinosal&raquo; (kun stoler).<\/li>\n<li style=\"text-align: left;\">150 personer ved langbord og runde bord.<\/li>\n<li style=\"text-align: left;\">120 personer ved sm\u00e5bord\/runde bord \u00e0 8 pers.<\/li>\n<\/ul>\n<p>[\/et_pb_text][\/et_pb_column][\/et_pb_row][et_pb_row column_structure=&raquo;1_2,1_2&#8243; make_equal=&raquo;on&raquo; _builder_version=&raquo;4.17.4&#8243; _module_preset=&raquo;5ad0b517-c8df-4be5-a546-140e0a59f7a9&#8243; global_colors_info=&raquo;{}&raquo;][et_pb_column type=&raquo;1_2&#8243; _builder_version=&raquo;4.17.4&#8243; _module_preset=&raquo;4ff29b9d-5eb1-46da-b20f-1673c70dad5e&raquo; global_colors_info=&raquo;{}&raquo;][et_pb_text _builder_version=&raquo;4.17.4&#8243; _module_preset=&raquo;254d1c82-e0bc-4825-ad34-bb6e43b40ab5&#8243; global_colors_info=&raquo;{}&raquo;]<\/p>\n<h2 style=\"text-align: left;\">Kan deles i mindre saler<\/h2>\n<p>[\/et_pb_text][et_pb_text _builder_version=&raquo;4.17.4&#8243; _module_preset=&raquo;254d1c82-e0bc-4825-ad34-bb6e43b40ab5&#8243; max_width=&raquo;640px&raquo; module_alignment=&raquo;center&raquo; global_colors_info=&raquo;{}&raquo;]<\/p>\n<p><strong>Konsulatet B<\/strong><br \/>Lokalet er 75 kvadratmeter.<\/p>\n<p>&#8211; Maks 60 personer ved &laquo;klasserom&raquo;<br \/>&#8211; Maks 90 personer ved &laquo;kinosal&raquo;\u00a0<br \/>&#8211; Maks 80 personer ved sm\u00e5bord \u00e0 8 personer<\/p>\n<p><strong>Konsulatet A<\/strong><br \/>Lokalet er 45 kvadratmeter.<\/p>\n<p>&#8211; Maks 40 personer ved &laquo;klasserom&raquo;<br \/>&#8211; Maks 70 personer ved &laquo;kinosal&raquo;<br \/>&#8211; Maks 20 personer ved &laquo;u-bord&raquo; \/ hestesko<br \/>&#8211; Maks 40 personer ved sm\u00e5bord \u00e0 8 personer<\/p>\n<p><strong>Sal C<\/strong><br \/>Dette er et lite lokale som kan benyttes som grupperom eller mingleomr\u00e5de.<\/p>\n<p>[\/et_pb_text][et_pb_button button_url=&raquo;\/kontakt\/&raquo; button_text=&raquo;Snakk med oss om mulighetene&raquo; button_alignment=&raquo;left&raquo; _builder_version=&raquo;4.17.4&#8243; _module_preset=&raquo;13d43eb9-f434-455a-afff-d8b9e70dee92&#8243; global_colors_info=&raquo;{}&raquo;][\/et_pb_button][\/et_pb_column][et_pb_column type=&raquo;1_2&#8243; module_class=&raquo;mb_first_on_mobile&raquo; _builder_version=&raquo;4.17.4&#8243; _module_preset=&raquo;default&raquo; background_image=&raquo;http:\/\/grand-egersund.no\/wp-content\/uploads\/2022\/07\/Kaffepause-.jpg&raquo; global_colors_info=&raquo;{}&raquo;][et_pb_image src=&raquo;http:\/\/grand-egersund.no\/wp-content\/uploads\/2022\/07\/Kaffepause-1-1.jpg&raquo; title_text=&raquo;Kaffepause&raquo; disabled_on=&raquo;off|off|on&raquo; _builder_version=&raquo;4.17.4&#8243; _module_preset=&raquo;default&raquo; global_colors_info=&raquo;{}&raquo;][\/et_pb_image][\/et_pb_column][\/et_pb_row][\/et_pb_section][et_pb_section fb_built=&raquo;1&#8243; _builder_version=&raquo;4.18.0&#8243; _module_preset=&raquo;default&raquo; background_color=&raquo;#F6F2F0&#8243; custom_padding=&raquo;29px||0px|||&raquo; hover_enabled=&raquo;0&#8243; global_colors_info=&raquo;{}&raquo; sticky_enabled=&raquo;0&#8243;][et_pb_row _builder_version=&raquo;4.16&#8243; _module_preset=&raquo;default&raquo; custom_padding=&raquo;||0px|||&raquo; global_colors_info=&raquo;{}&raquo;][et_pb_column type=&raquo;4_4&#8243; _builder_version=&raquo;4.16&#8243; _module_preset=&raquo;default&raquo; global_colors_info=&raquo;{}&raquo;][et_pb_button button_text=&raquo;Til toppen&raquo; _builder_version=&raquo;4.16&#8243; _module_preset=&raquo;711416d9-2858-43aa-952b-a2853918e909&#8243; global_colors_info=&raquo;{}&raquo;][\/et_pb_button][\/et_pb_column][\/et_pb_row][\/et_pb_section]<\/p>\n","protected":false},"excerpt":{"rendered":"<p><div id=\"breadcrumbs\"><a href=\"https:\/\/grand-egersund.no\/en\">Forside<\/a><span class=\"delimiter\"> &raquo; <\/span><\/div>KonsulatetKonsulatet er et lyst, romslig og innbydende lokale med store vinduer som slipper dagslyset inn. P\u00e5 dagtid blir ofte lokalet benyttet til kurs og konferanser med deltagere opp mot 120 [&hellip;]<\/p>\n","protected":false},"author":1,"featured_media":0,"parent":233207,"menu_order":5,"comment_status":"closed","ping_status":"closed","template":"","meta":{"_et_pb_use_builder":"on","_et_pb_old_content":"<!-- wp:divi\/placeholder \/-->","_et_gb_content_width":"","footnotes":""},"class_list":["post-233211","page","type-page","status-publish","hentry"],"yoast_head":"<!-- This site is optimized with the Yoast SEO plugin v27.1.1 - https:\/\/yoast.com\/product\/yoast-seo-wordpress\/ -->\n<title>Konsulatet - Grand Hotell<\/title>\n<meta name=\"robots\" content=\"index, follow, max-snippet:-1, max-image-preview:large, max-video-preview:-1\" \/>\n<link rel=\"canonical\" href=\"https:\/\/grand-egersund.no\/en\/courses-and-conferences\/consulate\/\" \/>\n<meta property=\"og:locale\" content=\"en_GB\" \/>\n<meta property=\"og:type\" content=\"article\" \/>\n<meta property=\"og:title\" content=\"Konsulatet - Grand Hotell\" \/>\n<meta property=\"og:description\" content=\"KonsulatetKonsulatet er et lyst, romslig og innbydende lokale med store vinduer som slipper dagslyset inn. P\u00e5 dagtid blir ofte lokalet benyttet til kurs og konferanser med deltagere opp mot 120 [&hellip;]\" \/>\n<meta property=\"og:url\" content=\"https:\/\/grand-egersund.no\/en\/courses-and-conferences\/consulate\/\" \/>\n<meta property=\"og:site_name\" content=\"Grand Hotell\" \/>\n<meta property=\"article:publisher\" content=\"https:\/\/www.facebook.com\/GrandHotellEgersund\" \/>\n<meta property=\"article:modified_time\" content=\"2022-09-23T07:56:02+00:00\" \/>\n<meta name=\"twitter:card\" content=\"summary_large_image\" \/>\n<meta name=\"twitter:label1\" content=\"Estimated reading time\" \/>\n\t<meta name=\"twitter:data1\" content=\"3 minutes\" \/>\n<script type=\"application\/ld+json\" class=\"yoast-schema-graph\">{\"@context\":\"https:\/\/schema.org\",\"@graph\":[{\"@type\":\"WebPage\",\"@id\":\"https:\/\/grand-egersund.no\/kurs-og-konferanse\/konsulatet\/\",\"url\":\"https:\/\/grand-egersund.no\/kurs-og-konferanse\/konsulatet\/\",\"name\":\"Konsulatet - Grand Hotell\",\"isPartOf\":{\"@id\":\"https:\/\/grand-egersund.no\/#website\"},\"datePublished\":\"2021-12-22T08:32:56+00:00\",\"dateModified\":\"2022-09-23T07:56:02+00:00\",\"breadcrumb\":{\"@id\":\"https:\/\/grand-egersund.no\/kurs-og-konferanse\/konsulatet\/#breadcrumb\"},\"inLanguage\":\"en-GB\",\"potentialAction\":[{\"@type\":\"ReadAction\",\"target\":[\"https:\/\/grand-egersund.no\/kurs-og-konferanse\/konsulatet\/\"]}]},{\"@type\":\"BreadcrumbList\",\"@id\":\"https:\/\/grand-egersund.no\/kurs-og-konferanse\/konsulatet\/#breadcrumb\",\"itemListElement\":[{\"@type\":\"ListItem\",\"position\":1,\"name\":\"Home\",\"item\":\"https:\/\/grand-egersund.no\/\"},{\"@type\":\"ListItem\",\"position\":2,\"name\":\"Kurs og konferanse\",\"item\":\"https:\/\/grand-egersund.no\/kurs-og-konferanse\/\"},{\"@type\":\"ListItem\",\"position\":3,\"name\":\"Konsulatet\"}]},{\"@type\":\"WebSite\",\"@id\":\"https:\/\/grand-egersund.no\/#website\",\"url\":\"https:\/\/grand-egersund.no\/\",\"name\":\"Grand Hotell\",\"description\":\"I hjertet av Egersund\",\"publisher\":{\"@id\":\"https:\/\/grand-egersund.no\/#organization\"},\"potentialAction\":[{\"@type\":\"SearchAction\",\"target\":{\"@type\":\"EntryPoint\",\"urlTemplate\":\"https:\/\/grand-egersund.no\/?s={search_term_string}\"},\"query-input\":{\"@type\":\"PropertyValueSpecification\",\"valueRequired\":true,\"valueName\":\"search_term_string\"}}],\"inLanguage\":\"en-GB\"},{\"@type\":\"Organization\",\"@id\":\"https:\/\/grand-egersund.no\/#organization\",\"name\":\"Grand Hotell gersund\",\"url\":\"https:\/\/grand-egersund.no\/\",\"logo\":{\"@type\":\"ImageObject\",\"inLanguage\":\"en-GB\",\"@id\":\"https:\/\/grand-egersund.no\/#\/schema\/logo\/image\/\",\"url\":\"http:\/\/grand-egersund.no\/wp-content\/uploads\/2021\/12\/Grand-Egersund_logo_liggende_farge.png\",\"contentUrl\":\"http:\/\/grand-egersund.no\/wp-content\/uploads\/2021\/12\/Grand-Egersund_logo_liggende_farge.png\",\"width\":891,\"height\":434,\"caption\":\"Grand Hotell gersund\"},\"image\":{\"@id\":\"https:\/\/grand-egersund.no\/#\/schema\/logo\/image\/\"},\"sameAs\":[\"https:\/\/www.facebook.com\/GrandHotellEgersund\"]}]}<\/script>\n<!-- \/ Yoast SEO plugin. -->","yoast_head_json":{"title":"Consulate - Grand Hotel","robots":{"index":"index","follow":"follow","max-snippet":"max-snippet:-1","max-image-preview":"max-image-preview:large","max-video-preview":"max-video-preview:-1"},"canonical":"https:\/\/grand-egersund.no\/en\/courses-and-conferences\/consulate\/","og_locale":"en_GB","og_type":"article","og_title":"Konsulatet - Grand Hotell","og_description":"KonsulatetKonsulatet er et lyst, romslig og innbydende lokale med store vinduer som slipper dagslyset inn. P\u00e5 dagtid blir ofte lokalet benyttet til kurs og konferanser med deltagere opp mot 120 [&hellip;]","og_url":"https:\/\/grand-egersund.no\/en\/courses-and-conferences\/consulate\/","og_site_name":"Grand Hotell","article_publisher":"https:\/\/www.facebook.com\/GrandHotellEgersund","article_modified_time":"2022-09-23T07:56:02+00:00","twitter_card":"summary_large_image","twitter_misc":{"Estimated reading time":"3 minutes"},"schema":{"@context":"https:\/\/schema.org","@graph":[{"@type":"WebPage","@id":"https:\/\/grand-egersund.no\/kurs-og-konferanse\/konsulatet\/","url":"https:\/\/grand-egersund.no\/kurs-og-konferanse\/konsulatet\/","name":"Consulate - Grand Hotel","isPartOf":{"@id":"https:\/\/grand-egersund.no\/#website"},"datePublished":"2021-12-22T08:32:56+00:00","dateModified":"2022-09-23T07:56:02+00:00","breadcrumb":{"@id":"https:\/\/grand-egersund.no\/kurs-og-konferanse\/konsulatet\/#breadcrumb"},"inLanguage":"en-GB","potentialAction":[{"@type":"ReadAction","target":["https:\/\/grand-egersund.no\/kurs-og-konferanse\/konsulatet\/"]}]},{"@type":"BreadcrumbList","@id":"https:\/\/grand-egersund.no\/kurs-og-konferanse\/konsulatet\/#breadcrumb","itemListElement":[{"@type":"ListItem","position":1,"name":"Home","item":"https:\/\/grand-egersund.no\/"},{"@type":"ListItem","position":2,"name":"Kurs og konferanse","item":"https:\/\/grand-egersund.no\/kurs-og-konferanse\/"},{"@type":"ListItem","position":3,"name":"Konsulatet"}]},{"@type":"WebSite","@id":"https:\/\/grand-egersund.no\/#website","url":"https:\/\/grand-egersund.no\/","name":"Grand Hotel","description":"In the heart of Egersund","publisher":{"@id":"https:\/\/grand-egersund.no\/#organization"},"potentialAction":[{"@type":"SearchAction","target":{"@type":"EntryPoint","urlTemplate":"https:\/\/grand-egersund.no\/?s={search_term_string}"},"query-input":{"@type":"PropertyValueSpecification","valueRequired":true,"valueName":"search_term_string"}}],"inLanguage":"en-GB"},{"@type":"Organization","@id":"https:\/\/grand-egersund.no\/#organization","name":"Grand Hotel gersund","url":"https:\/\/grand-egersund.no\/","logo":{"@type":"ImageObject","inLanguage":"en-GB","@id":"https:\/\/grand-egersund.no\/#\/schema\/logo\/image\/","url":"http:\/\/grand-egersund.no\/wp-content\/uploads\/2021\/12\/Grand-Egersund_logo_liggende_farge.png","contentUrl":"http:\/\/grand-egersund.no\/wp-content\/uploads\/2021\/12\/Grand-Egersund_logo_liggende_farge.png","width":891,"height":434,"caption":"Grand Hotell gersund"},"image":{"@id":"https:\/\/grand-egersund.no\/#\/schema\/logo\/image\/"},"sameAs":["https:\/\/www.facebook.com\/GrandHotellEgersund"]}]}},"_links":{"self":[{"href":"https:\/\/grand-egersund.no\/en\/wp-json\/wp\/v2\/pages\/233211","targetHints":{"allow":["GET"]}}],"collection":[{"href":"https:\/\/grand-egersund.no\/en\/wp-json\/wp\/v2\/pages"}],"about":[{"href":"https:\/\/grand-egersund.no\/en\/wp-json\/wp\/v2\/types\/page"}],"author":[{"embeddable":true,"href":"https:\/\/grand-egersund.no\/en\/wp-json\/wp\/v2\/users\/1"}],"replies":[{"embeddable":true,"href":"https:\/\/grand-egersund.no\/en\/wp-json\/wp\/v2\/comments?post=233211"}],"version-history":[{"count":12,"href":"https:\/\/grand-egersund.no\/en\/wp-json\/wp\/v2\/pages\/233211\/revisions"}],"predecessor-version":[{"id":235528,"href":"https:\/\/grand-egersund.no\/en\/wp-json\/wp\/v2\/pages\/233211\/revisions\/235528"}],"up":[{"embeddable":true,"href":"https:\/\/grand-egersund.no\/en\/wp-json\/wp\/v2\/pages\/233207"}],"wp:attachment":[{"href":"https:\/\/grand-egersund.no\/en\/wp-json\/wp\/v2\/media?parent=233211"}],"curies":[{"name":"wp","href":"https:\/\/api.w.org\/{rel}","templated":true}]}}