{"id":233201,"date":"2021-12-22T09:31:12","date_gmt":"2021-12-22T08:31:12","guid":{"rendered":"http:\/\/grandhotell.megakunder.no\/?page_id=233201"},"modified":"2022-09-23T14:14:30","modified_gmt":"2022-09-23T12:14:30","slug":"superior-room","status":"publish","type":"page","link":"https:\/\/grand-egersund.no\/en\/hotellrom\/superior-rom\/","title":{"rendered":"Superior room"},"content":{"rendered":"<p>[et_pb_section fb_built=&raquo;1&#8243; _builder_version=&raquo;4.17.4&#8243; _module_preset=&raquo;default&raquo; background_image=&raquo;http:\/\/grand-egersund.no\/wp-content\/uploads\/2022\/09\/SuperiorRom-grand_hotell_strandgaten_2608_lyspaere_medium_size20210601085508690.jpeg&raquo; height=&raquo;30vh&raquo; global_colors_info=&raquo;{}&raquo;][\/et_pb_section][et_pb_section fb_built=&raquo;1&#8243; _builder_version=&raquo;4.18.0&#8243; _module_preset=&raquo;default&raquo; background_color=&raquo;#F6F2F0&#8243; custom_padding=&raquo;0px||0px|||&raquo; global_module=&raquo;235456&#8243; locked=&raquo;off&raquo; global_colors_info=&raquo;{}&raquo;][et_pb_row _builder_version=&raquo;4.18.0&#8243; _module_preset=&raquo;default&raquo; custom_padding=&raquo;0px||0px|||&raquo; global_colors_info=&raquo;{}&raquo;][et_pb_column type=&raquo;4_4&#8243; _builder_version=&raquo;4.18.0&#8243; _module_preset=&raquo;default&raquo; global_colors_info=&raquo;{}&raquo;][et_pb_code _builder_version=&raquo;4.18.0&#8243; _module_preset=&raquo;default&raquo; global_colors_info=&raquo;{}&raquo;]<div id=\"breadcrumbs\"><a href=\"https:\/\/grand-egersund.no\/en\">Forside<\/a><span class=\"delimiter\"> &raquo; <\/span><\/div>[\/et_pb_code][\/et_pb_column][\/et_pb_row][\/et_pb_section][et_pb_section fb_built=&raquo;1&#8243; _builder_version=&raquo;4.16&#8243; _module_preset=&raquo;default&raquo; background_color=&raquo;#F6F2F0&#8243; background_enable_image=&raquo;off&raquo; custom_padding=&raquo;||0px|||&raquo; global_colors_info=&raquo;{}&raquo;][et_pb_row _builder_version=&raquo;4.16&#8243; _module_preset=&raquo;default&raquo; custom_padding=&raquo;||0px|||&raquo; global_colors_info=&raquo;{}&raquo;][et_pb_column type=&raquo;4_4&#8243; _builder_version=&raquo;4.16&#8243; _module_preset=&raquo;default&raquo; global_colors_info=&raquo;{}&raquo;][et_pb_text _builder_version=&raquo;4.16&#8243; _module_preset=&raquo;254d1c82-e0bc-4825-ad34-bb6e43b40ab5&#8243; global_colors_info=&raquo;{}&raquo;]<\/p>\n<h1 style=\"text-align: center;\">Superior rom<\/h1>\n<p>[\/et_pb_text][et_pb_text _builder_version=&raquo;4.17.4&#8243; _module_preset=&raquo;254d1c82-e0bc-4825-ad34-bb6e43b40ab5&#8243; max_width=&raquo;640px&raquo; module_alignment=&raquo;center&raquo; custom_margin=&raquo;||40px|||&raquo; global_colors_info=&raquo;{}&raquo;]<\/p>\n<p style=\"text-align: center;\">Rommene som kalles for superior best\u00e5r av en stor. god seng, sittegruppe med loungebord og to stoler eller sofa. Her f\u00e5r du store hotellputer, kaffemaskin, kj\u00f8leskap og morgenk\u00e5pe. Rommene har skrivebord med stol og eget bad.<\/p>\n<p style=\"text-align: center;\">\u00d8nsker du badekar? Da er det greit \u00e5 vite at to av superiorrommene v\u00e5re har b\u00e5de dusj og badekar. Skriv gjerne en kommentar i bestillingen dersom du \u00f8nsker badekar, eller ring oss for \u00e5 sikre deg dette. Gjelder ved ledig kapasitet ved bestilling.\u00a0<\/p>\n<p>[\/et_pb_text][et_pb_button button_url=&raquo;https:\/\/be.synxis.com\/?adult=1&#038;arrive=2022-09-16&#038;chain=9083&#038;child=0&#038;clearcache=all&#038;config=EGERSBE&#038;configcode=EGERSBE&#038;currency=NOK&#038;depart=2022-09-17&#038;hotel=75409&#038;level=hotel&#038;locale=nb-NO&#038;nocache=true&#038;rooms=1&#038;sbe_rc=N2YyZTVhOTItMTQyZS00MmE3LThkMmItMGU3ZjM0YTIwNmI2LDA3NjQ4OTQwLTM2OTUtNDI3My1iMDM0LWEwMzlhOTBiMzEyMw..&#038;theme=EGERSBE&#038;themecode=EGERSBE&raquo; url_new_window=&raquo;on&raquo; button_text=&raquo;G\u00e5 til booking&raquo; button_alignment=&raquo;center&raquo; _builder_version=&raquo;4.17.4&#8243; _module_preset=&raquo;13d43eb9-f434-455a-afff-d8b9e70dee92&#8243; global_colors_info=&raquo;{}&raquo;][\/et_pb_button][\/et_pb_column][\/et_pb_row][et_pb_row _builder_version=&raquo;4.17.4&#8243; _module_preset=&raquo;default&raquo; custom_margin=&raquo;60px||||false|false&raquo; locked=&raquo;off&raquo; global_colors_info=&raquo;{}&raquo;][et_pb_column type=&raquo;4_4&#8243; _builder_version=&raquo;4.17.4&#8243; _module_preset=&raquo;default&raquo; global_colors_info=&raquo;{}&raquo;][et_pb_gallery gallery_ids=&raquo;234602,235127,235162&#8243; posts_number=&raquo;99&#8243; _builder_version=&raquo;4.18.0&#8243; _module_preset=&raquo;dc208ba0-3580-4450-b97b-55b22931c2e2&#8243; global_colors_info=&raquo;{}&raquo;][\/et_pb_gallery][\/et_pb_column][\/et_pb_row][et_pb_row _builder_version=&raquo;4.17.4&#8243; _module_preset=&raquo;default&raquo; locked=&raquo;off&raquo; global_colors_info=&raquo;{}&raquo;][et_pb_column type=&raquo;4_4&#8243; _builder_version=&raquo;4.17.4&#8243; _module_preset=&raquo;default&raquo; global_colors_info=&raquo;{}&raquo;][et_pb_divider _builder_version=&raquo;4.17.4&#8243; _module_preset=&raquo;4c34cd24-2486-42f1-89a3-b8b8d9fc7422&#8243; global_colors_info=&raquo;{}&raquo;][\/et_pb_divider][\/et_pb_column][\/et_pb_row][\/et_pb_section][et_pb_section fb_built=&raquo;1&#8243; _builder_version=&raquo;4.16&#8243; _module_preset=&raquo;default&raquo; background_color=&raquo;#F6F2F0&#8243; custom_padding=&raquo;29px||50px|||&raquo; global_colors_info=&raquo;{}&raquo;][et_pb_row column_structure=&raquo;1_2,1_2&#8243; _builder_version=&raquo;4.17.4&#8243; _module_preset=&raquo;5ad0b517-c8df-4be5-a546-140e0a59f7a9&#8243; custom_padding=&raquo;||0px||false|false&raquo; locked=&raquo;off&raquo; global_colors_info=&raquo;{}&raquo;][et_pb_column type=&raquo;1_2&#8243; _builder_version=&raquo;4.17.4&#8243; _module_preset=&raquo;4ff29b9d-5eb1-46da-b20f-1673c70dad5e&raquo; global_colors_info=&raquo;{}&raquo;][et_pb_text _builder_version=&raquo;4.17.4&#8243; _module_preset=&raquo;254d1c82-e0bc-4825-ad34-bb6e43b40ab5&#8243; global_colors_info=&raquo;{}&raquo;]<\/p>\n<h2 style=\"text-align: center;\">Mat og drikke<\/h2>\n<p>[\/et_pb_text][et_pb_text _builder_version=&raquo;4.17.4&#8243; _module_preset=&raquo;254d1c82-e0bc-4825-ad34-bb6e43b40ab5&#8243; max_width=&raquo;640px&raquo; module_alignment=&raquo;center&raquo; global_colors_info=&raquo;{}&raquo;]<\/p>\n<p style=\"text-align: center;\">Hotellets spisested heter Eigra kj\u00f8kken &amp; bar. Her kan du sitte lenge og nyte et godt m\u00e5ltid, eller ta deg et enklere m\u00e5ltid med noe godt \u00e5 drikke f\u00f8r du tar turen videre. Med lokale r\u00e5varer i fokus setter vi moderne mat laget p\u00e5 lokale r\u00e5varer p\u00e5 bordet til deg.\u00a0 Her kan du sette sammen din egen hovedrett hvis du har lyst. Velg f\u00f8rst kj\u00f8tt eller fisk, og deretter garnityr og sauser etter eget \u00f8nske.<\/p>\n<p style=\"text-align: center;\">[\/et_pb_text][et_pb_button button_url=&raquo;\/mat-og-drikke\/&raquo; button_text=&raquo;Les mer om mat og drikke p\u00e5 Grand Hotell&raquo; button_alignment=&raquo;center&raquo; _builder_version=&raquo;4.17.4&#8243; _module_preset=&raquo;13d43eb9-f434-455a-afff-d8b9e70dee92&#8243; global_colors_info=&raquo;{}&raquo;][\/et_pb_button][\/et_pb_column][et_pb_column type=&raquo;1_2&#8243; module_class=&raquo;mb_first_on_mobile&raquo; _builder_version=&raquo;4.17.4&#8243; _module_preset=&raquo;default&raquo; background_image=&raquo;http:\/\/grand-egersund.no\/wp-content\/uploads\/2022\/05\/EIGRA_Matfotografering-2943WEB.jpg&raquo; global_colors_info=&raquo;{}&raquo;][et_pb_image src=&raquo;http:\/\/grand-egersund.no\/wp-content\/uploads\/2022\/05\/EIGRA_Matfotografering-2943WEB.jpg&raquo; title_text=&raquo;EIGRA_Matfotografering-2943WEB&raquo; disabled_on=&raquo;off|off|on&raquo; _builder_version=&raquo;4.17.4&#8243; _module_preset=&raquo;default&raquo; global_colors_info=&raquo;{}&raquo;][\/et_pb_image][\/et_pb_column][\/et_pb_row][\/et_pb_section][et_pb_section fb_built=&raquo;1&#8243; _builder_version=&raquo;4.16&#8243; _module_preset=&raquo;default&raquo; background_color=&raquo;#FFFFFF&raquo; global_colors_info=&raquo;{}&raquo;][et_pb_row column_structure=&raquo;1_3,1_3,1_3&#8243; use_custom_gutter=&raquo;on&raquo; _builder_version=&raquo;4.16&#8243; _module_preset=&raquo;default&raquo; global_colors_info=&raquo;{}&raquo;][et_pb_column type=&raquo;1_3&#8243; _builder_version=&raquo;4.16&#8243; _module_preset=&raquo;default&raquo; global_colors_info=&raquo;{}&raquo;][\/et_pb_column][et_pb_column type=&raquo;1_3&#8243; _builder_version=&raquo;4.16&#8243; _module_preset=&raquo;default&raquo; global_colors_info=&raquo;{}&raquo;][et_pb_text _builder_version=&raquo;4.16&#8243; _module_preset=&raquo;default&raquo; global_colors_info=&raquo;{}&raquo;]<\/p>\n<h3 style=\"text-align: center;\">Se v\u00e5re andre rom<\/h3>\n<p>[\/et_pb_text][\/et_pb_column][et_pb_column type=&raquo;1_3&#8243; _builder_version=&raquo;4.16&#8243; _module_preset=&raquo;default&raquo; global_colors_info=&raquo;{}&raquo;][\/et_pb_column][\/et_pb_row][et_pb_row column_structure=&raquo;1_3,1_3,1_3&#8243; use_custom_gutter=&raquo;on&raquo; _builder_version=&raquo;4.16&#8243; _module_preset=&raquo;default&raquo; global_colors_info=&raquo;{}&raquo;][et_pb_column type=&raquo;1_3&#8243; _builder_version=&raquo;4.16&#8243; _module_preset=&raquo;default&raquo; global_colors_info=&raquo;{}&raquo;][et_pb_blurb title=&raquo;Dobbeltrom&raquo; url=&raquo;\/hotellrom\/dobbeltrom\/&raquo; image=&raquo;http:\/\/grand-egersund.no\/wp-content\/uploads\/2022\/09\/Dobbeltrom-pres.jpeg&raquo; alt=&raquo;Dobbeltrom&raquo; _builder_version=&raquo;4.17.4&#8243; _module_preset=&raquo;7fbf7575-68da-4c6a-b314-21cab06ac8a9&#8243; link_option_url=&raquo;\/hotellrom\/dobbeltrom\/&raquo; global_module=&raquo;235098&#8243; global_colors_info=&raquo;{}&raquo;]<\/p>\n<p><a href=\"\/hotellrom\/dobbeltrom\/\">Les mer<\/a><\/p>\n<p>[\/et_pb_blurb][\/et_pb_column][et_pb_column type=&raquo;1_3&#8243; _builder_version=&raquo;4.16&#8243; _module_preset=&raquo;default&raquo; global_colors_info=&raquo;{}&raquo;][et_pb_blurb title=&raquo;Deluxe rom&raquo; url=&raquo;\/hotellrom\/deluxe-rom\/&raquo; image=&raquo;http:\/\/grand-egersund.no\/wp-content\/uploads\/2022\/09\/Rom-med-hems-og-ekstra-god-plass&#8211;scaled.jpg&raquo; alt=&raquo;Deluxe rom&raquo; _builder_version=&raquo;4.17.4&#8243; _module_preset=&raquo;7fbf7575-68da-4c6a-b314-21cab06ac8a9&#8243; link_option_url=&raquo;\/hotellrom\/deluxe-rom\/&raquo; global_module=&raquo;235121&#8243; saved_tabs=&raquo;all&raquo; global_colors_info=&raquo;{}&raquo;]<\/p>\n<p><a href=\"\/hotellrom\/deluxe-rom\/\">Les mer<\/a><\/p>\n<p>[\/et_pb_blurb][\/et_pb_column][et_pb_column type=&raquo;1_3&#8243; _builder_version=&raquo;4.16&#8243; _module_preset=&raquo;default&raquo; global_colors_info=&raquo;{}&raquo;][et_pb_blurb title=&raquo;Se alle romtyper&raquo; url=&raquo;\/hotellrom\/&raquo; image=&raquo;http:\/\/grand-egersund.no\/wp-content\/uploads\/2022\/09\/Deluxe_pres.jpg&raquo; alt=&raquo;Deluxe rom&raquo; _builder_version=&raquo;4.17.4&#8243; _module_preset=&raquo;7fbf7575-68da-4c6a-b314-21cab06ac8a9&#8243; link_option_url=&raquo;\/hotellrom\/&raquo; global_module=&raquo;235100&#8243; global_colors_info=&raquo;{}&raquo;]<\/p>\n<p><a href=\"\/hotellrom\/\">Les mer<\/a><\/p>\n<p>[\/et_pb_blurb][\/et_pb_column][\/et_pb_row][\/et_pb_section][et_pb_section fb_built=&raquo;1&#8243; _builder_version=&raquo;4.16&#8243; _module_preset=&raquo;default&raquo; background_color=&raquo;RGBA(255,255,255,0)&raquo; custom_padding=&raquo;29px||0px|||&raquo; global_colors_info=&raquo;{}&raquo;][et_pb_row _builder_version=&raquo;4.16&#8243; _module_preset=&raquo;default&raquo; custom_padding=&raquo;||0px|||&raquo; global_colors_info=&raquo;{}&raquo;][et_pb_column type=&raquo;4_4&#8243; _builder_version=&raquo;4.16&#8243; _module_preset=&raquo;default&raquo; global_colors_info=&raquo;{}&raquo;][et_pb_button button_text=&raquo;Til toppen&raquo; _builder_version=&raquo;4.16&#8243; _module_preset=&raquo;711416d9-2858-43aa-952b-a2853918e909&#8243; global_colors_info=&raquo;{}&raquo;][\/et_pb_button][\/et_pb_column][\/et_pb_row][\/et_pb_section]<\/p>\n","protected":false},"excerpt":{"rendered":"<p><div id=\"breadcrumbs\"><a href=\"https:\/\/grand-egersund.no\/en\">Forside<\/a><span class=\"delimiter\"> &raquo; <\/span><\/div>Superior romRommene som kalles for superior best\u00e5r av en stor. god seng, sittegruppe med loungebord og to stoler eller sofa. Her f\u00e5r du store hotellputer, kaffemaskin, kj\u00f8leskap og morgenk\u00e5pe. Rommene [&hellip;]<\/p>\n","protected":false},"author":1,"featured_media":0,"parent":233191,"menu_order":0,"comment_status":"closed","ping_status":"closed","template":"","meta":{"_et_pb_use_builder":"on","_et_pb_old_content":"<!-- wp:divi\/placeholder \/-->","_et_gb_content_width":"","footnotes":""},"class_list":["post-233201","page","type-page","status-publish","hentry"],"yoast_head":"<!-- This site is optimized with the Yoast SEO plugin v27.1.1 - https:\/\/yoast.com\/product\/yoast-seo-wordpress\/ -->\n<title>Superior rom - Grand Hotell<\/title>\n<meta name=\"robots\" content=\"index, follow, max-snippet:-1, max-image-preview:large, max-video-preview:-1\" \/>\n<link rel=\"canonical\" href=\"https:\/\/grand-egersund.no\/en\/hotel-room\/superior-room\/\" \/>\n<meta property=\"og:locale\" content=\"en_GB\" \/>\n<meta property=\"og:type\" content=\"article\" \/>\n<meta property=\"og:title\" content=\"Superior rom - Grand Hotell\" \/>\n<meta property=\"og:description\" content=\"Superior romRommene som kalles for superior best\u00e5r av en stor. god seng, sittegruppe med loungebord og to stoler eller sofa. Her f\u00e5r du store hotellputer, kaffemaskin, kj\u00f8leskap og morgenk\u00e5pe. Rommene [&hellip;]\" \/>\n<meta property=\"og:url\" content=\"https:\/\/grand-egersund.no\/en\/hotel-room\/superior-room\/\" \/>\n<meta property=\"og:site_name\" content=\"Grand Hotell\" \/>\n<meta property=\"article:publisher\" content=\"https:\/\/www.facebook.com\/GrandHotellEgersund\" \/>\n<meta property=\"article:modified_time\" content=\"2022-09-23T12:14:30+00:00\" \/>\n<meta name=\"twitter:card\" content=\"summary_large_image\" \/>\n<script type=\"application\/ld+json\" class=\"yoast-schema-graph\">{\"@context\":\"https:\/\/schema.org\",\"@graph\":[{\"@type\":\"WebPage\",\"@id\":\"https:\/\/grand-egersund.no\/hotellrom\/superior-rom\/\",\"url\":\"https:\/\/grand-egersund.no\/hotellrom\/superior-rom\/\",\"name\":\"Superior rom - Grand Hotell\",\"isPartOf\":{\"@id\":\"https:\/\/grand-egersund.no\/#website\"},\"datePublished\":\"2021-12-22T08:31:12+00:00\",\"dateModified\":\"2022-09-23T12:14:30+00:00\",\"breadcrumb\":{\"@id\":\"https:\/\/grand-egersund.no\/hotellrom\/superior-rom\/#breadcrumb\"},\"inLanguage\":\"en-GB\",\"potentialAction\":[{\"@type\":\"ReadAction\",\"target\":[\"https:\/\/grand-egersund.no\/hotellrom\/superior-rom\/\"]}]},{\"@type\":\"BreadcrumbList\",\"@id\":\"https:\/\/grand-egersund.no\/hotellrom\/superior-rom\/#breadcrumb\",\"itemListElement\":[{\"@type\":\"ListItem\",\"position\":1,\"name\":\"Home\",\"item\":\"https:\/\/grand-egersund.no\/\"},{\"@type\":\"ListItem\",\"position\":2,\"name\":\"Hotellrom\",\"item\":\"https:\/\/grand-egersund.no\/hotellrom\/\"},{\"@type\":\"ListItem\",\"position\":3,\"name\":\"Superior rom\"}]},{\"@type\":\"WebSite\",\"@id\":\"https:\/\/grand-egersund.no\/#website\",\"url\":\"https:\/\/grand-egersund.no\/\",\"name\":\"Grand Hotell\",\"description\":\"I hjertet av Egersund\",\"publisher\":{\"@id\":\"https:\/\/grand-egersund.no\/#organization\"},\"potentialAction\":[{\"@type\":\"SearchAction\",\"target\":{\"@type\":\"EntryPoint\",\"urlTemplate\":\"https:\/\/grand-egersund.no\/?s={search_term_string}\"},\"query-input\":{\"@type\":\"PropertyValueSpecification\",\"valueRequired\":true,\"valueName\":\"search_term_string\"}}],\"inLanguage\":\"en-GB\"},{\"@type\":\"Organization\",\"@id\":\"https:\/\/grand-egersund.no\/#organization\",\"name\":\"Grand Hotell gersund\",\"url\":\"https:\/\/grand-egersund.no\/\",\"logo\":{\"@type\":\"ImageObject\",\"inLanguage\":\"en-GB\",\"@id\":\"https:\/\/grand-egersund.no\/#\/schema\/logo\/image\/\",\"url\":\"http:\/\/grand-egersund.no\/wp-content\/uploads\/2021\/12\/Grand-Egersund_logo_liggende_farge.png\",\"contentUrl\":\"http:\/\/grand-egersund.no\/wp-content\/uploads\/2021\/12\/Grand-Egersund_logo_liggende_farge.png\",\"width\":891,\"height\":434,\"caption\":\"Grand Hotell gersund\"},\"image\":{\"@id\":\"https:\/\/grand-egersund.no\/#\/schema\/logo\/image\/\"},\"sameAs\":[\"https:\/\/www.facebook.com\/GrandHotellEgersund\"]}]}<\/script>\n<!-- \/ Yoast SEO plugin. -->","yoast_head_json":{"title":"Superior room - Grand Hotel","robots":{"index":"index","follow":"follow","max-snippet":"max-snippet:-1","max-image-preview":"max-image-preview:large","max-video-preview":"max-video-preview:-1"},"canonical":"https:\/\/grand-egersund.no\/en\/hotel-room\/superior-room\/","og_locale":"en_GB","og_type":"article","og_title":"Superior rom - Grand Hotell","og_description":"Superior romRommene som kalles for superior best\u00e5r av en stor. god seng, sittegruppe med loungebord og to stoler eller sofa. Her f\u00e5r du store hotellputer, kaffemaskin, kj\u00f8leskap og morgenk\u00e5pe. Rommene [&hellip;]","og_url":"https:\/\/grand-egersund.no\/en\/hotel-room\/superior-room\/","og_site_name":"Grand Hotell","article_publisher":"https:\/\/www.facebook.com\/GrandHotellEgersund","article_modified_time":"2022-09-23T12:14:30+00:00","twitter_card":"summary_large_image","schema":{"@context":"https:\/\/schema.org","@graph":[{"@type":"WebPage","@id":"https:\/\/grand-egersund.no\/hotellrom\/superior-rom\/","url":"https:\/\/grand-egersund.no\/hotellrom\/superior-rom\/","name":"Superior room - Grand Hotel","isPartOf":{"@id":"https:\/\/grand-egersund.no\/#website"},"datePublished":"2021-12-22T08:31:12+00:00","dateModified":"2022-09-23T12:14:30+00:00","breadcrumb":{"@id":"https:\/\/grand-egersund.no\/hotellrom\/superior-rom\/#breadcrumb"},"inLanguage":"en-GB","potentialAction":[{"@type":"ReadAction","target":["https:\/\/grand-egersund.no\/hotellrom\/superior-rom\/"]}]},{"@type":"BreadcrumbList","@id":"https:\/\/grand-egersund.no\/hotellrom\/superior-rom\/#breadcrumb","itemListElement":[{"@type":"ListItem","position":1,"name":"Home","item":"https:\/\/grand-egersund.no\/"},{"@type":"ListItem","position":2,"name":"Hotellrom","item":"https:\/\/grand-egersund.no\/hotellrom\/"},{"@type":"ListItem","position":3,"name":"Superior rom"}]},{"@type":"WebSite","@id":"https:\/\/grand-egersund.no\/#website","url":"https:\/\/grand-egersund.no\/","name":"Grand Hotel","description":"In the heart of Egersund","publisher":{"@id":"https:\/\/grand-egersund.no\/#organization"},"potentialAction":[{"@type":"SearchAction","target":{"@type":"EntryPoint","urlTemplate":"https:\/\/grand-egersund.no\/?s={search_term_string}"},"query-input":{"@type":"PropertyValueSpecification","valueRequired":true,"valueName":"search_term_string"}}],"inLanguage":"en-GB"},{"@type":"Organization","@id":"https:\/\/grand-egersund.no\/#organization","name":"Grand Hotel gersund","url":"https:\/\/grand-egersund.no\/","logo":{"@type":"ImageObject","inLanguage":"en-GB","@id":"https:\/\/grand-egersund.no\/#\/schema\/logo\/image\/","url":"http:\/\/grand-egersund.no\/wp-content\/uploads\/2021\/12\/Grand-Egersund_logo_liggende_farge.png","contentUrl":"http:\/\/grand-egersund.no\/wp-content\/uploads\/2021\/12\/Grand-Egersund_logo_liggende_farge.png","width":891,"height":434,"caption":"Grand Hotell gersund"},"image":{"@id":"https:\/\/grand-egersund.no\/#\/schema\/logo\/image\/"},"sameAs":["https:\/\/www.facebook.com\/GrandHotellEgersund"]}]}},"_links":{"self":[{"href":"https:\/\/grand-egersund.no\/en\/wp-json\/wp\/v2\/pages\/233201","targetHints":{"allow":["GET"]}}],"collection":[{"href":"https:\/\/grand-egersund.no\/en\/wp-json\/wp\/v2\/pages"}],"about":[{"href":"https:\/\/grand-egersund.no\/en\/wp-json\/wp\/v2\/types\/page"}],"author":[{"embeddable":true,"href":"https:\/\/grand-egersund.no\/en\/wp-json\/wp\/v2\/users\/1"}],"replies":[{"embeddable":true,"href":"https:\/\/grand-egersund.no\/en\/wp-json\/wp\/v2\/comments?post=233201"}],"version-history":[{"count":11,"href":"https:\/\/grand-egersund.no\/en\/wp-json\/wp\/v2\/pages\/233201\/revisions"}],"predecessor-version":[{"id":235612,"href":"https:\/\/grand-egersund.no\/en\/wp-json\/wp\/v2\/pages\/233201\/revisions\/235612"}],"up":[{"embeddable":true,"href":"https:\/\/grand-egersund.no\/en\/wp-json\/wp\/v2\/pages\/233191"}],"wp:attachment":[{"href":"https:\/\/grand-egersund.no\/en\/wp-json\/wp\/v2\/media?parent=233201"}],"curies":[{"name":"wp","href":"https:\/\/api.w.org\/{rel}","templated":true}]}}