{"id":233191,"date":"2021-12-22T09:28:51","date_gmt":"2021-12-22T08:28:51","guid":{"rendered":"http:\/\/grandhotell.megakunder.no\/?page_id=233191"},"modified":"2025-12-02T13:42:33","modified_gmt":"2025-12-02T12:42:33","slug":"hotel-room","status":"publish","type":"page","link":"https:\/\/grand-egersund.no\/en\/hotellrom\/","title":{"rendered":"Hotel rooms"},"content":{"rendered":"<p>[et_pb_section fb_built=&raquo;1&#8243; _builder_version=&raquo;4.17.4&#8243; _module_preset=&raquo;default&raquo; background_color=&raquo;#F6F2F0&#8243; background_image=&raquo;https:\/\/grand-egersund.no\/wp-content\/uploads\/2022\/05\/DSC01963-scaled.jpg&raquo; height=&raquo;40vh&raquo; custom_padding=&raquo;||0px|||&raquo; global_colors_info=&raquo;{}&raquo;][\/et_pb_section][et_pb_section fb_built=&raquo;1&#8243; _builder_version=&raquo;4.18.0&#8243; _module_preset=&raquo;default&raquo; background_color=&raquo;#F6F2F0&#8243; custom_padding=&raquo;0px||0px|||&raquo; global_module=&raquo;235456&#8243; saved_tabs=&raquo;all&raquo; global_colors_info=&raquo;{}&raquo;][et_pb_row _builder_version=&raquo;4.18.0&#8243; _module_preset=&raquo;default&raquo; custom_padding=&raquo;0px||0px|||&raquo; global_colors_info=&raquo;{}&raquo;][et_pb_column type=&raquo;4_4&#8243; _builder_version=&raquo;4.18.0&#8243; _module_preset=&raquo;default&raquo; global_colors_info=&raquo;{}&raquo;][et_pb_code _builder_version=&raquo;4.18.0&#8243; _module_preset=&raquo;default&raquo; global_colors_info=&raquo;{}&raquo;]<div id=\"breadcrumbs\"><a href=\"https:\/\/grand-egersund.no\/en\">Forside<\/a><span class=\"delimiter\"> &raquo; <\/span><\/div>[\/et_pb_code][\/et_pb_column][\/et_pb_row][\/et_pb_section][et_pb_section fb_built=&raquo;1&#8243; _builder_version=&raquo;4.16&#8243; _module_preset=&raquo;default&raquo; background_color=&raquo;#F6F2F0&#8243; custom_padding=&raquo;||71px|||&raquo; global_colors_info=&raquo;{}&raquo;][et_pb_row _builder_version=&raquo;4.16&#8243; _module_preset=&raquo;default&raquo; custom_padding=&raquo;||0px|||&raquo; global_colors_info=&raquo;{}&raquo;][et_pb_column type=&raquo;4_4&#8243; _builder_version=&raquo;4.16&#8243; _module_preset=&raquo;default&raquo; global_colors_info=&raquo;{}&raquo;][et_pb_text _builder_version=&raquo;4.16&#8243; _module_preset=&raquo;254d1c82-e0bc-4825-ad34-bb6e43b40ab5&#8243; global_colors_info=&raquo;{}&raquo;]<\/p>\n<h1 style=\"text-align: center;\">Hotellrom<\/h1>\n<h2 style=\"text-align: center;\">100 unike rom<\/h2>\n<p>[\/et_pb_text][et_pb_text _builder_version=&raquo;4.19.2&#8243; _module_preset=&raquo;254d1c82-e0bc-4825-ad34-bb6e43b40ab5&#8243; max_width=&raquo;640px&raquo; module_alignment=&raquo;center&raquo; global_colors_info=&raquo;{}&raquo;]<\/p>\n<p style=\"text-align: center;\">Grand Hotell er Rogalands eldste hotell med drift tilbake til 1878. Historien sitter i veggene, og hotellet har i sine ti bygg klart \u00e5 gjenskape den gamle nostalgien ved \u00e5 ta vare p\u00e5 elementer som gamle kart, farger og interi\u00f8r i skj\u00f8nn forening med moderne komfort. De ulike rommene er unike ut fra sitt byggs tidsepoke, og faste gjester har gjerne sitt favorittrom de ber om.<\/p>\n<p>[\/et_pb_text][et_pb_text _builder_version=&raquo;4.17.4&#8243; _module_preset=&raquo;254d1c82-e0bc-4825-ad34-bb6e43b40ab5&#8243; header_2_font_size=&raquo;32px&raquo; max_width=&raquo;640px&raquo; module_alignment=&raquo;center&raquo; header_2_font_size_tablet=&raquo;&raquo; header_2_font_size_phone=&raquo;32px&raquo; header_2_font_size_last_edited=&raquo;on|tablet&raquo; global_colors_info=&raquo;{}&raquo;]<\/p>\n<h2 style=\"text-align: center;\">10 ulike bygg danner ett hotell<\/h2>\n<p style=\"text-align: center;\">\u00a0Med 100 unike hotellrom, restaurant, vin- og cocktailbar, vinkjeller og et f\u00f8rsteklasses kj\u00f8kken f\u00e5r du en moderne hotellopplevelse i historiske omgivelser. Hotellets 10 bygninger er alle en del av den verneverdige trehusbebyggelsen i Egersund sentrum. Bygningene er knyttet sammen p\u00e5 innsiden slik at du ikke trenger \u00e5 g\u00e5 ut for \u00e5 finne rommet ditt.<\/p>\n<p style=\"text-align: center;\">\n<p style=\"text-align: center;\"><span>Alle rom har parkett, eget bad, TV og arbeidsplass med skrivebord og stol. Utover det finnes det flere ulike romkategorier og oppgraderinger.\u00a0<\/span><\/p>\n<p>[\/et_pb_text][et_pb_text _builder_version=&raquo;4.17.4&#8243; _module_preset=&raquo;254d1c82-e0bc-4825-ad34-bb6e43b40ab5&#8243; header_2_font_size=&raquo;32px&raquo; max_width=&raquo;640px&raquo; module_alignment=&raquo;center&raquo; header_2_font_size_tablet=&raquo;&raquo; header_2_font_size_phone=&raquo;32px&raquo; header_2_font_size_last_edited=&raquo;on|tablet&raquo; global_colors_info=&raquo;{}&raquo;][\/et_pb_text][\/et_pb_column][\/et_pb_row][\/et_pb_section][et_pb_section fb_built=&raquo;1&#8243; _builder_version=&raquo;4.16&#8243; _module_preset=&raquo;default&raquo; background_color=&raquo;#FFFFFF&raquo; custom_padding=&raquo;39px|||||&raquo; global_colors_info=&raquo;{}&raquo;][et_pb_row column_structure=&raquo;1_2,1_2&#8243; _builder_version=&raquo;4.17.4&#8243; _module_preset=&raquo;3b9d93db-83aa-48a2-8da7-7ee465fa3e70&#8243; global_colors_info=&raquo;{}&raquo;][et_pb_column type=&raquo;1_2&#8243; _builder_version=&raquo;4.17.4&#8243; _module_preset=&raquo;default&raquo; use_background_color_gradient=&raquo;on&raquo; background_color_gradient_stops=&raquo;rgba(0,0,0,0.45) 0%|rgba(0,0,0,0.45) 100%&raquo; background_color_gradient_overlays_image=&raquo;on&raquo; background_color_gradient_start=&raquo;rgba(0,0,0,0.25)&raquo; background_color_gradient_end=&raquo;rgba(0,0,0,0.25)&raquo; background_image=&raquo;https:\/\/grand-egersund.no\/wp-content\/uploads\/2022\/07\/Enkeltrom-med-lite-nattbord-.jpg&raquo; custom_padding=&raquo;200px||200px||false|false&raquo; link_option_url=&raquo;\/hotellrom\/enkeltrom\/&raquo; global_colors_info=&raquo;{}&raquo;][et_pb_text _builder_version=&raquo;4.17.4&#8243; _module_preset=&raquo;f51a5c03-b449-4a45-83ef-d95e18b94e9c&raquo; global_colors_info=&raquo;{}&raquo;]<\/p>\n<h2 style=\"text-align: center;\">Enkeltrom<\/h2>\n<p style=\"text-align: center;\"><a href=\"\/hotellrom\/enkeltrom\/\">Les mer og bestill<\/a><\/p>\n<p>[\/et_pb_text][\/et_pb_column][et_pb_column type=&raquo;1_2&#8243; _builder_version=&raquo;4.17.4&#8243; _module_preset=&raquo;default&raquo; use_background_color_gradient=&raquo;on&raquo; background_color_gradient_stops=&raquo;rgba(0,0,0,0.45) 0%|rgba(0,0,0,0.45) 100%&raquo; background_color_gradient_overlays_image=&raquo;on&raquo; background_color_gradient_start=&raquo;rgba(0,0,0,0.25)&raquo; background_color_gradient_end=&raquo;rgba(0,0,0,0.25)&raquo; background_image=&raquo;https:\/\/grand-egersund.no\/wp-content\/uploads\/2022\/05\/DSC01931-scaled.jpg&raquo; background_position=&raquo;center_left&raquo; custom_padding=&raquo;200px||200px||false|false&raquo; link_option_url=&raquo;\/hotellrom\/dobbeltrom\/&raquo; global_colors_info=&raquo;{}&raquo;][et_pb_text _builder_version=&raquo;4.17.4&#8243; _module_preset=&raquo;f51a5c03-b449-4a45-83ef-d95e18b94e9c&raquo; global_colors_info=&raquo;{}&raquo;]<\/p>\n<h2 style=\"text-align: center;\">Dobbeltrom<\/h2>\n<p style=\"text-align: center;\"><a href=\"\/hotellrom\/dobbeltrom\/\">Les mer og bestill<\/a><\/p>\n<p>[\/et_pb_text][\/et_pb_column][\/et_pb_row][et_pb_row _builder_version=&raquo;4.17.4&#8243; _module_preset=&raquo;4e9dadb9-8f50-4f00-acec-404d9bf782f1&#8243; custom_padding=&raquo;||0px|||&raquo; global_colors_info=&raquo;{}&raquo;][et_pb_column type=&raquo;4_4&#8243; _builder_version=&raquo;4.17.4&#8243; _module_preset=&raquo;default&raquo; use_background_color_gradient=&raquo;on&raquo; background_color_gradient_stops=&raquo;rgba(0,0,0,0.45) 0%|rgba(0,0,0,0.45) 100%&raquo; background_color_gradient_overlays_image=&raquo;on&raquo; background_color_gradient_start=&raquo;rgba(0,0,0,0.25)&raquo; background_color_gradient_end=&raquo;rgba(0,0,0,0.25)&raquo; background_image=&raquo;https:\/\/grand-egersund.no\/wp-content\/uploads\/2022\/09\/Twin-rom-Konsulatet-.jpg&raquo; custom_padding=&raquo;200px||200px||false|false&raquo; link_option_url=&raquo;\/hotellrom\/twin-rom\/&raquo; global_colors_info=&raquo;{}&raquo;][et_pb_text _builder_version=&raquo;4.17.4&#8243; _module_preset=&raquo;f1349d63-7abf-4fe3-bb94-7f94bf2d6d59&#8243; global_colors_info=&raquo;{}&raquo;]<\/p>\n<h2 style=\"text-align: center;\">Twin rom<\/h2>\n<p style=\"text-align: center;\"><a href=\"\/hotellrom\/twin-rom\/\">Les mer og bestill<\/a><\/p>\n<p>[\/et_pb_text][\/et_pb_column][\/et_pb_row][et_pb_row column_structure=&raquo;1_2,1_2&#8243; _builder_version=&raquo;4.21.0&#8243; _module_preset=&raquo;3b9d93db-83aa-48a2-8da7-7ee465fa3e70&#8243; global_colors_info=&raquo;{}&raquo;][et_pb_column type=&raquo;1_2&#8243; _builder_version=&raquo;4.17.4&#8243; _module_preset=&raquo;default&raquo; use_background_color_gradient=&raquo;on&raquo; background_color_gradient_stops=&raquo;rgba(0,0,0,0.45) 0%|rgba(0,0,0,0.45) 100%&raquo; background_color_gradient_overlays_image=&raquo;on&raquo; background_color_gradient_start=&raquo;rgba(0,0,0,0.25)&raquo; background_color_gradient_end=&raquo;rgba(0,0,0,0.25)&raquo; background_image=&raquo;https:\/\/grand-egersund.no\/wp-content\/uploads\/2022\/07\/Hjornerom-med-utsikt-mot-kirken.jpg&raquo; custom_padding=&raquo;200px||200px||false|false&raquo; link_option_url=&raquo;\/hotellrom\/familierom\/&raquo; global_colors_info=&raquo;{}&raquo;][et_pb_text _builder_version=&raquo;4.17.4&#8243; _module_preset=&raquo;f51a5c03-b449-4a45-83ef-d95e18b94e9c&raquo; global_colors_info=&raquo;{}&raquo;]<\/p>\n<h2 style=\"text-align: center;\">Familierom<\/h2>\n<p style=\"text-align: center;\"><a href=\"\/hotellrom\/familierom\/\">Les mer og bestill<\/a><\/p>\n<p>[\/et_pb_text][\/et_pb_column][et_pb_column type=&raquo;1_2&#8243; _builder_version=&raquo;4.21.0&#8243; _dynamic_attributes=&raquo;link_option_url&raquo; _module_preset=&raquo;default&raquo; use_background_color_gradient=&raquo;on&raquo; background_color_gradient_stops=&raquo;rgba(0,0,0,0.45) 0%|rgba(0,0,0,0.45) 100%&raquo; background_color_gradient_overlays_image=&raquo;on&raquo; background_color_gradient_start=&raquo;rgba(0,0,0,0.25)&raquo; background_color_gradient_end=&raquo;rgba(0,0,0,0.25)&raquo; background_image=&raquo;https:\/\/grand-egersund.no\/wp-content\/uploads\/2022\/09\/SuperiorRom-grand_hotell_strandgaten_2608_lyspaere_medium_size20210601085508690.jpeg&raquo; background_position=&raquo;center_right&raquo; custom_padding=&raquo;200px||200px||false|false&raquo; link_option_url=&raquo;@ET-DC@eyJkeW5hbWljIjp0cnVlLCJjb250ZW50IjoicG9zdF9saW5rX3VybF9wYWdlIiwic2V0dGluZ3MiOnsicG9zdF9pZCI6IjIzMzIwMSJ9fQ==@&raquo; global_colors_info=&raquo;{}&raquo;][et_pb_text _builder_version=&raquo;4.21.0&#8243; _dynamic_attributes=&raquo;link_option_url&raquo; _module_preset=&raquo;f51a5c03-b449-4a45-83ef-d95e18b94e9c&raquo; link_option_url=&raquo;@ET-DC@eyJkeW5hbWljIjp0cnVlLCJjb250ZW50IjoicG9zdF9saW5rX3VybF9wYWdlIiwic2V0dGluZ3MiOnsicG9zdF9pZCI6IjIzMzIwMSJ9fQ==@&raquo; global_colors_info=&raquo;{}&raquo;]<\/p>\n<h2 style=\"text-align: center;\">Superior rom<\/h2>\n<p style=\"text-align: center;\"><a href=\"\/hotellrom\/superior-rom\/\">Les mer og bestill<\/a><\/p>\n<p>[\/et_pb_text][\/et_pb_column][\/et_pb_row][et_pb_row _builder_version=&raquo;4.17.4&#8243; _module_preset=&raquo;4e9dadb9-8f50-4f00-acec-404d9bf782f1&#8243; custom_padding=&raquo;||0px|||&raquo; global_colors_info=&raquo;{}&raquo;][et_pb_column type=&raquo;4_4&#8243; _builder_version=&raquo;4.17.4&#8243; _module_preset=&raquo;default&raquo; use_background_color_gradient=&raquo;on&raquo; background_color_gradient_stops=&raquo;rgba(0,0,0,0.45) 0%|rgba(0,0,0,0.45) 100%&raquo; background_color_gradient_overlays_image=&raquo;on&raquo; background_color_gradient_start=&raquo;rgba(0,0,0,0.25)&raquo; background_color_gradient_end=&raquo;rgba(0,0,0,0.25)&raquo; background_image=&raquo;https:\/\/grand-egersund.no\/wp-content\/uploads\/2022\/09\/Rom-med-hems-og-ekstra-god-plass&#8211;scaled.jpg&raquo; custom_padding=&raquo;200px||200px||false|false&raquo; link_option_url=&raquo;\/hotellrom\/deluxe-rom\/&raquo; global_colors_info=&raquo;{}&raquo;][et_pb_text _builder_version=&raquo;4.17.4&#8243; _module_preset=&raquo;f1349d63-7abf-4fe3-bb94-7f94bf2d6d59&#8243; global_colors_info=&raquo;{}&raquo;]<\/p>\n<h2 style=\"text-align: center;\">Deluxe rom<\/h2>\n<p style=\"text-align: center;\"><a href=\"\/hotellrom\/deluxe-rom\/\">Les mer her<\/a><\/p>\n<p>[\/et_pb_text][\/et_pb_column][\/et_pb_row][\/et_pb_section][et_pb_section fb_built=&raquo;1&#8243; _builder_version=&raquo;4.16&#8243; _module_preset=&raquo;default&raquo; locked=&raquo;off&raquo; global_colors_info=&raquo;{}&raquo;][et_pb_row column_structure=&raquo;1_2,1_2&#8243; make_equal=&raquo;on&raquo; _builder_version=&raquo;4.17.4&#8243; _module_preset=&raquo;default&raquo; global_colors_info=&raquo;{}&raquo;][et_pb_column type=&raquo;1_2&#8243; _builder_version=&raquo;4.17.4&#8243; _module_preset=&raquo;default&raquo; background_image=&raquo;https:\/\/grand-egersund.no\/wp-content\/uploads\/2022\/08\/Vertskapet-holder-orden-pa-rommet-ditt.jpg&raquo; global_colors_info=&raquo;{}&raquo;][et_pb_image src=&raquo;https:\/\/grand-egersund.no\/wp-content\/uploads\/2022\/09\/Vertskapet-holder-orden-pa-rommet-ditt-2-1024&#215;689.jpg&raquo; title_text=&raquo;Vertskapet-holder-orden-pa-rommet-ditt-2&#8243; disabled_on=&raquo;off|off|on&raquo; _builder_version=&raquo;4.18.0&#8243; _module_preset=&raquo;default&raquo; global_colors_info=&raquo;{}&raquo;][\/et_pb_image][\/et_pb_column][et_pb_column type=&raquo;1_2&#8243; _builder_version=&raquo;4.17.4&#8243; _module_preset=&raquo;4ff29b9d-5eb1-46da-b20f-1673c70dad5e&raquo; global_colors_info=&raquo;{}&raquo;][et_pb_text _builder_version=&raquo;4.17.4&#8243; _module_preset=&raquo;254d1c82-e0bc-4825-ad34-bb6e43b40ab5&#8243; global_colors_info=&raquo;{}&raquo;]<\/p>\n<h2 style=\"text-align: left;\">Praktisk informasjon<\/h2>\n<p>Gjester hos oss skal f\u00e5 en behagelige hotellopplevelse, og vi har samlet samme litt praktisk informasjon som kan v\u00e6re grei \u00e5 vite om n\u00e5r du skal bo hos oss.<\/p>\n<p>&nbsp;<\/p>\n<p>&nbsp;<\/p>\n<p>[\/et_pb_text][et_pb_button button_url=&raquo;\/hotellrom\/praktisk-informasjon\/&raquo; button_text=&raquo;Klikk her for mer praktisk informasjon&raquo; button_alignment=&raquo;left&raquo; _builder_version=&raquo;4.17.4&#8243; _module_preset=&raquo;13d43eb9-f434-455a-afff-d8b9e70dee92&#8243; global_colors_info=&raquo;{}&raquo;][\/et_pb_button][\/et_pb_column][\/et_pb_row][\/et_pb_section][et_pb_section fb_built=&raquo;1&#8243; _builder_version=&raquo;4.16&#8243; _module_preset=&raquo;default&raquo; background_color=&raquo;#F6F2F0&#8243; global_module=&raquo;234008&#8243; saved_tabs=&raquo;all&raquo; global_colors_info=&raquo;{}&raquo;][et_pb_row _builder_version=&raquo;4.16&#8243; _module_preset=&raquo;default&raquo; global_colors_info=&raquo;{}&raquo;][et_pb_column type=&raquo;4_4&#8243; _builder_version=&raquo;4.16&#8243; _module_preset=&raquo;default&raquo; global_colors_info=&raquo;{}&raquo;][et_pb_text _builder_version=&raquo;4.16&#8243; _module_preset=&raquo;d65c6081-5626-49e0-83c0-63c1416ae485&#8243; global_colors_info=&raquo;{}&raquo;]<\/p>\n<h2 style=\"text-align: center;\">Lokale opplevelser<\/h2>\n<p>[\/et_pb_text][\/et_pb_column][\/et_pb_row][et_pb_row column_structure=&raquo;1_3,1_3,1_3&#8243; use_custom_gutter=&raquo;on&raquo; _builder_version=&raquo;4.16&#8243; _module_preset=&raquo;default&raquo; global_colors_info=&raquo;{}&raquo;][et_pb_column type=&raquo;1_3&#8243; _builder_version=&raquo;4.16&#8243; _module_preset=&raquo;default&raquo; global_colors_info=&raquo;{}&raquo;][et_pb_blurb title=&raquo;Romatisk hotellopphold&raquo; url=&raquo;\/pakker-tilbud\/romantisk-hotellopphold\/&raquo; image=&raquo;https:\/\/grand-egersund.no\/wp-content\/uploads\/2022\/07\/bobler-pa-rommet&#8211;scaled.jpg&raquo; _builder_version=&raquo;4.24.2&#8243; _module_preset=&raquo;7fbf7575-68da-4c6a-b314-21cab06ac8a9&#8243; link_option_url=&raquo;\/pakker-tilbud\/romantisk-hotellopphold\/&raquo; global_module=&raquo;235178&#8243; saved_tabs=&raquo;all&raquo; global_colors_info=&raquo;{}&raquo;]<\/p>\n<p><a href=\"\/pakker-tilbud\/romantisk-hotellopphold\/\">Les mer<\/a><\/p>\n<p>[\/et_pb_blurb][\/et_pb_column][et_pb_column type=&raquo;1_3&#8243; _builder_version=&raquo;4.16&#8243; _module_preset=&raquo;default&raquo; global_colors_info=&raquo;{}&raquo;][et_pb_blurb title=&raquo;Vinsmaking&raquo; url=&raquo;\/opplevelser\/aktiviteter\/vinsmaking\/&raquo; image=&raquo;https:\/\/grand-egersund.no\/wp-content\/uploads\/2024\/11\/DSC00230-Enhanced-NR-1.jpg&raquo; alt=&raquo;Vinsmaking &raquo; _builder_version=&raquo;4.24.2&#8243; _module_preset=&raquo;7fbf7575-68da-4c6a-b314-21cab06ac8a9&#8243; link_option_url=&raquo;\/opplevelser\/aktiviteter\/vinsmaking\/&raquo; global_colors_info=&raquo;{}&raquo;]<\/p>\n<p>Les mer<\/p>\n<p>[\/et_pb_blurb][\/et_pb_column][et_pb_column type=&raquo;1_3&#8243; _builder_version=&raquo;4.16&#8243; _module_preset=&raquo;default&raquo; global_colors_info=&raquo;{}&raquo;][et_pb_blurb title=&raquo;Sykkelpakke&raquo; url=&raquo;https:\/\/grand-egersund.no\/opplevelser\/aktiviteter\/vinsmaking\/&raquo; image=&raquo;https:\/\/grand-egersund.no\/wp-content\/uploads\/2022\/07\/Lei-en-el-sykkel-pa-Grand-Hotell-Egersund.jpg&raquo; _builder_version=&raquo;4.27.4&#8243; _module_preset=&raquo;7fbf7575-68da-4c6a-b314-21cab06ac8a9&#8243; link_option_url=&raquo;https:\/\/grand-egersund.no\/opplevelser\/aktiviteter\/vinsmaking\/&raquo; global_module=&raquo;234119&#8243; global_colors_info=&raquo;{}&raquo;]<\/p>\n<p><a href=\"\/pakker-tilbud\/sykkelpakke\/\">Les mer<\/a><\/p>\n<p>[\/et_pb_blurb][\/et_pb_column][\/et_pb_row][et_pb_row _builder_version=&raquo;4.16&#8243; _module_preset=&raquo;default&raquo; global_colors_info=&raquo;{}&raquo;][et_pb_column type=&raquo;4_4&#8243; _builder_version=&raquo;4.16&#8243; _module_preset=&raquo;default&raquo; global_colors_info=&raquo;{}&raquo;][et_pb_button button_url=&raquo;\/pakker-tilbud\/&raquo; button_text=&raquo;Se flere pakker og tilbud&raquo; button_alignment=&raquo;center&raquo; _builder_version=&raquo;4.17.4&#8243; _module_preset=&raquo;13d43eb9-f434-455a-afff-d8b9e70dee92&#8243; global_colors_info=&raquo;{}&raquo;][\/et_pb_button][\/et_pb_column][\/et_pb_row][\/et_pb_section][et_pb_section fb_built=&raquo;1&#8243; _builder_version=&raquo;4.16&#8243; _module_preset=&raquo;default&raquo; background_color=&raquo;#F6F2F0&#8243; custom_padding=&raquo;29px||0px|||&raquo; global_colors_info=&raquo;{}&raquo;][et_pb_row _builder_version=&raquo;4.16&#8243; _module_preset=&raquo;default&raquo; custom_padding=&raquo;||0px|||&raquo; global_colors_info=&raquo;{}&raquo;][et_pb_column type=&raquo;4_4&#8243; _builder_version=&raquo;4.16&#8243; _module_preset=&raquo;default&raquo; global_colors_info=&raquo;{}&raquo;][et_pb_button button_text=&raquo;Til toppen&raquo; _builder_version=&raquo;4.16&#8243; _module_preset=&raquo;711416d9-2858-43aa-952b-a2853918e909&#8243; global_colors_info=&raquo;{}&raquo;][\/et_pb_button][\/et_pb_column][\/et_pb_row][\/et_pb_section]<\/p>\n","protected":false},"excerpt":{"rendered":"<p><div id=\"breadcrumbs\"><a href=\"https:\/\/grand-egersund.no\/en\">Forside<\/a><span class=\"delimiter\"> &raquo; <\/span><\/div>Hotellrom 100 unike romGrand Hotell er Rogalands eldste hotell med drift tilbake til 1878. Historien sitter i veggene, og hotellet har i sine ti bygg klart \u00e5 gjenskape den gamle [&hellip;]<\/p>\n","protected":false},"author":1,"featured_media":0,"parent":0,"menu_order":0,"comment_status":"closed","ping_status":"closed","template":"","meta":{"_et_pb_use_builder":"on","_et_pb_old_content":"<!-- wp:divi\/placeholder \/-->","_et_gb_content_width":"","footnotes":""},"class_list":["post-233191","page","type-page","status-publish","hentry"],"yoast_head":"<!-- This site is optimized with the Yoast SEO plugin v27.1.1 - https:\/\/yoast.com\/product\/yoast-seo-wordpress\/ -->\n<title>Hotellrom - Grand Hotell<\/title>\n<meta name=\"robots\" content=\"index, follow, max-snippet:-1, max-image-preview:large, max-video-preview:-1\" \/>\n<link rel=\"canonical\" href=\"https:\/\/grand-egersund.no\/en\/hotel-room\/\" \/>\n<meta property=\"og:locale\" content=\"en_GB\" \/>\n<meta property=\"og:type\" content=\"article\" \/>\n<meta property=\"og:title\" content=\"Hotellrom - Grand Hotell\" \/>\n<meta property=\"og:description\" content=\"Hotellrom 100 unike romGrand Hotell er Rogalands eldste hotell med drift tilbake til 1878. Historien sitter i veggene, og hotellet har i sine ti bygg klart \u00e5 gjenskape den gamle [&hellip;]\" \/>\n<meta property=\"og:url\" content=\"https:\/\/grand-egersund.no\/en\/hotel-room\/\" \/>\n<meta property=\"og:site_name\" content=\"Grand Hotell\" \/>\n<meta property=\"article:publisher\" content=\"https:\/\/www.facebook.com\/GrandHotellEgersund\" \/>\n<meta property=\"article:modified_time\" content=\"2025-12-02T12:42:33+00:00\" \/>\n<meta name=\"twitter:card\" content=\"summary_large_image\" \/>\n<script type=\"application\/ld+json\" class=\"yoast-schema-graph\">{\"@context\":\"https:\/\/schema.org\",\"@graph\":[{\"@type\":\"WebPage\",\"@id\":\"https:\/\/grand-egersund.no\/hotellrom\/\",\"url\":\"https:\/\/grand-egersund.no\/hotellrom\/\",\"name\":\"Hotellrom - Grand Hotell\",\"isPartOf\":{\"@id\":\"https:\/\/grand-egersund.no\/#website\"},\"datePublished\":\"2021-12-22T08:28:51+00:00\",\"dateModified\":\"2025-12-02T12:42:33+00:00\",\"breadcrumb\":{\"@id\":\"https:\/\/grand-egersund.no\/hotellrom\/#breadcrumb\"},\"inLanguage\":\"en-GB\",\"potentialAction\":[{\"@type\":\"ReadAction\",\"target\":[\"https:\/\/grand-egersund.no\/hotellrom\/\"]}]},{\"@type\":\"BreadcrumbList\",\"@id\":\"https:\/\/grand-egersund.no\/hotellrom\/#breadcrumb\",\"itemListElement\":[{\"@type\":\"ListItem\",\"position\":1,\"name\":\"Home\",\"item\":\"https:\/\/grand-egersund.no\/\"},{\"@type\":\"ListItem\",\"position\":2,\"name\":\"Hotellrom\"}]},{\"@type\":\"WebSite\",\"@id\":\"https:\/\/grand-egersund.no\/#website\",\"url\":\"https:\/\/grand-egersund.no\/\",\"name\":\"Grand Hotell\",\"description\":\"I hjertet av Egersund\",\"publisher\":{\"@id\":\"https:\/\/grand-egersund.no\/#organization\"},\"potentialAction\":[{\"@type\":\"SearchAction\",\"target\":{\"@type\":\"EntryPoint\",\"urlTemplate\":\"https:\/\/grand-egersund.no\/?s={search_term_string}\"},\"query-input\":{\"@type\":\"PropertyValueSpecification\",\"valueRequired\":true,\"valueName\":\"search_term_string\"}}],\"inLanguage\":\"en-GB\"},{\"@type\":\"Organization\",\"@id\":\"https:\/\/grand-egersund.no\/#organization\",\"name\":\"Grand Hotell gersund\",\"url\":\"https:\/\/grand-egersund.no\/\",\"logo\":{\"@type\":\"ImageObject\",\"inLanguage\":\"en-GB\",\"@id\":\"https:\/\/grand-egersund.no\/#\/schema\/logo\/image\/\",\"url\":\"http:\/\/grand-egersund.no\/wp-content\/uploads\/2021\/12\/Grand-Egersund_logo_liggende_farge.png\",\"contentUrl\":\"http:\/\/grand-egersund.no\/wp-content\/uploads\/2021\/12\/Grand-Egersund_logo_liggende_farge.png\",\"width\":891,\"height\":434,\"caption\":\"Grand Hotell gersund\"},\"image\":{\"@id\":\"https:\/\/grand-egersund.no\/#\/schema\/logo\/image\/\"},\"sameAs\":[\"https:\/\/www.facebook.com\/GrandHotellEgersund\"]}]}<\/script>\n<!-- \/ Yoast SEO plugin. -->","yoast_head_json":{"title":"Hotel rooms - Grand Hotel","robots":{"index":"index","follow":"follow","max-snippet":"max-snippet:-1","max-image-preview":"max-image-preview:large","max-video-preview":"max-video-preview:-1"},"canonical":"https:\/\/grand-egersund.no\/en\/hotel-room\/","og_locale":"en_GB","og_type":"article","og_title":"Hotellrom - Grand Hotell","og_description":"Hotellrom 100 unike romGrand Hotell er Rogalands eldste hotell med drift tilbake til 1878. Historien sitter i veggene, og hotellet har i sine ti bygg klart \u00e5 gjenskape den gamle [&hellip;]","og_url":"https:\/\/grand-egersund.no\/en\/hotel-room\/","og_site_name":"Grand Hotell","article_publisher":"https:\/\/www.facebook.com\/GrandHotellEgersund","article_modified_time":"2025-12-02T12:42:33+00:00","twitter_card":"summary_large_image","schema":{"@context":"https:\/\/schema.org","@graph":[{"@type":"WebPage","@id":"https:\/\/grand-egersund.no\/hotellrom\/","url":"https:\/\/grand-egersund.no\/hotellrom\/","name":"Hotel rooms - Grand Hotel","isPartOf":{"@id":"https:\/\/grand-egersund.no\/#website"},"datePublished":"2021-12-22T08:28:51+00:00","dateModified":"2025-12-02T12:42:33+00:00","breadcrumb":{"@id":"https:\/\/grand-egersund.no\/hotellrom\/#breadcrumb"},"inLanguage":"en-GB","potentialAction":[{"@type":"ReadAction","target":["https:\/\/grand-egersund.no\/hotellrom\/"]}]},{"@type":"BreadcrumbList","@id":"https:\/\/grand-egersund.no\/hotellrom\/#breadcrumb","itemListElement":[{"@type":"ListItem","position":1,"name":"Home","item":"https:\/\/grand-egersund.no\/"},{"@type":"ListItem","position":2,"name":"Hotellrom"}]},{"@type":"WebSite","@id":"https:\/\/grand-egersund.no\/#website","url":"https:\/\/grand-egersund.no\/","name":"Grand Hotel","description":"In the heart of Egersund","publisher":{"@id":"https:\/\/grand-egersund.no\/#organization"},"potentialAction":[{"@type":"SearchAction","target":{"@type":"EntryPoint","urlTemplate":"https:\/\/grand-egersund.no\/?s={search_term_string}"},"query-input":{"@type":"PropertyValueSpecification","valueRequired":true,"valueName":"search_term_string"}}],"inLanguage":"en-GB"},{"@type":"Organization","@id":"https:\/\/grand-egersund.no\/#organization","name":"Grand Hotel gersund","url":"https:\/\/grand-egersund.no\/","logo":{"@type":"ImageObject","inLanguage":"en-GB","@id":"https:\/\/grand-egersund.no\/#\/schema\/logo\/image\/","url":"http:\/\/grand-egersund.no\/wp-content\/uploads\/2021\/12\/Grand-Egersund_logo_liggende_farge.png","contentUrl":"http:\/\/grand-egersund.no\/wp-content\/uploads\/2021\/12\/Grand-Egersund_logo_liggende_farge.png","width":891,"height":434,"caption":"Grand Hotell gersund"},"image":{"@id":"https:\/\/grand-egersund.no\/#\/schema\/logo\/image\/"},"sameAs":["https:\/\/www.facebook.com\/GrandHotellEgersund"]}]}},"_links":{"self":[{"href":"https:\/\/grand-egersund.no\/en\/wp-json\/wp\/v2\/pages\/233191","targetHints":{"allow":["GET"]}}],"collection":[{"href":"https:\/\/grand-egersund.no\/en\/wp-json\/wp\/v2\/pages"}],"about":[{"href":"https:\/\/grand-egersund.no\/en\/wp-json\/wp\/v2\/types\/page"}],"author":[{"embeddable":true,"href":"https:\/\/grand-egersund.no\/en\/wp-json\/wp\/v2\/users\/1"}],"replies":[{"embeddable":true,"href":"https:\/\/grand-egersund.no\/en\/wp-json\/wp\/v2\/comments?post=233191"}],"version-history":[{"count":13,"href":"https:\/\/grand-egersund.no\/en\/wp-json\/wp\/v2\/pages\/233191\/revisions"}],"predecessor-version":[{"id":240946,"href":"https:\/\/grand-egersund.no\/en\/wp-json\/wp\/v2\/pages\/233191\/revisions\/240946"}],"wp:attachment":[{"href":"https:\/\/grand-egersund.no\/en\/wp-json\/wp\/v2\/media?parent=233191"}],"curies":[{"name":"wp","href":"https:\/\/api.w.org\/{rel}","templated":true}]}}